{"id":130,"date":"2023-12-14T12:52:22","date_gmt":"2023-12-14T11:52:22","guid":{"rendered":"https:\/\/vendino.com\/?page_id=130"},"modified":"2023-12-14T12:52:23","modified_gmt":"2023-12-14T11:52:23","slug":"brugervilkaar","status":"publish","type":"page","link":"https:\/\/vendino.com\/da\/brugervilkaar\/","title":{"rendered":"Brugervilk\u00e5r"},"content":{"rendered":"\n<p>Disse generelle vilk\u00e5r (\u201cAftalen\u201d) er g\u00e6ldende mellem Vendino ApS og virksomheden (Brugeren), der har brugsret og anvender&nbsp;<a href=\"https:\/\/vendino.com\/\">vendino.com<\/a>.<\/p>\n\n\n\n<p>I Aftalen refererer \u201cVendino\u201d til virksomheden (Vendino ApS). Platformen samt alle tilh\u00f8rende subdom\u00e6ner til dom\u00e6net \u201cvendino.com\u201d n\u00e6vnes blot som \u201c<a href=\"https:\/\/vendino.com&quot;\/\">www.vendino.com<\/a>\u201d.<\/p>\n\n\n\n<h4 class=\"wp-block-heading\" id=\"1-betingelser\">1. Betingelser<\/h4>\n\n\n\n<ul class=\"wp-block-list\">\n<li>1.1 Disse generelle vilk\u00e5r g\u00e6lder for alle aftaler indg\u00e5et p\u00e5&nbsp;<a href=\"https:\/\/vendino.com\/\">www.vendino.com<\/a>&nbsp;med virksomheden Vendino ApS bag.<\/li>\n<\/ul>\n\n\n\n<h4 class=\"wp-block-heading\" id=\"2--rettigheder\">2. Rettigheder<\/h4>\n\n\n\n<ul class=\"wp-block-list\">\n<li>2.1 Alle rettigheder til systemet&nbsp;<a href=\"https:\/\/vendino.com\/\">www.vendino.com<\/a>&nbsp;tilh\u00f8rer Vendino.<\/li>\n\n\n\n<li>2.2 Brugeren har ved k\u00f8b af abonnement opn\u00e5et en brugsret af systemet, som Vendino til enhver tid kan inddrage uden varsel (j\u00e6vnf\u00f8r p. 8, Misbrug).<\/li>\n\n\n\n<li>2.3 Brugerens brugsret til&nbsp;<a href=\"https:\/\/vendino.com\/\">www.vendino.com<\/a>&nbsp;er en ikke-eksklusiv aftale.<\/li>\n<\/ul>\n\n\n\n<h4 class=\"wp-block-heading\" id=\"3--priser\">3. Priser<\/h4>\n\n\n\n<ul class=\"wp-block-list\">\n<li>3.1 Alle priser oplyst p\u00e5&nbsp;<a href=\"https:\/\/vendino.com\/\">www.vendino.com<\/a>&nbsp;er kun g\u00e6ldende p\u00e5 bestillingsdagen og kan til enhver tid \u00e6ndres af Vendino \u2013 Bem\u00e6rk at Vendino vil oplyse brugeren minimum 30 dage f\u00f8r pris\u00e6ndringers ikrafttr\u00e6den.<\/li>\n\n\n\n<li>3.2 Alle priser angivet er oplyst i danske kroner (DKK) og er ekskl. moms og afgifer, som skal betales i overensstemmelse med g\u00e6ldende regler.<\/li>\n<\/ul>\n\n\n\n<h4 class=\"wp-block-heading\" id=\"4--abonnement--betaling\">4. Abonnement &amp; betaling<\/h4>\n\n\n\n<ul class=\"wp-block-list\">\n<li>4.1 K\u00f8b af brugsret til&nbsp;<a href=\"https:\/\/vendino.com\/\">www.vendino.com<\/a>&nbsp;er en abonnementsaftale indg\u00e5et af Brugeren og Vendino.<\/li>\n\n\n\n<li>4.2 Abonnementet vil automatisk fakturere hver m\u00e5ned, indtil Brugeren opsiger abonnement. Opsigelse af abonnement sker elektronisk p\u00e5&nbsp;<a href=\"https:\/\/vendino.com\/\">www.vendino.com<\/a>&nbsp;eller via. e-mail p\u00e5&nbsp;<a href=\"mailto:hello@vendino.com\">hello@vendino.com<\/a>.<\/li>\n\n\n\n<li>4.3 Opsigelse af abonnement kan kun ske til udgangen af en igangsat periode.<\/li>\n\n\n\n<li>4.4 Ved for sen betaling vil brugsretten til&nbsp;<a href=\"https:\/\/vendino.com\/\">www.vendino.com<\/a>&nbsp;straks inddrages, s\u00e5fremt anden aftale ikke er indg\u00e5et. Adgang til&nbsp;<a href=\"https:\/\/vendino.com\/\">www.vendino.com<\/a>&nbsp;kan \u00e5bnes igen efter fuld modtagelse af betaling, medmindre Vendino forinden har opsagt abonnementet.<\/li>\n\n\n\n<li>4.5 Vendino kan til enhver tid opsige abonnementet, s\u00e5fremt Vendino mist\u00e6nker eller konstatere misbrug herunder Brugerens uvedkommende adgang til data.<\/li>\n\n\n\n<li>4.6 Betaling for varer og produkter udbudt p\u00e5 platformen tr\u00e6kkes fra det betalingskort der tilmeldes ved oprettelse (medmindre andet er aftalt).<\/li>\n<\/ul>\n\n\n\n<h4 class=\"wp-block-heading\" id=\"5--data\">5. Data<\/h4>\n\n\n\n<ul class=\"wp-block-list\">\n<li>5.1 Vendino har ingen rettigheder til Brugerens data.<\/li>\n\n\n\n<li>5.2 Ved Aftalens oph\u00f8r kan Vendino til enhver tid slette Brugerens data uanset \u00e5rsag. Vendino skal oplyse Brugeren minimum 10 dage f\u00f8r sletning af data, s\u00e5 Brugeren selv kan flytte egen data.<\/li>\n\n\n\n<li>5.3 Vendino er ikke ansvarlig for tab af data uanset \u00e5rsag. I tilf\u00e6lde af data tab vil Vendino tilstr\u00e6be sig at genetablere data ved brug af backups, men garanterer ikke genetablering af tabt data.<\/li>\n<\/ul>\n\n\n\n<h4 class=\"wp-block-heading\" id=\"6--driftsstabilitet\">6. Driftsstabilitet<\/h4>\n\n\n\n<ul class=\"wp-block-list\">\n<li>6.1 Vendino tilstr\u00e6ber sig h\u00f8jest mulig oppetid af&nbsp;<a href=\"https:\/\/vendino.com\/\">www.vendino.com<\/a>, men er uden ansvar for driftsforstyrrelser eller nedbrud uanset \u00e5rsag.<\/li>\n\n\n\n<li>6.2 I tilf\u00e6lde af nedbrud eller forstyrrelser tilstr\u00e6ber Vendino at genskabe normal drift hurtigst muligt.<\/li>\n<\/ul>\n\n\n\n<h4 class=\"wp-block-heading\" id=\"7--brugerens-ansvar--forpligtelser\">7. Brugerens ansvar &amp; forpligtelser<\/h4>\n\n\n\n<ul class=\"wp-block-list\">\n<li>7.1 Brugeren er til enhver tid selv ansvarlig for at opretholde Brugerens adgang til&nbsp;<a href=\"https:\/\/vendino.com.\/\">www.vendino.com.<\/a>&nbsp;Vendino er ikke ansvarlig for uberettiget indtr\u00e6ngen for\u00e5rsaget af tredjepart. Ved misbrug for\u00e5rsaget af uberettiget indtr\u00e6ngen skal Vendino hurtigst muligt informeres.<\/li>\n\n\n\n<li>7.2 I tilf\u00e6lde af misbrug for\u00e5rsaget af uberettiget tredjepart kan Vendino til enhver tid inddrage Brugerens adgang til&nbsp;<a href=\"https:\/\/vendino.com.\/\">www.vendino.com.<\/a>&nbsp;Vendino vil genetablere Brugerens adgang s\u00e5fremt Vendino ikke forinden har opsagt abonnementet.<\/li>\n\n\n\n<li>7.3 Brugeren er til enhver tid selv ansvarlig for at sikre en internetforbindelse samt holde sig opdateret med nyeste versioner af browser applikationer, som foruds\u00e6tning for benyttelse af brugsret til&nbsp;<a href=\"https:\/\/vendino.com.\/\">www.vendino.com.<\/a><\/li>\n\n\n\n<li>7.4 Brugeren er til enhver tid selv ansvarlig for at opretholde g\u00e6ldende lovgivning.<\/li>\n<\/ul>\n\n\n\n<h4 class=\"wp-block-heading\" id=\"8--misbrug\">8. Misbrug<\/h4>\n\n\n\n<ul class=\"wp-block-list\">\n<li>8.1 Vendino kan til enhver tid inddrage Brugerens adgang til&nbsp;<a href=\"https:\/\/vendino.com\/\">www.vendino.com<\/a>&nbsp;s\u00e5fremt Vendino mist\u00e6nker eller konstaterer misbrug. Ved mistanke om misbrug vil Vendino hurtigst muligt informere Brugeren herom.<\/li>\n\n\n\n<li>8.2 Vendino tilstr\u00e6ber at hindre ethvert misbrug af&nbsp;<a href=\"https:\/\/vendino.com\/\">www.vendino.com<\/a>, men garanterer ikke at misbrug herunder indtr\u00e6ngen i Vendino\u2019s IT-systemer ikke kan forekomme.<\/li>\n<\/ul>\n\n\n\n<h4 class=\"wp-block-heading\" id=\"9--fortrydelsesret\">9. Fortrydelsesret<\/h4>\n\n\n\n<ul class=\"wp-block-list\">\n<li>9.1 Ved k\u00f8b af abonnement fraskriver Brugeren sin fortrydelsesret, da abonnementet tages i brug med det samme. Ved fortrudt k\u00f8b kan Brugeren kontakte Vendino herom, og Vendino kan efter eget \u00f8nske refundere Brugerens k\u00f8b.<\/li>\n<\/ul>\n\n\n\n<h4 class=\"wp-block-heading\" id=\"10-ikrafttr\u00e6den--\u00e6ndringer\">10. Ikrafttr\u00e6den &amp; \u00e6ndringer<\/h4>\n\n\n\n<ul class=\"wp-block-list\">\n<li>10.1 Aftalen er g\u00e6ldende fra 23. oktober 2020.<\/li>\n\n\n\n<li>10.2 Vendino forbeholder sig retten til at \u00e6ndre og opdatere de i Aftalen g\u00e6ldende vilk\u00e5r uden varsel. Vendino tilstr\u00e6ber at oplyse brugeren om n\u00e6vnev\u00e6rdige \u00e6ndringer, men Brugeren er selv ansvarlig for l\u00f8bende at holde sig opdateret om de g\u00e6ldende vilk\u00e5r.<\/li>\n<\/ul>\n","protected":false},"excerpt":{"rendered":"<p>Disse generelle vilk\u00e5r (\u201cAftalen\u201d) er g\u00e6ldende mellem Vendino ApS og virksomheden (Brugeren), der har brugsret og anvender&nbsp;vendino.com. I Aftalen refererer \u201cVendino\u201d til virksomheden (Vendino ApS). Platformen samt alle tilh\u00f8rende subdom\u00e6ner til dom\u00e6net \u201cvendino.com\u201d n\u00e6vnes blot som \u201cwww.vendino.com\u201d. 1. Betingelser 2. Rettigheder 3. Priser 4. Abonnement &amp; betaling 5. Data 6. Driftsstabilitet 7. Brugerens ansvar &amp; [&hellip;]<\/p>\n","protected":false},"author":1,"featured_media":0,"parent":0,"menu_order":0,"comment_status":"closed","ping_status":"closed","template":"","meta":{"_acf_changed":false,"iawp_total_views":156,"footnotes":""},"class_list":["post-130","page","type-page","status-publish","hentry"],"acf":[],"_links":{"self":[{"href":"https:\/\/vendino.com\/da\/wp-json\/wp\/v2\/pages\/130","targetHints":{"allow":["GET"]}}],"collection":[{"href":"https:\/\/vendino.com\/da\/wp-json\/wp\/v2\/pages"}],"about":[{"href":"https:\/\/vendino.com\/da\/wp-json\/wp\/v2\/types\/page"}],"author":[{"embeddable":true,"href":"https:\/\/vendino.com\/da\/wp-json\/wp\/v2\/users\/1"}],"replies":[{"embeddable":true,"href":"https:\/\/vendino.com\/da\/wp-json\/wp\/v2\/comments?post=130"}],"version-history":[{"count":0,"href":"https:\/\/vendino.com\/da\/wp-json\/wp\/v2\/pages\/130\/revisions"}],"wp:attachment":[{"href":"https:\/\/vendino.com\/da\/wp-json\/wp\/v2\/media?parent=130"}],"curies":[{"name":"wp","href":"https:\/\/api.w.org\/{rel}","templated":true}]}}