{"id":133,"date":"2023-12-14T12:54:59","date_gmt":"2023-12-14T11:54:59","guid":{"rendered":"https:\/\/vendino.com\/?page_id=133"},"modified":"2024-05-14T11:39:55","modified_gmt":"2024-05-14T10:39:55","slug":"cookiepolitik","status":"publish","type":"page","link":"https:\/\/vendino.com\/da\/cookiepolitik\/","title":{"rendered":"Cookiepolitik"},"content":{"rendered":"\n<h2 class=\"wp-block-heading\" id=\"hvad-er-en-cookie\">Hvad er en cookie?<\/h2>\n\n\n\n<p>Trods navnet er det er ikke sm\u00e5kager, vi taler om, n\u00e5r vi n\u00e6vner cookies. En cookie er betegnelsen for en lille \u2019bid\u2019 data, som hjemmesider gemmer i browseren. Cookies bruges til at lagre data om brugeren \u2013 For eksempel kan en cookie indeholde data om brugerens indstillinger eller sprog pr\u00e6ferencer p\u00e5 et given website. En cookie er s\u00e5ledes blot en lille datafil, som kan gemmes af en hjemmeside i din browser og bruges stort set af alle hjemmesider i dag.<\/p>\n\n\n\n<h2 class=\"wp-block-heading\" id=\"hvorfor-informerer-i-om-cookies\">Hvorfor informerer I om cookies?<\/h2>\n\n\n\n<p>Alle danske hjemmesider er forpligtet til at informere brugeren om systemets brug af cookies. Brugeren skal s\u00e5ledes acceptere hjemmesidens brug af cookies, da det er lovpligtigt at oplyse brugeren herom.<\/p>\n\n\n\n<p>Du kan l\u00e6se mere om lovgivningen og cookies p\u00e5 Cookiebekendtg\u00f8relsen.&nbsp;<a href=\"https:\/\/www.retsinformation.dk\/Forms\/R0710.aspx?id=146417\" target=\"_blank\" rel=\"noopener\">Cookiebekendtg\u00f8relsen<\/a><\/p>\n\n\n\n<h2 class=\"wp-block-heading\" id=\"hvilke-cookies-bruger-vendino\">Hvilke cookies bruger Vendino?<\/h2>\n\n\n\n<p>Vi bruger f\u00f8lgende typer cookies:<\/p>\n\n\n\n<h3 class=\"wp-block-heading\" id=\"sessionscookie\">Sessionscookie<\/h3>\n\n\n\n<p>Denne cookie har til form\u00e5l at g\u00f8re brugeren unik, s\u00e5ledes serveren ved at flere forskellige foresp\u00f8rgsler kommer fra forskellige brugere. Denne cookie udl\u00f8ber n\u00e5r browseren lukkes.<\/p>\n\n\n\n<h3 class=\"wp-block-heading\" id=\"xsrf-token\">XSRF-TOKEN<\/h3>\n\n\n\n<p>Denne cookie fungerer som en sikkerhed for, at serveren altid kan validere en foresp\u00f8rgsel. En XSRF-cookie har dermed til form\u00e5l at beskytte brugeren mod XSRF-angreb. Denne cookie fornyes ved hver eneste foresp\u00f8rgsel, og udl\u00f8ber n\u00e5r browseren lukkes.<\/p>\n\n\n\n<h3 class=\"wp-block-heading\" id=\"cookieconsent\">Cookieconsent<\/h3>\n\n\n\n<p>Denne cookie s\u00f8rger for at, hjemmesiden husker, n\u00e5r brugeren accepterer cookies. Denne cookie udl\u00f8ber efter 365 dage.<\/p>\n","protected":false},"excerpt":{"rendered":"<p>Hvad er en cookie? Trods navnet er det er ikke sm\u00e5kager, vi taler om, n\u00e5r vi n\u00e6vner cookies. En cookie er betegnelsen for en lille \u2019bid\u2019 data, som hjemmesider gemmer i browseren. Cookies bruges til at lagre data om brugeren \u2013 For eksempel kan en cookie indeholde data om brugerens indstillinger eller sprog pr\u00e6ferencer p\u00e5 [&hellip;]<\/p>\n","protected":false},"author":1,"featured_media":0,"parent":0,"menu_order":0,"comment_status":"closed","ping_status":"closed","template":"","meta":{"_acf_changed":false,"iawp_total_views":120,"footnotes":""},"class_list":["post-133","page","type-page","status-publish","hentry"],"acf":[],"_links":{"self":[{"href":"https:\/\/vendino.com\/da\/wp-json\/wp\/v2\/pages\/133","targetHints":{"allow":["GET"]}}],"collection":[{"href":"https:\/\/vendino.com\/da\/wp-json\/wp\/v2\/pages"}],"about":[{"href":"https:\/\/vendino.com\/da\/wp-json\/wp\/v2\/types\/page"}],"author":[{"embeddable":true,"href":"https:\/\/vendino.com\/da\/wp-json\/wp\/v2\/users\/1"}],"replies":[{"embeddable":true,"href":"https:\/\/vendino.com\/da\/wp-json\/wp\/v2\/comments?post=133"}],"version-history":[{"count":0,"href":"https:\/\/vendino.com\/da\/wp-json\/wp\/v2\/pages\/133\/revisions"}],"wp:attachment":[{"href":"https:\/\/vendino.com\/da\/wp-json\/wp\/v2\/media?parent=133"}],"curies":[{"name":"wp","href":"https:\/\/api.w.org\/{rel}","templated":true}]}}