{"id":153,"date":"2023-12-14T13:55:57","date_gmt":"2023-12-14T12:55:57","guid":{"rendered":"https:\/\/vendino.com\/?page_id=153"},"modified":"2024-04-02T07:31:33","modified_gmt":"2024-04-02T06:31:33","slug":"bliv-leverandoer","status":"publish","type":"page","link":"https:\/\/vendino.com\/da\/bliv-leverandoer\/","title":{"rendered":"Bliv Leverand\u00f8r"},"content":{"rendered":"\n<div class=\"wp-block-group alignfull has-base-color has-accent-4-background-color has-text-color has-background has-link-color wp-elements-a843bddf7cc4ef38e7e6ba3c2a040d58 has-global-padding is-layout-constrained wp-container-core-group-is-layout-b9940f7e wp-block-group-is-layout-constrained\" style=\"margin-top:0;margin-bottom:0;padding-top:var(--wp--preset--spacing--50);padding-right:var(--wp--preset--spacing--40);padding-bottom:var(--wp--preset--spacing--50);padding-left:var(--wp--preset--spacing--40)\">\n<div class=\"wp-block-group alignwide is-vertical is-layout-flex wp-container-core-group-is-layout-fe9cc265 wp-block-group-is-layout-flex\">\n<div class=\"wp-block-columns alignwide is-layout-flex wp-container-core-columns-is-layout-1da03c2a wp-block-columns-is-layout-flex\">\n<div class=\"wp-block-column is-vertically-aligned-center is-layout-flow wp-container-core-column-is-layout-e3d1c41b wp-block-column-is-layout-flow\" style=\"flex-basis:60%\">\n<h1 class=\"wp-block-heading has-base-color has-text-color has-link-color has-x-large-font-size wp-elements-7636230c7d47a241e163c2c0a7910ac2\">Skab flere salg hos&nbsp;e-tail&nbsp;forhandlere<\/h1>\n\n\n\n<p>Vil du skabe \u00f8get tilg\u00e6ngelighed af dit varesortiment? Vi kan hj\u00e6lpe dig med \u00e5bne op for tusindvis af forhandlere, som leder efter dine produkter.<\/p>\n\n\n\n<div class=\"wp-block-columns is-layout-flex wp-container-core-columns-is-layout-87beb0d0 wp-block-columns-is-layout-flex\">\n<div class=\"wp-block-column is-layout-flow wp-container-core-column-is-layout-e3d1c41b wp-block-column-is-layout-flow\">\n<h3 class=\"wp-block-heading has-base-color has-text-color has-link-color has-medium-font-size wp-elements-d29ada3b950567c955ee571f08898393\"><strong><strong>Flere forhandlere<\/strong><\/strong><\/h3>\n\n\n\n<p>Vi har tusindvis af forhandlere, der s\u00f8ger efter varer.<\/p>\n<\/div>\n\n\n\n<div class=\"wp-block-column is-layout-flow wp-container-core-column-is-layout-e3d1c41b wp-block-column-is-layout-flow\">\n<h3 class=\"wp-block-heading has-base-color has-text-color has-link-color has-medium-font-size wp-elements-ae9afdcfbc18464aa61856feda9d67a3\"><strong>\u00d8get tilg\u00e6ngelighed<\/strong><\/h3>\n\n\n\n<p>Vi g\u00f8r det nemmere for dine forhandlere, at s\u00e6lge dine varer.<\/p>\n<\/div>\n<\/div>\n<\/div>\n\n\n\n<div class=\"wp-block-column is-vertically-aligned-center is-layout-flow wp-block-column-is-layout-flow\" style=\"flex-basis:40%\">\n<figure class=\"wp-block-image size-full is-style-rounded wp-duotone-duotone-1 is-style-rounded--1\"><img decoding=\"async\" src=\"https:\/\/vendino.com\/wp-content\/themes\/twentytwentyfour\/assets\/images\/abstract-geometric-art.webp\" alt=\"White abstract geometric artwork from Dresden, Germany\" style=\"aspect-ratio:4\/3;object-fit:cover\"\/><\/figure>\n<\/div>\n<\/div>\n<\/div>\n<\/div>\n\n\n\n<div class=\"wp-block-group alignfull has-base-2-background-color has-background has-global-padding is-layout-constrained wp-container-core-group-is-layout-96975d21 wp-block-group-is-layout-constrained\" style=\"margin-top:0;margin-bottom:0;padding-top:var(--wp--preset--spacing--50);padding-right:var(--wp--preset--spacing--40);padding-bottom:var(--wp--preset--spacing--50);padding-left:var(--wp--preset--spacing--40)\">\n<div class=\"wp-block-group alignwide is-vertical is-layout-flex wp-container-core-group-is-layout-fe9cc265 wp-block-group-is-layout-flex\">\n<h2 class=\"wp-block-heading is-style-default has-x-large-font-size\">Bliv mere tilg\u00e6ngelig<\/h2>\n\n\n\n<div class=\"wp-block-columns is-layout-flex wp-container-core-columns-is-layout-87beb0d0 wp-block-columns-is-layout-flex\">\n<div class=\"wp-block-column is-layout-flow wp-block-column-is-layout-flow\">\n<div class=\"wp-block-group is-nowrap is-layout-flex wp-container-core-group-is-layout-6c531013 wp-block-group-is-layout-flex\">\n<figure class=\"wp-block-image size-full is-resized wp-duotone-31bf9a-31bf9a-2\"><img decoding=\"async\" src=\"https:\/\/vendino.com\/wp-content\/uploads\/truck.svg\" alt=\"Truck\" class=\"wp-image-687\" style=\"width:auto;height:40px\"\/><\/figure>\n\n\n\n<h3 class=\"wp-block-heading has-medium-font-size\"> <strong><strong>N\u00e5 ud til flere forhandlere<\/strong><\/strong><\/h3>\n<\/div>\n\n\n\n<p>Tusindvis af forhandlere s\u00f8ger efter nye produkter til deres sortiment, n\u00e5r de benytter Vendino. Vores forhandlernetv\u00e6rk breder sig ud i hele Europa, hvor vi skaber forbindelsen imellem dine produkter og et hav af forhandlere.<\/p>\n<\/div>\n\n\n\n<div class=\"wp-block-column is-layout-flow wp-block-column-is-layout-flow\">\n<div class=\"wp-block-group is-nowrap is-layout-flex wp-container-core-group-is-layout-6c531013 wp-block-group-is-layout-flex\">\n<figure class=\"wp-block-image size-full is-resized wp-duotone-31bf9a-31bf9a-3\"><img decoding=\"async\" src=\"https:\/\/vendino.com\/wp-content\/uploads\/pagecheck.svg\" alt=\"Pagecheck\" class=\"wp-image-729\" style=\"width:auto;height:40px\"\/><\/figure>\n\n\n\n<h3 class=\"wp-block-heading has-medium-font-size\"><strong>G\u00f8r det lettere at udveksle varedata<\/strong><\/h3>\n<\/div>\n\n\n\n<p>Vendino hj\u00e6lper dig med at formidle varedata til dine forhandlere p\u00e5 en let m\u00e5de. Dermed kan du lettere onboarde nye og eksisterende forhandlere, samt udbrede flere af dine produkter.<\/p>\n<\/div>\n\n\n\n<div class=\"wp-block-column is-layout-flow wp-block-column-is-layout-flow\">\n<div class=\"wp-block-group is-nowrap is-layout-flex wp-container-core-group-is-layout-6c531013 wp-block-group-is-layout-flex\">\n<figure class=\"wp-block-image size-full is-resized wp-duotone-31bf9a-31bf9a-4\"><img decoding=\"async\" src=\"https:\/\/vendino.com\/wp-content\/uploads\/discounttag.svg\" alt=\"Discounttag\" class=\"wp-image-720\" style=\"width:auto;height:40px\"\/><\/figure>\n\n\n\n<h3 class=\"wp-block-heading has-medium-font-size\"><strong>Opn\u00e5 mere salg<\/strong><\/h3>\n<\/div>\n\n\n\n<p>Udover at vi binder dig sammen med et stort forhandlernetv\u00e6rk i Europa, g\u00f8r vi det ligeledes nemt for dine forhandlere at forbinde sig til dine produktdata. I sidste ende resulterer det i en \u00f8get oms\u00e6tning for dig.<\/p>\n<\/div>\n<\/div>\n<\/div>\n<\/div>\n\n\n\n<div class=\"wp-block-group alignwide has-global-padding is-layout-constrained wp-container-core-group-is-layout-0ce4e8f2 wp-block-group-is-layout-constrained\" style=\"padding-top:var(--wp--preset--spacing--30);padding-bottom:var(--wp--preset--spacing--30)\">\n<div class=\"wp-block-columns alignwide is-layout-flex wp-container-core-columns-is-layout-08c01c1c wp-block-columns-is-layout-flex\">\n<div class=\"wp-block-column is-vertically-aligned-center is-layout-flow wp-block-column-is-layout-flow\" style=\"flex-basis:45%\">\n<blockquote class=\"wp-block-quote is-layout-flow wp-block-quote-is-layout-flow\">\n<p>\u201cVendino har hjulpet os med at skabe oms\u00e6tning ad nye veje. Med Vendino&#8217;s v\u00e6rkt\u00f8j g\u00f8r vi det nemt at onboarde nye forhandlere.\u201d<\/p>\n<cite><em>Mads Egbo &#8211; Sales Coordinator<\/em><br>Trademark Living A\/S<br><br><img decoding=\"async\" width=\"120\" height=\"47\" class=\"wp-image-140\" style=\"width: 120px;\" src=\"https:\/\/vendino.com\/wp-content\/uploads\/trademark-living-logo.png\" alt=\"Trademark Living Logo\" srcset=\"https:\/\/vendino.com\/wp-content\/uploads\/trademark-living-logo.png 3320w, https:\/\/vendino.com\/wp-content\/uploads\/trademark-living-logo-768x299.png 768w, https:\/\/vendino.com\/wp-content\/uploads\/trademark-living-logo-1536x599.png 1536w, https:\/\/vendino.com\/wp-content\/uploads\/trademark-living-logo-2048x798.png 2048w\" sizes=\"(max-width: 120px) 100vw, 120px\" \/><\/cite><\/blockquote>\n<\/div>\n\n\n\n<div class=\"wp-block-column is-layout-flow wp-block-column-is-layout-flow\" style=\"flex-basis:45%\">\n<figure class=\"wp-block-image size-full is-style-rounded is-style-rounded--5\"><img decoding=\"async\" width=\"639\" height=\"639\" src=\"https:\/\/vendino.com\/wp-content\/uploads\/trademark-living-foto-interior.jpeg\" alt=\"Trademark Living Foto Interior\" class=\"wp-image-139\"\/><\/figure>\n<\/div>\n<\/div>\n<\/div>\n\n\n\n<div class=\"wp-block-group alignfull has-global-padding is-layout-constrained wp-container-core-group-is-layout-d89aad35 wp-block-group-is-layout-constrained\" style=\"margin-top:0;margin-bottom:0;padding-top:var(--wp--preset--spacing--50);padding-right:var(--wp--preset--spacing--50);padding-bottom:var(--wp--preset--spacing--50);padding-left:var(--wp--preset--spacing--50)\">\n<div class=\"wp-block-group alignwide has-base-2-background-color has-background is-vertical is-content-justification-center is-layout-flex wp-container-core-group-is-layout-49619c52 wp-block-group-is-layout-flex\" style=\"border-radius:16px;padding-top:var(--wp--preset--spacing--40);padding-right:var(--wp--preset--spacing--50);padding-bottom:var(--wp--preset--spacing--40);padding-left:var(--wp--preset--spacing--50)\">\n<h2 class=\"wp-block-heading has-text-align-center has-x-large-font-size\">Vil du v\u00e6re leverand\u00f8r?<\/h2>\n\n\n\n<p class=\"has-text-align-center\">Kontakt os hvis du \u00f8nsker at blive leverand\u00f8r.<br><a href=\"mailto:hello@vendino.com\">Skriv til&nbsp;hello@vendino.com<\/a><\/p>\n<\/div>\n<\/div>\n","protected":false},"excerpt":{"rendered":"<p>Skab flere salg hos&nbsp;e-tail&nbsp;forhandlere Vil du skabe \u00f8get tilg\u00e6ngelighed af dit varesortiment? Vi kan hj\u00e6lpe dig med \u00e5bne op for tusindvis af forhandlere, som leder efter dine produkter. Flere forhandlere Vi har tusindvis af forhandlere, der s\u00f8ger efter varer. \u00d8get tilg\u00e6ngelighed Vi g\u00f8r det nemmere for dine forhandlere, at s\u00e6lge dine varer. Bliv mere tilg\u00e6ngelig [&hellip;]<\/p>\n","protected":false},"author":1,"featured_media":0,"parent":0,"menu_order":0,"comment_status":"closed","ping_status":"closed","template":"page-no-title","meta":{"_acf_changed":false,"iawp_total_views":207,"footnotes":""},"class_list":["post-153","page","type-page","status-publish","hentry"],"acf":[],"_links":{"self":[{"href":"https:\/\/vendino.com\/da\/wp-json\/wp\/v2\/pages\/153","targetHints":{"allow":["GET"]}}],"collection":[{"href":"https:\/\/vendino.com\/da\/wp-json\/wp\/v2\/pages"}],"about":[{"href":"https:\/\/vendino.com\/da\/wp-json\/wp\/v2\/types\/page"}],"author":[{"embeddable":true,"href":"https:\/\/vendino.com\/da\/wp-json\/wp\/v2\/users\/1"}],"replies":[{"embeddable":true,"href":"https:\/\/vendino.com\/da\/wp-json\/wp\/v2\/comments?post=153"}],"version-history":[{"count":0,"href":"https:\/\/vendino.com\/da\/wp-json\/wp\/v2\/pages\/153\/revisions"}],"wp:attachment":[{"href":"https:\/\/vendino.com\/da\/wp-json\/wp\/v2\/media?parent=153"}],"curies":[{"name":"wp","href":"https:\/\/api.w.org\/{rel}","templated":true}]}}