{"id":273,"date":"2023-12-14T15:25:08","date_gmt":"2023-12-14T14:25:08","guid":{"rendered":"https:\/\/vendino.com\/?page_id=273"},"modified":"2024-04-02T07:30:32","modified_gmt":"2024-04-02T06:30:32","slug":"bliv-partner","status":"publish","type":"page","link":"https:\/\/vendino.com\/da\/bliv-partner\/","title":{"rendered":"Bliv partner"},"content":{"rendered":"\n<div class=\"wp-block-group alignfull has-accent-4-background-color has-background has-global-padding is-layout-constrained wp-container-core-group-is-layout-d89aad35 wp-block-group-is-layout-constrained\" style=\"margin-top:0;margin-bottom:0;padding-top:var(--wp--preset--spacing--50);padding-right:var(--wp--preset--spacing--50);padding-bottom:var(--wp--preset--spacing--50);padding-left:var(--wp--preset--spacing--50)\">\n<div class=\"wp-block-group alignwide is-vertical is-layout-flex wp-container-core-group-is-layout-fe9cc265 wp-block-group-is-layout-flex\">\n<div class=\"wp-block-columns alignwide is-layout-flex wp-container-core-columns-is-layout-1da03c2a wp-block-columns-is-layout-flex\">\n<div class=\"wp-block-column is-vertically-aligned-center is-layout-flow wp-block-column-is-layout-flow\" style=\"padding-top:0;padding-bottom:0;flex-basis:40%\">\n<h2 class=\"wp-block-heading has-base-color has-text-color has-link-color wp-elements-f10bad1e6d9f3defe17c61649caa2315\"><strong>Er du interesseret i et&nbsp;<mark style=\"background-color:rgba(0, 0, 0, 0)\" class=\"has-inline-color has-accent-2-color\">partnerskab?<\/mark><\/strong><\/h2>\n\n\n\n<p class=\"has-base-color has-text-color has-link-color wp-elements-eeadf01e9cc24aac907a8d9920e80e24\">Er du webbureau eller tilbyder du services til<br>e-handel? Lad os se p\u00e5 nye muligheder sammen.<\/p>\n<\/div>\n\n\n\n<div class=\"wp-block-column is-vertically-aligned-center is-layout-flow wp-block-column-is-layout-flow\" style=\"flex-basis:60%\">\n<figure class=\"wp-block-image aligncenter size-full is-resized is-style-default wp-duotone-unset-1\"><img decoding=\"async\" width=\"622\" height=\"576\" src=\"https:\/\/vendino.com\/wp-content\/uploads\/hi-five-dark.png\" alt=\"Hi Five Dark\" class=\"wp-image-363\" style=\"width:auto;height:350px\"\/><\/figure>\n<\/div>\n<\/div>\n<\/div>\n<\/div>\n\n\n\n<div class=\"wp-block-group alignfull has-base-2-background-color has-background has-global-padding is-layout-constrained wp-container-core-group-is-layout-55f0df76 wp-block-group-is-layout-constrained\" style=\"margin-top:0;margin-bottom:0;padding-top:var(--wp--preset--spacing--50);padding-right:var(--wp--preset--spacing--40);padding-bottom:var(--wp--preset--spacing--50);padding-left:var(--wp--preset--spacing--40)\">\n<div class=\"wp-block-group alignwide is-vertical is-content-justification-center is-layout-flex wp-container-core-group-is-layout-ce155fab wp-block-group-is-layout-flex\">\n<div class=\"wp-block-group is-vertical is-content-justification-center is-layout-flex wp-container-core-group-is-layout-6d5e4199 wp-block-group-is-layout-flex\" style=\"margin-top:0;margin-bottom:0\">\n<h2 class=\"wp-block-heading has-text-align-center is-style-default\">Vendino hj\u00e6lper dine kunder<\/h2>\n\n\n\n<h3 class=\"wp-block-heading has-text-align-center has-medium-font-size\">Vi hj\u00e6lper dig og dine kunder med at vokse og spare tid. Tilbyd vores services til dine kunder og skab v\u00e6rdi.<\/h3>\n<\/div>\n\n\n\n<div class=\"wp-block-columns alignwide is-layout-flex wp-container-core-columns-is-layout-d0bbbce0 wp-block-columns-is-layout-flex\">\n<div class=\"wp-block-column is-layout-flow wp-container-core-column-is-layout-e3d1c41b wp-block-column-is-layout-flow\">\n<div class=\"wp-block-group is-nowrap is-layout-flex wp-container-core-group-is-layout-6c531013 wp-block-group-is-layout-flex\">\n<figure class=\"wp-block-image size-full is-resized wp-duotone-31bf9a-31bf9a-2\"><img decoding=\"async\" src=\"https:\/\/vendino.com\/wp-content\/uploads\/discounttag.svg\" alt=\"Discounttag\" class=\"wp-image-720\" style=\"width:auto;height:40px\"\/><\/figure>\n\n\n\n<p><strong> Konkurrencedygtige priser<\/strong><\/p>\n<\/div>\n\n\n\n<p class=\"has-text-align-left\">Dine kunder kan drage fordel af vores attraktive priser. Vi har delt priserne op i forskellige pakker, s\u00e5 der er en l\u00f8sning til ethvert behov.<\/p>\n<\/div>\n\n\n\n<div class=\"wp-block-column is-layout-flow wp-container-core-column-is-layout-e3d1c41b wp-block-column-is-layout-flow\">\n<div class=\"wp-block-group is-nowrap is-layout-flex wp-container-core-group-is-layout-6c531013 wp-block-group-is-layout-flex\">\n<figure class=\"wp-block-image size-full is-resized wp-duotone-31bf9a-31bf9a-3\"><img decoding=\"async\" src=\"https:\/\/vendino.com\/wp-content\/uploads\/loop.svg\" alt=\"Loop\" class=\"wp-image-724\" style=\"width:auto;height:40px\"\/><\/figure>\n\n\n\n<p><strong>Ekstra indt\u00e6gtskilde<\/strong><\/p>\n<\/div>\n\n\n\n<p class=\"has-text-align-left\">\u00c5ben op for en ny indt\u00e6gtskilde ved at anbefale vores services til dine kunder, som i forvejen har brug for vores produkt. Du vil modtage l\u00f8bende betalinger i al den tid, kunden er hos os.<\/p>\n<\/div>\n\n\n\n<div class=\"wp-block-column is-layout-flow wp-container-core-column-is-layout-e3d1c41b wp-block-column-is-layout-flow\">\n<div class=\"wp-block-group is-nowrap is-layout-flex wp-container-core-group-is-layout-6c531013 wp-block-group-is-layout-flex\">\n<figure class=\"wp-block-image size-full is-resized wp-duotone-31bf9a-31bf9a-4\"><img decoding=\"async\" src=\"https:\/\/vendino.com\/wp-content\/uploads\/calendar.svg\" alt=\"Calendar\" class=\"wp-image-718\" style=\"width:auto;height:40px\"\/><\/figure>\n\n\n\n<p><strong>Hurtig onboarding<\/strong><\/p>\n<\/div>\n\n\n\n<h3 class=\"wp-block-heading has-text-align-left is-style-default has-body-font-family has-medium-font-size\" style=\"font-style:normal;font-weight:600\">tig onboarding<\/h3>\n\n\n\n<p class=\"has-text-align-left\">Med Vendino vil dine kunder v\u00e6re i stand til at importere produkter til deres netbutik inden for f\u00e5 minutter. S\u00e5fremt de har egne feeds tager det kun 1-3 dage.<\/p>\n<\/div>\n<\/div>\n\n\n\n<div class=\"wp-block-columns alignwide is-layout-flex wp-container-core-columns-is-layout-d0bbbce0 wp-block-columns-is-layout-flex\">\n<div class=\"wp-block-column is-layout-flow wp-container-core-column-is-layout-e3d1c41b wp-block-column-is-layout-flow\">\n<div class=\"wp-block-group is-nowrap is-layout-flex wp-container-core-group-is-layout-6c531013 wp-block-group-is-layout-flex\">\n<figure class=\"wp-block-image size-full is-resized wp-duotone-31bf9a-31bf9a-5\"><img decoding=\"async\" src=\"https:\/\/vendino.com\/wp-content\/uploads\/hourglass.svg\" alt=\"Hourglass\" class=\"wp-image-722\" style=\"width:auto;height:40px\"\/><\/figure>\n\n\n\n<p><strong>Problemfri integration<\/strong><\/p>\n<\/div>\n\n\n\n<p class=\"has-text-align-left\">Vendino har udviklet apps\/plugins til de st\u00f8rste CMS-systemer i verden. Det er nemt at installere og komme i gang med &#8211; faktisk tager det kun f\u00e5 minutter at installere.<\/p>\n<\/div>\n\n\n\n<div class=\"wp-block-column is-layout-flow wp-container-core-column-is-layout-e3d1c41b wp-block-column-is-layout-flow\">\n<div class=\"wp-block-group is-nowrap is-layout-flex wp-container-core-group-is-layout-6c531013 wp-block-group-is-layout-flex\">\n<figure class=\"wp-block-image size-full is-resized wp-duotone-31bf9a-31bf9a-6\"><img decoding=\"async\" src=\"https:\/\/vendino.com\/wp-content\/uploads\/message.svg\" alt=\"Message\" class=\"wp-image-726\" style=\"width:auto;height:40px\"\/><\/figure>\n\n\n\n<p><strong>Kundeservice<\/strong><\/p>\n<\/div>\n\n\n\n<p class=\"has-text-align-left\">Vores venlige og effektive kundeservice st\u00e5r klar til at besvare alle sp\u00f8rgsm\u00e5l, som du og dine kunder ligger inde med. Vendino tilbyder kundeservice b\u00e5de telefonisk og over mail.<\/p>\n<\/div>\n\n\n\n<div class=\"wp-block-column is-layout-flow wp-container-core-column-is-layout-e3d1c41b wp-block-column-is-layout-flow\">\n<div class=\"wp-block-group is-nowrap is-layout-flex wp-container-core-group-is-layout-6c531013 wp-block-group-is-layout-flex\">\n<figure class=\"wp-block-image size-full is-resized wp-duotone-31bf9a-31bf9a-7\"><img decoding=\"async\" src=\"https:\/\/vendino.com\/wp-content\/uploads\/codetag.svg\" alt=\"Codetag\" class=\"wp-image-719\" style=\"width:auto;height:40px\"\/><\/figure>\n\n\n\n<p><strong>Mindre besv\u00e6r<\/strong><\/p>\n<\/div>\n\n\n\n<p class=\"has-text-align-left\">Vores mantra er, at man skal g\u00f8re det man er god til og lade andre om resten. Vi har sparet besv\u00e6ret v\u00e6k, n\u00e5r det kommer til integration af CSV og XML produktfeeds til netbutikken. S\u00e5 er der mere tid til det man er god til.<\/p>\n<\/div>\n<\/div>\n<\/div>\n<\/div>\n\n\n\n<div class=\"wp-block-group alignfull has-global-padding is-layout-constrained wp-container-core-group-is-layout-d89aad35 wp-block-group-is-layout-constrained\" style=\"margin-top:0;margin-bottom:0;padding-top:var(--wp--preset--spacing--50);padding-right:var(--wp--preset--spacing--50);padding-bottom:var(--wp--preset--spacing--50);padding-left:var(--wp--preset--spacing--50)\">\n<div class=\"wp-block-group alignwide has-base-2-background-color has-background is-vertical is-content-justification-center is-layout-flex wp-container-core-group-is-layout-49619c52 wp-block-group-is-layout-flex\" style=\"border-radius:16px;padding-top:var(--wp--preset--spacing--40);padding-right:var(--wp--preset--spacing--50);padding-bottom:var(--wp--preset--spacing--40);padding-left:var(--wp--preset--spacing--50)\">\n<h2 class=\"wp-block-heading has-text-align-center has-x-large-font-size\">Vil du v\u00e6re vores partner?<\/h2>\n\n\n\n<p class=\"has-text-align-center\">Kontakt os hvis du \u00f8nsker at blive partner.<\/p>\n\n\n\n<p class=\"has-text-align-center\"><a href=\"mailto:hello@vendino.com\">Skriv til&nbsp;<\/a><a href=\"mailto:hello@vendino.com\">hello@vendino.com<\/a><\/p>\n<\/div>\n<\/div>\n","protected":false},"excerpt":{"rendered":"<p>Er du interesseret i et&nbsp;partnerskab? Er du webbureau eller tilbyder du services tile-handel? Lad os se p\u00e5 nye muligheder sammen. Vendino hj\u00e6lper dine kunder Vi hj\u00e6lper dig og dine kunder med at vokse og spare tid. Tilbyd vores services til dine kunder og skab v\u00e6rdi. Konkurrencedygtige priser Dine kunder kan drage fordel af vores attraktive [&hellip;]<\/p>\n","protected":false},"author":1,"featured_media":0,"parent":0,"menu_order":0,"comment_status":"closed","ping_status":"closed","template":"page-no-title","meta":{"_acf_changed":false,"iawp_total_views":164,"footnotes":""},"class_list":["post-273","page","type-page","status-publish","hentry"],"acf":[],"_links":{"self":[{"href":"https:\/\/vendino.com\/da\/wp-json\/wp\/v2\/pages\/273","targetHints":{"allow":["GET"]}}],"collection":[{"href":"https:\/\/vendino.com\/da\/wp-json\/wp\/v2\/pages"}],"about":[{"href":"https:\/\/vendino.com\/da\/wp-json\/wp\/v2\/types\/page"}],"author":[{"embeddable":true,"href":"https:\/\/vendino.com\/da\/wp-json\/wp\/v2\/users\/1"}],"replies":[{"embeddable":true,"href":"https:\/\/vendino.com\/da\/wp-json\/wp\/v2\/comments?post=273"}],"version-history":[{"count":0,"href":"https:\/\/vendino.com\/da\/wp-json\/wp\/v2\/pages\/273\/revisions"}],"wp:attachment":[{"href":"https:\/\/vendino.com\/da\/wp-json\/wp\/v2\/media?parent=273"}],"curies":[{"name":"wp","href":"https:\/\/api.w.org\/{rel}","templated":true}]}}