{"id":29,"date":"2023-12-12T16:20:36","date_gmt":"2023-12-12T15:20:36","guid":{"rendered":"https:\/\/vendino.com\/?page_id=29"},"modified":"2024-04-02T07:34:07","modified_gmt":"2024-04-02T06:34:07","slug":"automatisering","status":"publish","type":"page","link":"https:\/\/vendino.com\/da\/automatisering\/","title":{"rendered":"Automatisering"},"content":{"rendered":"\n<div class=\"wp-block-group alignfull has-base-color has-accent-4-background-color has-text-color has-background has-link-color wp-elements-5dcfa8bbcc2ea61150ceb5581ff51f58 has-global-padding is-layout-constrained wp-container-core-group-is-layout-b9940f7e wp-block-group-is-layout-constrained\" style=\"margin-top:0;margin-bottom:0;padding-top:var(--wp--preset--spacing--50);padding-right:var(--wp--preset--spacing--40);padding-bottom:var(--wp--preset--spacing--50);padding-left:var(--wp--preset--spacing--40)\">\n<div class=\"wp-block-group alignwide has-global-padding is-layout-constrained wp-container-core-group-is-layout-19e250f3 wp-block-group-is-layout-constrained\">\n<div class=\"wp-block-columns alignwide is-layout-flex wp-container-core-columns-is-layout-c6809a2b wp-block-columns-is-layout-flex\">\n<div class=\"wp-block-column is-vertically-aligned-center is-layout-flow wp-block-column-is-layout-flow\" style=\"flex-basis:40%\">\n<h1 class=\"wp-block-heading is-style-default has-base-color has-text-color has-link-color has-x-large-font-size wp-elements-41ad3d7257c22f3ed828c46c5a093139\">Automatisering for E-handel Forbedret<\/h1>\n\n\n\n<h2 class=\"wp-block-heading has-base-color has-text-color has-link-color has-medium-font-size wp-elements-a5abf1496e0854fa231b503b50bd92fb\">Opgrader din online butiks produktdata i realtid med din leverand\u00f8rs lagerdata. Skab en direkte forbindelse mellem din e-handelsplatform og dine leverand\u00f8rers lager.<\/h2>\n\n\n\n<ul style=\"line-height:1.75\" class=\"is-style-checkmark-list wp-block-list\">\n<li>Egenleverand\u00f8r Integrationer<\/li>\n\n\n\n<li>Frem driv v\u00e6kst med effektive processer<\/li>\n\n\n\n<li>Automatisk synkronisering af lagerstatus<\/li>\n\n\n\n<li>Automatisk justering af priser<\/li>\n<\/ul>\n<\/div>\n\n\n\n<div class=\"wp-block-column is-layout-flow wp-block-column-is-layout-flow\" style=\"flex-basis:60%\">\n<figure class=\"wp-block-image size-large is-style-rounded is-style-rounded--1\"><img decoding=\"async\" width=\"1536\" height=\"796\" src=\"https:\/\/vendino.com\/wp-content\/uploads\/vendino-platform-1536x796.png\" alt=\"Vendino Platform\" class=\"wp-image-331\" srcset=\"https:\/\/vendino.com\/wp-content\/uploads\/vendino-platform-1536x796.png 1536w, https:\/\/vendino.com\/wp-content\/uploads\/vendino-platform-768x398.png 768w, https:\/\/vendino.com\/wp-content\/uploads\/vendino-platform.png 1645w\" sizes=\"(max-width: 1536px) 100vw, 1536px\" \/><\/figure>\n<\/div>\n<\/div>\n<\/div>\n<\/div>\n\n\n\n<div class=\"wp-block-group alignfull has-base-2-background-color has-background has-global-padding is-layout-constrained wp-container-core-group-is-layout-0fa2f98f wp-block-group-is-layout-constrained\" style=\"margin-top:0;margin-bottom:0;padding-top:var(--wp--preset--spacing--50);padding-right:var(--wp--preset--spacing--40);padding-bottom:var(--wp--preset--spacing--50);padding-left:var(--wp--preset--spacing--40)\">\n<div class=\"wp-block-group is-vertical is-content-justification-center is-layout-flex wp-container-core-group-is-layout-688e84fa wp-block-group-is-layout-flex\" style=\"padding-top:0;padding-bottom:0\">\n<h2 class=\"wp-block-heading has-text-align-center is-style-default\">Automatiseringsl\u00f8sningen<\/h2>\n\n\n\n<p class=\"has-text-align-center\">Effektiviser din dropshipping med vores automatiseringsl\u00f8sning. Glem manuelle processer \u2013 vores system effektiviserer driften og sparer dig for tid og arbejde.<\/p>\n<\/div>\n\n\n\n<div class=\"wp-block-columns alignwide is-layout-flex wp-container-core-columns-is-layout-d0bbbce0 wp-block-columns-is-layout-flex\">\n<div class=\"wp-block-column is-layout-flow wp-container-core-column-is-layout-e3d1c41b wp-block-column-is-layout-flow\">\n<h3 class=\"wp-block-heading has-text-align-left is-style-default has-body-font-family has-medium-font-size\" style=\"font-style:normal;font-weight:600\">Integration med Leverand\u00f8r<\/h3>\n\n\n\n<p class=\"has-text-align-left\">Hold din webshops produktinformation konstant opdateret med de nyeste data fra din leverand\u00f8r.<\/p>\n\n\n\n<ul class=\"is-style-checkmark-list wp-block-list\">\n<li>Automatisk Lagerstatus<\/li>\n\n\n\n<li>Eliminer behovet for CSV, XML &amp; JSON-filer<\/li>\n\n\n\n<li>Automatisk ops\u00e6tning ved hj\u00e6lp af Vendino<\/li>\n<\/ul>\n<\/div>\n\n\n\n<div class=\"wp-block-column is-layout-flow wp-container-core-column-is-layout-e3d1c41b wp-block-column-is-layout-flow\">\n<h3 class=\"wp-block-heading has-text-align-left is-style-default has-body-font-family has-medium-font-size\" style=\"font-style:normal;font-weight:600\">Produktskabelse med Et Klik<\/h3>\n\n\n\n<p class=\"has-text-align-left\">Drop copy-paste rutinen for produkter i din webshop. Overlad produktoprettelsen til Vendino.<\/p>\n\n\n\n<ul class=\"is-style-checkmark-list wp-block-list\">\n<li>Tidsbesparelse<\/li>\n\n\n\n<li>Minimer fejl<\/li>\n\n\n\n<li>Berig med omfattende produktdata<\/li>\n\n\n\n<li>Simpel udv\u00e6lgelse fra produktkatalogen<\/li>\n<\/ul>\n<\/div>\n\n\n\n<div class=\"wp-block-column is-layout-flow wp-container-core-column-is-layout-e3d1c41b wp-block-column-is-layout-flow\">\n<h3 class=\"wp-block-heading has-text-align-left is-style-default has-body-font-family has-medium-font-size\" style=\"font-style:normal;font-weight:600\">Automatisk opdatering af priser<\/h3>\n\n\n\n<p class=\"has-text-align-left\">Afskaf manuelle processer, fejl i h\u00e5ndtering af CSV, XML &amp; JSON-filer, prisfejltagelser, og de mange andre udfordringer ved e-handelsdrift.<\/p>\n\n\n\n<ul class=\"is-style-checkmark-list wp-block-list\">\n<li>Indstil avanceregler<\/li>\n\n\n\n<li>Automatiske udsalgspris<\/li>\n\n\n\n<li>Garanti for stabil fortjeneste<\/li>\n<\/ul>\n<\/div>\n<\/div>\n<\/div>\n\n\n\n<div class=\"wp-block-group alignfull has-global-padding is-layout-constrained wp-container-core-group-is-layout-b9940f7e wp-block-group-is-layout-constrained\" style=\"margin-top:0;margin-bottom:0;padding-top:var(--wp--preset--spacing--50);padding-right:var(--wp--preset--spacing--40);padding-bottom:var(--wp--preset--spacing--50);padding-left:var(--wp--preset--spacing--40)\">\n<div class=\"wp-block-group alignwide has-global-padding is-layout-constrained wp-container-core-group-is-layout-19e250f3 wp-block-group-is-layout-constrained\">\n<div class=\"wp-block-group is-vertical is-content-justification-center is-layout-flex wp-container-core-group-is-layout-6329a8f3 wp-block-group-is-layout-flex\">\n<h2 class=\"wp-block-heading has-text-align-center is-style-default\">Er du klar til at opgradere din online butik?<\/h2>\n\n\n\n<p class=\"has-text-align-center\">Sig farvel til manuelle indgreb CSV, XML &amp; JSON filh\u00e5ndtering, prisfejl, og alle de andre udfordringer, der f\u00f8lger med at drive en e-handelsvirksomhed. Udforsk vores platform uden omkostninger.<\/p>\n<\/div>\n\n\n\n<div class=\"wp-block-buttons is-content-justification-center is-layout-flex wp-container-core-buttons-is-layout-b481f376 wp-block-buttons-is-layout-flex\" style=\"margin-top:var(--wp--preset--spacing--10);margin-bottom:var(--wp--preset--spacing--10)\">\n<div class=\"wp-block-button\"><a class=\"wp-block-button__link has-accent-4-background-color has-background has-text-align-center wp-element-button\" href=\"https:\/\/app.vendino.com\/auth\/signup\">Pr\u00f8v Vendino Gratis<\/a><\/div>\n<\/div>\n\n\n\n<div class=\"wp-block-group is-vertical is-content-justification-center is-layout-flex wp-container-core-group-is-layout-ce155fab wp-block-group-is-layout-flex\">\n<ul class=\"is-style-checkmark-list wp-block-list\">\n<li><em>Gratis oprettelse &#8211; Ingen kreditkort p\u00e5kr\u00e6vet.<\/em><\/li>\n<\/ul>\n<\/div>\n<\/div>\n<\/div>\n","protected":false},"excerpt":{"rendered":"<p>Automatisering for E-handel Forbedret Opgrader din online butiks produktdata i realtid med din leverand\u00f8rs lagerdata. Skab en direkte forbindelse mellem din e-handelsplatform og dine leverand\u00f8rers lager. Automatiseringsl\u00f8sningen Effektiviser din dropshipping med vores automatiseringsl\u00f8sning. Glem manuelle processer \u2013 vores system effektiviserer driften og sparer dig for tid og arbejde. Integration med Leverand\u00f8r Hold din webshops produktinformation [&hellip;]<\/p>\n","protected":false},"author":1,"featured_media":0,"parent":0,"menu_order":0,"comment_status":"closed","ping_status":"closed","template":"page-no-title","meta":{"_acf_changed":false,"iawp_total_views":202,"footnotes":""},"class_list":["post-29","page","type-page","status-publish","hentry"],"acf":[],"_links":{"self":[{"href":"https:\/\/vendino.com\/da\/wp-json\/wp\/v2\/pages\/29","targetHints":{"allow":["GET"]}}],"collection":[{"href":"https:\/\/vendino.com\/da\/wp-json\/wp\/v2\/pages"}],"about":[{"href":"https:\/\/vendino.com\/da\/wp-json\/wp\/v2\/types\/page"}],"author":[{"embeddable":true,"href":"https:\/\/vendino.com\/da\/wp-json\/wp\/v2\/users\/1"}],"replies":[{"embeddable":true,"href":"https:\/\/vendino.com\/da\/wp-json\/wp\/v2\/comments?post=29"}],"version-history":[{"count":0,"href":"https:\/\/vendino.com\/da\/wp-json\/wp\/v2\/pages\/29\/revisions"}],"wp:attachment":[{"href":"https:\/\/vendino.com\/da\/wp-json\/wp\/v2\/media?parent=29"}],"curies":[{"name":"wp","href":"https:\/\/api.w.org\/{rel}","templated":true}]}}