{"id":3,"date":"2023-11-25T16:43:06","date_gmt":"2023-11-25T16:43:06","guid":{"rendered":"https:\/\/vendino.com\/?page_id=3"},"modified":"2023-12-14T15:17:27","modified_gmt":"2023-12-14T14:17:27","slug":"privatlivspolitik","status":"publish","type":"page","link":"https:\/\/vendino.com\/da\/privatlivspolitik\/","title":{"rendered":"Privatlivspolitik"},"content":{"rendered":"\n<p>P\u00e5 denne side, kan du l\u00e6se hvordan Vendino (\u201cvi\u201d) anvender de oplysninger, som du afgiver\/efterlader dig, n\u00e5r du benytter platformen samt tilh\u00f8rende tjenester.<\/p>\n\n\n\n<h2 class=\"wp-block-heading\" id=\"1-indsamling-af-personlige-oplysninger\">1. Indsamling af personlige oplysninger<\/h2>\n\n\n\n<p>I henhold til den g\u00e6ldende lovgivning, vil vi altid oplyse dig forud for indsamling af personlige oplysninger om dig.<\/p>\n\n\n\n<h2 class=\"wp-block-heading\" id=\"2-hvilke-personlige-oplysninger-indsamler-vi\">2. Hvilke personlige oplysninger indsamler vi?<\/h2>\n\n\n\n<p>Vi indsamler dine generelle persondata som navn, e-mail og adresse. Dertil indsamler vi data til at udarbejde statistik og analyser, som hj\u00e6lper os til at forbedre vores produkt og service \u2013 Bem\u00e6rk at disse data er generelle\/overfladiske. De indbefatter eksempelvis din adf\u00e6rd (i.e. hvilke af vores sider du klikker p\u00e5), og de benyttes ikke til at identificere bes\u00f8gende p\u00e5 vores sider.<\/p>\n\n\n\n<h2 class=\"wp-block-heading\" id=\"3-hvad-bruger-vi-dine-oplysninger-til\">3. Hvad bruger vi dine oplysninger til?<\/h2>\n\n\n\n<p>Vi bruger dit navn, adresse og e-mail til at administrere din brugerkonto og abonnement \u2013 fordudsat dit samtykke, n\u00e5r du opretter dit abonnement. Disse oplysninger er n\u00f8dvendige for, at vi kan kommunikere til dig om dine produkter\/services hos os. Din ip-adresse benyttes udelukkende som en foranstaltning i forbindelse med at identificere uberettiget indtr\u00e6ngen af tredjepart.<\/p>\n\n\n\n<h2 class=\"wp-block-heading\" id=\"4-deling-af-dine-oplysninger\">4. Deling af dine oplysninger<\/h2>\n\n\n\n<p>Vi deler ikke dine oplysninger med tredjepart, s\u00e5fremt du ikke har givet dit samtykke til dette. Vi vil aldrig s\u00e6lge dine oplysninger til tredjepart!<\/p>\n\n\n\n<h2 class=\"wp-block-heading\" id=\"5-sikkerhed\">5. Sikkerhed<\/h2>\n\n\n\n<p>Vores platform er udviklet efter h\u00f8je sikkerhedsprincipper, og vi bestr\u00e6ber altid at beskytte kvaliteten og integriteten af platformen. I tilf\u00e6lde af sikkerhedsfejl som dertil medf\u00f8rer en l\u00e6kage af dine oplysninger, er vi forpligtet til at informere dig herom inden for 72 timer.<\/p>\n\n\n\n<h2 class=\"wp-block-heading\" id=\"6-lagring-af-data\">6. Lagring af data<\/h2>\n\n\n\n<p>Vi gemmer kun dine oplysninger, s\u00e5 l\u00e6nge det er et behov i forhold til opfyldelsen af form\u00e5l beskrevet i pkt. 3. Hvis du \u00f8nsker at f\u00e5 slettet dine personlige oplysninger fra vores platform, skal du kontakte os som beskrevet nederst p\u00e5 denne side.<\/p>\n\n\n\n<h2 class=\"wp-block-heading\" id=\"7-cookies-og-pixels\">7. Cookies og pixels<\/h2>\n\n\n\n<p>Cookies er sm\u00e5 tekstfiler, som indeholder en tegnstreng og laver en unik identifikation af en bruger. De sendes tilbage til hjemmesiden og\/eller tredjeparter. De fleste browsere er oprindelig sat op til at acceptere cookies, eftersom det kr\u00e6ves af de fleste hjemmesider for at kunne tilg\u00e5 dem. Du kan dog \u00e6ndre dine browserindstillinger, s\u00e5ledes at din browser generelt kan afvise cookies, blokere cookies fra tredjepart eller angive, n\u00e5r der sendes en cookie.<\/p>\n\n\n\n<p>Tracking pixels er scripts, som afvikles, n\u00e5r en bruger lander p\u00e5 en hjemmeside eller \u00e5bner en e-mail. Selve pixlen er ikke synlig og kan kun ses i sitets eller e-mailens HTML. Scriptet g\u00f8r, at der downloades en tredjeparts cookie p\u00e5 din computer, eller som registrerer, at e-mailen er blevet \u00e5bnet.<\/p>\n\n\n\n<h3 class=\"wp-block-heading\" id=\"71-google-cookies-og--teknologier\">7.1 Google-cookies og -teknologier<\/h3>\n\n\n\n<p><strong>Google Analytics:<\/strong>&nbsp;Denne cookie giver os mulighed for at se oplysninger om website aktiviteter for brugere, herunder \u2013 men ikke begr\u00e6nset til \u2013 sidevisninger, kilde og tidsforbrug p\u00e5 en hjemmeside. Oplysningerne er anonymiserede og vises som tal, hvilket betyder, at de ikke kan spores tilbage til enkeltpersoner. Dette hj\u00e6lper med til at beskytte dit privatliv. Ved at bruge Google Analytics kan vi se, hvilket indhold der er popul\u00e6rt p\u00e5 vores sider, og vi bestr\u00e6ber os p\u00e5 at give dig mere af det, du kan lide at l\u00e6se og se.<\/p>\n\n\n\n<p><strong>Google Analytics Remarketing<\/strong>:&nbsp;Placerer cookies p\u00e5 din computer, hvilket betyder, at n\u00e5r du forlader vores hjemmeside, kan Google vise dig annoncer om Vendino, som du m\u00e5ske er interesseret i baseret p\u00e5 din tidligere adf\u00e6rd p\u00e5 vores hjemmeside. Disse oplysninger er ikke personligt identificerbare.<\/p>\n\n\n\n<p><strong>Google AdWords:<\/strong>&nbsp;Ved at anvende Google Adwords er vi i stand til at se, hvilke sider der var behj\u00e6lpelige med at f\u00f8re til indsendelser via vores kontaktformular. Dette giver os mulighed for at g\u00f8re bedre brug af vores budget. Disse oplysninger er ikke personligt identificerbare.<\/p>\n\n\n\n<p><strong>Google Adwords Remarketing:<\/strong>&nbsp;Placerer cookies p\u00e5 din computer, hvilket betyder, at n\u00e5r du forlader vores hjemmeside, kan Google vise dig annoncer om Vendino, som du m\u00e5ske er interesseret i baseret p\u00e5 din tidligere adf\u00e6rd p\u00e5 vores hjemmeside. Disse oplysninger er ikke personligt identificerbare.<\/p>\n\n\n\n<p>Du kan i fremtiden forhindre, at de oplysninger, som dannes af Google-cookien om din brug af vores sites, bliver indsamlet og behandlet af Google ved at downloade og installere Google Analytics Opt-out Browser Add-on for din nuv\u00e6rende webbrowser. Denne Add-on er tilg\u00e6ngelig p\u00e5&nbsp;<a href=\"https:\/\/tools.google.com\/dlpage\/gaoptout\" target=\"_blank\" rel=\"noopener\">https:\/\/tools.google.com\/dlpage\/gaoptout<\/a>.<\/p>\n\n\n\n<h3 class=\"wp-block-heading\" id=\"72-facebook-cookies\">7.2 Facebook cookies<\/h3>\n\n\n\n<p>Facebook Remarketing:&nbsp;Facebooks tracking pixel placerer cookies p\u00e5 din computer, som fort\u00e6ller Facebook, at du har tjekket websitet. Vi g\u00e5r derefter ud fra, at du har en interesse for Vendino og indholdet p\u00e5 dette site. N\u00e5r du bes\u00f8ger Facebook, vil du derefter blive eksponeret for oplysninger eller reklamer med lignende indhold. Brug venligst dine privatlivsindstillinger p\u00e5 Facebook, hvis du \u00f8nsker at begr\u00e6nse eksponeringen for markedsf\u00f8ring af denne type.<\/p>\n\n\n\n<h3 class=\"wp-block-heading\" id=\"73-linkedin\">7.3 LinkedIn<\/h3>\n\n\n\n<p>I forbindelse med markedsf\u00f8ring p\u00e5 LinkedIn benytter vi LinkedIn\u2019s tracking pixel. Denne pixel placerer cookies p\u00e5 din computer, som fort\u00e6ller LinkedIn, at du har v\u00e6ret p\u00e5 websitet. Hermed formoder vi, at du har vist din interesse for Vendino og indholdet p\u00e5 sitet. N\u00e5r du bes\u00f8ger LinkedIn vil du derfor risikere at blive eksponeret for oplysninger og\/eller reklamer med lignende indhold. Benyt Dem venligst af Deres privatlivsindstillinger p\u00e5 LinkedIn, s\u00e5fremt du \u00f8nsker at begr\u00e6nse eksponeringen for markedsf\u00f8ring af denne karakter.<\/p>\n\n\n\n<h4 class=\"wp-block-heading\" id=\"henvendelser\">Henvendelser<\/h4>\n\n\n\n<p>Har du sp\u00f8rgsm\u00e5l til ovenst\u00e5ende politik, eller \u00f8nsker du at g\u00f8re brug af dine GDPR-rettigheder, skal alle henvendelser foreg\u00e5 til:<\/p>\n\n\n\n<p>E-mail:\u00a0<a href=\"mailto:hello@vendino.com\">hello@vendino.com<\/a><\/p>\n\n\n\n<p>Vi svarer p\u00e5 alle privatlivspolitiske foresp\u00f8rgsler s\u00e5 hurtigt, vi kan, og garanteret inden for den af GDPR fastlagte tidsramme p\u00e5 30 dage. Vi udleverer dertil altid data i et maskin-l\u00e6seligt format.<\/p>\n","protected":false},"excerpt":{"rendered":"<p>P\u00e5 denne side, kan du l\u00e6se hvordan Vendino (\u201cvi\u201d) anvender de oplysninger, som du afgiver\/efterlader dig, n\u00e5r du benytter platformen samt tilh\u00f8rende tjenester. 1. Indsamling af personlige oplysninger I henhold til den g\u00e6ldende lovgivning, vil vi altid oplyse dig forud for indsamling af personlige oplysninger om dig. 2. Hvilke personlige oplysninger indsamler vi? Vi indsamler [&hellip;]<\/p>\n","protected":false},"author":1,"featured_media":0,"parent":0,"menu_order":0,"comment_status":"closed","ping_status":"closed","template":"","meta":{"_acf_changed":false,"iawp_total_views":172,"footnotes":""},"class_list":["post-3","page","type-page","status-publish","hentry"],"acf":[],"_links":{"self":[{"href":"https:\/\/vendino.com\/da\/wp-json\/wp\/v2\/pages\/3","targetHints":{"allow":["GET"]}}],"collection":[{"href":"https:\/\/vendino.com\/da\/wp-json\/wp\/v2\/pages"}],"about":[{"href":"https:\/\/vendino.com\/da\/wp-json\/wp\/v2\/types\/page"}],"author":[{"embeddable":true,"href":"https:\/\/vendino.com\/da\/wp-json\/wp\/v2\/users\/1"}],"replies":[{"embeddable":true,"href":"https:\/\/vendino.com\/da\/wp-json\/wp\/v2\/comments?post=3"}],"version-history":[{"count":0,"href":"https:\/\/vendino.com\/da\/wp-json\/wp\/v2\/pages\/3\/revisions"}],"wp:attachment":[{"href":"https:\/\/vendino.com\/da\/wp-json\/wp\/v2\/media?parent=3"}],"curies":[{"name":"wp","href":"https:\/\/api.w.org\/{rel}","templated":true}]}}