{"id":44,"date":"2023-12-12T17:00:08","date_gmt":"2023-12-12T16:00:08","guid":{"rendered":"https:\/\/vendino.com\/?page_id=44"},"modified":"2024-03-21T14:20:53","modified_gmt":"2024-03-21T13:20:53","slug":"priser","status":"publish","type":"page","link":"https:\/\/vendino.com\/da\/priser\/","title":{"rendered":"Priser"},"content":{"rendered":"\n<div class=\"wp-block-group alignfull has-base-2-background-color has-background has-global-padding is-layout-constrained wp-container-core-group-is-layout-55f0df76 wp-block-group-is-layout-constrained\" style=\"margin-top:0;margin-bottom:0;padding-top:var(--wp--preset--spacing--50);padding-right:var(--wp--preset--spacing--40);padding-bottom:var(--wp--preset--spacing--50);padding-left:var(--wp--preset--spacing--40)\">\n<div class=\"wp-block-group alignwide has-global-padding is-layout-constrained wp-container-core-group-is-layout-4c9bdec8 wp-block-group-is-layout-constrained\" style=\"border-radius:16px;padding-top:0;padding-right:0;padding-bottom:0;padding-left:0\">\n<div class=\"wp-block-group alignwide is-vertical is-content-justification-stretch is-layout-flex wp-container-core-group-is-layout-d275371d wp-block-group-is-layout-flex\">\n<h1 class=\"wp-block-heading has-text-align-center\">Vores Priser<\/h1>\n\n\n\n<h3 class=\"wp-block-heading has-text-align-center has-medium-font-size\">Vi tilbyder fleksible muligheder, som du kan tilpasse til hvert projekts forskellige behov.<\/h3>\n\n\n\n<div class=\"wp-block-columns alignwide is-layout-flex wp-container-core-columns-is-layout-0a6c7c78 wp-block-columns-is-layout-flex\" style=\"margin-top:0;margin-bottom:0;padding-top:0;padding-right:0;padding-bottom:0;padding-left:0\">\n<div class=\"wp-block-column is-vertically-aligned-stretch has-base-background-color has-background has-global-padding is-layout-constrained wp-container-core-column-is-layout-570efc33 wp-block-column-is-layout-constrained\" style=\"border-style:none;border-width:0px;padding-top:var(--wp--preset--spacing--30);padding-right:var(--wp--preset--spacing--30);padding-bottom:var(--wp--preset--spacing--30);padding-left:var(--wp--preset--spacing--30)\">\n<div class=\"wp-block-group is-vertical is-content-justification-center is-layout-flex wp-container-core-group-is-layout-691534b7 wp-block-group-is-layout-flex\" style=\"border-style:none;border-width:0px;border-radius:0px;min-height:100%;margin-top:0;margin-bottom:0;padding-top:var(--wp--preset--spacing--30);padding-right:var(--wp--preset--spacing--30);padding-bottom:var(--wp--preset--spacing--30);padding-left:var(--wp--preset--spacing--30)\">\n<div class=\"wp-block-group is-vertical is-content-justification-center is-layout-flex wp-container-core-group-is-layout-25d6347d wp-block-group-is-layout-flex\" style=\"border-top-style:none;border-top-width:0px;border-right-style:none;border-right-width:0px;border-bottom-color:#12121229;border-bottom-style:none;border-bottom-width:0px;border-left-style:none;border-left-width:0px;min-height:126px;margin-top:0;margin-bottom:0;padding-top:0;padding-right:0;padding-bottom:0;padding-left:0\">\n<div class=\"wp-block-group has-global-padding is-layout-constrained wp-container-core-group-is-layout-5c53b157 wp-block-group-is-layout-constrained\" style=\"margin-top:0;margin-bottom:0;padding-top:0;padding-right:0;padding-bottom:0;padding-left:0\">\n<p class=\"has-text-align-center has-large-font-size\"><strong>Gratis<\/strong><\/p>\n\n\n\n<p class=\"has-text-align-center\">0kr.\/md<\/p>\n<\/div>\n\n\n\n<div class=\"wp-block-group is-vertical is-layout-flex wp-container-core-group-is-layout-515b0fb2 wp-block-group-is-layout-flex\" style=\"margin-top:0;margin-bottom:0\">\n<ul style=\"margin-bottom:0;line-height:1.5\" class=\"is-style-checkmark-list wp-block-list\">\n<li>25 produkter<\/li>\n\n\n\n<li>Standard leverand\u00f8rer<\/li>\n\n\n\n<li>1 egen leverand\u00f8r<\/li>\n\n\n\n<li>Autimatisk lager opdatering<\/li>\n<\/ul>\n<\/div>\n<\/div>\n\n\n\n<div class=\"wp-block-group is-vertical is-content-justification-center is-layout-flex wp-container-core-group-is-layout-9078a248 wp-block-group-is-layout-flex\" style=\"border-top-style:none;border-top-width:0px;border-right-style:none;border-right-width:0px;border-bottom-color:#12121273;border-bottom-style:none;border-bottom-width:0px;border-left-style:none;border-left-width:0px;min-height:0%;margin-top:0;margin-bottom:0;padding-top:0;padding-right:0;padding-bottom:0;padding-left:0\">\n<div class=\"wp-block-buttons is-vertical is-content-justification-center is-layout-flex wp-container-core-buttons-is-layout-d3679266 wp-block-buttons-is-layout-flex\" style=\"margin-top:0;margin-bottom:0\">\n<div class=\"wp-block-button has-custom-width wp-block-button__width-100\"><a class=\"wp-block-button__link wp-element-button\" href=\"https:\/\/app.vendino.com\/auth\/signup\">Kom i gang<\/a><\/div>\n<\/div>\n<\/div>\n<\/div>\n<\/div>\n\n\n\n<div class=\"wp-block-column is-vertically-aligned-stretch has-base-background-color has-background has-global-padding is-layout-constrained wp-container-core-column-is-layout-570efc33 wp-block-column-is-layout-constrained\" style=\"border-style:none;border-width:0px;padding-top:var(--wp--preset--spacing--30);padding-right:var(--wp--preset--spacing--30);padding-bottom:var(--wp--preset--spacing--30);padding-left:var(--wp--preset--spacing--30)\">\n<div class=\"wp-block-group is-vertical is-content-justification-center is-layout-flex wp-container-core-group-is-layout-51a1ba34 wp-block-group-is-layout-flex\" style=\"border-style:none;border-width:0px;border-radius:0px;min-height:100%;margin-top:0;margin-bottom:0;padding-top:var(--wp--preset--spacing--30);padding-right:var(--wp--preset--spacing--30);padding-bottom:var(--wp--preset--spacing--30);padding-left:var(--wp--preset--spacing--30)\">\n<div class=\"wp-block-group is-vertical is-content-justification-center is-layout-flex wp-container-core-group-is-layout-25d6347d wp-block-group-is-layout-flex\" style=\"border-top-style:none;border-top-width:0px;border-right-style:none;border-right-width:0px;border-bottom-color:#12121229;border-bottom-style:none;border-bottom-width:0px;border-left-style:none;border-left-width:0px;min-height:126px;margin-top:0;margin-bottom:0;padding-top:0;padding-right:0;padding-bottom:0;padding-left:0\">\n<div class=\"wp-block-group has-global-padding is-layout-constrained wp-container-core-group-is-layout-5c53b157 wp-block-group-is-layout-constrained\" style=\"margin-top:0;margin-bottom:0;padding-top:0;padding-right:0;padding-bottom:0;padding-left:0\">\n<p class=\"has-text-align-center has-large-font-size\"><strong>Starter<\/strong><\/p>\n\n\n\n<p class=\"has-text-align-center\">199 kr.\/md<\/p>\n<\/div>\n\n\n\n<div class=\"wp-block-group is-vertical is-layout-flex wp-container-core-group-is-layout-515b0fb2 wp-block-group-is-layout-flex\" style=\"margin-top:0;margin-bottom:0\">\n<ul style=\"margin-bottom:0;line-height:1.5\" class=\"is-style-checkmark-list wp-block-list\">\n<li>100 produkter<\/li>\n\n\n\n<li>Standard leverand\u00f8rer<\/li>\n\n\n\n<li>1 egen leverand\u00f8r<\/li>\n\n\n\n<li>Autimatisk lager opdatering<\/li>\n\n\n\n<li>Automatisk pris opdatering<\/li>\n\n\n\n<li>Overdragelse af konto<\/li>\n<\/ul>\n<\/div>\n<\/div>\n\n\n\n<div class=\"wp-block-group is-vertical is-content-justification-center is-layout-flex wp-container-core-group-is-layout-9078a248 wp-block-group-is-layout-flex\" style=\"border-top-style:none;border-top-width:0px;border-right-style:none;border-right-width:0px;border-bottom-color:#12121273;border-bottom-style:none;border-bottom-width:0px;border-left-style:none;border-left-width:0px;min-height:0%;margin-top:0;margin-bottom:0;padding-top:0;padding-right:0;padding-bottom:0;padding-left:0\">\n<div class=\"wp-block-buttons is-vertical is-content-justification-center is-layout-flex wp-container-core-buttons-is-layout-d3679266 wp-block-buttons-is-layout-flex\" style=\"margin-top:0;margin-bottom:0\">\n<div class=\"wp-block-button has-custom-width wp-block-button__width-100\"><a class=\"wp-block-button__link wp-element-button\" href=\"https:\/\/app.vendino.com\/auth\/signup\">Kom i gang<\/a><\/div>\n<\/div>\n<\/div>\n<\/div>\n<\/div>\n\n\n\n<div class=\"wp-block-column is-vertically-aligned-stretch has-base-background-color has-background has-global-padding is-layout-constrained wp-container-core-column-is-layout-570efc33 wp-block-column-is-layout-constrained\" style=\"border-style:none;border-width:0px;padding-top:var(--wp--preset--spacing--30);padding-right:var(--wp--preset--spacing--30);padding-bottom:var(--wp--preset--spacing--30);padding-left:var(--wp--preset--spacing--30)\">\n<div class=\"wp-block-group is-vertical is-content-justification-center is-layout-flex wp-container-core-group-is-layout-51a1ba34 wp-block-group-is-layout-flex\" style=\"border-style:none;border-width:0px;border-radius:0px;min-height:100%;margin-top:0;margin-bottom:0;padding-top:var(--wp--preset--spacing--30);padding-right:var(--wp--preset--spacing--30);padding-bottom:var(--wp--preset--spacing--30);padding-left:var(--wp--preset--spacing--30)\">\n<div class=\"wp-block-group is-vertical is-content-justification-center is-layout-flex wp-container-core-group-is-layout-25d6347d wp-block-group-is-layout-flex\" style=\"border-top-style:none;border-top-width:0px;border-right-style:none;border-right-width:0px;border-bottom-color:#12121229;border-bottom-style:none;border-bottom-width:0px;border-left-style:none;border-left-width:0px;min-height:126px;margin-top:0;margin-bottom:0;padding-top:0;padding-right:0;padding-bottom:0;padding-left:0\">\n<div class=\"wp-block-group has-global-padding is-layout-constrained wp-container-core-group-is-layout-5c53b157 wp-block-group-is-layout-constrained\" style=\"margin-top:0;margin-bottom:0;padding-top:0;padding-right:0;padding-bottom:0;padding-left:0\">\n<p class=\"has-text-align-center has-large-font-size\"><strong>Pro<\/strong><\/p>\n\n\n\n<p class=\"has-text-align-center\">359 kr.\/md<\/p>\n<\/div>\n\n\n\n<div class=\"wp-block-group is-vertical is-layout-flex wp-container-core-group-is-layout-515b0fb2 wp-block-group-is-layout-flex\" style=\"margin-top:0;margin-bottom:0\">\n<ul style=\"margin-bottom:0;line-height:1.5\" class=\"is-style-checkmark-list wp-block-list\">\n<li>500 produkter<\/li>\n\n\n\n<li>Standard leverand\u00f8rer<\/li>\n\n\n\n<li>3 egen leverand\u00f8r<\/li>\n\n\n\n<li>Autimatisk lager opdatering<\/li>\n\n\n\n<li>Automatisk pris opdatering<\/li>\n\n\n\n<li>Overdragele af konto<\/li>\n<\/ul>\n<\/div>\n<\/div>\n\n\n\n<div class=\"wp-block-group is-vertical is-content-justification-center is-layout-flex wp-container-core-group-is-layout-9078a248 wp-block-group-is-layout-flex\" style=\"border-top-style:none;border-top-width:0px;border-right-style:none;border-right-width:0px;border-bottom-color:#12121273;border-bottom-style:none;border-bottom-width:0px;border-left-style:none;border-left-width:0px;min-height:0%;margin-top:0;margin-bottom:0;padding-top:0;padding-right:0;padding-bottom:0;padding-left:0\">\n<div class=\"wp-block-buttons is-vertical is-content-justification-center is-layout-flex wp-container-core-buttons-is-layout-d3679266 wp-block-buttons-is-layout-flex\" style=\"margin-top:0;margin-bottom:0\">\n<div class=\"wp-block-button has-custom-width wp-block-button__width-100\"><a class=\"wp-block-button__link wp-element-button\" href=\"https:\/\/app.vendino.com\/auth\/signup\">Kom i gang<\/a><\/div>\n<\/div>\n<\/div>\n<\/div>\n<\/div>\n<\/div>\n\n\n\n<div class=\"wp-block-group has-base-background-color has-background is-vertical is-content-justification-left is-layout-flex wp-container-core-group-is-layout-fad980eb wp-block-group-is-layout-flex\" style=\"margin-top:0;margin-bottom:0;padding-top:var(--wp--preset--spacing--30);padding-right:var(--wp--preset--spacing--30);padding-bottom:var(--wp--preset--spacing--30);padding-left:var(--wp--preset--spacing--30)\">\n<div class=\"wp-block-group is-vertical is-content-justification-left is-layout-flex wp-container-core-group-is-layout-0c84590b wp-block-group-is-layout-flex\">\n<p class=\"has-large-font-size\"><strong>Scale<\/strong><\/p>\n\n\n\n<p>Har du over 500 produkter, eller behov der r\u00e6kker ud af vores pakker?<br>S\u00e5 t\u00f8v ikke med at kontake os.<\/p>\n<\/div>\n\n\n\n<div class=\"wp-block-buttons is-layout-flex wp-block-buttons-is-layout-flex\" style=\"margin-top:0;margin-bottom:0\">\n<div class=\"wp-block-button has-custom-width wp-block-button__width-100\"><a class=\"wp-block-button__link wp-element-button\" href=\"https:\/\/vendino.com\/kontakt\/\">Kontakt os<\/a><\/div>\n<\/div>\n<\/div>\n<\/div>\n<\/div>\n<\/div>\n\n\n\n<div class=\"wp-block-group alignfull has-base-2-background-color has-background has-global-padding is-layout-constrained wp-container-core-group-is-layout-75012026 wp-block-group-is-layout-constrained\" style=\"margin-top:0;margin-bottom:0;padding-top:var(--wp--preset--spacing--40);padding-right:var(--wp--preset--spacing--60);padding-bottom:var(--wp--preset--spacing--40);padding-left:var(--wp--preset--spacing--60)\">\n<div class=\"wp-block-group alignwide is-vertical is-content-justification-center is-layout-flex wp-container-core-group-is-layout-ce155fab wp-block-group-is-layout-flex\">\n<p class=\"has-text-align-center has-heading-font-family has-large-font-size\" style=\"font-style:normal;font-weight:400;line-height:1.2\">Ved at bruge Vendino har vi sparet massevis af timer i forbindelse med produktoprettelse.<\/p>\n\n\n\n<p class=\"has-text-align-center\"><strong>Filip Hansen<\/strong><br>Netbutiksejer<\/p>\n<\/div>\n<\/div>\n\n\n\n<div class=\"wp-block-group alignfull has-global-padding is-content-justification-center is-layout-constrained wp-container-core-group-is-layout-80d19271 wp-block-group-is-layout-constrained\" style=\"margin-top:0;margin-bottom:0;padding-top:var(--wp--preset--spacing--50);padding-right:var(--wp--preset--spacing--40);padding-bottom:var(--wp--preset--spacing--50);padding-left:var(--wp--preset--spacing--40)\">\n<div class=\"wp-block-group has-global-padding is-layout-constrained wp-container-core-group-is-layout-7851ff72 wp-block-group-is-layout-constrained\" style=\"padding-top:var(--wp--preset--spacing--20);padding-right:var(--wp--preset--spacing--20);padding-bottom:var(--wp--preset--spacing--20);padding-left:var(--wp--preset--spacing--20)\">\n<h2 class=\"wp-block-heading alignwide has-text-align-center has-contrast-color has-text-color has-link-color wp-elements-f9ccf66b6e5c281f908877676e1521a0\" style=\"margin-top:0;margin-right:0;margin-bottom:0;margin-left:0;padding-top:0;padding-right:0;padding-bottom:0;padding-left:0\">Ofte stillede sp\u00f8rgsm\u00e5l<\/h2>\n<\/div>\n\n\n\n<div class=\"wp-block-group has-base-2-background-color has-background has-global-padding is-layout-constrained wp-container-core-group-is-layout-287b1780 wp-block-group-is-layout-constrained\" style=\"margin-top:0;padding-top:0;padding-right:var(--wp--preset--spacing--20);padding-bottom:0;padding-left:var(--wp--preset--spacing--20)\">\n<details class=\"wp-block-details is-style-arrow-icon-details has-medium-font-size is-layout-flow wp-block-details-is-layout-flow\" style=\"border-top-style:none;border-top-width:0px;border-right-style:none;border-right-width:0px;border-bottom-color:var(--wp--preset--color--base);border-bottom-style:solid;border-bottom-width:1px;border-left-style:none;border-left-width:0px;margin-top:0\"><summary>Hvad kr\u00e6ver det af mig at komme i gang?<\/summary>\n<p>For at kunne komme i gang med at bruge Vendino kr\u00e6ver det, at din netbutik er baseret p\u00e5 \u00e9t af f\u00f8lgende webshop-systemer:<\/p>\n\n\n\n<ul class=\"wp-block-list\">\n<li>Shopify<\/li>\n\n\n\n<li>DanDomain<\/li>\n\n\n\n<li>WooCommerce<\/li>\n<\/ul>\n\n\n\n<p>Herefter skal du installere vores app\/plugin i din netbutik, hvorefter din netbutik vil v\u00e6re forbundet med Vendino, og du kan komme i gang med at bruge Vendino!<\/p>\n<\/details>\n\n\n\n<details class=\"wp-block-details is-style-arrow-icon-details has-medium-font-size is-layout-flow wp-block-details-is-layout-flow\" style=\"border-top-style:none;border-top-width:0px;border-right-style:none;border-right-width:0px;border-bottom-color:var(--wp--preset--color--base);border-bottom-style:solid;border-bottom-width:1px;border-left-style:none;border-left-width:0px;margin-top:0\"><summary>Jeg har en dropshipping aftale med min leverand\u00f8r. Kan jeg bruge Vendino til dette?<\/summary>\n<p class=\"has-contrast-1-color has-text-color has-link-color wp-elements-f1585fa0a2d260d8b089f4030119b8b0\">Absolut. Med Vendino vil dine produkter v\u00e6re synkroniseret med leverand\u00f8rens produktfeed og dermed ogs\u00e5 reflektere eventuelle \u00e6ndringer i lagerstatus mm. i din netbutik.<\/p>\n<\/details>\n\n\n\n<details class=\"wp-block-details is-style-arrow-icon-details has-medium-font-size is-layout-flow wp-block-details-is-layout-flow\" style=\"border-top-style:none;border-top-width:0px;border-right-style:none;border-right-width:0px;border-bottom-color:var(--wp--preset--color--base);border-bottom-style:solid;border-bottom-width:1px;border-left-style:none;border-left-width:0px;margin-top:0\"><summary>Tilbyder Vendino hj\u00e6lp til at komme i gang?<\/summary>\n<p class=\"has-contrast-1-color has-text-color has-link-color wp-elements-5efaa95650a40218673c1c5724bf0b21\">Det g\u00f8r vi i hvert fald! Kontakt os endelig for at aftale en tid med en betroet r\u00e5dgiver, som helt uforpligtende vil gennemg\u00e5 vores features for dig.<\/p>\n<\/details>\n\n\n\n<details class=\"wp-block-details is-style-arrow-icon-details has-medium-font-size is-layout-flow wp-block-details-is-layout-flow\" style=\"border-top-style:none;border-top-width:0px;border-right-style:none;border-right-width:0px;border-bottom-color:var(--wp--preset--color--base);border-bottom-style:solid;border-bottom-width:1px;border-left-style:none;border-left-width:0px;margin-top:0\"><summary>Hvilken l\u00f8sning b\u00f8r jeg v\u00e6lge?<\/summary>\n<p class=\"has-contrast-1-color has-text-color has-link-color wp-elements-5436dc0a969ef90e11641819da7fef46\">Vi tilbyder tre forskellige l\u00f8sninger &#8211;&nbsp;<a href=\"https:\/\/vendino.com\/priser\">Vendino Starter<\/a>,&nbsp;<a href=\"https:\/\/vendino.com\/priser\">Vendino Pro<\/a>&nbsp;og&nbsp;<a href=\"https:\/\/vendino.com\/priser\">Vendino Scale<\/a>. Du har altid mulighed for at op- eller nedgradere din l\u00f8sning, s\u00e5 den altid passer til netop dine behov.<\/p>\n<\/details>\n<\/div>\n\n\n\n<div class=\"wp-block-group has-accent-background-color has-background has-global-padding is-layout-constrained wp-container-core-group-is-layout-7851ff72 wp-block-group-is-layout-constrained\" style=\"padding-top:var(--wp--preset--spacing--20);padding-right:var(--wp--preset--spacing--20);padding-bottom:var(--wp--preset--spacing--20);padding-left:var(--wp--preset--spacing--20)\">\n<p class=\"has-text-align-center\"><a href=\"https:\/\/vendino.com\/kontakt\/\" data-type=\"page\" data-id=\"268\">Har du stadig sp\u00f8rgsm\u00e5l?<br>Kontakt vores support team<\/a><\/p>\n<\/div>\n<\/div>\n","protected":false},"excerpt":{"rendered":"<p>Ved at bruge Vendino har vi sparet massevis af timer i forbindelse med produktoprettelse. Filip HansenNetbutiksejer<\/p>\n","protected":false},"author":1,"featured_media":0,"parent":0,"menu_order":0,"comment_status":"closed","ping_status":"closed","template":"page-no-title","meta":{"_acf_changed":false,"iawp_total_views":541,"footnotes":""},"class_list":["post-44","page","type-page","status-publish","hentry"],"acf":[],"_links":{"self":[{"href":"https:\/\/vendino.com\/da\/wp-json\/wp\/v2\/pages\/44","targetHints":{"allow":["GET"]}}],"collection":[{"href":"https:\/\/vendino.com\/da\/wp-json\/wp\/v2\/pages"}],"about":[{"href":"https:\/\/vendino.com\/da\/wp-json\/wp\/v2\/types\/page"}],"author":[{"embeddable":true,"href":"https:\/\/vendino.com\/da\/wp-json\/wp\/v2\/users\/1"}],"replies":[{"embeddable":true,"href":"https:\/\/vendino.com\/da\/wp-json\/wp\/v2\/comments?post=44"}],"version-history":[{"count":0,"href":"https:\/\/vendino.com\/da\/wp-json\/wp\/v2\/pages\/44\/revisions"}],"wp:attachment":[{"href":"https:\/\/vendino.com\/da\/wp-json\/wp\/v2\/media?parent=44"}],"curies":[{"name":"wp","href":"https:\/\/api.w.org\/{rel}","templated":true}]}}