{"id":130,"date":"2023-12-14T12:52:22","date_gmt":"2023-12-14T11:52:22","guid":{"rendered":"https:\/\/vendino.com\/?page_id=130"},"modified":"2023-12-14T12:52:23","modified_gmt":"2023-12-14T11:52:23","slug":"benutzerbedingungen","status":"publish","type":"page","link":"https:\/\/vendino.com\/de\/benutzerbedingungen\/","title":{"rendered":"Bedingungen f\u00fcr die Nutzung"},"content":{"rendered":"<p>Diese allgemeinen Gesch\u00e4ftsbedingungen (der \"Vertrag\") gelten zwischen der Vendino ApS und dem Unternehmen (dem Nutzer), das das Recht hat, die&nbsp;<a href=\"https:\/\/vendino.com\/de\/\">vendino.com<\/a>.<\/p>\n\n\n\n<p>In der Vereinbarung bezieht sich \"Vendino\" auf das Unternehmen (Vendino ApS). Die Plattform und alle zugeh\u00f6rigen Subdomains der Domain \"vendino.com\" werden einfach als \"<a href=\"https:\/\/vendino.com&quot;\/\">www.vendino.com<\/a>\".<\/p>\n\n\n\n<h4 class=\"wp-block-heading\" id=\"1-betingelser\">1. Bedingungen<\/h4>\n\n\n\n<ul class=\"wp-block-list\">\n<li>1.1 Diese allgemeinen Gesch\u00e4ftsbedingungen gelten f\u00fcr alle Vertr\u00e4ge, die am&nbsp;<a href=\"https:\/\/vendino.com\/de\/\">www.vendino.com<\/a>&nbsp;mit der Firma Vendino ApS dahinter.<\/li>\n<\/ul>\n\n\n\n<h4 class=\"wp-block-heading\" id=\"2--rettigheder\">2. Rechte und Anspr\u00fcche<\/h4>\n\n\n\n<ul class=\"wp-block-list\">\n<li>2.1 Alle Rechte an dem System&nbsp;<a href=\"https:\/\/vendino.com\/de\/\">www.vendino.com<\/a>&nbsp;geh\u00f6rt zu Vendino.<\/li>\n\n\n\n<li>2.2 Mit dem Erwerb eines Abonnements hat der Nutzer ein Recht zur Nutzung des Systems erworben, das Vendino jederzeit ohne Vorank\u00fcndigung entziehen kann (siehe Abschnitt 8, Missbrauch).<\/li>\n\n\n\n<li>2.3 Recht des Nutzers auf Nutzung&nbsp;<a href=\"https:\/\/vendino.com\/de\/\">www.vendino.com<\/a>&nbsp;ist eine nicht-exklusive Vereinbarung.<\/li>\n<\/ul>\n\n\n\n<h4 class=\"wp-block-heading\" id=\"3--priser\">3. die Preise<\/h4>\n\n\n\n<ul class=\"wp-block-list\">\n<li>3.1 Alle Preise, die auf&nbsp;<a href=\"https:\/\/vendino.com\/de\/\">www.vendino.com<\/a>&nbsp;sind nur am Tag der Bestellung g\u00fcltig und k\u00f6nnen von Vendino jederzeit ge\u00e4ndert werden - Bitte beachten Sie, dass Vendino den Nutzer mindestens 30 Tage vor Inkrafttreten von Preis\u00e4nderungen informiert.<\/li>\n\n\n\n<li>3.2 Alle Preise sind in D\u00e4nischen Kronen (DKK) angegeben und verstehen sich ohne Mehrwertsteuer und Steuern, die gem\u00e4\u00df den geltenden Vorschriften zu zahlen sind.<\/li>\n<\/ul>\n\n\n\n<h4 class=\"wp-block-heading\" id=\"4--abonnement--betaling\">4. Abonnement &amp; Bezahlung<\/h4>\n\n\n\n<ul class=\"wp-block-list\">\n<li>4.1 Erwerb von Nutzungsrechten f\u00fcr&nbsp;<a href=\"https:\/\/vendino.com\/de\/\">www.vendino.com<\/a>&nbsp;ist ein Abonnementvertrag, der zwischen dem Nutzer und Vendino abgeschlossen wird.<\/li>\n\n\n\n<li>4.2 Das Abonnement wird automatisch jeden Monat in Rechnung gestellt, bis der Nutzer das Abonnement k\u00fcndigt. Die K\u00fcndigung des Abonnements erfolgt elektronisch unter&nbsp;<a href=\"https:\/\/vendino.com\/de\/\">www.vendino.com<\/a>&nbsp;oder per E-Mail an&nbsp;<a href=\"mailto:hello@vendino.com\">hello@vendino.com<\/a>.<\/li>\n\n\n\n<li>4.3 Das Abonnement kann nur zum Ende eines laufenden Zeitraums gek\u00fcndigt werden.<\/li>\n\n\n\n<li>4.4 Bei Zahlungsverzug wird das Recht zur Nutzung des&nbsp;<a href=\"https:\/\/vendino.com\/de\/\">www.vendino.com<\/a>&nbsp;unverz\u00fcglich aufgehoben, wenn keine andere Vereinbarung getroffen wurde. Zugang zu&nbsp;<a href=\"https:\/\/vendino.com\/de\/\">www.vendino.com<\/a>&nbsp;kann nach vollst\u00e4ndigem Zahlungseingang wieder er\u00f6ffnet werden, es sei denn, Vendino hat das Abonnement vorher gek\u00fcndigt.<\/li>\n\n\n\n<li>4.5 Vendino kann das Abonnement jederzeit k\u00fcndigen, wenn Vendino einen Missbrauch vermutet oder feststellt, einschlie\u00dflich des unbefugten Zugriffs auf Daten durch den Nutzer.<\/li>\n\n\n\n<li>4.6 Die Bezahlung der auf der Plattform angebotenen Waren und Produkte wird von der bei der Erstellung registrierten Zahlungskarte abgebucht (sofern nicht anders vereinbart).<\/li>\n<\/ul>\n\n\n\n<h4 class=\"wp-block-heading\" id=\"5--data\">5. Daten<\/h4>\n\n\n\n<ul class=\"wp-block-list\">\n<li>5.1 Vendino hat keine Rechte an den Daten des Nutzers.<\/li>\n\n\n\n<li>5.2 Bei Beendigung der Vereinbarung kann Vendino die Daten des Nutzers jederzeit und ohne Angabe von Gr\u00fcnden l\u00f6schen. Vendino muss den Nutzer mindestens 10 Tage vor der L\u00f6schung der Daten informieren, damit der Nutzer seine eigenen Daten verschieben kann.<\/li>\n\n\n\n<li>5.3 Die Vendino ist nicht verantwortlich f\u00fcr den Verlust von Daten aus irgendeinem Grund. Im Falle eines Datenverlustes wird sich die Vendino bem\u00fchen, die Daten anhand von Sicherungskopien wiederherzustellen, kann aber keine Garantie f\u00fcr die Wiederherstellung verlorener Daten \u00fcbernehmen.<\/li>\n<\/ul>\n\n\n\n<h4 class=\"wp-block-heading\" id=\"6--driftsstabilitet\">6. Operative Stabilit\u00e4t<\/h4>\n\n\n\n<ul class=\"wp-block-list\">\n<li>6.1 Die Vendino strebt die h\u00f6chstm\u00f6gliche Betriebszeit von&nbsp;<a href=\"https:\/\/vendino.com\/de\/\">www.vendino.com<\/a>haftet aber nicht f\u00fcr Unterbrechungen oder Ausf\u00e4lle, aus welchen Gr\u00fcnden auch immer.<\/li>\n\n\n\n<li>6.2 Im Falle eines Ausfalls oder einer St\u00f6rung wird sich die Vendino bem\u00fchen, den normalen Betrieb so schnell wie m\u00f6glich wiederherzustellen.<\/li>\n<\/ul>\n\n\n\n<h4 class=\"wp-block-heading\" id=\"7--brugerens-ansvar--forpligtelser\">7. Verantwortlichkeiten und Pflichten des Nutzers<\/h4>\n\n\n\n<ul class=\"wp-block-list\">\n<li>7.1 Der Nutzer ist jederzeit daf\u00fcr verantwortlich, den Zugang des Nutzers zu&nbsp;<a href=\"https:\/\/vendino.com.\/\">www.vendino.com.<\/a>&nbsp;Vendino ist nicht verantwortlich f\u00fcr unbefugtes Eindringen durch Dritte. Im Falle eines Missbrauchs durch unbefugtes Eindringen muss Vendino so schnell wie m\u00f6glich informiert werden.<\/li>\n\n\n\n<li>7.2 Im Falle eines Missbrauchs durch unbefugte Dritte kann Vendino dem Nutzer jederzeit den Zugang zu&nbsp;<a href=\"https:\/\/vendino.com.\/\">www.vendino.com.<\/a>&nbsp;Vendino wird den Zugang des Nutzers wiederherstellen, wenn Vendino das Abonnement nicht vorher gek\u00fcndigt hat.<\/li>\n\n\n\n<li>7.3 Der Nutzer ist jederzeit selbst daf\u00fcr verantwortlich, dass er \u00fcber eine Internetverbindung verf\u00fcgt und mit den neuesten Versionen der Browseranwendungen auf dem Laufenden ist, was eine Voraussetzung f\u00fcr die Nutzung des Nutzungsrechts&nbsp;<a href=\"https:\/\/vendino.com.\/\">www.vendino.com.<\/a><\/li>\n\n\n\n<li>7.4 Der Nutzer ist zu jeder Zeit f\u00fcr die Einhaltung der geltenden Gesetze verantwortlich.<\/li>\n<\/ul>\n\n\n\n<h4 class=\"wp-block-heading\" id=\"8--misbrug\">8. Missbrauch<\/h4>\n\n\n\n<ul class=\"wp-block-list\">\n<li>8.1 Vendino kann dem Nutzer jederzeit den Zugang entziehen zu&nbsp;<a href=\"https:\/\/vendino.com\/de\/\">www.vendino.com<\/a>&nbsp;wenn Vendino einen Missbrauch vermutet oder feststellt. Vendino wird den Nutzer im Falle eines Missbrauchsverdachts so schnell wie m\u00f6glich informieren.<\/li>\n\n\n\n<li>8.2 Vendino ist bestrebt, jeden Missbrauch von&nbsp;<a href=\"https:\/\/vendino.com\/de\/\">www.vendino.com<\/a>garantiert jedoch nicht, dass ein Missbrauch, einschlie\u00dflich des Eindringens in die IT-Systeme der Vendino, nicht m\u00f6glich ist.<\/li>\n<\/ul>\n\n\n\n<h4 class=\"wp-block-heading\" id=\"9--fortrydelsesret\">9. Recht auf Widerruf<\/h4>\n\n\n\n<ul class=\"wp-block-list\">\n<li>9.1 Mit dem Kauf eines Abonnements verzichtet der Nutzer auf sein Widerrufsrecht, da das Abonnement sofort in Gebrauch genommen wird. Im Falle einer Stornierung kann sich der Nutzer an Vendino wenden, und Vendino kann nach eigenem Ermessen den Kauf des Nutzers zur\u00fcckerstatten.<\/li>\n<\/ul>\n\n\n\n<h4 class=\"wp-block-heading\" id=\"10-ikrafttr\u00e6den--\u00e6ndringer\">10 Inkrafttreten und \u00c4nderungen<\/h4>\n\n\n\n<ul class=\"wp-block-list\">\n<li>10.1 Der Vertrag ist ab dem 23. Oktober 2020 g\u00fcltig.<\/li>\n\n\n\n<li>10.2 Vendino beh\u00e4lt sich das Recht vor, die Vertragsbedingungen ohne vorherige Ank\u00fcndigung zu \u00e4ndern und zu aktualisieren. Vendino bem\u00fcht sich, den Nutzer \u00fcber alle wesentlichen \u00c4nderungen zu informieren, aber der Nutzer ist daf\u00fcr verantwortlich, sich \u00fcber die aktuellen Bedingungen auf dem Laufenden zu halten.<\/li>\n<\/ul>","protected":false},"excerpt":{"rendered":"<p>Disse generelle vilk\u00e5r (\u201cAftalen\u201d) er g\u00e6ldende mellem Vendino ApS og virksomheden (Brugeren), der har brugsret og anvender&nbsp;vendino.com. I Aftalen refererer \u201cVendino\u201d til virksomheden (Vendino ApS). Platformen samt alle tilh\u00f8rende subdom\u00e6ner til dom\u00e6net \u201cvendino.com\u201d n\u00e6vnes blot som \u201cwww.vendino.com\u201d. 1. Betingelser 2. Rettigheder 3. Priser 4. Abonnement &amp; betaling 5. Data 6. Driftsstabilitet 7. Brugerens ansvar &amp; [&hellip;]<\/p>\n","protected":false},"author":1,"featured_media":0,"parent":0,"menu_order":0,"comment_status":"closed","ping_status":"closed","template":"","meta":{"_acf_changed":false,"iawp_total_views":154,"footnotes":""},"class_list":["post-130","page","type-page","status-publish","hentry"],"acf":[],"_links":{"self":[{"href":"https:\/\/vendino.com\/de\/wp-json\/wp\/v2\/pages\/130","targetHints":{"allow":["GET"]}}],"collection":[{"href":"https:\/\/vendino.com\/de\/wp-json\/wp\/v2\/pages"}],"about":[{"href":"https:\/\/vendino.com\/de\/wp-json\/wp\/v2\/types\/page"}],"author":[{"embeddable":true,"href":"https:\/\/vendino.com\/de\/wp-json\/wp\/v2\/users\/1"}],"replies":[{"embeddable":true,"href":"https:\/\/vendino.com\/de\/wp-json\/wp\/v2\/comments?post=130"}],"version-history":[{"count":0,"href":"https:\/\/vendino.com\/de\/wp-json\/wp\/v2\/pages\/130\/revisions"}],"wp:attachment":[{"href":"https:\/\/vendino.com\/de\/wp-json\/wp\/v2\/media?parent=130"}],"curies":[{"name":"wp","href":"https:\/\/api.w.org\/{rel}","templated":true}]}}