{"id":133,"date":"2023-12-14T12:54:59","date_gmt":"2023-12-14T11:54:59","guid":{"rendered":"https:\/\/vendino.com\/?page_id=133"},"modified":"2024-05-14T11:39:55","modified_gmt":"2024-05-14T10:39:55","slug":"cookie-richtlinie","status":"publish","type":"page","link":"https:\/\/vendino.com\/de\/cookie-richtlinie\/","title":{"rendered":"Cookie-Politik"},"content":{"rendered":"<h2 class=\"wp-block-heading\" id=\"hvad-er-en-cookie\">Was ist ein Keks?<\/h2>\n\n\n\n<p>Wenn wir von Cookies sprechen, meinen wir trotz des Namens keine Kekse. Ein Cookie ist der Begriff f\u00fcr ein kleines Datenpaket, das Websites im Browser speichern. Cookies werden verwendet, um Daten \u00fcber den Benutzer zu speichern - so kann ein Cookie beispielsweise Daten \u00fcber die Einstellungen oder Sprachpr\u00e4ferenzen des Benutzers auf einer bestimmten Website enthalten. Ein Cookie ist einfach eine kleine Datendatei, die von einer Website in Ihrem Browser gespeichert werden kann und heute von praktisch jeder Website verwendet wird.<\/p>\n\n\n\n<h2 class=\"wp-block-heading\" id=\"hvorfor-informerer-i-om-cookies\">Warum informieren Sie \u00fcber Cookies?<\/h2>\n\n\n\n<p>Alle d\u00e4nischen Websites sind verpflichtet, den Benutzer \u00fcber die Verwendung von Cookies durch das System zu informieren. Der Nutzer muss daher die Verwendung von Cookies durch die Website akzeptieren, da sie gesetzlich verpflichtet ist, den Nutzer dar\u00fcber zu informieren.<\/p>\n\n\n\n<p>Weitere Informationen \u00fcber Rechtsvorschriften und Cookies finden Sie in der Cookie Executive Order.&nbsp;<a href=\"https:\/\/www.retsinformation.dk\/Forms\/R0710.aspx?id=146417\" target=\"_blank\" rel=\"noopener\">Die Cookie Executive Order<\/a><\/p>\n\n\n\n<h2 class=\"wp-block-heading\" id=\"hvilke-cookies-bruger-vendino\">Welche Cookies verwendet Vendino?<\/h2>\n\n\n\n<p>Wir verwenden die folgenden Arten von Cookies:<\/p>\n\n\n\n<h3 class=\"wp-block-heading\" id=\"sessionscookie\">Sitzungs-Cookie<\/h3>\n\n\n\n<p>Der Zweck dieses Cookies ist es, den Benutzer eindeutig zu identifizieren, so dass der Server wei\u00df, dass mehrere verschiedene Anfragen von verschiedenen Benutzern stammen. Dieses Cookie verf\u00e4llt, wenn der Browser geschlossen wird.<\/p>\n\n\n\n<h3 class=\"wp-block-heading\" id=\"xsrf-token\">XSRF-TOKEN<\/h3>\n\n\n\n<p>Dieses Cookie dient als Sicherheit, damit der Server eine Anfrage immer validieren kann. Ein XSRF-Cookie zielt also darauf ab, den Benutzer vor XSRF-Angriffen zu sch\u00fctzen. Dieses Cookie wird bei jeder Anfrage erneuert und l\u00e4uft ab, wenn der Browser geschlossen wird.<\/p>\n\n\n\n<h3 class=\"wp-block-heading\" id=\"cookieconsent\">Cookie-Zustimmung<\/h3>\n\n\n\n<p>Dieses Cookie sorgt daf\u00fcr, dass die Website sich merkt, wenn der Nutzer Cookies akzeptiert. Dieses Cookie verf\u00e4llt nach 365 Tagen.<\/p>","protected":false},"excerpt":{"rendered":"<p>Hvad er en cookie? Trods navnet er det er ikke sm\u00e5kager, vi taler om, n\u00e5r vi n\u00e6vner cookies. En cookie er betegnelsen for en lille \u2019bid\u2019 data, som hjemmesider gemmer i browseren. Cookies bruges til at lagre data om brugeren \u2013 For eksempel kan en cookie indeholde data om brugerens indstillinger eller sprog pr\u00e6ferencer p\u00e5 [&hellip;]<\/p>\n","protected":false},"author":1,"featured_media":0,"parent":0,"menu_order":0,"comment_status":"closed","ping_status":"closed","template":"","meta":{"_acf_changed":false,"iawp_total_views":122,"footnotes":""},"class_list":["post-133","page","type-page","status-publish","hentry"],"acf":[],"_links":{"self":[{"href":"https:\/\/vendino.com\/de\/wp-json\/wp\/v2\/pages\/133","targetHints":{"allow":["GET"]}}],"collection":[{"href":"https:\/\/vendino.com\/de\/wp-json\/wp\/v2\/pages"}],"about":[{"href":"https:\/\/vendino.com\/de\/wp-json\/wp\/v2\/types\/page"}],"author":[{"embeddable":true,"href":"https:\/\/vendino.com\/de\/wp-json\/wp\/v2\/users\/1"}],"replies":[{"embeddable":true,"href":"https:\/\/vendino.com\/de\/wp-json\/wp\/v2\/comments?post=133"}],"version-history":[{"count":0,"href":"https:\/\/vendino.com\/de\/wp-json\/wp\/v2\/pages\/133\/revisions"}],"wp:attachment":[{"href":"https:\/\/vendino.com\/de\/wp-json\/wp\/v2\/media?parent=133"}],"curies":[{"name":"wp","href":"https:\/\/api.w.org\/{rel}","templated":true}]}}