{"id":135,"date":"2023-12-14T13:05:48","date_gmt":"2023-12-14T12:05:48","guid":{"rendered":"https:\/\/vendino.com\/?page_id=135"},"modified":"2023-12-14T13:06:45","modified_gmt":"2023-12-14T12:06:45","slug":"terms-of-trade","status":"publish","type":"page","link":"https:\/\/vendino.com\/de\/terms-of-trade\/","title":{"rendered":"Bedingungen und Konditionen"},"content":{"rendered":"\n<h2 class=\"wp-block-heading\" id=\"handelsbetingelser-for-firmaer-b2b\">Handelsbetingelser for firmaer (B2B)<\/h2>\n\n\n\n<p>Disse salgs- og leveringsbetingelser g\u00e6lder pr. 8. marts 2021 og anvendes i alle forhold mellem Vendino ApS [i det f\u00f8lgende ben\u00e6vnt Vendino] og kunder hos Vendino, [i det f\u00f8lgende ben\u00e6vnt Kunden] medmindre andet skriftligt er aftalt mellem Vendino og Kunden. Enhver fravigelse af disse betingelser kr\u00e6ver, at en tegningsberettiget person hos Vendino har tiltr\u00e5dt fravigelsen.<\/p>\n\n\n\n<h2 class=\"wp-block-heading\" id=\"1-tilbud-ordrer-mv\">1. Tilbud, ordrer, mv.<\/h2>\n\n\n\n<p>Kunden foretager bestilling p\u00e5 hjemmeside tilh\u00f8rende Vendino. Ordre er kun g\u00e6ldende efter skriftlig bekr\u00e6ftelse fra Vendino. Vendino bekr\u00e6fter kundens ordre ved en k\u00f8bsaftale eller en ordrebekr\u00e6ftelse. S\u00e5fremt kunden mener, at der er forhold i k\u00f8bsaftalen eller ordrebekr\u00e6ftelsen, som ikke er i overensstemmelse med det fremsendte tilbud og\/ eller kundens accept, p\u00e5hviler det kunden straks at reklamere skriftligt herom til Vendino. Hvis Vendino er p\u00e5begyndt arbejdet p\u00e5\/ og\/eller levering af en ydelse eller produkt til Kunden, anses aftale for indg\u00e5et mellem parterne uanset at der ikke er etableret et skriftligt aftalegrundlag i form af en eventuel ordre fra Kunden og en ordrebekr\u00e6ftelse.<\/p>\n\n\n\n<p>Vendino modtager betaling med Dankort\/VISA-Dankort, VISA, VISA Electron, Mastercard og JCB. Betaling vil f\u00f8rst blive trukket p\u00e5 Kundens konto, n\u00e5r varen afsendes.<\/p>\n\n\n\n<p>Vendino bruger en godkendt betalingsserver, der krypterer alle Kundens kortoplysninger med SSL (Secure Socket Layer) protokol. Det betyder, at man ikke kan afl\u00e6se Kundens informationer. Alle betalinger formidles af tredjepartstjenesten Reepay A\/S.<\/p>\n\n\n\n<h2 class=\"wp-block-heading\" id=\"2-priser\">2. Priser<\/h2>\n\n\n\n<p>Engrospriser er p\u00e5 produktvisningen angivet ekskl moms og alle bel\u00f8b er i DKK, hvis ikke andet er oplyst. Vendino forbeholder sig ret til at regulere listepriser uden varsel. Har parterne indg\u00e5et en serviceaftale, reguleres priserne i serviceaftalen en gang \u00e5rligt, hver den 1. april baseret p\u00e5 den procentvise stigning i nettoprisindekser for \u00e5ret f\u00f8r, herudover kan priserne reguleres, hvis det af Vendino sk\u00f8nnes n\u00f8dvendigt, f.eks. som f\u00f8lge af tekniske forandringer eller andre forhold, medmindre andet f\u00f8lger af serviceaftalen.<\/p>\n\n\n\n<h2 class=\"wp-block-heading\" id=\"3-ordrest\u00f8rrelse\">3. Ordrest\u00f8rrelse<\/h2>\n\n\n\n<p>For varer fremf\u00f8rt p\u00e5 hjemmesiden g\u00e6lder som udgangspunkt det anf\u00f8rte minimum forsendelseskvantum fra Vendino\u2019s leverand\u00f8r. For alle ordrer till\u00e6gges det til enhver tid g\u00e6ldende forsendelses- og\/eller administrationsgebyr. Vendino forbeholder sig ret til enhver tid at regulere bel\u00f8bsst\u00f8rrelsen. Bel\u00f8bet er ekskl. moms.<\/p>\n\n\n\n<h2 class=\"wp-block-heading\" id=\"4-leveringstid\">4. Leveringstid<\/h2>\n\n\n\n<p>Det fremg\u00e5r af hvert enkelt produkt p\u00e5 hjemmesiden, hvilken leveringstid der g\u00f8r sig g\u00e6ldende. Ligeledes vil det af ordrebekr\u00e6ftelsen fremg\u00e5, hvilken leveringstid der g\u00f8r sig g\u00e6ldende for hvert enkelt produkt. Forsinkelse ved levering berettiger ikke Kunden til erstatning, hvorimod Vendino er berettiget til at kr\u00e6ve eventuelle omkostninger, der er en f\u00f8lge af Kundens p\u00e5virkning af leveringstidspunktet, betalt af Kunden. S\u00e5fremt Kunden ikke rettidigt har opfyldt indg\u00e5ende aftaler, eller p\u00e5 anden m\u00e5de har p\u00e5virket leveringens udf\u00f8rsel f.eks. ved \u00e6ndring i ordren, er Vendino berettiget til at forl\u00e6nge leveringstiden med en efter omst\u00e6ndighederne rimelig frist (mindst en frist svarende til perioden fra ordremodtagelsen til tidspunktet for f.eks. \u00e6ndring i ordren), medmindre Vendino foretr\u00e6kker at h\u00e6ve den indg\u00e5ede aftale. Alle ydelser og produkter fra Vendino til kunden skal betragtes som leveret til kunden, n\u00e5r ydelserne er afhentet \/ udleveret \u2013 eventuelt til transport\u00f8r \u2013 fra Vendino\u2019s valgte leverand\u00f8rs lager. For tjenesteydelser, herunder udvikler-ydelser, sker levering l\u00f8bende efterh\u00e5nden som ydelserne udf\u00f8res af Vendino. Risikoen for ydelser og produkter fra Vendino overg\u00e5r til Kunden ved levering.<\/p>\n\n\n\n<p>Opst\u00e5r der en forsinkelse med en levering, og skyldes forsinkelsen hovedsageligt Vendino\u2019s forhold, er Kunden ikke berettiget til udskydelse af betaling eller oph\u00e6velse af ordren. Skyldes forsinkelsen hovedsageligt Kundens forhold, forfalder alle betalinger p\u00e5 oprindeligt fastsatte tidspunkter, uanset om de opgaver, ydelser m.v., der skal udl\u00f8se betalingerne endnu ikke er gennemf\u00f8rt. Dette g\u00e6lder dog ikke, hvor det konkret er aftalt, at betalinger skal gennemf\u00f8res uafh\u00e6ngigt af faktisk leveringstidspunkt.<\/p>\n\n\n\n<h2 class=\"wp-block-heading\" id=\"5-forsendelse-og-leveringssted\">5. Forsendelse og leveringssted<\/h2>\n\n\n\n<p>Al levering foreg\u00e5r Ex-Works (EXV) fra den af Kunden valgte leverand\u00f8rs lager. Forsendelser p\u00e5l\u00e6gges fragtomkostninger svarende til g\u00e6ldende satser fra hver enkelt leverand\u00f8r. Forsikringsomkostninger, m.v. betales af Kunden. Vendino forbeholder sig ret til at bestemme forsendelsesm\u00e5den.<\/p>\n\n\n\n<h2 class=\"wp-block-heading\" id=\"6-betaling\">6. Betaling<\/h2>\n\n\n\n<p>K\u00f8bes der varer og ydelser p\u00e5 Vendino\u2019s hjemmeside, er betalingsbetingelserne netto kontant, ellers er Vendino\u2019s betalingsbetingelser netto kontant, s\u00e5ledes at 100 % af fakturabel\u00f8bet er inklusive moms betales senest 8 dage efter kundens bestilling. Ved forsinket betaling er Vendino berettiget til \u2013 uden afvigelse af p\u00e5krav \u2013 morarenter svarende til 2 % pr. p\u00e5begyndt m\u00e5ned fra forfaldsdato til betaling sker. For f\u00f8rste, anden og tredje rykker for betalingen er Vendino berettiget til kr. 100 pr. rykker, der udg\u00f8r de omkostninger Vendino afholder i forbindelse med afvigelsen af rykkeren. Alle bel\u00f8b er ekskl. moms. Vendino forbeholder sig ret til at regulere den m\u00e5nedlige rentesats og n\u00e6vnte gebyr. Disse vilk\u00e5r fraviger rentelovens \u00a7 9a, s\u00e5ledes: S\u00e5fremt Vendino overgiver en fordring til inkasso for eksempel advokat, er det aftalt, at advokaten er berettiget til ved fastl\u00e6ggelsen af inkassosal\u00e6ret at tage udgangspunkt i Landsretspr\u00e6sidenternes takster for inkassosager g\u00e6ldende for 1. januar 2000. Bekendtg\u00f8relse nr. 601 af 12. juli 2002 fraviges hermed.<\/p>\n\n\n\n<p>Ved k\u00f8b af abonnementer og licenser forpligter Kunden sig til at betale for l\u00f8bende udgifter hertil. Kunden berettiger Vendino til l\u00f8bende at gennemf\u00f8re transaktioner p\u00e5 Kundens betalingskort.<\/p>\n\n\n\n<h2 class=\"wp-block-heading\" id=\"7-begr\u00e6nset-licens\">7. Begr\u00e6nset licens<\/h2>\n\n\n\n<p>Vendino har med denne k\u00f8bsaftale overdraget kunden brugsretten til det specificerede software, ogs\u00e5 kaldet \u201cPlatformen\u201d. Kunden erhverver udelukkende brugsret og licens til brug af Vendino\u2019s software, samt adgang til produktkartotek. Kunden erhverver s\u00e5ledes ikke nogen ejendomsret eller ophavsret til denne software. Kundens brugsret til at anvende den p\u00e5g\u00e6ldende software til sin netbutik samt adgang til produktkartotek, er betinget af kundens betaling af en licens, der betales fortl\u00f8bende. S\u00e5fremt Kunden er i restance med betaling af licens, modtager kunden ikke fornyet adgang til \u201cPlatformen\u201d, hvorfor den installerede software (s\u00e5fremt Kunden har installeret Vendino\u2019s software p\u00e5 sin hjemmeside) ikke kan benyttes. Vendino kan ikke g\u00f8res ansvarlig for p\u00e5 noget som helst tidspunkt herfor og har til ethvert tidspunkt ret til at tilbageholde adgang indtil Kunden har foretaget fuld og endelig gyldig betaling herfor.<\/p>\n\n\n\n<h2 class=\"wp-block-heading\" id=\"8-opsigelse\">8. Opsigelse<\/h2>\n\n\n\n<p>Det er Kundens eget ansvar at opsige eventuelle abonnementer og licenser, dette har Kunden mulighed for at g\u00f8re p\u00e5 f\u00f8lgende m\u00e5der:<\/p>\n\n\n\n<ul class=\"wp-block-list\">\n<li>Opsige via sin konto p\u00e5 \u201cPlatformen\u201d<\/li>\n\n\n\n<li>Opsige ved at kontakte Vendino p\u00e5 mail (<a href=\"mailto:hello@vendino.dk\">hello@vendino.dk<\/a>)<\/li>\n<\/ul>\n\n\n\n<p>Opsigelsen tr\u00e6der i kraft ved udgangen af en kalenderm\u00e5ned, hvorfor betaling for den l\u00f8bende m\u00e5ned p\u00e5hviler Kunden. I tilf\u00e6lde af at Kunden \u00f8nsker at opsige ved at kontakte Vendino p\u00e5 mail, m\u00e5 der p\u00e5regnes op til 7 hverdages reaktionstid fra Vendino\u2019s side.<\/p>\n\n\n\n<h2 class=\"wp-block-heading\" id=\"9-varens-anvendelse\">9. Varens anvendelse<\/h2>\n\n\n\n<p>Kunden har adgang til information vedr\u00f8rende brug af software og \u201cPlatformen\u201d p\u00e5 Vendino\u2019s hjemmeside (<a href=\"https:\/\/vendino.dk\/)\" target=\"_blank\" rel=\"noopener\">https:\/\/vendino.dk\/)<\/a>. I tilf\u00e6lde af videresalg p\u00e5hviler det Kunden at videregive de modtagne oplysninger vedr\u00f8rende produkter. Kunden m\u00e5 kun lade Vendino, eller folk der er autoriseret af Vendino ud\u00f8ve service og programmering p\u00e5 det k\u00f8bte. Uatoriseret service og programmering medf\u00f8rer bortfald af alle rettigheder i f\u00f8lge disse vilk\u00e5r og alle andre specifikke garantier eller tilsvarende.<\/p>\n\n\n\n<h2 class=\"wp-block-heading\" id=\"10-reklamation---begr\u00e6nsning-af-vendinos-ansvar\">10. Reklamation &#8211; Begr\u00e6nsning af Vendino\u2019s ansvar<\/h2>\n\n\n\n<p>Det p\u00e5hviler Kunden at kontrollere enhver form for leverancer og tjenesteydelser, der leveres af Vendino, og at indberette eventuelle mangler til Vendino uden ugrundet ophold, og senest 30 dage efter leveringen. Ved indberetning af mangler skal Kunden give en rimelig detaljeret skriftlig beskrivelse af problemet. Finder Kunden, at der er transportskader p\u00e5 varerne eller uoverensstemmelser mellem fragtbrevets og\/eller ordrebekr\u00e6ftelsens angivne kvantum og dets fysiske modtagne, p\u00e5hviler det Kunden p\u00e5 modtagelsestidspunktet at fremf\u00f8re skriftlig begrundet forbehold overfor transport\u00f8ren og Vendino. Finder Kunden ved varens modtagelse, at hele den aftalte m\u00e6ngde eller den p\u00e5 f\u00f8lgesedlen eller ordrebekr\u00e6ftelsen anf\u00f8rte m\u00e6ngde ikke er leveret fuldt ud, p\u00e5hviler det Kunden senest 3 dage efter varemodtagelsen at underrette Vendino skriftligt herom. Viser der sig mangler ved de leverede varer, forbeholder Vendino sig retten til ikke at forpligte sig overfor reklamationer. Det p\u00e5hviler s\u00e5ledes ikke Vendino at p\u00e5begynde afhj\u00e6lpning af eventuelle mangler.<\/p>\n\n\n\n<p>Kunden kan ikke foruds\u00e6tte \u201coppetid\u201d for produkter, der indeholder software, f.eks. adgang til \u201cPlatformen\u201d. Vendino\u2019s kan ikke stilles til ansvar for mangler, herunder pligten til at foretage afhj\u00e6lpning, betale erstatning eller forholdsm\u00e6ssigt afslag.<\/p>\n\n\n\n<p>Enhver ordre til Vendino anses for en selvst\u00e6ndig aftale mellem parterne. En part er alene berettiget til at oph\u00e6ve en ordre, s\u00e5fremt den anden part v\u00e6sentligt har misligholdt sine forpligtelser i henhold til ordren. Oph\u00e6velse af en ordre berettiger ikke automatisk Kunden, men derimod Vendino til at oph\u00e6ve en anden ordre uanset om der m\u00e5tte best\u00e5 en n\u00e6r sammenh\u00e6ng eller afh\u00e6ngighed mellem de ydelser, der skal leveres i henhold til ordrene. Der skal m.a.o. foreligge v\u00e6sentlig misligholdelse af p\u00e5g\u00e6ldende ordre f\u00f8rend op\u00e6velse kan finde sted fra Kundens side.<\/p>\n\n\n\n<h2 class=\"wp-block-heading\" id=\"11-ansvarsbegr\u00e6nsning\">11. Ansvarsbegr\u00e6nsning<\/h2>\n\n\n\n<p>Vendino kan ikke under nogen omst\u00e6ndigheder uanset \u00e5rsagen ifalde en samlet erstatning og\/eller blive afkr\u00e6vet forholdsm\u00e6ssigt afslag, der overstiger Kundens samlede betaling i henhold til den ordre, n\u00e6vnte krav vedr\u00f8rer. Dette maksimum g\u00e6lder som et samlet akkumuleret maksimum for samtlige forhold vedr\u00f8rende en ordre, der m\u00e5tte berettige Kunden til erstatning og\/eller forholdsm\u00e6ssigt afslag, uanset om krav herp\u00e5 m\u00e5tte skyldes simpel eller grov uagtsomhed fra Vendino\u2019s side. Under ingen omst\u00e6ndigheder kan Vendino ifalde ansvar for indirekte tab eller skade, drifttab, tab af fortjeneste, erstatningskrav fra tredje mand som Kunden har entreret med eller har forpligtelser overfor, uanset om dette skyldes grov eller simpel uagtsomhed. Vendino er ansvarlig for produktansvar i henhold til den til enhver tid g\u00e6ldende ufravigelige lovgivning herom. Herudover p\u00e5tager Vendino sig intet produktansvar.<\/p>\n\n\n\n<p>Alle eventuelle krav, erstatningskrav\/krav p\u00e5 forholdsm\u00e6ssigt ansvar, herunder krav p\u00e5 produktansvar, skal Kunden g\u00f8re g\u00e6ldende inden 6 m\u00e5neder efter det tidspunkt, hvor de omst\u00e6ndigheder, der gav anledning til kravet, kom eller burde v\u00e6re kommet til Kundens kundskab, idet kravet herefter fortabes.<\/p>\n\n\n\n<h2 class=\"wp-block-heading\" id=\"12-returnering\">12. Returnering<\/h2>\n\n\n\n<p>Solgte varer og serviceydelser tages ikke retur, medmindre der foreligger forudg\u00e5ende aftale herom med Vendino. Bestillingsvarer, hvorved forst\u00e5s varer der ikke lagerf\u00f8res af Vendino, vil ikke kunne returneres. Al aftalt returnering er p\u00e5 Kundens risiko og regning.<\/p>\n\n\n\n<h2 class=\"wp-block-heading\" id=\"13-forsikring\">13. Forsikring<\/h2>\n\n\n\n<p>Indtil det leverede er fuldt betalt er Kunden ansvarlig for, at holde det leverede forsikret for den totale k\u00f8besum i fuldt omfang, herunder mod, men ikke alene mod, brand, tyveri, h\u00e6rv\u00e6rk, vandskade, m.v. Kunden er objektivt ansvarlig for det leverede indtil fuld betaling har fundet sted. Kunden er forpligtet til p\u00e5 forlangende at afgive en forsikringsdeklaration.<\/p>\n\n\n\n<h2 class=\"wp-block-heading\" id=\"14-force-majeure\">14. Force majeure<\/h2>\n\n\n\n<p>Ingen af parterne ifalder ansvar over for den anden part for forhold, der er resultatet af omst\u00e6ndigheder, som den p\u00e5g\u00e6ldende part ikke er herre over, og som ikke burde v\u00e6re taget i betragtning, da den ber\u00f8rte ordre blev indg\u00e5et. Skulle levering v\u00e6re forhindret p\u00e5 grund af force majeure, fritager det Vendino for ethvert ansvar, og Vendino forbeholder sig ret til helt eller delvist at annullere aftalen, eller udskyde leveringen med den af forhindringen for\u00e5rsagede forsinkelse udover den i aftalen fastsatte leveringstid. Under force majeure henh\u00f8rer bl.a. arbejdskonflikter, krig, milit\u00e6rindkaldelse, blokade, afsp\u00e6rringer, politiske uroligheder, statsindgriben af en hvilken som helst art, mangel p\u00e5 drivkraftmiddel eller omst\u00e6ndigheder, i \u00f8vrigt som ligger uden for Vendino\u2019s kontrol og som p\u00e5virker Vendino\u2019s muligheder for at opfylde sine leveringsforpligtelser.<\/p>\n\n\n\n<h2 class=\"wp-block-heading\" id=\"15-lovvalg-og-v\u00e6rneting\">15. Lovvalg og V\u00e6rneting<\/h2>\n\n\n\n<p>Enhver uoverensstemmelse og ethvert mellemv\u00e6rende (tvist) mellem parterne afg\u00f8res efter dansk ret. V\u00e6rneting er retten i Viborg, medmindre Vendino v\u00e6lger at kr\u00e6ve en tvist endeligt afgjort ved voldgift efter \u201cregler for behandling af sager ved Det Danske Voldgiftsinstitut (Copenhagen Abitration)\u201d.<\/p>\n","protected":false},"excerpt":{"rendered":"<p>Handelsbetingelser for firmaer (B2B) Disse salgs- og leveringsbetingelser g\u00e6lder pr. 8. marts 2021 og anvendes i alle forhold mellem Vendino ApS [i det f\u00f8lgende ben\u00e6vnt Vendino] og kunder hos Vendino, [i det f\u00f8lgende ben\u00e6vnt Kunden] medmindre andet skriftligt er aftalt mellem Vendino og Kunden. Enhver fravigelse af disse betingelser kr\u00e6ver, at en tegningsberettiget person hos [&hellip;]<\/p>\n","protected":false},"author":1,"featured_media":0,"parent":0,"menu_order":0,"comment_status":"closed","ping_status":"closed","template":"","meta":{"_acf_changed":false,"iawp_total_views":150,"footnotes":""},"class_list":["post-135","page","type-page","status-publish","hentry"],"acf":[],"_links":{"self":[{"href":"https:\/\/vendino.com\/de\/wp-json\/wp\/v2\/pages\/135","targetHints":{"allow":["GET"]}}],"collection":[{"href":"https:\/\/vendino.com\/de\/wp-json\/wp\/v2\/pages"}],"about":[{"href":"https:\/\/vendino.com\/de\/wp-json\/wp\/v2\/types\/page"}],"author":[{"embeddable":true,"href":"https:\/\/vendino.com\/de\/wp-json\/wp\/v2\/users\/1"}],"replies":[{"embeddable":true,"href":"https:\/\/vendino.com\/de\/wp-json\/wp\/v2\/comments?post=135"}],"version-history":[{"count":0,"href":"https:\/\/vendino.com\/de\/wp-json\/wp\/v2\/pages\/135\/revisions"}],"wp:attachment":[{"href":"https:\/\/vendino.com\/de\/wp-json\/wp\/v2\/media?parent=135"}],"curies":[{"name":"wp","href":"https:\/\/api.w.org\/{rel}","templated":true}]}}