{"id":138,"date":"2023-12-14T13:39:32","date_gmt":"2023-12-14T12:39:32","guid":{"rendered":"https:\/\/vendino.com\/?page_id=138"},"modified":"2024-03-21T14:20:11","modified_gmt":"2024-03-21T13:20:11","slug":"lieferantenubersicht","status":"publish","type":"page","link":"https:\/\/vendino.com\/de\/lieferantenubersicht\/","title":{"rendered":"Lieferanten\u00fcbersicht"},"content":{"rendered":"<p class=\"has-text-align-center\"><em>Bei Vendino bringen wir Sie mit den st\u00e4rksten E-Commerce-Lieferanten zusammen. Alle aufgef\u00fchrten Lieferanten sind anerkannte und etablierte Gro\u00dfh\u00e4ndler f\u00fcr Einzelh\u00e4ndler in D\u00e4nemark und im Ausland. Auf dieser Seite finden Sie eine \u00dcbersicht der aktuellen Gro\u00dfh\u00e4ndler, mit denen Sie Ihren Online-Shop verbinden k\u00f6nnen.<\/em><\/p>\n\n\n\n<p class=\"has-text-align-center\"><a href=\"\/de\/lieferant-werden\/\">Sind Sie ein Lieferant? Werden Sie Teil eines schnell wachsenden H\u00e4ndlernetzes.<\/a><\/p>\n\n\n\n<div class=\"wp-block-group alignfull has-global-padding is-layout-constrained wp-container-core-group-is-layout-d5d53815 wp-block-group-is-layout-constrained\" style=\"margin-top:0;margin-bottom:0;padding-top:var(--wp--preset--spacing--30);padding-right:var(--wp--preset--spacing--30);padding-bottom:var(--wp--preset--spacing--30);padding-left:var(--wp--preset--spacing--30)\">\n<div class=\"wp-block-group alignwide has-base-2-background-color has-background is-vertical is-content-justification-center is-layout-flex wp-container-core-group-is-layout-bc07c4df wp-block-group-is-layout-flex\" style=\"border-radius:16px;padding-top:var(--wp--preset--spacing--50);padding-right:var(--wp--preset--spacing--50);padding-bottom:var(--wp--preset--spacing--50);padding-left:var(--wp--preset--spacing--50)\">\n<div class=\"wp-block-group alignwide is-content-justification-center is-layout-flex wp-container-core-group-is-layout-1e7e8279 wp-block-group-is-layout-flex\" style=\"padding-top:0;padding-right:0;padding-bottom:0;padding-left:0\">\n<figure class=\"wp-block-image size-large is-resized\"><img decoding=\"async\" width=\"1536\" height=\"599\" src=\"https:\/\/vendino.com\/wp-content\/uploads\/trademark-living-logo-1536x599.png\" alt=\"Markenzeichen Living Logo\" class=\"wp-image-140\" style=\"aspect-ratio:4\/3;object-fit:contain;width:150px\" srcset=\"https:\/\/vendino.com\/wp-content\/uploads\/trademark-living-logo-1536x599.png 1536w, https:\/\/vendino.com\/wp-content\/uploads\/trademark-living-logo-768x299.png 768w, https:\/\/vendino.com\/wp-content\/uploads\/trademark-living-logo-2048x798.png 2048w\" sizes=\"(max-width: 1536px) 100vw, 1536px\" \/><\/figure>\n\n\n\n<figure class=\"wp-block-image size-full is-resized\"><img decoding=\"async\" width=\"500\" height=\"186\" src=\"https:\/\/vendino.com\/wp-content\/uploads\/avant-danmark-logo.png\" alt=\"Avant Danmark Logo\" class=\"wp-image-142\" style=\"aspect-ratio:4\/3;object-fit:contain;width:150px\"\/><\/figure>\n\n\n\n<figure class=\"wp-block-image size-full is-resized\"><img decoding=\"async\" width=\"396\" height=\"158\" src=\"https:\/\/vendino.com\/wp-content\/uploads\/dcs-logo.png\" alt=\"Dcs-Logo\" class=\"wp-image-141\" style=\"aspect-ratio:4\/3;object-fit:contain;width:150px\"\/><\/figure>\n<\/div>\n\n\n\n<p class=\"has-text-align-center\">Und viele mehr...<\/p>\n<\/div>\n<\/div>","protected":false},"excerpt":{"rendered":"<p>Hos Vendino forbinder vi dig med de st\u00e6rkeste e-commerce leverand\u00f8rer. Alle leverand\u00f8rer der fremg\u00e5r er anerkendte og etablerede grossister til forhandlere i Danmark og udlandet. Her p\u00e5 siden finder du en oversigt over aktuelle grossister, som du kan forbinde din netbutik med. Er du leverand\u00f8r? Bliv en del af et hurtigt voksende forhandlernetv\u00e6rk. Og mange [&hellip;]<\/p>\n","protected":false},"author":1,"featured_media":0,"parent":0,"menu_order":0,"comment_status":"closed","ping_status":"closed","template":"","meta":{"_acf_changed":false,"iawp_total_views":560,"footnotes":""},"class_list":["post-138","page","type-page","status-publish","hentry"],"acf":[],"_links":{"self":[{"href":"https:\/\/vendino.com\/de\/wp-json\/wp\/v2\/pages\/138","targetHints":{"allow":["GET"]}}],"collection":[{"href":"https:\/\/vendino.com\/de\/wp-json\/wp\/v2\/pages"}],"about":[{"href":"https:\/\/vendino.com\/de\/wp-json\/wp\/v2\/types\/page"}],"author":[{"embeddable":true,"href":"https:\/\/vendino.com\/de\/wp-json\/wp\/v2\/users\/1"}],"replies":[{"embeddable":true,"href":"https:\/\/vendino.com\/de\/wp-json\/wp\/v2\/comments?post=138"}],"version-history":[{"count":0,"href":"https:\/\/vendino.com\/de\/wp-json\/wp\/v2\/pages\/138\/revisions"}],"wp:attachment":[{"href":"https:\/\/vendino.com\/de\/wp-json\/wp\/v2\/media?parent=138"}],"curies":[{"name":"wp","href":"https:\/\/api.w.org\/{rel}","templated":true}]}}