{"id":153,"date":"2023-12-14T13:55:57","date_gmt":"2023-12-14T12:55:57","guid":{"rendered":"https:\/\/vendino.com\/?page_id=153"},"modified":"2024-04-02T07:31:33","modified_gmt":"2024-04-02T06:31:33","slug":"lieferant-werden","status":"publish","type":"page","link":"https:\/\/vendino.com\/de\/lieferant-werden\/","title":{"rendered":"Lieferant werden"},"content":{"rendered":"<div class=\"wp-block-group alignfull has-base-color has-accent-4-background-color has-text-color has-background has-link-color wp-elements-a843bddf7cc4ef38e7e6ba3c2a040d58 has-global-padding is-layout-constrained wp-container-core-group-is-layout-b9940f7e wp-block-group-is-layout-constrained\" style=\"margin-top:0;margin-bottom:0;padding-top:var(--wp--preset--spacing--50);padding-right:var(--wp--preset--spacing--40);padding-bottom:var(--wp--preset--spacing--50);padding-left:var(--wp--preset--spacing--40)\">\n<div class=\"wp-block-group alignwide is-vertical is-layout-flex wp-container-core-group-is-layout-fe9cc265 wp-block-group-is-layout-flex\">\n<div class=\"wp-block-columns alignwide is-layout-flex wp-container-core-columns-is-layout-1da03c2a wp-block-columns-is-layout-flex\">\n<div class=\"wp-block-column is-vertically-aligned-center is-layout-flow wp-container-core-column-is-layout-e3d1c41b wp-block-column-is-layout-flow\" style=\"flex-basis:60%\">\n<h1 class=\"wp-block-heading has-base-color has-text-color has-link-color has-x-large-font-size wp-elements-7636230c7d47a241e163c2c0a7910ac2\">Mehr Umsatz bei E-Tailern<\/h1>\n\n\n\n<p>M\u00f6chten Sie die Verf\u00fcgbarkeit Ihrer Produktpalette erh\u00f6hen? Wir k\u00f6nnen Ihnen dabei helfen, Tausende von Einzelh\u00e4ndlern zu erreichen, die nach Ihren Produkten suchen.<\/p>\n\n\n\n<div class=\"wp-block-columns is-layout-flex wp-container-core-columns-is-layout-87beb0d0 wp-block-columns-is-layout-flex\">\n<div class=\"wp-block-column is-layout-flow wp-container-core-column-is-layout-e3d1c41b wp-block-column-is-layout-flow\">\n<h3 class=\"wp-block-heading has-base-color has-text-color has-link-color has-medium-font-size wp-elements-d29ada3b950567c955ee571f08898393\"><strong><strong>Mehr Einzelh\u00e4ndler<\/strong><\/strong><\/h3>\n\n\n\n<p>Wir haben Tausende von Einzelh\u00e4ndlern, die nach Artikeln suchen.<\/p>\n<\/div>\n\n\n\n<div class=\"wp-block-column is-layout-flow wp-container-core-column-is-layout-e3d1c41b wp-block-column-is-layout-flow\">\n<h3 class=\"wp-block-heading has-base-color has-text-color has-link-color has-medium-font-size wp-elements-ae9afdcfbc18464aa61856feda9d67a3\"><strong>Verbesserte Zug\u00e4nglichkeit<\/strong><\/h3>\n\n\n\n<p>Wir machen es Ihren Einzelh\u00e4ndlern leichter, Ihre Produkte zu verkaufen.<\/p>\n<\/div>\n<\/div>\n<\/div>\n\n\n\n<div class=\"wp-block-column is-vertically-aligned-center is-layout-flow wp-block-column-is-layout-flow\" style=\"flex-basis:40%\">\n<figure class=\"wp-block-image size-full is-style-rounded wp-duotone-duotone-1 is-style-rounded--1\"><img decoding=\"async\" src=\"https:\/\/vendino.com\/wp-content\/themes\/twentytwentyfour\/assets\/images\/abstract-geometric-art.webp\" alt=\"Wei\u00dfes abstraktes geometrisches Kunstwerk aus Dresden, Deutschland\" style=\"aspect-ratio:4\/3;object-fit:cover\"\/><\/figure>\n<\/div>\n<\/div>\n<\/div>\n<\/div>\n\n\n\n<div class=\"wp-block-group alignfull has-base-2-background-color has-background has-global-padding is-layout-constrained wp-container-core-group-is-layout-96975d21 wp-block-group-is-layout-constrained\" style=\"margin-top:0;margin-bottom:0;padding-top:var(--wp--preset--spacing--50);padding-right:var(--wp--preset--spacing--40);padding-bottom:var(--wp--preset--spacing--50);padding-left:var(--wp--preset--spacing--40)\">\n<div class=\"wp-block-group alignwide is-vertical is-layout-flex wp-container-core-group-is-layout-fe9cc265 wp-block-group-is-layout-flex\">\n<h2 class=\"wp-block-heading is-style-default has-x-large-font-size\">Besser zug\u00e4nglich werden<\/h2>\n\n\n\n<div class=\"wp-block-columns is-layout-flex wp-container-core-columns-is-layout-87beb0d0 wp-block-columns-is-layout-flex\">\n<div class=\"wp-block-column is-layout-flow wp-block-column-is-layout-flow\">\n<div class=\"wp-block-group is-nowrap is-layout-flex wp-container-core-group-is-layout-6c531013 wp-block-group-is-layout-flex\">\n<figure class=\"wp-block-image size-full is-resized wp-duotone-31bf9a-31bf9a-2\"><img decoding=\"async\" src=\"https:\/\/vendino.com\/wp-content\/uploads\/truck.svg\" alt=\"Lkw\" class=\"wp-image-687\" style=\"width:auto;height:40px\"\/><\/figure>\n\n\n\n<h3 class=\"wp-block-heading has-medium-font-size\"> <strong><strong>Erreichen Sie mehr Einzelh\u00e4ndler<\/strong><\/strong><\/h3>\n<\/div>\n\n\n\n<p>Tausende von Einzelh\u00e4ndlern suchen bei Vendino nach neuen Produkten, die sie in ihr Sortiment aufnehmen k\u00f6nnen. Unser H\u00e4ndlernetz erstreckt sich \u00fcber ganz Europa und verbindet Ihre Produkte mit einem Meer von H\u00e4ndlern.<\/p>\n<\/div>\n\n\n\n<div class=\"wp-block-column is-layout-flow wp-block-column-is-layout-flow\">\n<div class=\"wp-block-group is-nowrap is-layout-flex wp-container-core-group-is-layout-6c531013 wp-block-group-is-layout-flex\">\n<figure class=\"wp-block-image size-full is-resized wp-duotone-31bf9a-31bf9a-3\"><img decoding=\"async\" src=\"https:\/\/vendino.com\/wp-content\/uploads\/pagecheck.svg\" alt=\"Pagecheck\" class=\"wp-image-729\" style=\"width:auto;height:40px\"\/><\/figure>\n\n\n\n<h3 class=\"wp-block-heading has-medium-font-size\"><strong>Erleichterung des Austauschs von Produktdaten<\/strong><\/h3>\n<\/div>\n\n\n\n<p>Vendino hilft Ihnen, Ihren H\u00e4ndlern auf einfache Weise Produktdaten zu \u00fcbermitteln. Das macht es Ihnen leichter, neue und bestehende Einzelh\u00e4ndler einzubinden und mehr Ihrer Produkte zu bewerben.<\/p>\n<\/div>\n\n\n\n<div class=\"wp-block-column is-layout-flow wp-block-column-is-layout-flow\">\n<div class=\"wp-block-group is-nowrap is-layout-flex wp-container-core-group-is-layout-6c531013 wp-block-group-is-layout-flex\">\n<figure class=\"wp-block-image size-full is-resized wp-duotone-31bf9a-31bf9a-4\"><img decoding=\"async\" src=\"https:\/\/vendino.com\/wp-content\/uploads\/discounttag.svg\" alt=\"Rabatt Tag\" class=\"wp-image-720\" style=\"width:auto;height:40px\"\/><\/figure>\n\n\n\n<h3 class=\"wp-block-heading has-medium-font-size\"><strong>Erzielen Sie mehr Umsatz<\/strong><\/h3>\n<\/div>\n\n\n\n<p>Wir verbinden Sie nicht nur mit einem gro\u00dfen H\u00e4ndlernetz in Europa, sondern machen es Ihren H\u00e4ndlern auch leicht, auf Ihre Produktdaten zuzugreifen. Letztendlich f\u00fchrt dies zu h\u00f6heren Ums\u00e4tzen f\u00fcr Sie.<\/p>\n<\/div>\n<\/div>\n<\/div>\n<\/div>\n\n\n\n<div class=\"wp-block-group alignwide has-global-padding is-layout-constrained wp-container-core-group-is-layout-0ce4e8f2 wp-block-group-is-layout-constrained\" style=\"padding-top:var(--wp--preset--spacing--30);padding-bottom:var(--wp--preset--spacing--30)\">\n<div class=\"wp-block-columns alignwide is-layout-flex wp-container-core-columns-is-layout-08c01c1c wp-block-columns-is-layout-flex\">\n<div class=\"wp-block-column is-vertically-aligned-center is-layout-flow wp-block-column-is-layout-flow\" style=\"flex-basis:45%\">\n<blockquote class=\"wp-block-quote is-layout-flow wp-block-quote-is-layout-flow\">\n<p>\"Vendino hat uns geholfen, auf neue Art und Weise Umsatz zu generieren. Mit dem Tool von Vendino ist es einfach, neue Wiederverk\u00e4ufer zu gewinnen.\"<\/p>\n<cite><em>Mads Egbo - Vertriebskoordinator<\/em><br>Warenzeichen Living A\/S<br><br><img decoding=\"async\" width=\"120\" height=\"47\" class=\"wp-image-140\" style=\"width: 120px;\" src=\"https:\/\/vendino.com\/wp-content\/uploads\/trademark-living-logo.png\" alt=\"Markenzeichen Living Logo\" srcset=\"https:\/\/vendino.com\/wp-content\/uploads\/trademark-living-logo.png 3320w, https:\/\/vendino.com\/wp-content\/uploads\/trademark-living-logo-768x299.png 768w, https:\/\/vendino.com\/wp-content\/uploads\/trademark-living-logo-1536x599.png 1536w, https:\/\/vendino.com\/wp-content\/uploads\/trademark-living-logo-2048x798.png 2048w\" sizes=\"(max-width: 120px) 100vw, 120px\" \/><\/cite><\/blockquote>\n<\/div>\n\n\n\n<div class=\"wp-block-column is-layout-flow wp-block-column-is-layout-flow\" style=\"flex-basis:45%\">\n<figure class=\"wp-block-image size-full is-style-rounded is-style-rounded--5\"><img decoding=\"async\" width=\"639\" height=\"639\" src=\"https:\/\/vendino.com\/wp-content\/uploads\/trademark-living-foto-interior.jpeg\" alt=\"Markenzeichen Wohnen Foto Interieur\" class=\"wp-image-139\"\/><\/figure>\n<\/div>\n<\/div>\n<\/div>\n\n\n\n<div class=\"wp-block-group alignfull has-global-padding is-layout-constrained wp-container-core-group-is-layout-d89aad35 wp-block-group-is-layout-constrained\" style=\"margin-top:0;margin-bottom:0;padding-top:var(--wp--preset--spacing--50);padding-right:var(--wp--preset--spacing--50);padding-bottom:var(--wp--preset--spacing--50);padding-left:var(--wp--preset--spacing--50)\">\n<div class=\"wp-block-group alignwide has-base-2-background-color has-background is-vertical is-content-justification-center is-layout-flex wp-container-core-group-is-layout-49619c52 wp-block-group-is-layout-flex\" style=\"border-radius:16px;padding-top:var(--wp--preset--spacing--40);padding-right:var(--wp--preset--spacing--50);padding-bottom:var(--wp--preset--spacing--40);padding-left:var(--wp--preset--spacing--50)\">\n<h2 class=\"wp-block-heading has-text-align-center has-x-large-font-size\">M\u00f6chten Sie ein Anbieter sein?<\/h2>\n\n\n\n<p class=\"has-text-align-center\">Kontaktieren Sie uns, wenn Sie Lieferant werden m\u00f6chten.<br><a href=\"mailto:hello@vendino.com\">Schreiben Sie an hello@vendino.com<\/a><\/p>\n<\/div>\n<\/div>","protected":false},"excerpt":{"rendered":"<p>Skab flere salg hos&nbsp;e-tail&nbsp;forhandlere Vil du skabe \u00f8get tilg\u00e6ngelighed af dit varesortiment? Vi kan hj\u00e6lpe dig med \u00e5bne op for tusindvis af forhandlere, som leder efter dine produkter. Flere forhandlere Vi har tusindvis af forhandlere, der s\u00f8ger efter varer. \u00d8get tilg\u00e6ngelighed Vi g\u00f8r det nemmere for dine forhandlere, at s\u00e6lge dine varer. Bliv mere tilg\u00e6ngelig [&hellip;]<\/p>\n","protected":false},"author":1,"featured_media":0,"parent":0,"menu_order":0,"comment_status":"closed","ping_status":"closed","template":"page-no-title","meta":{"_acf_changed":false,"iawp_total_views":209,"footnotes":""},"class_list":["post-153","page","type-page","status-publish","hentry"],"acf":[],"_links":{"self":[{"href":"https:\/\/vendino.com\/de\/wp-json\/wp\/v2\/pages\/153","targetHints":{"allow":["GET"]}}],"collection":[{"href":"https:\/\/vendino.com\/de\/wp-json\/wp\/v2\/pages"}],"about":[{"href":"https:\/\/vendino.com\/de\/wp-json\/wp\/v2\/types\/page"}],"author":[{"embeddable":true,"href":"https:\/\/vendino.com\/de\/wp-json\/wp\/v2\/users\/1"}],"replies":[{"embeddable":true,"href":"https:\/\/vendino.com\/de\/wp-json\/wp\/v2\/comments?post=153"}],"version-history":[{"count":0,"href":"https:\/\/vendino.com\/de\/wp-json\/wp\/v2\/pages\/153\/revisions"}],"wp:attachment":[{"href":"https:\/\/vendino.com\/de\/wp-json\/wp\/v2\/media?parent=153"}],"curies":[{"name":"wp","href":"https:\/\/api.w.org\/{rel}","templated":true}]}}