{"id":29,"date":"2023-12-12T16:20:36","date_gmt":"2023-12-12T15:20:36","guid":{"rendered":"https:\/\/vendino.com\/?page_id=29"},"modified":"2024-04-02T07:34:07","modified_gmt":"2024-04-02T06:34:07","slug":"automatisierung","status":"publish","type":"page","link":"https:\/\/vendino.com\/de\/automatisierung\/","title":{"rendered":"Automatisierung"},"content":{"rendered":"<div class=\"wp-block-group alignfull has-base-color has-accent-4-background-color has-text-color has-background has-link-color wp-elements-5dcfa8bbcc2ea61150ceb5581ff51f58 has-global-padding is-layout-constrained wp-container-core-group-is-layout-b9940f7e wp-block-group-is-layout-constrained\" style=\"margin-top:0;margin-bottom:0;padding-top:var(--wp--preset--spacing--50);padding-right:var(--wp--preset--spacing--40);padding-bottom:var(--wp--preset--spacing--50);padding-left:var(--wp--preset--spacing--40)\">\n<div class=\"wp-block-group alignwide has-global-padding is-layout-constrained wp-container-core-group-is-layout-19e250f3 wp-block-group-is-layout-constrained\">\n<div class=\"wp-block-columns alignwide is-layout-flex wp-container-core-columns-is-layout-c6809a2b wp-block-columns-is-layout-flex\">\n<div class=\"wp-block-column is-vertically-aligned-center is-layout-flow wp-block-column-is-layout-flow\" style=\"flex-basis:40%\">\n<h1 class=\"wp-block-heading is-style-default has-base-color has-text-color has-link-color has-x-large-font-size wp-elements-41ad3d7257c22f3ed828c46c5a093139\">Automatisierung f\u00fcr E-Commerce Verbessert<\/h1>\n\n\n\n<h2 class=\"wp-block-heading has-base-color has-text-color has-link-color has-medium-font-size wp-elements-a5abf1496e0854fa231b503b50bd92fb\">Aktualisieren Sie die Produktdaten Ihres Online-Shops in Echtzeit mit den Bestandsdaten Ihrer Lieferanten. Schaffen Sie eine direkte Verbindung zwischen Ihrer E-Commerce-Plattform und dem Inventar Ihrer Lieferanten.<\/h2>\n\n\n\n<ul style=\"line-height:1.75\" class=\"is-style-checkmark-list wp-block-list\">\n<li>Selbstversorgte Integrationen<\/li>\n\n\n\n<li>Wachstum mit effizienten Prozessen f\u00f6rdern<\/li>\n\n\n\n<li>Automatische Synchronisierung des Bestandsstatus<\/li>\n\n\n\n<li>Automatische Preisanpassung<\/li>\n<\/ul>\n<\/div>\n\n\n\n<div class=\"wp-block-column is-layout-flow wp-block-column-is-layout-flow\" style=\"flex-basis:60%\">\n<figure class=\"wp-block-image size-large is-style-rounded is-style-rounded--1\"><img decoding=\"async\" width=\"1536\" height=\"796\" src=\"https:\/\/vendino.com\/wp-content\/uploads\/vendino-platform-1536x796.png\" alt=\"Vendino-Plattform\" class=\"wp-image-331\" srcset=\"https:\/\/vendino.com\/wp-content\/uploads\/vendino-platform-1536x796.png 1536w, https:\/\/vendino.com\/wp-content\/uploads\/vendino-platform-768x398.png 768w, https:\/\/vendino.com\/wp-content\/uploads\/vendino-platform.png 1645w\" sizes=\"(max-width: 1536px) 100vw, 1536px\" \/><\/figure>\n<\/div>\n<\/div>\n<\/div>\n<\/div>\n\n\n\n<div class=\"wp-block-group alignfull has-base-2-background-color has-background has-global-padding is-layout-constrained wp-container-core-group-is-layout-0fa2f98f wp-block-group-is-layout-constrained\" style=\"margin-top:0;margin-bottom:0;padding-top:var(--wp--preset--spacing--50);padding-right:var(--wp--preset--spacing--40);padding-bottom:var(--wp--preset--spacing--50);padding-left:var(--wp--preset--spacing--40)\">\n<div class=\"wp-block-group is-vertical is-content-justification-center is-layout-flex wp-container-core-group-is-layout-688e84fa wp-block-group-is-layout-flex\" style=\"padding-top:0;padding-bottom:0\">\n<h2 class=\"wp-block-heading has-text-align-center is-style-default\">Die Automatisierungsl\u00f6sung<\/h2>\n\n\n\n<p class=\"has-text-align-center\">Optimieren Sie Ihr Dropshipping mit unserer Automatisierungsl\u00f6sung. Vergessen Sie manuelle Prozesse - unser System rationalisiert die Abl\u00e4ufe und spart Ihnen Zeit und M\u00fche.<\/p>\n<\/div>\n\n\n\n<div class=\"wp-block-columns alignwide is-layout-flex wp-container-core-columns-is-layout-d0bbbce0 wp-block-columns-is-layout-flex\">\n<div class=\"wp-block-column is-layout-flow wp-container-core-column-is-layout-e3d1c41b wp-block-column-is-layout-flow\">\n<h3 class=\"wp-block-heading has-text-align-left is-style-default has-body-font-family has-medium-font-size\" style=\"font-style:normal;font-weight:600\">Integration mit Lieferanten<\/h3>\n\n\n\n<p class=\"has-text-align-left\">Aktualisieren Sie die Produktinformationen Ihres Online-Shops st\u00e4ndig mit den neuesten Daten Ihres Lieferanten.<\/p>\n\n\n\n<ul class=\"is-style-checkmark-list wp-block-list\">\n<li>Automatischer Bestandsstatus<\/li>\n\n\n\n<li>Eliminieren Sie den Bedarf an CSV-, XML- und JSON-Dateien<\/li>\n\n\n\n<li>Automatische Einrichtung mit Vendino<\/li>\n<\/ul>\n<\/div>\n\n\n\n<div class=\"wp-block-column is-layout-flow wp-container-core-column-is-layout-e3d1c41b wp-block-column-is-layout-flow\">\n<h3 class=\"wp-block-heading has-text-align-left is-style-default has-body-font-family has-medium-font-size\" style=\"font-style:normal;font-weight:600\">Produkterstellung mit einem Klick<\/h3>\n\n\n\n<p class=\"has-text-align-left\">Verzichten Sie auf die Copy-Paste-Routine f\u00fcr Produkte in Ihrem Online Shop. \u00dcberlassen Sie die Produkterstellung Vendino.<\/p>\n\n\n\n<ul class=\"is-style-checkmark-list wp-block-list\">\n<li>Zeitersparnis<\/li>\n\n\n\n<li>Fehler minimieren<\/li>\n\n\n\n<li>Anreicherung mit umfassenden Produktdaten<\/li>\n\n\n\n<li>Einfache Auswahl aus dem Produktkatalog<\/li>\n<\/ul>\n<\/div>\n\n\n\n<div class=\"wp-block-column is-layout-flow wp-container-core-column-is-layout-e3d1c41b wp-block-column-is-layout-flow\">\n<h3 class=\"wp-block-heading has-text-align-left is-style-default has-body-font-family has-medium-font-size\" style=\"font-style:normal;font-weight:600\">Automatische Aktualisierung der Preise<\/h3>\n\n\n\n<p class=\"has-text-align-left\">Eliminieren Sie manuelle Prozesse, Fehler bei der Handhabung von CSV-, XML- und JSON-Dateien, Fehler bei der Preisgestaltung und viele andere Herausforderungen des E-Commerce.<\/p>\n\n\n\n<ul class=\"is-style-checkmark-list wp-block-list\">\n<li>Aufstiegsregeln festlegen<\/li>\n\n\n\n<li>Automatischer Verkaufspreis<\/li>\n\n\n\n<li>Garantie f\u00fcr stabile Gewinne<\/li>\n<\/ul>\n<\/div>\n<\/div>\n<\/div>\n\n\n\n<div class=\"wp-block-group alignfull has-global-padding is-layout-constrained wp-container-core-group-is-layout-b9940f7e wp-block-group-is-layout-constrained\" style=\"margin-top:0;margin-bottom:0;padding-top:var(--wp--preset--spacing--50);padding-right:var(--wp--preset--spacing--40);padding-bottom:var(--wp--preset--spacing--50);padding-left:var(--wp--preset--spacing--40)\">\n<div class=\"wp-block-group alignwide has-global-padding is-layout-constrained wp-container-core-group-is-layout-19e250f3 wp-block-group-is-layout-constrained\">\n<div class=\"wp-block-group is-vertical is-content-justification-center is-layout-flex wp-container-core-group-is-layout-6329a8f3 wp-block-group-is-layout-flex\">\n<h2 class=\"wp-block-heading has-text-align-center is-style-default\">Sind Sie bereit f\u00fcr ein Upgrade Ihres Online-Shops?<\/h2>\n\n\n\n<p class=\"has-text-align-center\">Verabschieden Sie sich von manuellen Eingriffen, CSV-, XML- und JSON-Dateiverwaltung, Preisfehlern und all den anderen Herausforderungen, die mit dem Betrieb eines E-Commerce-Unternehmens einhergehen. Entdecken Sie unsere Plattform kostenlos.<\/p>\n<\/div>\n\n\n\n<div class=\"wp-block-buttons is-content-justification-center is-layout-flex wp-container-core-buttons-is-layout-b481f376 wp-block-buttons-is-layout-flex\" style=\"margin-top:var(--wp--preset--spacing--10);margin-bottom:var(--wp--preset--spacing--10)\">\n<div class=\"wp-block-button\"><a class=\"wp-block-button__link has-accent-4-background-color has-background has-text-align-center wp-element-button\" href=\"https:\/\/app.vendino.com\/auth\/signup\">Vendino kostenlos testen<\/a><\/div>\n<\/div>\n\n\n\n<div class=\"wp-block-group is-vertical is-content-justification-center is-layout-flex wp-container-core-group-is-layout-ce155fab wp-block-group-is-layout-flex\">\n<ul class=\"is-style-checkmark-list wp-block-list\">\n<li><em>Kostenlose Anmeldung - keine Kreditkarte erforderlich.<\/em><\/li>\n<\/ul>\n<\/div>\n<\/div>\n<\/div>","protected":false},"excerpt":{"rendered":"<p>Automatisering for E-handel Forbedret Opgrader din online butiks produktdata i realtid med din leverand\u00f8rs lagerdata. Skab en direkte forbindelse mellem din e-handelsplatform og dine leverand\u00f8rers lager. Automatiseringsl\u00f8sningen Effektiviser din dropshipping med vores automatiseringsl\u00f8sning. Glem manuelle processer \u2013 vores system effektiviserer driften og sparer dig for tid og arbejde. Integration med Leverand\u00f8r Hold din webshops produktinformation [&hellip;]<\/p>\n","protected":false},"author":1,"featured_media":0,"parent":0,"menu_order":0,"comment_status":"closed","ping_status":"closed","template":"page-no-title","meta":{"_acf_changed":false,"iawp_total_views":196,"footnotes":""},"class_list":["post-29","page","type-page","status-publish","hentry"],"acf":[],"_links":{"self":[{"href":"https:\/\/vendino.com\/de\/wp-json\/wp\/v2\/pages\/29","targetHints":{"allow":["GET"]}}],"collection":[{"href":"https:\/\/vendino.com\/de\/wp-json\/wp\/v2\/pages"}],"about":[{"href":"https:\/\/vendino.com\/de\/wp-json\/wp\/v2\/types\/page"}],"author":[{"embeddable":true,"href":"https:\/\/vendino.com\/de\/wp-json\/wp\/v2\/users\/1"}],"replies":[{"embeddable":true,"href":"https:\/\/vendino.com\/de\/wp-json\/wp\/v2\/comments?post=29"}],"version-history":[{"count":0,"href":"https:\/\/vendino.com\/de\/wp-json\/wp\/v2\/pages\/29\/revisions"}],"wp:attachment":[{"href":"https:\/\/vendino.com\/de\/wp-json\/wp\/v2\/media?parent=29"}],"curies":[{"name":"wp","href":"https:\/\/api.w.org\/{rel}","templated":true}]}}