{"id":3,"date":"2023-11-25T16:43:06","date_gmt":"2023-11-25T16:43:06","guid":{"rendered":"https:\/\/vendino.com\/?page_id=3"},"modified":"2023-12-14T15:17:27","modified_gmt":"2023-12-14T14:17:27","slug":"datenschutzbestimmungen","status":"publish","type":"page","link":"https:\/\/vendino.com\/de\/datenschutzbestimmungen\/","title":{"rendered":"Datenschutzbestimmungen"},"content":{"rendered":"<p>Auf dieser Seite k\u00f6nnen Sie nachlesen, wie Vendino (\"wir\") die Informationen verwendet, die Sie bei der Nutzung der Plattform und der damit verbundenen Dienstleistungen zur Verf\u00fcgung stellen\/hinterlassen.<\/p>\n\n\n\n<h2 class=\"wp-block-heading\" id=\"1-indsamling-af-personlige-oplysninger\">1. die Erhebung von personenbezogenen Daten<\/h2>\n\n\n\n<p>In \u00dcbereinstimmung mit dem geltenden Recht werden wir Sie immer informieren, bevor wir personenbezogene Daten \u00fcber Sie sammeln.<\/p>\n\n\n\n<h2 class=\"wp-block-heading\" id=\"2-hvilke-personlige-oplysninger-indsamler-vi\">2. Welche pers\u00f6nlichen Informationen sammeln wir?<\/h2>\n\n\n\n<p>Wir sammeln Ihre allgemeinen pers\u00f6nlichen Daten wie Name, E-Mail und Adresse. Dar\u00fcber hinaus sammeln wir Daten, um Statistiken und Analysen zu erstellen, die uns helfen, unsere Produkte und Dienstleistungen zu verbessern - bitte beachten Sie, dass es sich dabei um allgemeine\/oberfl\u00e4chliche Daten handelt. Sie umfassen beispielsweise Ihr Verhalten (d. h. welche unserer Seiten Sie anklicken) und werden nicht zur Identifizierung von Besuchern unserer Websites verwendet.<\/p>\n\n\n\n<h2 class=\"wp-block-heading\" id=\"3-hvad-bruger-vi-dine-oplysninger-til\">3. Wof\u00fcr verwenden wir Ihre Informationen?<\/h2>\n\n\n\n<p>Wir verwenden Ihren Namen, Ihre Adresse und Ihre E-Mail-Adresse, um Ihr Benutzerkonto und Ihr Abonnement zu verwalten - vorbehaltlich Ihrer Zustimmung, wenn Sie Ihr Abonnement erstellen. Diese Informationen sind notwendig, damit wir mit Ihnen \u00fcber Ihre Produkte\/Dienstleistungen mit uns kommunizieren k\u00f6nnen. Ihre IP-Adresse wird ausschlie\u00dflich als Ma\u00dfnahme zur Identifizierung unbefugten Eindringens durch Dritte verwendet.<\/p>\n\n\n\n<h2 class=\"wp-block-heading\" id=\"4-deling-af-dine-oplysninger\">4. Weitergabe Ihrer Informationen<\/h2>\n\n\n\n<p>Wir geben Ihre Daten nicht an Dritte weiter, es sei denn, Sie haben Ihre Zustimmung dazu gegeben. Wir werden Ihre Informationen niemals an Dritte verkaufen!<\/p>\n\n\n\n<h2 class=\"wp-block-heading\" id=\"5-sikkerhed\">5. Sicherheit und Schutz<\/h2>\n\n\n\n<p>Unsere Plattform wurde nach hohen Sicherheitsstandards entwickelt und wir sind stets bem\u00fcht, die Qualit\u00e4t und Integrit\u00e4t der Plattform zu sch\u00fctzen. Im Falle einer Sicherheitsverletzung, die zu einem Verlust Ihrer Daten f\u00fchrt, sind wir verpflichtet, Sie innerhalb von 72 Stunden zu informieren.<\/p>\n\n\n\n<h2 class=\"wp-block-heading\" id=\"6-lagring-af-data\">6. Speicherung von Daten<\/h2>\n\n\n\n<p>Wir speichern Ihre Daten nur so lange, wie es zur Erf\u00fcllung der in Abschnitt 3 beschriebenen Zwecke erforderlich ist. Wenn Sie Ihre personenbezogenen Daten von unserer Plattform l\u00f6schen lassen m\u00f6chten, kontaktieren Sie uns bitte wie unten auf dieser Seite beschrieben.<\/p>\n\n\n\n<h2 class=\"wp-block-heading\" id=\"7-cookies-og-pixels\">7 Cookies und Pixel<\/h2>\n\n\n\n<p>Cookies sind kleine Textdateien, die eine Zeichenkette enthalten und einen Nutzer eindeutig identifizieren. Sie werden an die Website und\/oder an Dritte zur\u00fcckgeschickt. Die meisten Browser sind von vornherein so eingestellt, dass sie Cookies akzeptieren, da dies f\u00fcr die meisten Websites erforderlich ist, um auf sie zugreifen zu k\u00f6nnen. Sie k\u00f6nnen jedoch Ihre Browser-Einstellungen so \u00e4ndern, dass Ihr Browser Cookies generell ablehnt, Cookies von Dritten blockiert oder festlegt, wann ein Cookie gesendet wird.<\/p>\n\n\n\n<p>Z\u00e4hlpixel sind Skripte, die ausgef\u00fchrt werden, wenn ein Nutzer auf einer Website landet oder eine E-Mail \u00f6ffnet. Das Pixel selbst ist nicht sichtbar und kann nur im HTML-Code der Website oder E-Mail gesehen werden. Das Skript bewirkt, dass ein Cookie eines Drittanbieters auf Ihren Computer heruntergeladen wird, oder es erkennt, dass die E-Mail ge\u00f6ffnet wurde.<\/p>\n\n\n\n<h3 class=\"wp-block-heading\" id=\"71-google-cookies-og--teknologier\">7.1 Cookies und Technologien von Google<\/h3>\n\n\n\n<p><strong>Google Analytics:<\/strong>&nbsp;Dieses Cookie erm\u00f6glicht es uns, Informationen \u00fcber die Website-Aktivit\u00e4ten der Nutzer zu sehen, einschlie\u00dflich - aber nicht beschr\u00e4nkt auf - Seitenaufrufe, Quelle und Verweildauer auf einer Website. Die Informationen werden anonymisiert und als Zahlen angezeigt, d. h. sie k\u00f6nnen nicht zu einzelnen Personen zur\u00fcckverfolgt werden. Dies hilft, Ihre Privatsph\u00e4re zu sch\u00fctzen. Durch den Einsatz von Google Analytics k\u00f6nnen wir sehen, welche Inhalte auf unseren Websites beliebt sind, und wir bem\u00fchen uns, Ihnen mehr von dem zu bieten, was Sie gerne lesen und sehen.<\/p>\n\n\n\n<p><strong>Google Analytics Wiedervermarktung<\/strong>Google platziert Cookies auf Ihrem Computer, d.h. wenn Sie unsere Website verlassen, kann Google Ihnen Anzeigen \u00fcber Vendino zeigen, die Sie aufgrund Ihres bisherigen Verhaltens auf unserer Website interessieren k\u00f6nnten. Diese Informationen sind nicht pers\u00f6nlich identifizierbar.<\/p>\n\n\n\n<p><strong>Google AdWords:<\/strong>&nbsp;Durch die Nutzung von Google Adwords k\u00f6nnen wir sehen, welche Seiten hilfreich waren, um zu Einsendungen \u00fcber unser Kontaktformular zu f\u00fchren. So k\u00f6nnen wir unser Budget besser nutzen. Diese Informationen sind nicht pers\u00f6nlich identifizierbar.<\/p>\n\n\n\n<p><strong>Google Adwords Remarketing:<\/strong>&nbsp;Google platziert Cookies auf Ihrem Computer. Das bedeutet, dass Google Ihnen beim Verlassen unserer Website Anzeigen \u00fcber Vendino zeigen kann, die Sie aufgrund Ihres bisherigen Verhaltens auf unserer Website interessieren k\u00f6nnten. Diese Informationen sind nicht pers\u00f6nlich identifizierbar.<\/p>\n\n\n\n<p>Sie k\u00f6nnen die Erfassung der durch das Google-Cookie erzeugten und auf Ihre Nutzung der Website bezogenen Daten an Google sowie die Verarbeitung dieser Daten durch Google verhindern, indem Sie das Google Analytics Opt-out Browser Add-on f\u00fcr Ihren Browser herunterladen und installieren. Dieses Add-on ist verf\u00fcgbar unter&nbsp;<a href=\"https:\/\/tools.google.com\/dlpage\/gaoptout\" target=\"_blank\" rel=\"noopener\">https:\/\/tools.google.com\/dlpage\/gaoptout<\/a>.<\/p>\n\n\n\n<h3 class=\"wp-block-heading\" id=\"72-facebook-cookies\">7.2 Facebook-Cookies<\/h3>\n\n\n\n<p>Facebook Remarketing: Das Tracking-Pixel von Facebook setzt Cookies auf Ihrem Computer, die Facebook mitteilen, dass Sie die Website besucht haben. Wir gehen dann davon aus, dass Sie ein Interesse an Vendino und den Inhalten auf dieser Website haben. Wenn Sie Facebook besuchen, werden Ihnen dann Informationen oder Anzeigen mit \u00e4hnlichem Inhalt angezeigt. Bitte verwenden Sie Ihre Privatsph\u00e4re-Einstellungen auf Facebook, wenn Sie diese Art von Werbung nicht sehen m\u00f6chten.<\/p>\n\n\n\n<h3 class=\"wp-block-heading\" id=\"73-linkedin\">7.3 LinkedIn<\/h3>\n\n\n\n<p>In Verbindung mit dem Marketing auf LinkedIn verwenden wir das Tracking-Pixel von LinkedIn. Dieses Pixel platziert Cookies auf Ihrem Computer, die LinkedIn mitteilen, dass Sie die Website besucht haben. Wir gehen davon aus, dass Sie Ihr Interesse an Vendino und den Inhalten der Website bekundet haben. Wenn Sie LinkedIn besuchen, k\u00f6nnen Ihnen daher Informationen und\/oder Anzeigen mit \u00e4hnlichem Inhalt angezeigt werden. Bitte verwenden Sie Ihre Privatsph\u00e4re-Einstellungen auf LinkedIn, wenn Sie Ihre Exposition gegen\u00fcber dieser Art von Marketing einschr\u00e4nken m\u00f6chten.<\/p>\n\n\n\n<h4 class=\"wp-block-heading\" id=\"henvendelser\">Anfragen<\/h4>\n\n\n\n<p>Wenn Sie Fragen zu den oben genannten Grunds\u00e4tzen haben oder Ihre GDPR-Rechte aus\u00fcben m\u00f6chten, richten Sie bitte alle Anfragen an:<\/p>\n\n\n\n<p>E-Mail:\u00a0<a href=\"mailto:hello@vendino.com\">hello@vendino.com<\/a><\/p>\n\n\n\n<p>Wir beantworten alle Anfragen zum Datenschutz so schnell wie m\u00f6glich und garantiert innerhalb des von der DSGVO vorgegebenen Zeitrahmens von 30 Tagen. Wir stellen die Daten immer in einem maschinenlesbaren Format zur Verf\u00fcgung.<\/p>","protected":false},"excerpt":{"rendered":"<p>P\u00e5 denne side, kan du l\u00e6se hvordan Vendino (\u201cvi\u201d) anvender de oplysninger, som du afgiver\/efterlader dig, n\u00e5r du benytter platformen samt tilh\u00f8rende tjenester. 1. Indsamling af personlige oplysninger I henhold til den g\u00e6ldende lovgivning, vil vi altid oplyse dig forud for indsamling af personlige oplysninger om dig. 2. Hvilke personlige oplysninger indsamler vi? Vi indsamler [&hellip;]<\/p>\n","protected":false},"author":1,"featured_media":0,"parent":0,"menu_order":0,"comment_status":"closed","ping_status":"closed","template":"","meta":{"_acf_changed":false,"iawp_total_views":172,"footnotes":""},"class_list":["post-3","page","type-page","status-publish","hentry"],"acf":[],"_links":{"self":[{"href":"https:\/\/vendino.com\/de\/wp-json\/wp\/v2\/pages\/3","targetHints":{"allow":["GET"]}}],"collection":[{"href":"https:\/\/vendino.com\/de\/wp-json\/wp\/v2\/pages"}],"about":[{"href":"https:\/\/vendino.com\/de\/wp-json\/wp\/v2\/types\/page"}],"author":[{"embeddable":true,"href":"https:\/\/vendino.com\/de\/wp-json\/wp\/v2\/users\/1"}],"replies":[{"embeddable":true,"href":"https:\/\/vendino.com\/de\/wp-json\/wp\/v2\/comments?post=3"}],"version-history":[{"count":0,"href":"https:\/\/vendino.com\/de\/wp-json\/wp\/v2\/pages\/3\/revisions"}],"wp:attachment":[{"href":"https:\/\/vendino.com\/de\/wp-json\/wp\/v2\/media?parent=3"}],"curies":[{"name":"wp","href":"https:\/\/api.w.org\/{rel}","templated":true}]}}