{"id":44,"date":"2023-12-12T17:00:08","date_gmt":"2023-12-12T16:00:08","guid":{"rendered":"https:\/\/vendino.com\/?page_id=44"},"modified":"2024-03-21T14:20:53","modified_gmt":"2024-03-21T13:20:53","slug":"preise","status":"publish","type":"page","link":"https:\/\/vendino.com\/de\/preise\/","title":{"rendered":"Preise"},"content":{"rendered":"<div class=\"wp-block-group alignfull has-base-2-background-color has-background has-global-padding is-layout-constrained wp-container-core-group-is-layout-55f0df76 wp-block-group-is-layout-constrained\" style=\"margin-top:0;margin-bottom:0;padding-top:var(--wp--preset--spacing--50);padding-right:var(--wp--preset--spacing--40);padding-bottom:var(--wp--preset--spacing--50);padding-left:var(--wp--preset--spacing--40)\">\n<div class=\"wp-block-group alignwide has-global-padding is-layout-constrained wp-container-core-group-is-layout-4c9bdec8 wp-block-group-is-layout-constrained\" style=\"border-radius:16px;padding-top:0;padding-right:0;padding-bottom:0;padding-left:0\">\n<div class=\"wp-block-group alignwide is-vertical is-content-justification-stretch is-layout-flex wp-container-core-group-is-layout-d275371d wp-block-group-is-layout-flex\">\n<h1 class=\"wp-block-heading has-text-align-center\">Unsere Preise<\/h1>\n\n\n\n<h3 class=\"wp-block-heading has-text-align-center has-medium-font-size\">Wir bieten flexible Optionen, die Sie an die unterschiedlichen Bed\u00fcrfnisse jedes Projekts anpassen k\u00f6nnen.<\/h3>\n\n\n\n<div class=\"wp-block-columns alignwide is-layout-flex wp-container-core-columns-is-layout-0a6c7c78 wp-block-columns-is-layout-flex\" style=\"margin-top:0;margin-bottom:0;padding-top:0;padding-right:0;padding-bottom:0;padding-left:0\">\n<div class=\"wp-block-column is-vertically-aligned-stretch has-base-background-color has-background has-global-padding is-layout-constrained wp-container-core-column-is-layout-570efc33 wp-block-column-is-layout-constrained\" style=\"border-style:none;border-width:0px;padding-top:var(--wp--preset--spacing--30);padding-right:var(--wp--preset--spacing--30);padding-bottom:var(--wp--preset--spacing--30);padding-left:var(--wp--preset--spacing--30)\">\n<div class=\"wp-block-group is-vertical is-content-justification-center is-layout-flex wp-container-core-group-is-layout-691534b7 wp-block-group-is-layout-flex\" style=\"border-style:none;border-width:0px;border-radius:0px;min-height:100%;margin-top:0;margin-bottom:0;padding-top:var(--wp--preset--spacing--30);padding-right:var(--wp--preset--spacing--30);padding-bottom:var(--wp--preset--spacing--30);padding-left:var(--wp--preset--spacing--30)\">\n<div class=\"wp-block-group is-vertical is-content-justification-center is-layout-flex wp-container-core-group-is-layout-25d6347d wp-block-group-is-layout-flex\" style=\"border-top-style:none;border-top-width:0px;border-right-style:none;border-right-width:0px;border-bottom-color:#12121229;border-bottom-style:none;border-bottom-width:0px;border-left-style:none;border-left-width:0px;min-height:126px;margin-top:0;margin-bottom:0;padding-top:0;padding-right:0;padding-bottom:0;padding-left:0\">\n<div class=\"wp-block-group has-global-padding is-layout-constrained wp-container-core-group-is-layout-5c53b157 wp-block-group-is-layout-constrained\" style=\"margin-top:0;margin-bottom:0;padding-top:0;padding-right:0;padding-bottom:0;padding-left:0\">\n<p class=\"has-text-align-center has-large-font-size\"><strong>Unentgeltlich<\/strong><\/p>\n\n\n\n<p class=\"has-text-align-center\">0kr.\/md<\/p>\n<\/div>\n\n\n\n<div class=\"wp-block-group is-vertical is-layout-flex wp-container-core-group-is-layout-515b0fb2 wp-block-group-is-layout-flex\" style=\"margin-top:0;margin-bottom:0\">\n<ul style=\"margin-bottom:0;line-height:1.5\" class=\"is-style-checkmark-list wp-block-list\">\n<li>25 Produkte<\/li>\n\n\n\n<li>Standard-Lieferanten<\/li>\n\n\n\n<li>1 eigener Lieferant<\/li>\n\n\n\n<li>Aktualisierung der Autimatic-Aktien<\/li>\n<\/ul>\n<\/div>\n<\/div>\n\n\n\n<div class=\"wp-block-group is-vertical is-content-justification-center is-layout-flex wp-container-core-group-is-layout-9078a248 wp-block-group-is-layout-flex\" style=\"border-top-style:none;border-top-width:0px;border-right-style:none;border-right-width:0px;border-bottom-color:#12121273;border-bottom-style:none;border-bottom-width:0px;border-left-style:none;border-left-width:0px;min-height:0%;margin-top:0;margin-bottom:0;padding-top:0;padding-right:0;padding-bottom:0;padding-left:0\">\n<div class=\"wp-block-buttons is-vertical is-content-justification-center is-layout-flex wp-container-core-buttons-is-layout-d3679266 wp-block-buttons-is-layout-flex\" style=\"margin-top:0;margin-bottom:0\">\n<div class=\"wp-block-button has-custom-width wp-block-button__width-100\"><a class=\"wp-block-button__link wp-element-button\" href=\"https:\/\/app.vendino.com\/auth\/signup\">Los geht's<\/a><\/div>\n<\/div>\n<\/div>\n<\/div>\n<\/div>\n\n\n\n<div class=\"wp-block-column is-vertically-aligned-stretch has-base-background-color has-background has-global-padding is-layout-constrained wp-container-core-column-is-layout-570efc33 wp-block-column-is-layout-constrained\" style=\"border-style:none;border-width:0px;padding-top:var(--wp--preset--spacing--30);padding-right:var(--wp--preset--spacing--30);padding-bottom:var(--wp--preset--spacing--30);padding-left:var(--wp--preset--spacing--30)\">\n<div class=\"wp-block-group is-vertical is-content-justification-center is-layout-flex wp-container-core-group-is-layout-51a1ba34 wp-block-group-is-layout-flex\" style=\"border-style:none;border-width:0px;border-radius:0px;min-height:100%;margin-top:0;margin-bottom:0;padding-top:var(--wp--preset--spacing--30);padding-right:var(--wp--preset--spacing--30);padding-bottom:var(--wp--preset--spacing--30);padding-left:var(--wp--preset--spacing--30)\">\n<div class=\"wp-block-group is-vertical is-content-justification-center is-layout-flex wp-container-core-group-is-layout-25d6347d wp-block-group-is-layout-flex\" style=\"border-top-style:none;border-top-width:0px;border-right-style:none;border-right-width:0px;border-bottom-color:#12121229;border-bottom-style:none;border-bottom-width:0px;border-left-style:none;border-left-width:0px;min-height:126px;margin-top:0;margin-bottom:0;padding-top:0;padding-right:0;padding-bottom:0;padding-left:0\">\n<div class=\"wp-block-group has-global-padding is-layout-constrained wp-container-core-group-is-layout-5c53b157 wp-block-group-is-layout-constrained\" style=\"margin-top:0;margin-bottom:0;padding-top:0;padding-right:0;padding-bottom:0;padding-left:0\">\n<p class=\"has-text-align-center has-large-font-size\"><strong>Starter<\/strong><\/p>\n\n\n\n<p class=\"has-text-align-center\">199 kr.\/md<\/p>\n<\/div>\n\n\n\n<div class=\"wp-block-group is-vertical is-layout-flex wp-container-core-group-is-layout-515b0fb2 wp-block-group-is-layout-flex\" style=\"margin-top:0;margin-bottom:0\">\n<ul style=\"margin-bottom:0;line-height:1.5\" class=\"is-style-checkmark-list wp-block-list\">\n<li>100 Produkte<\/li>\n\n\n\n<li>Standard-Lieferanten<\/li>\n\n\n\n<li>1 eigener Lieferant<\/li>\n\n\n\n<li>Aktualisierung der Autimatic-Aktien<\/li>\n\n\n\n<li>Automatische Preisaktualisierung<\/li>\n\n\n\n<li>Konto\u00fcberweisung<\/li>\n<\/ul>\n<\/div>\n<\/div>\n\n\n\n<div class=\"wp-block-group is-vertical is-content-justification-center is-layout-flex wp-container-core-group-is-layout-9078a248 wp-block-group-is-layout-flex\" style=\"border-top-style:none;border-top-width:0px;border-right-style:none;border-right-width:0px;border-bottom-color:#12121273;border-bottom-style:none;border-bottom-width:0px;border-left-style:none;border-left-width:0px;min-height:0%;margin-top:0;margin-bottom:0;padding-top:0;padding-right:0;padding-bottom:0;padding-left:0\">\n<div class=\"wp-block-buttons is-vertical is-content-justification-center is-layout-flex wp-container-core-buttons-is-layout-d3679266 wp-block-buttons-is-layout-flex\" style=\"margin-top:0;margin-bottom:0\">\n<div class=\"wp-block-button has-custom-width wp-block-button__width-100\"><a class=\"wp-block-button__link wp-element-button\" href=\"https:\/\/app.vendino.com\/auth\/signup\">Los geht's<\/a><\/div>\n<\/div>\n<\/div>\n<\/div>\n<\/div>\n\n\n\n<div class=\"wp-block-column is-vertically-aligned-stretch has-base-background-color has-background has-global-padding is-layout-constrained wp-container-core-column-is-layout-570efc33 wp-block-column-is-layout-constrained\" style=\"border-style:none;border-width:0px;padding-top:var(--wp--preset--spacing--30);padding-right:var(--wp--preset--spacing--30);padding-bottom:var(--wp--preset--spacing--30);padding-left:var(--wp--preset--spacing--30)\">\n<div class=\"wp-block-group is-vertical is-content-justification-center is-layout-flex wp-container-core-group-is-layout-51a1ba34 wp-block-group-is-layout-flex\" style=\"border-style:none;border-width:0px;border-radius:0px;min-height:100%;margin-top:0;margin-bottom:0;padding-top:var(--wp--preset--spacing--30);padding-right:var(--wp--preset--spacing--30);padding-bottom:var(--wp--preset--spacing--30);padding-left:var(--wp--preset--spacing--30)\">\n<div class=\"wp-block-group is-vertical is-content-justification-center is-layout-flex wp-container-core-group-is-layout-25d6347d wp-block-group-is-layout-flex\" style=\"border-top-style:none;border-top-width:0px;border-right-style:none;border-right-width:0px;border-bottom-color:#12121229;border-bottom-style:none;border-bottom-width:0px;border-left-style:none;border-left-width:0px;min-height:126px;margin-top:0;margin-bottom:0;padding-top:0;padding-right:0;padding-bottom:0;padding-left:0\">\n<div class=\"wp-block-group has-global-padding is-layout-constrained wp-container-core-group-is-layout-5c53b157 wp-block-group-is-layout-constrained\" style=\"margin-top:0;margin-bottom:0;padding-top:0;padding-right:0;padding-bottom:0;padding-left:0\">\n<p class=\"has-text-align-center has-large-font-size\"><strong>Pro<\/strong><\/p>\n\n\n\n<p class=\"has-text-align-center\">359 kr.\/md<\/p>\n<\/div>\n\n\n\n<div class=\"wp-block-group is-vertical is-layout-flex wp-container-core-group-is-layout-515b0fb2 wp-block-group-is-layout-flex\" style=\"margin-top:0;margin-bottom:0\">\n<ul style=\"margin-bottom:0;line-height:1.5\" class=\"is-style-checkmark-list wp-block-list\">\n<li>500 Produkte<\/li>\n\n\n\n<li>Standard-Lieferanten<\/li>\n\n\n\n<li>3 eigener Lieferant<\/li>\n\n\n\n<li>Aktualisierung der Autimatic-Aktien<\/li>\n\n\n\n<li>Automatische Preisaktualisierung<\/li>\n\n\n\n<li>\u00dcbertragung eines Kontos<\/li>\n<\/ul>\n<\/div>\n<\/div>\n\n\n\n<div class=\"wp-block-group is-vertical is-content-justification-center is-layout-flex wp-container-core-group-is-layout-9078a248 wp-block-group-is-layout-flex\" style=\"border-top-style:none;border-top-width:0px;border-right-style:none;border-right-width:0px;border-bottom-color:#12121273;border-bottom-style:none;border-bottom-width:0px;border-left-style:none;border-left-width:0px;min-height:0%;margin-top:0;margin-bottom:0;padding-top:0;padding-right:0;padding-bottom:0;padding-left:0\">\n<div class=\"wp-block-buttons is-vertical is-content-justification-center is-layout-flex wp-container-core-buttons-is-layout-d3679266 wp-block-buttons-is-layout-flex\" style=\"margin-top:0;margin-bottom:0\">\n<div class=\"wp-block-button has-custom-width wp-block-button__width-100\"><a class=\"wp-block-button__link wp-element-button\" href=\"https:\/\/app.vendino.com\/auth\/signup\">Los geht's<\/a><\/div>\n<\/div>\n<\/div>\n<\/div>\n<\/div>\n<\/div>\n\n\n\n<div class=\"wp-block-group has-base-background-color has-background is-vertical is-content-justification-left is-layout-flex wp-container-core-group-is-layout-fad980eb wp-block-group-is-layout-flex\" style=\"margin-top:0;margin-bottom:0;padding-top:var(--wp--preset--spacing--30);padding-right:var(--wp--preset--spacing--30);padding-bottom:var(--wp--preset--spacing--30);padding-left:var(--wp--preset--spacing--30)\">\n<div class=\"wp-block-group is-vertical is-content-justification-left is-layout-flex wp-container-core-group-is-layout-0c84590b wp-block-group-is-layout-flex\">\n<p class=\"has-large-font-size\"><strong>Skala<\/strong><\/p>\n\n\n\n<p>Haben Sie \u00fcber 500 Produkte oder Bed\u00fcrfnisse, die \u00fcber unsere Pakete hinausgehen?<br>Z\u00f6gern Sie also nicht, uns zu kontaktieren.<\/p>\n<\/div>\n\n\n\n<div class=\"wp-block-buttons is-layout-flex wp-block-buttons-is-layout-flex\" style=\"margin-top:0;margin-bottom:0\">\n<div class=\"wp-block-button has-custom-width wp-block-button__width-100\"><a class=\"wp-block-button__link wp-element-button\" href=\"https:\/\/vendino.com\/de\/kontakt\/\">Kontakt<\/a><\/div>\n<\/div>\n<\/div>\n<\/div>\n<\/div>\n<\/div>\n\n\n\n<div class=\"wp-block-group alignfull has-base-2-background-color has-background has-global-padding is-layout-constrained wp-container-core-group-is-layout-75012026 wp-block-group-is-layout-constrained\" style=\"margin-top:0;margin-bottom:0;padding-top:var(--wp--preset--spacing--40);padding-right:var(--wp--preset--spacing--60);padding-bottom:var(--wp--preset--spacing--40);padding-left:var(--wp--preset--spacing--60)\">\n<div class=\"wp-block-group alignwide is-vertical is-content-justification-center is-layout-flex wp-container-core-group-is-layout-ce155fab wp-block-group-is-layout-flex\">\n<p class=\"has-text-align-center has-heading-font-family has-large-font-size\" style=\"font-style:normal;font-weight:400;line-height:1.2\">Durch den Einsatz von Vendino haben wir bei der Produktentwicklung viele Stunden eingespart.<\/p>\n\n\n\n<p class=\"has-text-align-center\"><strong>Filip Hansen<\/strong><br>Inhaber eines Online-Shops<\/p>\n<\/div>\n<\/div>\n\n\n\n<div class=\"wp-block-group alignfull has-global-padding is-content-justification-center is-layout-constrained wp-container-core-group-is-layout-80d19271 wp-block-group-is-layout-constrained\" style=\"margin-top:0;margin-bottom:0;padding-top:var(--wp--preset--spacing--50);padding-right:var(--wp--preset--spacing--40);padding-bottom:var(--wp--preset--spacing--50);padding-left:var(--wp--preset--spacing--40)\">\n<div class=\"wp-block-group has-global-padding is-layout-constrained wp-container-core-group-is-layout-7851ff72 wp-block-group-is-layout-constrained\" style=\"padding-top:var(--wp--preset--spacing--20);padding-right:var(--wp--preset--spacing--20);padding-bottom:var(--wp--preset--spacing--20);padding-left:var(--wp--preset--spacing--20)\">\n<h2 class=\"wp-block-heading alignwide has-text-align-center has-contrast-color has-text-color has-link-color wp-elements-f9ccf66b6e5c281f908877676e1521a0\" style=\"margin-top:0;margin-right:0;margin-bottom:0;margin-left:0;padding-top:0;padding-right:0;padding-bottom:0;padding-left:0\">H\u00e4ufig gestellte Fragen<\/h2>\n<\/div>\n\n\n\n<div class=\"wp-block-group has-base-2-background-color has-background has-global-padding is-layout-constrained wp-container-core-group-is-layout-287b1780 wp-block-group-is-layout-constrained\" style=\"margin-top:0;padding-top:0;padding-right:var(--wp--preset--spacing--20);padding-bottom:0;padding-left:var(--wp--preset--spacing--20)\">\n<details class=\"wp-block-details is-style-arrow-icon-details has-medium-font-size is-layout-flow wp-block-details-is-layout-flow\" style=\"border-top-style:none;border-top-width:0px;border-right-style:none;border-right-width:0px;border-bottom-color:var(--wp--preset--color--base);border-bottom-style:solid;border-bottom-width:1px;border-left-style:none;border-left-width:0px;margin-top:0\"><summary>Was braucht man, um anzufangen?<\/summary>\n<p>Um Vendino nutzen zu k\u00f6nnen, muss Ihr Online-Shop auf einem der folgenden Webshop-Systeme basieren:<\/p>\n\n\n\n<ul class=\"wp-block-list\">\n<li>Shopify<\/li>\n\n\n\n<li>DanDomain<\/li>\n\n\n\n<li>WooCommerce<\/li>\n<\/ul>\n\n\n\n<p>Installieren Sie als n\u00e4chstes unsere App\/Plugin in Ihrem Online-Shop. Danach wird Ihr Online-Shop mit Vendino verbunden und Sie k\u00f6nnen Vendino nutzen!<\/p>\n<\/details>\n\n\n\n<details class=\"wp-block-details is-style-arrow-icon-details has-medium-font-size is-layout-flow wp-block-details-is-layout-flow\" style=\"border-top-style:none;border-top-width:0px;border-right-style:none;border-right-width:0px;border-bottom-color:var(--wp--preset--color--base);border-bottom-style:solid;border-bottom-width:1px;border-left-style:none;border-left-width:0px;margin-top:0\"><summary>Ich habe eine Dropshipping-Vereinbarung mit meinem Lieferanten. Kann ich Vendino daf\u00fcr nutzen?<\/summary>\n<p class=\"has-contrast-1-color has-text-color has-link-color wp-elements-f1585fa0a2d260d8b089f4030119b8b0\">Ganz genau. Mit Vendino werden Ihre Produkte mit dem Produkt-Feed des Lieferanten synchronisiert, so dass alle \u00c4nderungen des Lagerbestands usw. in Ihrem Online-Store angezeigt werden.<\/p>\n<\/details>\n\n\n\n<details class=\"wp-block-details is-style-arrow-icon-details has-medium-font-size is-layout-flow wp-block-details-is-layout-flow\" style=\"border-top-style:none;border-top-width:0px;border-right-style:none;border-right-width:0px;border-bottom-color:var(--wp--preset--color--base);border-bottom-style:solid;border-bottom-width:1px;border-left-style:none;border-left-width:0px;margin-top:0\"><summary>Bietet Vendino Hilfe bei den ersten Schritten an?<\/summary>\n<p class=\"has-contrast-1-color has-text-color has-link-color wp-elements-5efaa95650a40218673c1c5724bf0b21\">Nat\u00fcrlich tun wir das! Setzen Sie sich mit uns in Verbindung, um einen Termin mit einem vertrauensw\u00fcrdigen Berater zu vereinbaren, der Sie unverbindlich durch unsere Angebote f\u00fchrt.<\/p>\n<\/details>\n\n\n\n<details class=\"wp-block-details is-style-arrow-icon-details has-medium-font-size is-layout-flow wp-block-details-is-layout-flow\" style=\"border-top-style:none;border-top-width:0px;border-right-style:none;border-right-width:0px;border-bottom-color:var(--wp--preset--color--base);border-bottom-style:solid;border-bottom-width:1px;border-left-style:none;border-left-width:0px;margin-top:0\"><summary>Welche L\u00f6sung sollte ich w\u00e4hlen?<\/summary>\n<p class=\"has-contrast-1-color has-text-color has-link-color wp-elements-5436dc0a969ef90e11641819da7fef46\">Wir bieten drei verschiedene L\u00f6sungen an&nbsp;<a href=\"https:\/\/vendino.com\/de\/preise\/\">Vendino Vorspeise<\/a>,&nbsp;<a href=\"https:\/\/vendino.com\/de\/preise\/\">Vendino Pro<\/a>&nbsp;und&nbsp;<a href=\"https:\/\/vendino.com\/de\/preise\/\">Vendino-Waage<\/a>. Sie haben jederzeit die M\u00f6glichkeit, Ihre L\u00f6sung nach Ihren Bed\u00fcrfnissen auf- oder abzustufen.<\/p>\n<\/details>\n<\/div>\n\n\n\n<div class=\"wp-block-group has-accent-background-color has-background has-global-padding is-layout-constrained wp-container-core-group-is-layout-7851ff72 wp-block-group-is-layout-constrained\" style=\"padding-top:var(--wp--preset--spacing--20);padding-right:var(--wp--preset--spacing--20);padding-bottom:var(--wp--preset--spacing--20);padding-left:var(--wp--preset--spacing--20)\">\n<p class=\"has-text-align-center\"><a href=\"https:\/\/vendino.com\/de\/kontakt\/\" data-type=\"page\" data-id=\"268\">Haben Sie noch Fragen?<br>Kontakt zu unserem Support-Team<\/a><\/p>\n<\/div>\n<\/div>","protected":false},"excerpt":{"rendered":"<p>Durch den Einsatz von Vendino haben wir viele Stunden bei der Produkterstellung gespart. Filip HansenLadenbesitzer<\/p>","protected":false},"author":1,"featured_media":0,"parent":0,"menu_order":0,"comment_status":"closed","ping_status":"closed","template":"page-no-title","meta":{"_acf_changed":false,"iawp_total_views":547,"footnotes":""},"class_list":["post-44","page","type-page","status-publish","hentry"],"acf":[],"_links":{"self":[{"href":"https:\/\/vendino.com\/de\/wp-json\/wp\/v2\/pages\/44","targetHints":{"allow":["GET"]}}],"collection":[{"href":"https:\/\/vendino.com\/de\/wp-json\/wp\/v2\/pages"}],"about":[{"href":"https:\/\/vendino.com\/de\/wp-json\/wp\/v2\/types\/page"}],"author":[{"embeddable":true,"href":"https:\/\/vendino.com\/de\/wp-json\/wp\/v2\/users\/1"}],"replies":[{"embeddable":true,"href":"https:\/\/vendino.com\/de\/wp-json\/wp\/v2\/comments?post=44"}],"version-history":[{"count":0,"href":"https:\/\/vendino.com\/de\/wp-json\/wp\/v2\/pages\/44\/revisions"}],"wp:attachment":[{"href":"https:\/\/vendino.com\/de\/wp-json\/wp\/v2\/media?parent=44"}],"curies":[{"name":"wp","href":"https:\/\/api.w.org\/{rel}","templated":true}]}}