{"id":130,"date":"2023-12-14T12:52:22","date_gmt":"2023-12-14T11:52:22","guid":{"rendered":"https:\/\/vendino.com\/?page_id=130"},"modified":"2023-12-14T12:52:23","modified_gmt":"2023-12-14T11:52:23","slug":"user-terms-and-conditions","status":"publish","type":"page","link":"https:\/\/vendino.com\/en\/user-terms-and-conditions\/","title":{"rendered":"Terms of use"},"content":{"rendered":"<p>These general terms and conditions (the \"Agreement\") apply between Vendino ApS and the company (the User) that has the right of use and uses&nbsp;<a href=\"https:\/\/vendino.com\/en\/\">vendino.com<\/a>.<\/p>\n\n\n\n<p>In the Agreement, \"Vendino\" refers to the company (Vendino ApS). The platform and all associated subdomains of the domain \"vendino.com\" are simply referred to as \"<a href=\"https:\/\/vendino.com&quot;\/\">www.vendino.com<\/a>\".<\/p>\n\n\n\n<h4 class=\"wp-block-heading\" id=\"1-betingelser\">1. terms and conditions<\/h4>\n\n\n\n<ul class=\"wp-block-list\">\n<li>1.1 These general terms and conditions apply to all agreements entered into on&nbsp;<a href=\"https:\/\/vendino.com\/en\/\">www.vendino.com<\/a>&nbsp;with the company Vendino ApS behind it.<\/li>\n<\/ul>\n\n\n\n<h4 class=\"wp-block-heading\" id=\"2--rettigheder\">2. Rights and entitlements<\/h4>\n\n\n\n<ul class=\"wp-block-list\">\n<li>2.1 All rights to the system&nbsp;<a href=\"https:\/\/vendino.com\/en\/\">www.vendino.com<\/a>&nbsp;belongs to Vendino.<\/li>\n\n\n\n<li>2.2 By purchasing a subscription, the user has obtained a right of use of the system, which Vendino may withdraw at any time without notice (see p. 8, Misuse).<\/li>\n\n\n\n<li>2.3 User's right to use&nbsp;<a href=\"https:\/\/vendino.com\/en\/\">www.vendino.com<\/a>&nbsp;is a non-exclusive agreement.<\/li>\n<\/ul>\n\n\n\n<h4 class=\"wp-block-heading\" id=\"3--priser\">3. prices<\/h4>\n\n\n\n<ul class=\"wp-block-list\">\n<li>3.1 All prices stated on&nbsp;<a href=\"https:\/\/vendino.com\/en\/\">www.vendino.com<\/a>&nbsp;are only valid on the day of the order and can be changed by Vendino at any time - please note that Vendino will inform the user at least 30 days before the price change takes effect.<\/li>\n\n\n\n<li>3.2 All prices are stated in Danish kroner (DKK) and are exclusive of VAT and taxes, which must be paid in accordance with applicable regulations.<\/li>\n<\/ul>\n\n\n\n<h4 class=\"wp-block-heading\" id=\"4--abonnement--betaling\">4. Subscription &amp; payment<\/h4>\n\n\n\n<ul class=\"wp-block-list\">\n<li>4.1 Purchase of right of use for&nbsp;<a href=\"https:\/\/vendino.com\/en\/\">www.vendino.com<\/a>&nbsp;is a subscription agreement entered into by the User and Vendino.<\/li>\n\n\n\n<li>4.2 The subscription will automatically invoice each month until the User cancels the subscription. Cancellation of subscription is done electronically at&nbsp;<a href=\"https:\/\/vendino.com\/en\/\">www.vendino.com<\/a>&nbsp;or via. email at&nbsp;<a href=\"mailto:hello@vendino.com\">hello@vendino.com<\/a>.<\/li>\n\n\n\n<li>4.3 Subscriptions can only be cancelled at the end of an ongoing period.<\/li>\n\n\n\n<li>4.4 In the event of late payment, the right of use of&nbsp;<a href=\"https:\/\/vendino.com\/en\/\">www.vendino.com<\/a>&nbsp;immediately cancelled if no other agreement has been made. Access to&nbsp;<a href=\"https:\/\/vendino.com\/en\/\">www.vendino.com<\/a>&nbsp;can be opened again after full payment has been received, unless Vendino has cancelled the subscription beforehand.<\/li>\n\n\n\n<li>4.5 Vendino may terminate the subscription at any time if Vendino suspects or detects misuse, including unauthorised access to data by the User.<\/li>\n\n\n\n<li>4.6 Payment for goods and products offered on the Platform will be deducted from the payment card registered upon registration (unless otherwise agreed).<\/li>\n<\/ul>\n\n\n\n<h4 class=\"wp-block-heading\" id=\"5--data\">5. Data<\/h4>\n\n\n\n<ul class=\"wp-block-list\">\n<li>5.1 Vendino has no rights to the User's data.<\/li>\n\n\n\n<li>5.2 Upon termination of the Agreement, Vendino may delete the User's data at any time for any reason. Vendino must inform the User at least 10 days prior to the deletion of data so that the User can move their own data.<\/li>\n\n\n\n<li>5.3 Vendino is not liable for loss of data for whatever reason. In the event of data loss, Vendino will endeavour to restore data using backups, but does not guarantee the restoration of lost data.<\/li>\n<\/ul>\n\n\n\n<h4 class=\"wp-block-heading\" id=\"6--driftsstabilitet\">6. Operational stability<\/h4>\n\n\n\n<ul class=\"wp-block-list\">\n<li>6.1 Vendino endeavours to achieve the highest possible uptime of&nbsp;<a href=\"https:\/\/vendino.com\/en\/\">www.vendino.com<\/a>but shall not be liable for any disruptions or breakdowns for any reason whatsoever.<\/li>\n\n\n\n<li>6.2 In the event of breakdowns or disruptions, Vendino endeavours to restore normal operations as soon as possible.<\/li>\n<\/ul>\n\n\n\n<h4 class=\"wp-block-heading\" id=\"7--brugerens-ansvar--forpligtelser\">7. User's responsibilities &amp; obligations<\/h4>\n\n\n\n<ul class=\"wp-block-list\">\n<li>7.1 The User is at all times responsible for maintaining the User's access to&nbsp;<a href=\"https:\/\/vendino.com.\/\">www.vendino.com.<\/a>&nbsp;Vendino is not liable for unauthorised access by third parties. In the event of misuse caused by unauthorised access, Vendino must be informed as soon as possible.<\/li>\n\n\n\n<li>7.2 In the event of misuse caused by unauthorised third parties, Vendino may at any time withdraw the User's access to&nbsp;<a href=\"https:\/\/vendino.com.\/\">www.vendino.com.<\/a>&nbsp;Vendino will restore the User's access if Vendino has not cancelled the subscription beforehand.<\/li>\n\n\n\n<li>7.3 The user is at all times responsible for ensuring an internet connection and keeping up to date with the latest versions of browser applications as a prerequisite for utilising the right of use for&nbsp;<a href=\"https:\/\/vendino.com.\/\">www.vendino.com.<\/a><\/li>\n\n\n\n<li>7.4 The user is at all times responsible for complying with applicable legislation.<\/li>\n<\/ul>\n\n\n\n<h4 class=\"wp-block-heading\" id=\"8--misbrug\">8. Abuse<\/h4>\n\n\n\n<ul class=\"wp-block-list\">\n<li>8.1 Vendino may at any time withdraw the User's access to&nbsp;<a href=\"https:\/\/vendino.com\/en\/\">www.vendino.com<\/a>&nbsp;if Vendino suspects or recognises misuse. In the event of suspected misuse, Vendino will inform the User as soon as possible.<\/li>\n\n\n\n<li>8.2 Vendino endeavours to prevent any misuse of&nbsp;<a href=\"https:\/\/vendino.com\/en\/\">www.vendino.com<\/a>but does not guarantee that misuse, including intrusion into Vendino's IT systems, cannot occur.<\/li>\n<\/ul>\n\n\n\n<h4 class=\"wp-block-heading\" id=\"9--fortrydelsesret\">9. Right of cancellation<\/h4>\n\n\n\n<ul class=\"wp-block-list\">\n<li>9.1 When purchasing a subscription, the User waives his right of cancellation, as the subscription is taken into use immediately. In the event of a cancelled purchase, the User may contact Vendino and Vendino may, at its discretion, refund the User's purchase.<\/li>\n<\/ul>\n\n\n\n<h4 class=\"wp-block-heading\" id=\"10-ikrafttr\u00e6den--\u00e6ndringer\">10. Entry into force &amp; changes<\/h4>\n\n\n\n<ul class=\"wp-block-list\">\n<li>10.1 The agreement is valid from 23 October 2020.<\/li>\n\n\n\n<li>10.2 Vendino reserves the right to change and update the terms and conditions of the Agreement without notice. Vendino endeavours to inform the User of any significant changes, but the User is responsible for keeping himself\/herself updated on the applicable terms and conditions.<\/li>\n<\/ul>","protected":false},"excerpt":{"rendered":"<p>Disse generelle vilk\u00e5r (\u201cAftalen\u201d) er g\u00e6ldende mellem Vendino ApS og virksomheden (Brugeren), der har brugsret og anvender&nbsp;vendino.com. I Aftalen refererer \u201cVendino\u201d til virksomheden (Vendino ApS). Platformen samt alle tilh\u00f8rende subdom\u00e6ner til dom\u00e6net \u201cvendino.com\u201d n\u00e6vnes blot som \u201cwww.vendino.com\u201d. 1. Betingelser 2. Rettigheder 3. Priser 4. Abonnement &amp; betaling 5. Data 6. Driftsstabilitet 7. Brugerens ansvar &amp; [&hellip;]<\/p>\n","protected":false},"author":1,"featured_media":0,"parent":0,"menu_order":0,"comment_status":"closed","ping_status":"closed","template":"","meta":{"_acf_changed":false,"iawp_total_views":154,"footnotes":""},"class_list":["post-130","page","type-page","status-publish","hentry"],"acf":[],"_links":{"self":[{"href":"https:\/\/vendino.com\/en\/wp-json\/wp\/v2\/pages\/130","targetHints":{"allow":["GET"]}}],"collection":[{"href":"https:\/\/vendino.com\/en\/wp-json\/wp\/v2\/pages"}],"about":[{"href":"https:\/\/vendino.com\/en\/wp-json\/wp\/v2\/types\/page"}],"author":[{"embeddable":true,"href":"https:\/\/vendino.com\/en\/wp-json\/wp\/v2\/users\/1"}],"replies":[{"embeddable":true,"href":"https:\/\/vendino.com\/en\/wp-json\/wp\/v2\/comments?post=130"}],"version-history":[{"count":0,"href":"https:\/\/vendino.com\/en\/wp-json\/wp\/v2\/pages\/130\/revisions"}],"wp:attachment":[{"href":"https:\/\/vendino.com\/en\/wp-json\/wp\/v2\/media?parent=130"}],"curies":[{"name":"wp","href":"https:\/\/api.w.org\/{rel}","templated":true}]}}