{"id":138,"date":"2023-12-14T13:39:32","date_gmt":"2023-12-14T12:39:32","guid":{"rendered":"https:\/\/vendino.com\/?page_id=138"},"modified":"2024-03-21T14:20:11","modified_gmt":"2024-03-21T13:20:11","slug":"supplier-overview","status":"publish","type":"page","link":"https:\/\/vendino.com\/en\/supplier-overview\/","title":{"rendered":"Supplier overview"},"content":{"rendered":"<p class=\"has-text-align-center\"><em>At Vendino, we connect you with the strongest e-commerce suppliers. All suppliers listed are recognised and established wholesalers for retailers in Denmark and abroad. On this page you will find an overview of current wholesalers that you can connect your online store with.<\/em><\/p>\n\n\n\n<p class=\"has-text-align-center\"><a href=\"\/en\/become-a-supplier\/\">Are you a supplier? Become part of a fast-growing reseller network.<\/a><\/p>\n\n\n\n<div class=\"wp-block-group alignfull has-global-padding is-layout-constrained wp-container-core-group-is-layout-d5d53815 wp-block-group-is-layout-constrained\" style=\"margin-top:0;margin-bottom:0;padding-top:var(--wp--preset--spacing--30);padding-right:var(--wp--preset--spacing--30);padding-bottom:var(--wp--preset--spacing--30);padding-left:var(--wp--preset--spacing--30)\">\n<div class=\"wp-block-group alignwide has-base-2-background-color has-background is-vertical is-content-justification-center is-layout-flex wp-container-core-group-is-layout-bc07c4df wp-block-group-is-layout-flex\" style=\"border-radius:16px;padding-top:var(--wp--preset--spacing--50);padding-right:var(--wp--preset--spacing--50);padding-bottom:var(--wp--preset--spacing--50);padding-left:var(--wp--preset--spacing--50)\">\n<div class=\"wp-block-group alignwide is-content-justification-center is-layout-flex wp-container-core-group-is-layout-1e7e8279 wp-block-group-is-layout-flex\" style=\"padding-top:0;padding-right:0;padding-bottom:0;padding-left:0\">\n<figure class=\"wp-block-image size-large is-resized\"><img decoding=\"async\" width=\"1536\" height=\"599\" src=\"https:\/\/vendino.com\/wp-content\/uploads\/trademark-living-logo-1536x599.png\" alt=\"Trademark Living Logo\" class=\"wp-image-140\" style=\"aspect-ratio:4\/3;object-fit:contain;width:150px\" srcset=\"https:\/\/vendino.com\/wp-content\/uploads\/trademark-living-logo-1536x599.png 1536w, https:\/\/vendino.com\/wp-content\/uploads\/trademark-living-logo-768x299.png 768w, https:\/\/vendino.com\/wp-content\/uploads\/trademark-living-logo-2048x798.png 2048w\" sizes=\"(max-width: 1536px) 100vw, 1536px\" \/><\/figure>\n\n\n\n<figure class=\"wp-block-image size-full is-resized\"><img decoding=\"async\" width=\"500\" height=\"186\" src=\"https:\/\/vendino.com\/wp-content\/uploads\/avant-danmark-logo.png\" alt=\"Avant Denmark Logo\" class=\"wp-image-142\" style=\"aspect-ratio:4\/3;object-fit:contain;width:150px\"\/><\/figure>\n\n\n\n<figure class=\"wp-block-image size-full is-resized\"><img decoding=\"async\" width=\"396\" height=\"158\" src=\"https:\/\/vendino.com\/wp-content\/uploads\/dcs-logo.png\" alt=\"Dcs Logo\" class=\"wp-image-141\" style=\"aspect-ratio:4\/3;object-fit:contain;width:150px\"\/><\/figure>\n<\/div>\n\n\n\n<p class=\"has-text-align-center\">And many more...<\/p>\n<\/div>\n<\/div>","protected":false},"excerpt":{"rendered":"<p>Hos Vendino forbinder vi dig med de st\u00e6rkeste e-commerce leverand\u00f8rer. Alle leverand\u00f8rer der fremg\u00e5r er anerkendte og etablerede grossister til forhandlere i Danmark og udlandet. Her p\u00e5 siden finder du en oversigt over aktuelle grossister, som du kan forbinde din netbutik med. Er du leverand\u00f8r? Bliv en del af et hurtigt voksende forhandlernetv\u00e6rk. Og mange [&hellip;]<\/p>\n","protected":false},"author":1,"featured_media":0,"parent":0,"menu_order":0,"comment_status":"closed","ping_status":"closed","template":"","meta":{"_acf_changed":false,"iawp_total_views":542,"footnotes":""},"class_list":["post-138","page","type-page","status-publish","hentry"],"acf":[],"_links":{"self":[{"href":"https:\/\/vendino.com\/en\/wp-json\/wp\/v2\/pages\/138","targetHints":{"allow":["GET"]}}],"collection":[{"href":"https:\/\/vendino.com\/en\/wp-json\/wp\/v2\/pages"}],"about":[{"href":"https:\/\/vendino.com\/en\/wp-json\/wp\/v2\/types\/page"}],"author":[{"embeddable":true,"href":"https:\/\/vendino.com\/en\/wp-json\/wp\/v2\/users\/1"}],"replies":[{"embeddable":true,"href":"https:\/\/vendino.com\/en\/wp-json\/wp\/v2\/comments?post=138"}],"version-history":[{"count":0,"href":"https:\/\/vendino.com\/en\/wp-json\/wp\/v2\/pages\/138\/revisions"}],"wp:attachment":[{"href":"https:\/\/vendino.com\/en\/wp-json\/wp\/v2\/media?parent=138"}],"curies":[{"name":"wp","href":"https:\/\/api.w.org\/{rel}","templated":true}]}}