{"id":130,"date":"2023-12-14T12:52:22","date_gmt":"2023-12-14T11:52:22","guid":{"rendered":"https:\/\/vendino.com\/?page_id=130"},"modified":"2023-12-14T12:52:23","modified_gmt":"2023-12-14T11:52:23","slug":"condiciones-de-uso","status":"publish","type":"page","link":"https:\/\/vendino.com\/es\/condiciones-de-uso\/","title":{"rendered":"Condiciones de uso"},"content":{"rendered":"<p>Estas condiciones generales (el \"Contrato\") se aplican entre Vendino ApS y la empresa (el Usuario) que tiene derecho a utilizar y utiliza&nbsp;<a href=\"https:\/\/vendino.com\/es\/\">vendino.com<\/a>.<\/p>\n\n\n\n<p>En el Acuerdo, \"Vendino\" se refiere a la empresa (Vendino ApS). La Plataforma y todos los subdominios asociados del dominio \"vendino.com\" se denominan simplemente \"<a href=\"https:\/\/vendino.com&quot;\/\">www.vendino.com<\/a>\".<\/p>\n\n\n\n<h4 class=\"wp-block-heading\" id=\"1-betingelser\">1. condiciones<\/h4>\n\n\n\n<ul class=\"wp-block-list\">\n<li>1.1 Las presentes condiciones generales se aplican a todos los contratos celebrados el&nbsp;<a href=\"https:\/\/vendino.com\/es\/\">www.vendino.com<\/a>&nbsp;con la empresa Vendino ApS detr\u00e1s.<\/li>\n<\/ul>\n\n\n\n<h4 class=\"wp-block-heading\" id=\"2--rettigheder\">2. Derechos y prestaciones<\/h4>\n\n\n\n<ul class=\"wp-block-list\">\n<li>2.1 Todos los derechos sobre el sistema&nbsp;<a href=\"https:\/\/vendino.com\/es\/\">www.vendino.com<\/a>&nbsp;pertenece a Vendino.<\/li>\n\n\n\n<li>2.2 Al adquirir una suscripci\u00f3n, el Usuario ha obtenido un derecho de uso del sistema, que Vendino podr\u00e1 retirar en cualquier momento y sin previo aviso (ver secci\u00f3n 8, Abuso).<\/li>\n\n\n\n<li>2.3 Derecho de uso del usuario&nbsp;<a href=\"https:\/\/vendino.com\/es\/\">www.vendino.com<\/a>&nbsp;es un acuerdo no exclusivo.<\/li>\n<\/ul>\n\n\n\n<h4 class=\"wp-block-heading\" id=\"3--priser\">3. precios<\/h4>\n\n\n\n<ul class=\"wp-block-list\">\n<li>3.1 Todos los precios indicados en&nbsp;<a href=\"https:\/\/vendino.com\/es\/\">www.vendino.com<\/a>&nbsp;s\u00f3lo son v\u00e1lidos el d\u00eda del pedido y pueden ser modificados por Vendino en cualquier momento - Tenga en cuenta que Vendino informar\u00e1 al usuario al menos 30 d\u00edas antes de que los cambios de precios entren en vigor.<\/li>\n\n\n\n<li>3.2 Todos los precios se expresan en coronas danesas (DKK) y no incluyen el IVA ni los impuestos aplicables de conformidad con la normativa vigente.<\/li>\n<\/ul>\n\n\n\n<h4 class=\"wp-block-heading\" id=\"4--abonnement--betaling\">4. Suscripci\u00f3n y pago<\/h4>\n\n\n\n<ul class=\"wp-block-list\">\n<li>4.1 Adquisici\u00f3n del derecho de uso de&nbsp;<a href=\"https:\/\/vendino.com\/es\/\">www.vendino.com<\/a>&nbsp;es un contrato de suscripci\u00f3n celebrado entre el Usuario y Vendino.<\/li>\n\n\n\n<li>4.2 La suscripci\u00f3n se facturar\u00e1 autom\u00e1ticamente cada mes hasta que el Usuario la cancele. La cancelaci\u00f3n de la suscripci\u00f3n se realiza electr\u00f3nicamente en&nbsp;<a href=\"https:\/\/vendino.com\/es\/\">www.vendino.com<\/a>&nbsp;o por correo electr\u00f3nico a&nbsp;<a href=\"mailto:hello@vendino.com\">hello@vendino.com<\/a>.<\/li>\n\n\n\n<li>4.3 Las suscripciones s\u00f3lo pueden cancelarse al final de un periodo en curso.<\/li>\n\n\n\n<li>4.4 En caso de demora en el pago, el derecho a utilizar el&nbsp;<a href=\"https:\/\/vendino.com\/es\/\">www.vendino.com<\/a>&nbsp;anulado inmediatamente si no se ha llegado a otro acuerdo. Acceso a&nbsp;<a href=\"https:\/\/vendino.com\/es\/\">www.vendino.com<\/a>&nbsp;puede reabrirse una vez recibido el pago \u00edntegro, a menos que Vendino haya cancelado la suscripci\u00f3n previamente.<\/li>\n\n\n\n<li>4.5 Vendino podr\u00e1 rescindir la suscripci\u00f3n en cualquier momento si sospecha o detecta abusos, incluido el acceso no autorizado a los datos por parte del Usuario.<\/li>\n\n\n\n<li>4.6 El pago de los bienes y productos ofrecidos en la Plataforma se deducir\u00e1 de la tarjeta de pago registrada en el momento de la creaci\u00f3n (salvo acuerdo en contrario).<\/li>\n<\/ul>\n\n\n\n<h4 class=\"wp-block-heading\" id=\"5--data\">5. Datos<\/h4>\n\n\n\n<ul class=\"wp-block-list\">\n<li>5.1 Vendino no tiene ning\u00fan derecho sobre los datos del Usuario.<\/li>\n\n\n\n<li>5.2 Tras la rescisi\u00f3n del Contrato, Vendino podr\u00e1 eliminar los datos del Usuario en cualquier momento y por cualquier motivo. Vendino debe informar al Usuario al menos 10 d\u00edas antes de la eliminaci\u00f3n de los datos, para que el Usuario pueda mover sus propios datos.<\/li>\n\n\n\n<li>5.3 Vendino no se responsabiliza por la p\u00e9rdida de datos por cualquier motivo. En caso de p\u00e9rdida de datos, Vendino procurar\u00e1 restaurar los datos utilizando copias de seguridad, pero no garantiza la restauraci\u00f3n de los datos perdidos.<\/li>\n<\/ul>\n\n\n\n<h4 class=\"wp-block-heading\" id=\"6--driftsstabilitet\">6. Estabilidad operativa<\/h4>\n\n\n\n<ul class=\"wp-block-list\">\n<li>6.1 Vendino se esfuerza por conseguir el mayor tiempo de actividad posible de&nbsp;<a href=\"https:\/\/vendino.com\/es\/\">www.vendino.com<\/a>pero no se hace responsable de las interrupciones o aver\u00edas que se produzcan por cualquier motivo.<\/li>\n\n\n\n<li>6.2 En caso de aver\u00eda o interrupci\u00f3n, Vendino procurar\u00e1 restablecer el funcionamiento normal lo antes posible.<\/li>\n<\/ul>\n\n\n\n<h4 class=\"wp-block-heading\" id=\"7--brugerens-ansvar--forpligtelser\">7. Responsabilidades y obligaciones del usuario<\/h4>\n\n\n\n<ul class=\"wp-block-list\">\n<li>7.1 El Usuario es responsable en todo momento de mantener el acceso del Usuario a&nbsp;<a href=\"https:\/\/vendino.com.\/\">www.vendino.com.<\/a>&nbsp;Vendino no se responsabiliza por intrusiones no autorizadas causadas por terceros. En caso de abuso causado por intrusi\u00f3n no autorizada, Vendino debe ser informado lo antes posible.<\/li>\n\n\n\n<li>7.2 En caso de abuso causado por un tercero no autorizado, Vendino podr\u00e1 retirar en cualquier momento al Usuario el acceso a&nbsp;<a href=\"https:\/\/vendino.com.\/\">www.vendino.com.<\/a>&nbsp;Vendino restablecer\u00e1 el acceso del Usuario si Vendino no ha cancelado previamente la suscripci\u00f3n.<\/li>\n\n\n\n<li>7.3 El Usuario es responsable en todo momento de garantizar una conexi\u00f3n a Internet y de mantener actualizadas las \u00faltimas versiones de las aplicaciones de navegaci\u00f3n como requisito previo para utilizar el derecho de uso.&nbsp;<a href=\"https:\/\/vendino.com.\/\">www.vendino.com.<\/a><\/li>\n\n\n\n<li>7.4 El Usuario es responsable en todo momento del cumplimiento de la legislaci\u00f3n aplicable.<\/li>\n<\/ul>\n\n\n\n<h4 class=\"wp-block-heading\" id=\"8--misbrug\">8. Abuso<\/h4>\n\n\n\n<ul class=\"wp-block-list\">\n<li>8.1 Vendino podr\u00e1 retirar en cualquier momento al Usuario el acceso a&nbsp;<a href=\"https:\/\/vendino.com\/es\/\">www.vendino.com<\/a>&nbsp;si Vendino sospecha o detecta abuso. Vendino informar\u00e1 al Usuario lo antes posible en caso de sospecha de abuso.<\/li>\n\n\n\n<li>8.2 Vendino se esfuerza por evitar cualquier uso indebido de&nbsp;<a href=\"https:\/\/vendino.com\/es\/\">www.vendino.com<\/a>pero no garantiza que no pueda producirse un uso indebido, incluida la intrusi\u00f3n en los sistemas inform\u00e1ticos de Vendino.<\/li>\n<\/ul>\n\n\n\n<h4 class=\"wp-block-heading\" id=\"9--fortrydelsesret\">9. 9. Derecho de anulaci\u00f3n<\/h4>\n\n\n\n<ul class=\"wp-block-list\">\n<li>9.1 Al adquirir una suscripci\u00f3n, el Usuario renuncia a su derecho de cancelaci\u00f3n, ya que la suscripci\u00f3n se pone en uso inmediatamente. En caso de cancelaci\u00f3n, el Usuario puede ponerse en contacto con Vendino, y Vendino podr\u00e1, a su propia discreci\u00f3n, reembolsar la compra del Usuario.<\/li>\n<\/ul>\n\n\n\n<h4 class=\"wp-block-heading\" id=\"10-ikrafttr\u00e6den--\u00e6ndringer\">10. Entrada en vigor y modificaciones<\/h4>\n\n\n\n<ul class=\"wp-block-list\">\n<li>10.1 El Acuerdo ser\u00e1 v\u00e1lido a partir del 23 de octubre de 2020.<\/li>\n\n\n\n<li>10.2 Vendino se reserva el derecho de modificar y actualizar los t\u00e9rminos del Contrato sin previo aviso. Vendino procura informar al Usuario de cualquier cambio significativo, pero el Usuario es responsable de mantenerse actualizado con los t\u00e9rminos y condiciones vigentes.<\/li>\n<\/ul>","protected":false},"excerpt":{"rendered":"<p>Disse generelle vilk\u00e5r (\u201cAftalen\u201d) er g\u00e6ldende mellem Vendino ApS og virksomheden (Brugeren), der har brugsret og anvender&nbsp;vendino.com. I Aftalen refererer \u201cVendino\u201d til virksomheden (Vendino ApS). Platformen samt alle tilh\u00f8rende subdom\u00e6ner til dom\u00e6net \u201cvendino.com\u201d n\u00e6vnes blot som \u201cwww.vendino.com\u201d. 1. Betingelser 2. Rettigheder 3. Priser 4. Abonnement &amp; betaling 5. Data 6. Driftsstabilitet 7. Brugerens ansvar &amp; [&hellip;]<\/p>\n","protected":false},"author":1,"featured_media":0,"parent":0,"menu_order":0,"comment_status":"closed","ping_status":"closed","template":"","meta":{"_acf_changed":false,"iawp_total_views":155,"footnotes":""},"class_list":["post-130","page","type-page","status-publish","hentry"],"acf":[],"_links":{"self":[{"href":"https:\/\/vendino.com\/es\/wp-json\/wp\/v2\/pages\/130","targetHints":{"allow":["GET"]}}],"collection":[{"href":"https:\/\/vendino.com\/es\/wp-json\/wp\/v2\/pages"}],"about":[{"href":"https:\/\/vendino.com\/es\/wp-json\/wp\/v2\/types\/page"}],"author":[{"embeddable":true,"href":"https:\/\/vendino.com\/es\/wp-json\/wp\/v2\/users\/1"}],"replies":[{"embeddable":true,"href":"https:\/\/vendino.com\/es\/wp-json\/wp\/v2\/comments?post=130"}],"version-history":[{"count":0,"href":"https:\/\/vendino.com\/es\/wp-json\/wp\/v2\/pages\/130\/revisions"}],"wp:attachment":[{"href":"https:\/\/vendino.com\/es\/wp-json\/wp\/v2\/media?parent=130"}],"curies":[{"name":"wp","href":"https:\/\/api.w.org\/{rel}","templated":true}]}}