{"id":133,"date":"2023-12-14T12:54:59","date_gmt":"2023-12-14T11:54:59","guid":{"rendered":"https:\/\/vendino.com\/?page_id=133"},"modified":"2024-05-14T11:39:55","modified_gmt":"2024-05-14T10:39:55","slug":"politica-de-cookies","status":"publish","type":"page","link":"https:\/\/vendino.com\/es\/politica-de-cookies\/","title":{"rendered":"Pol\u00edtica de cookies"},"content":{"rendered":"<h2 class=\"wp-block-heading\" id=\"hvad-er-en-cookie\">\u00bfQu\u00e9 es una galleta?<\/h2>\n\n\n\n<p>A pesar del nombre, cuando hablamos de cookies no estamos hablando de galletas. Una cookie es un peque\u00f1o fragmento de datos que los sitios web almacenan en el navegador. Las cookies se utilizan para almacenar datos sobre el usuario; por ejemplo, una cookie puede contener datos sobre la configuraci\u00f3n del usuario o sus preferencias de idioma en un determinado sitio web. Una cookie es simplemente un peque\u00f1o archivo de datos que un sitio web puede almacenar en su navegador y que hoy en d\u00eda utilizan pr\u00e1cticamente todos los sitios web.<\/p>\n\n\n\n<h2 class=\"wp-block-heading\" id=\"hvorfor-informerer-i-om-cookies\">\u00bfPor qu\u00e9 se informa sobre las cookies?<\/h2>\n\n\n\n<p>Todos los sitios web daneses est\u00e1n obligados a informar al usuario sobre el uso de cookies por parte del sistema. Por lo tanto, el usuario debe aceptar el uso de cookies por parte del sitio web, ya que la ley obliga a informar al usuario al respecto.<\/p>\n\n\n\n<p>Puede obtener m\u00e1s informaci\u00f3n sobre la legislaci\u00f3n y las cookies en el Decreto sobre cookies.&nbsp;<a href=\"https:\/\/www.retsinformation.dk\/Forms\/R0710.aspx?id=146417\" target=\"_blank\" rel=\"noopener\">Decreto sobre galletas<\/a><\/p>\n\n\n\n<h2 class=\"wp-block-heading\" id=\"hvilke-cookies-bruger-vendino\">\u00bfQu\u00e9 cookies utiliza Vendino?<\/h2>\n\n\n\n<p>Utilizamos los siguientes tipos de cookies:<\/p>\n\n\n\n<h3 class=\"wp-block-heading\" id=\"sessionscookie\">Cookie de sesi\u00f3n<\/h3>\n\n\n\n<p>El prop\u00f3sito de esta cookie es hacer que el usuario sea \u00fanico para que el servidor sepa que varias peticiones diferentes proceden de usuarios diferentes. Esta cookie caduca cuando se cierra el navegador.<\/p>\n\n\n\n<h3 class=\"wp-block-heading\" id=\"xsrf-token\">XSRF-TOKEN<\/h3>\n\n\n\n<p>Esta cookie act\u00faa como seguridad para que el servidor pueda validar siempre una solicitud. Una cookie XSRF tiene por tanto como objetivo proteger al usuario contra ataques XSRF. Esta cookie se renueva con cada solicitud y expira cuando se cierra el navegador.<\/p>\n\n\n\n<h3 class=\"wp-block-heading\" id=\"cookieconsent\">Consentimiento de cookies<\/h3>\n\n\n\n<p>Esta cookie garantiza que el sitio web recuerde cu\u00e1ndo el usuario acepta cookies. Esta cookie caduca a los 365 d\u00edas.<\/p>","protected":false},"excerpt":{"rendered":"<p>Hvad er en cookie? Trods navnet er det er ikke sm\u00e5kager, vi taler om, n\u00e5r vi n\u00e6vner cookies. En cookie er betegnelsen for en lille \u2019bid\u2019 data, som hjemmesider gemmer i browseren. Cookies bruges til at lagre data om brugeren \u2013 For eksempel kan en cookie indeholde data om brugerens indstillinger eller sprog pr\u00e6ferencer p\u00e5 [&hellip;]<\/p>\n","protected":false},"author":1,"featured_media":0,"parent":0,"menu_order":0,"comment_status":"closed","ping_status":"closed","template":"","meta":{"_acf_changed":false,"iawp_total_views":122,"footnotes":""},"class_list":["post-133","page","type-page","status-publish","hentry"],"acf":[],"_links":{"self":[{"href":"https:\/\/vendino.com\/es\/wp-json\/wp\/v2\/pages\/133","targetHints":{"allow":["GET"]}}],"collection":[{"href":"https:\/\/vendino.com\/es\/wp-json\/wp\/v2\/pages"}],"about":[{"href":"https:\/\/vendino.com\/es\/wp-json\/wp\/v2\/types\/page"}],"author":[{"embeddable":true,"href":"https:\/\/vendino.com\/es\/wp-json\/wp\/v2\/users\/1"}],"replies":[{"embeddable":true,"href":"https:\/\/vendino.com\/es\/wp-json\/wp\/v2\/comments?post=133"}],"version-history":[{"count":0,"href":"https:\/\/vendino.com\/es\/wp-json\/wp\/v2\/pages\/133\/revisions"}],"wp:attachment":[{"href":"https:\/\/vendino.com\/es\/wp-json\/wp\/v2\/media?parent=133"}],"curies":[{"name":"wp","href":"https:\/\/api.w.org\/{rel}","templated":true}]}}