{"id":273,"date":"2023-12-14T15:25:08","date_gmt":"2023-12-14T14:25:08","guid":{"rendered":"https:\/\/vendino.com\/?page_id=273"},"modified":"2024-04-02T07:30:32","modified_gmt":"2024-04-02T06:30:32","slug":"hagase-socio","status":"publish","type":"page","link":"https:\/\/vendino.com\/es\/hagase-socio\/","title":{"rendered":"H\u00e1gase socio"},"content":{"rendered":"<div class=\"wp-block-group alignfull has-accent-4-background-color has-background has-global-padding is-layout-constrained wp-container-core-group-is-layout-d89aad35 wp-block-group-is-layout-constrained\" style=\"margin-top:0;margin-bottom:0;padding-top:var(--wp--preset--spacing--50);padding-right:var(--wp--preset--spacing--50);padding-bottom:var(--wp--preset--spacing--50);padding-left:var(--wp--preset--spacing--50)\">\n<div class=\"wp-block-group alignwide is-vertical is-layout-flex wp-container-core-group-is-layout-fe9cc265 wp-block-group-is-layout-flex\">\n<div class=\"wp-block-columns alignwide is-layout-flex wp-container-core-columns-is-layout-1da03c2a wp-block-columns-is-layout-flex\">\n<div class=\"wp-block-column is-vertically-aligned-center is-layout-flow wp-block-column-is-layout-flow\" style=\"padding-top:0;padding-bottom:0;flex-basis:40%\">\n<h2 class=\"wp-block-heading has-base-color has-text-color has-link-color wp-elements-f10bad1e6d9f3defe17c61649caa2315\"><strong>\u00bfEst\u00e1 interesado en un&nbsp;<mark style=\"background-color:rgba(0, 0, 0, 0)\" class=\"has-inline-color has-accent-2-color\">\u00bfAsociaci\u00f3n?<\/mark><\/strong><\/h2>\n\n\n\n<p class=\"has-base-color has-text-color has-link-color wp-elements-eeadf01e9cc24aac907a8d9920e80e24\">\u00bfEs usted una agencia web u ofrece servicios para<br>\u00bfComercio electr\u00f3nico? Exploremos juntos nuevas oportunidades.<\/p>\n<\/div>\n\n\n\n<div class=\"wp-block-column is-vertically-aligned-center is-layout-flow wp-block-column-is-layout-flow\" style=\"flex-basis:60%\">\n<figure class=\"wp-block-image aligncenter size-full is-resized is-style-default wp-duotone-unset-1\"><img decoding=\"async\" width=\"622\" height=\"576\" src=\"https:\/\/vendino.com\/wp-content\/uploads\/hi-five-dark.png\" alt=\"Hola Five Dark\" class=\"wp-image-363\" style=\"width:auto;height:350px\"\/><\/figure>\n<\/div>\n<\/div>\n<\/div>\n<\/div>\n\n\n\n<div class=\"wp-block-group alignfull has-base-2-background-color has-background has-global-padding is-layout-constrained wp-container-core-group-is-layout-55f0df76 wp-block-group-is-layout-constrained\" style=\"margin-top:0;margin-bottom:0;padding-top:var(--wp--preset--spacing--50);padding-right:var(--wp--preset--spacing--40);padding-bottom:var(--wp--preset--spacing--50);padding-left:var(--wp--preset--spacing--40)\">\n<div class=\"wp-block-group alignwide is-vertical is-content-justification-center is-layout-flex wp-container-core-group-is-layout-ce155fab wp-block-group-is-layout-flex\">\n<div class=\"wp-block-group is-vertical is-content-justification-center is-layout-flex wp-container-core-group-is-layout-6d5e4199 wp-block-group-is-layout-flex\" style=\"margin-top:0;margin-bottom:0\">\n<h2 class=\"wp-block-heading has-text-align-center is-style-default\">Vendino ayuda a sus clientes<\/h2>\n\n\n\n<h3 class=\"wp-block-heading has-text-align-center has-medium-font-size\">Le ayudamos a usted y a sus clientes a crecer y ahorrar tiempo. Ofrezca nuestros servicios a sus clientes y cree valor.<\/h3>\n<\/div>\n\n\n\n<div class=\"wp-block-columns alignwide is-layout-flex wp-container-core-columns-is-layout-d0bbbce0 wp-block-columns-is-layout-flex\">\n<div class=\"wp-block-column is-layout-flow wp-container-core-column-is-layout-e3d1c41b wp-block-column-is-layout-flow\">\n<div class=\"wp-block-group is-nowrap is-layout-flex wp-container-core-group-is-layout-6c531013 wp-block-group-is-layout-flex\">\n<figure class=\"wp-block-image size-full is-resized wp-duotone-31bf9a-31bf9a-2\"><img decoding=\"async\" src=\"https:\/\/vendino.com\/wp-content\/uploads\/discounttag.svg\" alt=\"Descuento d\u00eda\" class=\"wp-image-720\" style=\"width:auto;height:40px\"\/><\/figure>\n\n\n\n<p><strong> Precios competitivos<\/strong><\/p>\n<\/div>\n\n\n\n<p class=\"has-text-align-left\">Sus clientes pueden beneficiarse de nuestros atractivos precios. Hemos dividido los precios en distintos paquetes para que haya una soluci\u00f3n para cada necesidad.<\/p>\n<\/div>\n\n\n\n<div class=\"wp-block-column is-layout-flow wp-container-core-column-is-layout-e3d1c41b wp-block-column-is-layout-flow\">\n<div class=\"wp-block-group is-nowrap is-layout-flex wp-container-core-group-is-layout-6c531013 wp-block-group-is-layout-flex\">\n<figure class=\"wp-block-image size-full is-resized wp-duotone-31bf9a-31bf9a-3\"><img decoding=\"async\" src=\"https:\/\/vendino.com\/wp-content\/uploads\/loop.svg\" alt=\"Bucle\" class=\"wp-image-724\" style=\"width:auto;height:40px\"\/><\/figure>\n\n\n\n<p><strong>Fuente adicional de ingresos<\/strong><\/p>\n<\/div>\n\n\n\n<p class=\"has-text-align-left\">Abra una nueva fuente de ingresos recomendando nuestros servicios a sus clientes que ya necesitan nuestro producto. Recibir\u00e1s pagos recurrentes mientras el cliente est\u00e9 con nosotros.<\/p>\n<\/div>\n\n\n\n<div class=\"wp-block-column is-layout-flow wp-container-core-column-is-layout-e3d1c41b wp-block-column-is-layout-flow\">\n<div class=\"wp-block-group is-nowrap is-layout-flex wp-container-core-group-is-layout-6c531013 wp-block-group-is-layout-flex\">\n<figure class=\"wp-block-image size-full is-resized wp-duotone-31bf9a-31bf9a-4\"><img decoding=\"async\" src=\"https:\/\/vendino.com\/wp-content\/uploads\/calendar.svg\" alt=\"Calendario\" class=\"wp-image-718\" style=\"width:auto;height:40px\"\/><\/figure>\n\n\n\n<p><strong>R\u00e1pida incorporaci\u00f3n<\/strong><\/p>\n<\/div>\n\n\n\n<h3 class=\"wp-block-heading has-text-align-left is-style-default has-body-font-family has-medium-font-size\" style=\"font-style:normal;font-weight:600\">incorporaci\u00f3n tig<\/h3>\n\n\n\n<p class=\"has-text-align-left\">Con Vendino, sus clientes podr\u00e1n importar productos a su tienda en l\u00ednea en cuesti\u00f3n de minutos. Si tienen sus propios feeds, solo tardar\u00e1n entre 1 y 3 d\u00edas.<\/p>\n<\/div>\n<\/div>\n\n\n\n<div class=\"wp-block-columns alignwide is-layout-flex wp-container-core-columns-is-layout-d0bbbce0 wp-block-columns-is-layout-flex\">\n<div class=\"wp-block-column is-layout-flow wp-container-core-column-is-layout-e3d1c41b wp-block-column-is-layout-flow\">\n<div class=\"wp-block-group is-nowrap is-layout-flex wp-container-core-group-is-layout-6c531013 wp-block-group-is-layout-flex\">\n<figure class=\"wp-block-image size-full is-resized wp-duotone-31bf9a-31bf9a-5\"><img decoding=\"async\" src=\"https:\/\/vendino.com\/wp-content\/uploads\/hourglass.svg\" alt=\"Reloj de arena\" class=\"wp-image-722\" style=\"width:auto;height:40px\"\/><\/figure>\n\n\n\n<p><strong>Integraci\u00f3n perfecta<\/strong><\/p>\n<\/div>\n\n\n\n<p class=\"has-text-align-left\">Vendino ha desarrollado aplicaciones\/plugins para los mayores sistemas CMS del mundo. Es f\u00e1cil de instalar y poner en marcha; de hecho, solo se tarda unos minutos en instalarlo.<\/p>\n<\/div>\n\n\n\n<div class=\"wp-block-column is-layout-flow wp-container-core-column-is-layout-e3d1c41b wp-block-column-is-layout-flow\">\n<div class=\"wp-block-group is-nowrap is-layout-flex wp-container-core-group-is-layout-6c531013 wp-block-group-is-layout-flex\">\n<figure class=\"wp-block-image size-full is-resized wp-duotone-31bf9a-31bf9a-6\"><img decoding=\"async\" src=\"https:\/\/vendino.com\/wp-content\/uploads\/message.svg\" alt=\"Mensaje\" class=\"wp-image-726\" style=\"width:auto;height:40px\"\/><\/figure>\n\n\n\n<p><strong>Atenci\u00f3n al cliente<\/strong><\/p>\n<\/div>\n\n\n\n<p class=\"has-text-align-left\">Nuestro amable y eficiente servicio de atenci\u00f3n al cliente est\u00e1 listo para responder a cualquier pregunta que usted y sus clientes puedan tener. Vendino ofrece servicio de atenci\u00f3n al cliente tanto por tel\u00e9fono como por correo electr\u00f3nico.<\/p>\n<\/div>\n\n\n\n<div class=\"wp-block-column is-layout-flow wp-container-core-column-is-layout-e3d1c41b wp-block-column-is-layout-flow\">\n<div class=\"wp-block-group is-nowrap is-layout-flex wp-container-core-group-is-layout-6c531013 wp-block-group-is-layout-flex\">\n<figure class=\"wp-block-image size-full is-resized wp-duotone-31bf9a-31bf9a-7\"><img decoding=\"async\" src=\"https:\/\/vendino.com\/wp-content\/uploads\/codetag.svg\" alt=\"Etiqueta\" class=\"wp-image-719\" style=\"width:auto;height:40px\"\/><\/figure>\n\n\n\n<p><strong>Menos complicaciones<\/strong><\/p>\n<\/div>\n\n\n\n<p class=\"has-text-align-left\">Nuestro mantra es hacer lo que se te da bien y dejar el resto a otros. Hemos eliminado la molestia de integrar fuentes de productos CSV y XML en la tienda en l\u00ednea. Hay m\u00e1s tiempo para hacer lo que a usted se le da bien.<\/p>\n<\/div>\n<\/div>\n<\/div>\n<\/div>\n\n\n\n<div class=\"wp-block-group alignfull has-global-padding is-layout-constrained wp-container-core-group-is-layout-d89aad35 wp-block-group-is-layout-constrained\" style=\"margin-top:0;margin-bottom:0;padding-top:var(--wp--preset--spacing--50);padding-right:var(--wp--preset--spacing--50);padding-bottom:var(--wp--preset--spacing--50);padding-left:var(--wp--preset--spacing--50)\">\n<div class=\"wp-block-group alignwide has-base-2-background-color has-background is-vertical is-content-justification-center is-layout-flex wp-container-core-group-is-layout-49619c52 wp-block-group-is-layout-flex\" style=\"border-radius:16px;padding-top:var(--wp--preset--spacing--40);padding-right:var(--wp--preset--spacing--50);padding-bottom:var(--wp--preset--spacing--40);padding-left:var(--wp--preset--spacing--50)\">\n<h2 class=\"wp-block-heading has-text-align-center has-x-large-font-size\">\u00bfQuieres ser nuestro socio?<\/h2>\n\n\n\n<p class=\"has-text-align-center\">P\u00f3ngase en contacto con nosotros si desea asociarse.<\/p>\n\n\n\n<p class=\"has-text-align-center\"><a href=\"mailto:hello@vendino.com\">Escriba a&nbsp;<\/a><a href=\"mailto:hello@vendino.com\">hello@vendino.com<\/a><\/p>\n<\/div>\n<\/div>","protected":false},"excerpt":{"rendered":"<p>Er du interesseret i et&nbsp;partnerskab? Er du webbureau eller tilbyder du services tile-handel? Lad os se p\u00e5 nye muligheder sammen. Vendino hj\u00e6lper dine kunder Vi hj\u00e6lper dig og dine kunder med at vokse og spare tid. Tilbyd vores services til dine kunder og skab v\u00e6rdi. Konkurrencedygtige priser Dine kunder kan drage fordel af vores attraktive [&hellip;]<\/p>\n","protected":false},"author":1,"featured_media":0,"parent":0,"menu_order":0,"comment_status":"closed","ping_status":"closed","template":"page-no-title","meta":{"_acf_changed":false,"iawp_total_views":168,"footnotes":""},"class_list":["post-273","page","type-page","status-publish","hentry"],"acf":[],"_links":{"self":[{"href":"https:\/\/vendino.com\/es\/wp-json\/wp\/v2\/pages\/273","targetHints":{"allow":["GET"]}}],"collection":[{"href":"https:\/\/vendino.com\/es\/wp-json\/wp\/v2\/pages"}],"about":[{"href":"https:\/\/vendino.com\/es\/wp-json\/wp\/v2\/types\/page"}],"author":[{"embeddable":true,"href":"https:\/\/vendino.com\/es\/wp-json\/wp\/v2\/users\/1"}],"replies":[{"embeddable":true,"href":"https:\/\/vendino.com\/es\/wp-json\/wp\/v2\/comments?post=273"}],"version-history":[{"count":0,"href":"https:\/\/vendino.com\/es\/wp-json\/wp\/v2\/pages\/273\/revisions"}],"wp:attachment":[{"href":"https:\/\/vendino.com\/es\/wp-json\/wp\/v2\/media?parent=273"}],"curies":[{"name":"wp","href":"https:\/\/api.w.org\/{rel}","templated":true}]}}