{"id":3,"date":"2023-11-25T16:43:06","date_gmt":"2023-11-25T16:43:06","guid":{"rendered":"https:\/\/vendino.com\/?page_id=3"},"modified":"2023-12-14T15:17:27","modified_gmt":"2023-12-14T14:17:27","slug":"politica-de-privacidad","status":"publish","type":"page","link":"https:\/\/vendino.com\/es\/politica-de-privacidad\/","title":{"rendered":"Pol\u00edtica de privacidad"},"content":{"rendered":"<p>En esta p\u00e1gina, puede leer c\u00f3mo Vendino (\"nosotros\") utilizamos la informaci\u00f3n que usted proporciona\/deja cuando utiliza la plataforma y los servicios relacionados.<\/p>\n\n\n\n<h2 class=\"wp-block-heading\" id=\"1-indsamling-af-personlige-oplysninger\">1. Recogida de datos personales<\/h2>\n\n\n\n<p>De conformidad con la legislaci\u00f3n aplicable, siempre le informaremos antes de recopilar informaci\u00f3n personal sobre usted.<\/p>\n\n\n\n<h2 class=\"wp-block-heading\" id=\"2-hvilke-personlige-oplysninger-indsamler-vi\">2. \u00bfQu\u00e9 informaci\u00f3n personal recogemos?<\/h2>\n\n\n\n<p>Recogemos sus datos personales generales, como nombre, correo electr\u00f3nico y direcci\u00f3n. Adem\u00e1s, recopilamos datos para elaborar estad\u00edsticas y an\u00e1lisis que nos ayuden a mejorar nuestros productos y servicios; tenga en cuenta que estos datos son generales\/superficiales. Por ejemplo, incluyen su comportamiento (es decir, en cu\u00e1les de nuestras p\u00e1ginas hace clic) y no se utilizan para identificar a los visitantes de nuestros sitios.<\/p>\n\n\n\n<h2 class=\"wp-block-heading\" id=\"3-hvad-bruger-vi-dine-oplysninger-til\">3. \u00bfPara qu\u00e9 utilizamos sus datos?<\/h2>\n\n\n\n<p>Utilizamos su nombre, direcci\u00f3n y correo electr\u00f3nico para gestionar su cuenta de usuario y su suscripci\u00f3n, siempre que usted d\u00e9 su consentimiento al crear su suscripci\u00f3n. Esta informaci\u00f3n es necesaria para que podamos comunicarnos con usted acerca de sus productos\/servicios con nosotros. Su direcci\u00f3n IP se utiliza \u00fanicamente como medida para identificar intrusiones no autorizadas de terceros.<\/p>\n\n\n\n<h2 class=\"wp-block-heading\" id=\"4-deling-af-dine-oplysninger\">4. Compartir su informaci\u00f3n<\/h2>\n\n\n\n<p>No compartimos su informaci\u00f3n con terceros a menos que usted haya dado su consentimiento para ello. Nunca venderemos su informaci\u00f3n a terceros.<\/p>\n\n\n\n<h2 class=\"wp-block-heading\" id=\"5-sikkerhed\">5. 5. Seguridad<\/h2>\n\n\n\n<p>Nuestra plataforma se desarrolla de acuerdo con principios de alta seguridad y siempre nos esforzamos por proteger la calidad y la integridad de la plataforma. En caso de que se produzca un fallo de seguridad que d\u00e9 lugar a una filtraci\u00f3n de sus datos, estamos obligados a informarle en un plazo de 72 horas.<\/p>\n\n\n\n<h2 class=\"wp-block-heading\" id=\"6-lagring-af-data\">6. Almacenamiento de datos<\/h2>\n\n\n\n<p>S\u00f3lo almacenamos sus datos durante el tiempo necesario para cumplir los fines descritos en la secci\u00f3n 3. Si desea eliminar sus datos personales de nuestra plataforma, p\u00f3ngase en contacto con nosotros tal como se describe al final de esta p\u00e1gina.<\/p>\n\n\n\n<h2 class=\"wp-block-heading\" id=\"7-cookies-og-pixels\">7 Cookies y p\u00edxeles<\/h2>\n\n\n\n<p>Las cookies son peque\u00f1os archivos de texto que contienen una cadena de caracteres e identifican un\u00edvocamente a un usuario. Se env\u00edan al sitio web y\/o a terceros. La mayor\u00eda de los navegadores est\u00e1n configurados inicialmente para aceptar cookies, ya que as\u00ed lo exigen la mayor\u00eda de los sitios web para poder acceder a ellos. Sin embargo, usted puede cambiar la configuraci\u00f3n de su navegador para que, en general, pueda rechazar las cookies, bloquear las cookies de terceros o especificar cu\u00e1ndo se env\u00eda una cookie.<\/p>\n\n\n\n<p>Los p\u00edxeles de seguimiento son scripts que se ejecutan cuando un usuario entra en un sitio web o abre un correo electr\u00f3nico. El p\u00edxel en s\u00ed no es visible y s\u00f3lo puede verse en el HTML del sitio web o del correo electr\u00f3nico. El script hace que se descargue en su ordenador una cookie de terceros o reconoce que se ha abierto el correo electr\u00f3nico.<\/p>\n\n\n\n<h3 class=\"wp-block-heading\" id=\"71-google-cookies-og--teknologier\">7.1 Cookies y tecnolog\u00edas de Google<\/h3>\n\n\n\n<p><strong>Google Analytics:<\/strong>&nbsp;Esta cookie nos permite ver informaci\u00f3n sobre las actividades de los usuarios en el sitio web, incluidas, entre otras, las p\u00e1ginas vistas, la fuente y el tiempo de permanencia en un sitio web. La informaci\u00f3n se anonimiza y se muestra en forma de n\u00fameros, lo que significa que no se puede rastrear hasta las personas. Esto ayuda a proteger su privacidad. Gracias a Google Analytics, podemos saber qu\u00e9 contenidos son populares en nuestros sitios web y nos esforzamos por ofrecerle m\u00e1s de lo que le gusta leer y ver.<\/p>\n\n\n\n<p><strong>Remarketing de Google Analytics<\/strong>Google coloca cookies en su ordenador, lo que significa que cuando abandona nuestro sitio web, Google puede mostrarle anuncios sobre Vendino que pueden interesarle bas\u00e1ndose en su comportamiento anterior en nuestro sitio web. Esta informaci\u00f3n no es personalmente identificable.<\/p>\n\n\n\n<p><strong>Google AdWords:<\/strong>&nbsp;Gracias a Google Adwords, podemos ver qu\u00e9 p\u00e1ginas han sido \u00fatiles para que se env\u00eden mensajes a trav\u00e9s de nuestro formulario de contacto. Esto nos permite hacer un mejor uso de nuestro presupuesto. Esta informaci\u00f3n no es personalmente identificable.<\/p>\n\n\n\n<p><strong>Remarketing de Google Adwords:<\/strong>&nbsp;Coloca cookies en su ordenador, lo que significa que cuando abandona nuestro sitio web, Google puede mostrarle anuncios sobre Vendino que pueden interesarle bas\u00e1ndose en su comportamiento anterior en nuestro sitio web. Esta informaci\u00f3n no es personalmente identificable.<\/p>\n\n\n\n<p>Puede evitar que la informaci\u00f3n generada por la cookie de Google sobre su uso de nuestros sitios sea recopilada y procesada por Google en el futuro descargando e instalando el Complemento de inhabilitaci\u00f3n para navegadores de Google Analytics para su navegador web actual. Este complemento est\u00e1 disponible en&nbsp;<a href=\"https:\/\/tools.google.com\/dlpage\/gaoptout\" target=\"_blank\" rel=\"noopener\">https:\/\/tools.google.com\/dlpage\/gaoptout<\/a>.<\/p>\n\n\n\n<h3 class=\"wp-block-heading\" id=\"72-facebook-cookies\">7.2 Cookies de Facebook<\/h3>\n\n\n\n<p>Facebook Remarketing: El p\u00edxel de seguimiento de Facebook coloca cookies en su ordenador que indican a Facebook que usted ha visitado el sitio web. Asumimos entonces que usted tiene inter\u00e9s en Vendino y en el contenido de este sitio. Cuando visite Facebook, se le mostrar\u00e1 informaci\u00f3n o anuncios de contenido similar. Por favor, utilice su configuraci\u00f3n de privacidad en Facebook si desea limitar la exposici\u00f3n a este tipo de marketing.<\/p>\n\n\n\n<h3 class=\"wp-block-heading\" id=\"73-linkedin\">7.3 LinkedIn<\/h3>\n\n\n\n<p>En relaci\u00f3n con el marketing en LinkedIn, utilizamos el p\u00edxel de seguimiento de LinkedIn. Este p\u00edxel coloca cookies en su ordenador que indican a LinkedIn que usted ha visitado el sitio web. Suponemos que ha mostrado su inter\u00e9s por Vendino y el contenido del sitio. Por lo tanto, cuando visite LinkedIn, puede estar expuesto a informaci\u00f3n y\/o anuncios con contenido similar. Por favor, utilice su configuraci\u00f3n de privacidad en LinkedIn si desea limitar su exposici\u00f3n a este tipo de marketing.<\/p>\n\n\n\n<h4 class=\"wp-block-heading\" id=\"henvendelser\">Consultas<\/h4>\n\n\n\n<p>Si tiene alguna pregunta sobre la pol\u00edtica anterior o desea ejercer sus derechos GDPR, todas las consultas deben dirigirse a:<\/p>\n\n\n\n<p>Correo electr\u00f3nico:\u00a0<a href=\"mailto:hello@vendino.com\">hello@vendino.com<\/a><\/p>\n\n\n\n<p>Respondemos a todas las consultas sobre pol\u00edtica de privacidad tan pronto como podemos, y garantizamos que dentro del plazo de 30 d\u00edas establecido por el GDPR. Siempre proporcionamos los datos en un formato legible por m\u00e1quina.<\/p>","protected":false},"excerpt":{"rendered":"<p>P\u00e5 denne side, kan du l\u00e6se hvordan Vendino (\u201cvi\u201d) anvender de oplysninger, som du afgiver\/efterlader dig, n\u00e5r du benytter platformen samt tilh\u00f8rende tjenester. 1. Indsamling af personlige oplysninger I henhold til den g\u00e6ldende lovgivning, vil vi altid oplyse dig forud for indsamling af personlige oplysninger om dig. 2. Hvilke personlige oplysninger indsamler vi? Vi indsamler [&hellip;]<\/p>\n","protected":false},"author":1,"featured_media":0,"parent":0,"menu_order":0,"comment_status":"closed","ping_status":"closed","template":"","meta":{"_acf_changed":false,"iawp_total_views":172,"footnotes":""},"class_list":["post-3","page","type-page","status-publish","hentry"],"acf":[],"_links":{"self":[{"href":"https:\/\/vendino.com\/es\/wp-json\/wp\/v2\/pages\/3","targetHints":{"allow":["GET"]}}],"collection":[{"href":"https:\/\/vendino.com\/es\/wp-json\/wp\/v2\/pages"}],"about":[{"href":"https:\/\/vendino.com\/es\/wp-json\/wp\/v2\/types\/page"}],"author":[{"embeddable":true,"href":"https:\/\/vendino.com\/es\/wp-json\/wp\/v2\/users\/1"}],"replies":[{"embeddable":true,"href":"https:\/\/vendino.com\/es\/wp-json\/wp\/v2\/comments?post=3"}],"version-history":[{"count":0,"href":"https:\/\/vendino.com\/es\/wp-json\/wp\/v2\/pages\/3\/revisions"}],"wp:attachment":[{"href":"https:\/\/vendino.com\/es\/wp-json\/wp\/v2\/media?parent=3"}],"curies":[{"name":"wp","href":"https:\/\/api.w.org\/{rel}","templated":true}]}}