{"id":130,"date":"2023-12-14T12:52:22","date_gmt":"2023-12-14T11:52:22","guid":{"rendered":"https:\/\/vendino.com\/?page_id=130"},"modified":"2023-12-14T12:52:23","modified_gmt":"2023-12-14T11:52:23","slug":"conditions-dutilisation","status":"publish","type":"page","link":"https:\/\/vendino.com\/fr\/conditions-dutilisation\/","title":{"rendered":"Conditions d'utilisation"},"content":{"rendered":"<p>Les pr\u00e9sentes conditions g\u00e9n\u00e9rales (le \"contrat\") s'appliquent entre Vendino ApS et l'entreprise (l'utilisateur) qui a le droit d'utiliser et qui utilise&nbsp;<a href=\"https:\/\/vendino.com\/fr\/\">vendino.com<\/a>.<\/p>\n\n\n\n<p>Dans le contrat, \"Vendino\" d\u00e9signe la soci\u00e9t\u00e9 (Vendino ApS). La plate-forme et tous les sous-domaines associ\u00e9s au domaine \"vendino.com\" sont d\u00e9sign\u00e9s simplement par l'expression \"Vendino.com\".<a href=\"https:\/\/vendino.com&quot;\/\">www.vendino.com<\/a>\".<\/p>\n\n\n\n<h4 class=\"wp-block-heading\" id=\"1-betingelser\">1. les conditions<\/h4>\n\n\n\n<ul class=\"wp-block-list\">\n<li>1.1 Les pr\u00e9sentes conditions g\u00e9n\u00e9rales s'appliquent \u00e0 tous les accords conclus le&nbsp;<a href=\"https:\/\/vendino.com\/fr\/\">www.vendino.com<\/a>&nbsp;avec la soci\u00e9t\u00e9 Vendino ApS derri\u00e8re elle.<\/li>\n<\/ul>\n\n\n\n<h4 class=\"wp-block-heading\" id=\"2--rettigheder\">2. Droits et pr\u00e9rogatives<\/h4>\n\n\n\n<ul class=\"wp-block-list\">\n<li>2.1 Tous les droits sur le syst\u00e8me&nbsp;<a href=\"https:\/\/vendino.com\/fr\/\">www.vendino.com<\/a>&nbsp;appartient \u00e0 Vendino.<\/li>\n\n\n\n<li>2.2 En achetant un abonnement, l'utilisateur a obtenu un droit d'utilisation du syst\u00e8me, que Vendino peut retirer \u00e0 tout moment sans pr\u00e9avis (voir section 8, Abus).<\/li>\n\n\n\n<li>2.3 Droit d'utilisation de l'utilisateur&nbsp;<a href=\"https:\/\/vendino.com\/fr\/\">www.vendino.com<\/a>&nbsp;est un accord non exclusif.<\/li>\n<\/ul>\n\n\n\n<h4 class=\"wp-block-heading\" id=\"3--priser\">3. les prix<\/h4>\n\n\n\n<ul class=\"wp-block-list\">\n<li>3.1 Tous les prix indiqu\u00e9s sur&nbsp;<a href=\"https:\/\/vendino.com\/fr\/\">www.vendino.com<\/a>&nbsp;sont uniquement valables le jour de la commande et peuvent \u00eatre modifi\u00e9s par Vendino \u00e0 tout moment - Veuillez noter que Vendino informera l'utilisateur au moins 30 jours avant l'entr\u00e9e en vigueur des modifications de prix.<\/li>\n\n\n\n<li>3.2 Tous les prix sont exprim\u00e9s en couronnes danoises (DKK) et s'entendent hors TVA et taxes payables conform\u00e9ment \u00e0 la r\u00e9glementation applicable.<\/li>\n<\/ul>\n\n\n\n<h4 class=\"wp-block-heading\" id=\"4--abonnement--betaling\">4. Abonnement et paiement<\/h4>\n\n\n\n<ul class=\"wp-block-list\">\n<li>4.1 Achat d'un droit d'utilisation pour&nbsp;<a href=\"https:\/\/vendino.com\/fr\/\">www.vendino.com<\/a>&nbsp;est un contrat d'abonnement conclu entre l'utilisateur et Vendino.<\/li>\n\n\n\n<li>4.2 L'abonnement sera automatiquement factur\u00e9 chaque mois jusqu'\u00e0 ce que l'utilisateur l'annule. La r\u00e9siliation de l'abonnement se fait par voie \u00e9lectronique \u00e0 l'adresse suivante&nbsp;<a href=\"https:\/\/vendino.com\/fr\/\">www.vendino.com<\/a>&nbsp;ou par courriel \u00e0 l'adresse&nbsp;<a href=\"mailto:hello@vendino.com\">hello@vendino.com<\/a>.<\/li>\n\n\n\n<li>4.3 Les abonnements ne peuvent \u00eatre r\u00e9sili\u00e9s qu'\u00e0 la fin d'une p\u00e9riode en cours.<\/li>\n\n\n\n<li>4.4 En cas de retard de paiement, le droit d'utiliser l'espace de libert\u00e9 de la presse est suspendu.&nbsp;<a href=\"https:\/\/vendino.com\/fr\/\">www.vendino.com<\/a>&nbsp;imm\u00e9diatement annul\u00e9 si aucun autre accord n'a \u00e9t\u00e9 conclu. L'acc\u00e8s \u00e0&nbsp;<a href=\"https:\/\/vendino.com\/fr\/\">www.vendino.com<\/a>&nbsp;peut \u00eatre rouvert apr\u00e8s r\u00e9ception du paiement int\u00e9gral, sauf si Vendino a r\u00e9sili\u00e9 l'abonnement au pr\u00e9alable.<\/li>\n\n\n\n<li>4.5 Vendino peut r\u00e9silier l'abonnement \u00e0 tout moment si Vendino soup\u00e7onne ou d\u00e9tecte un abus, y compris un acc\u00e8s non autoris\u00e9 aux donn\u00e9es par l'utilisateur.<\/li>\n\n\n\n<li>4.6 Le paiement des biens et produits propos\u00e9s sur la Plateforme sera d\u00e9duit de la carte de paiement enregistr\u00e9e lors de la cr\u00e9ation (sauf accord contraire).<\/li>\n<\/ul>\n\n\n\n<h4 class=\"wp-block-heading\" id=\"5--data\">5. Donn\u00e9es<\/h4>\n\n\n\n<ul class=\"wp-block-list\">\n<li>5.1 Vendino n'a aucun droit sur les donn\u00e9es de l'utilisateur.<\/li>\n\n\n\n<li>5.2 En cas de r\u00e9siliation du contrat, Vendino peut supprimer les donn\u00e9es de l'utilisateur \u00e0 tout moment et pour n'importe quelle raison. Vendino doit informer l'utilisateur au moins 10 jours avant la suppression des donn\u00e9es, afin que l'utilisateur puisse d\u00e9placer ses propres donn\u00e9es.<\/li>\n\n\n\n<li>5.3 Vendino n'est pas responsable de la perte de donn\u00e9es pour quelque raison que ce soit. En cas de perte de donn\u00e9es, Vendino s'efforce de restaurer les donn\u00e9es \u00e0 l'aide de sauvegardes, mais ne garantit pas la restauration des donn\u00e9es perdues.<\/li>\n<\/ul>\n\n\n\n<h4 class=\"wp-block-heading\" id=\"6--driftsstabilitet\">6. Stabilit\u00e9 op\u00e9rationnelle<\/h4>\n\n\n\n<ul class=\"wp-block-list\">\n<li>6.1 Vendino s'efforce d'assurer la plus grande disponibilit\u00e9 possible de&nbsp;<a href=\"https:\/\/vendino.com\/fr\/\">www.vendino.com<\/a>mais n'est pas responsable des interruptions ou des pannes pour quelque raison que ce soit.<\/li>\n\n\n\n<li>6.2 En cas de panne ou de perturbation, Vendino s'efforce de r\u00e9tablir le fonctionnement normal dans les meilleurs d\u00e9lais.<\/li>\n<\/ul>\n\n\n\n<h4 class=\"wp-block-heading\" id=\"7--brugerens-ansvar--forpligtelser\">7. Responsabilit\u00e9s et obligations de l'utilisateur<\/h4>\n\n\n\n<ul class=\"wp-block-list\">\n<li>7.1 L'utilisateur est \u00e0 tout moment responsable du maintien de l'acc\u00e8s de l'utilisateur \u00e0&nbsp;<a href=\"https:\/\/vendino.com.\/\">www.vendino.com.<\/a>&nbsp;Vendino n'est pas responsable des intrusions non autoris\u00e9es caus\u00e9es par des tiers. En cas d'abus caus\u00e9 par une intrusion non autoris\u00e9e, Vendino doit \u00eatre inform\u00e9 dans les plus brefs d\u00e9lais.<\/li>\n\n\n\n<li>7.2 En cas d'abus caus\u00e9 par un tiers non autoris\u00e9, Vendino peut \u00e0 tout moment retirer \u00e0 l'utilisateur l'acc\u00e8s \u00e0&nbsp;<a href=\"https:\/\/vendino.com.\/\">www.vendino.com.<\/a>&nbsp;Vendino r\u00e9tablira l'acc\u00e8s de l'utilisateur si Vendino n'a pas r\u00e9sili\u00e9 l'abonnement au pr\u00e9alable.<\/li>\n\n\n\n<li>7.3 L'utilisateur est \u00e0 tout moment responsable de l'existence d'une connexion Internet et de la mise \u00e0 jour des versions les plus r\u00e9centes des applications de navigation en tant que condition pr\u00e9alable \u00e0 l'utilisation du droit d'utilisation&nbsp;<a href=\"https:\/\/vendino.com.\/\">www.vendino.com.<\/a><\/li>\n\n\n\n<li>7.4 L'utilisateur est \u00e0 tout moment responsable du respect des lois applicables.<\/li>\n<\/ul>\n\n\n\n<h4 class=\"wp-block-heading\" id=\"8--misbrug\">8. Maltraitance<\/h4>\n\n\n\n<ul class=\"wp-block-list\">\n<li>8.1 Vendino peut \u00e0 tout moment retirer \u00e0 l'utilisateur l'acc\u00e8s \u00e0&nbsp;<a href=\"https:\/\/vendino.com\/fr\/\">www.vendino.com<\/a>&nbsp;si Vendino soup\u00e7onne ou d\u00e9tecte un abus. Vendino informera l'utilisateur dans les meilleurs d\u00e9lais en cas de suspicion d'abus.<\/li>\n\n\n\n<li>8.2 Vendino s'efforce d'emp\u00eacher toute utilisation abusive de&nbsp;<a href=\"https:\/\/vendino.com\/fr\/\">www.vendino.com<\/a>mais ne garantit pas qu'une utilisation abusive, y compris une intrusion dans les syst\u00e8mes informatiques de Vendino, ne puisse se produire.<\/li>\n<\/ul>\n\n\n\n<h4 class=\"wp-block-heading\" id=\"9--fortrydelsesret\">9. Droit d'annulation<\/h4>\n\n\n\n<ul class=\"wp-block-list\">\n<li>9.1 En achetant un abonnement, l'utilisateur renonce \u00e0 son droit de r\u00e9siliation, car l'abonnement est mis en service imm\u00e9diatement. En cas d'annulation, l'utilisateur peut contacter Vendino et Vendino peut, \u00e0 sa discr\u00e9tion, rembourser l'achat de l'utilisateur.<\/li>\n<\/ul>\n\n\n\n<h4 class=\"wp-block-heading\" id=\"10-ikrafttr\u00e6den--\u00e6ndringer\">10. entr\u00e9e en vigueur et modifications<\/h4>\n\n\n\n<ul class=\"wp-block-list\">\n<li>10.1 L'accord est valable \u00e0 partir du 23 octobre 2020.<\/li>\n\n\n\n<li>10.2 Vendino se r\u00e9serve le droit de modifier et d'actualiser les conditions du contrat sans pr\u00e9avis. Vendino s'efforce d'informer l'utilisateur de toute modification importante, mais il incombe \u00e0 l'utilisateur de se tenir au courant des conditions actuelles.<\/li>\n<\/ul>","protected":false},"excerpt":{"rendered":"<p>Disse generelle vilk\u00e5r (\u201cAftalen\u201d) er g\u00e6ldende mellem Vendino ApS og virksomheden (Brugeren), der har brugsret og anvender&nbsp;vendino.com. I Aftalen refererer \u201cVendino\u201d til virksomheden (Vendino ApS). Platformen samt alle tilh\u00f8rende subdom\u00e6ner til dom\u00e6net \u201cvendino.com\u201d n\u00e6vnes blot som \u201cwww.vendino.com\u201d. 1. Betingelser 2. Rettigheder 3. Priser 4. Abonnement &amp; betaling 5. Data 6. Driftsstabilitet 7. Brugerens ansvar &amp; [&hellip;]<\/p>\n","protected":false},"author":1,"featured_media":0,"parent":0,"menu_order":0,"comment_status":"closed","ping_status":"closed","template":"","meta":{"_acf_changed":false,"iawp_total_views":161,"footnotes":""},"class_list":["post-130","page","type-page","status-publish","hentry"],"acf":[],"_links":{"self":[{"href":"https:\/\/vendino.com\/fr\/wp-json\/wp\/v2\/pages\/130","targetHints":{"allow":["GET"]}}],"collection":[{"href":"https:\/\/vendino.com\/fr\/wp-json\/wp\/v2\/pages"}],"about":[{"href":"https:\/\/vendino.com\/fr\/wp-json\/wp\/v2\/types\/page"}],"author":[{"embeddable":true,"href":"https:\/\/vendino.com\/fr\/wp-json\/wp\/v2\/users\/1"}],"replies":[{"embeddable":true,"href":"https:\/\/vendino.com\/fr\/wp-json\/wp\/v2\/comments?post=130"}],"version-history":[{"count":0,"href":"https:\/\/vendino.com\/fr\/wp-json\/wp\/v2\/pages\/130\/revisions"}],"wp:attachment":[{"href":"https:\/\/vendino.com\/fr\/wp-json\/wp\/v2\/media?parent=130"}],"curies":[{"name":"wp","href":"https:\/\/api.w.org\/{rel}","templated":true}]}}