{"id":133,"date":"2023-12-14T12:54:59","date_gmt":"2023-12-14T11:54:59","guid":{"rendered":"https:\/\/vendino.com\/?page_id=133"},"modified":"2024-05-14T11:39:55","modified_gmt":"2024-05-14T10:39:55","slug":"politique-en-matiere-de-cookies","status":"publish","type":"page","link":"https:\/\/vendino.com\/fr\/politique-en-matiere-de-cookies\/","title":{"rendered":"Politique en mati\u00e8re de cookies"},"content":{"rendered":"<h2 class=\"wp-block-heading\" id=\"hvad-er-en-cookie\">Qu'est-ce qu'un cookie ?<\/h2>\n\n\n\n<p>Malgr\u00e9 leur nom, les cookies ne sont pas des biscuits. Un cookie est un petit \"morceau\" de donn\u00e9es que les sites web stockent dans le navigateur. Les cookies sont utilis\u00e9s pour stocker des donn\u00e9es sur l'utilisateur - par exemple, un cookie peut contenir des donn\u00e9es sur les param\u00e8tres ou les pr\u00e9f\u00e9rences linguistiques de l'utilisateur sur un site web donn\u00e9. Un cookie est simplement un petit fichier de donn\u00e9es qui peut \u00eatre stock\u00e9 par un site web dans votre navigateur et qui est utilis\u00e9 par pratiquement tous les sites web aujourd'hui.<\/p>\n\n\n\n<h2 class=\"wp-block-heading\" id=\"hvorfor-informerer-i-om-cookies\">Pourquoi informez-vous sur les cookies ?<\/h2>\n\n\n\n<p>Tous les sites web danois sont tenus d'informer l'utilisateur de l'utilisation de cookies par le syst\u00e8me. L'utilisateur doit donc accepter l'utilisation de cookies par le site web, qui est tenu par la loi d'informer l'utilisateur \u00e0 ce sujet.<\/p>\n\n\n\n<p>Pour en savoir plus sur la l\u00e9gislation et les cookies, consultez le d\u00e9cret sur les cookies.&nbsp;<a href=\"https:\/\/www.retsinformation.dk\/Forms\/R0710.aspx?id=146417\" target=\"_blank\" rel=\"noopener\">Le d\u00e9cret sur les biscuits<\/a><\/p>\n\n\n\n<h2 class=\"wp-block-heading\" id=\"hvilke-cookies-bruger-vendino\">Quels sont les cookies utilis\u00e9s par Vendino ?<\/h2>\n\n\n\n<p>Nous utilisons les types de cookies suivants :<\/p>\n\n\n\n<h3 class=\"wp-block-heading\" id=\"sessionscookie\">Cookie de session<\/h3>\n\n\n\n<p>Le but de ce cookie est de rendre l'utilisateur unique afin que le serveur sache que plusieurs demandes diff\u00e9rentes proviennent d'utilisateurs diff\u00e9rents. Ce cookie expire \u00e0 la fermeture du navigateur.<\/p>\n\n\n\n<h3 class=\"wp-block-heading\" id=\"xsrf-token\">XSRF-TOKEN<\/h3>\n\n\n\n<p>Ce cookie agit comme une s\u00e9curit\u00e9 pour que le serveur puisse toujours valider une requ\u00eate. Un cookie XSRF vise donc \u00e0 prot\u00e9ger l'utilisateur contre les attaques XSRF. Ce cookie est renouvel\u00e9 \u00e0 chaque demande et expire \u00e0 la fermeture du navigateur.<\/p>\n\n\n\n<h3 class=\"wp-block-heading\" id=\"cookieconsent\">Consentement \u00e0 l'utilisation de cookies<\/h3>\n\n\n\n<p>Ce cookie garantit que le site web se souvient de l'acceptation des cookies par l'utilisateur. Ce cookie expire apr\u00e8s 365 jours.<\/p>","protected":false},"excerpt":{"rendered":"<p>Hvad er en cookie? Trods navnet er det er ikke sm\u00e5kager, vi taler om, n\u00e5r vi n\u00e6vner cookies. En cookie er betegnelsen for en lille \u2019bid\u2019 data, som hjemmesider gemmer i browseren. Cookies bruges til at lagre data om brugeren \u2013 For eksempel kan en cookie indeholde data om brugerens indstillinger eller sprog pr\u00e6ferencer p\u00e5 [&hellip;]<\/p>\n","protected":false},"author":1,"featured_media":0,"parent":0,"menu_order":0,"comment_status":"closed","ping_status":"closed","template":"","meta":{"_acf_changed":false,"iawp_total_views":122,"footnotes":""},"class_list":["post-133","page","type-page","status-publish","hentry"],"acf":[],"_links":{"self":[{"href":"https:\/\/vendino.com\/fr\/wp-json\/wp\/v2\/pages\/133","targetHints":{"allow":["GET"]}}],"collection":[{"href":"https:\/\/vendino.com\/fr\/wp-json\/wp\/v2\/pages"}],"about":[{"href":"https:\/\/vendino.com\/fr\/wp-json\/wp\/v2\/types\/page"}],"author":[{"embeddable":true,"href":"https:\/\/vendino.com\/fr\/wp-json\/wp\/v2\/users\/1"}],"replies":[{"embeddable":true,"href":"https:\/\/vendino.com\/fr\/wp-json\/wp\/v2\/comments?post=133"}],"version-history":[{"count":0,"href":"https:\/\/vendino.com\/fr\/wp-json\/wp\/v2\/pages\/133\/revisions"}],"wp:attachment":[{"href":"https:\/\/vendino.com\/fr\/wp-json\/wp\/v2\/media?parent=133"}],"curies":[{"name":"wp","href":"https:\/\/api.w.org\/{rel}","templated":true}]}}