{"id":278,"date":"2023-12-14T15:30:24","date_gmt":"2023-12-14T14:30:24","guid":{"rendered":"https:\/\/vendino.com\/?page_id=278"},"modified":"2024-04-02T07:31:57","modified_gmt":"2024-04-02T06:31:57","slug":"dropshipping","status":"publish","type":"page","link":"https:\/\/vendino.com\/fr\/dropshipping\/","title":{"rendered":"Dropshipping"},"content":{"rendered":"<div class=\"wp-block-group alignfull has-base-color has-accent-4-background-color has-text-color has-background has-link-color wp-elements-27d269e35957db8eb8a1d28102ce0688 has-global-padding is-layout-constrained wp-container-core-group-is-layout-b9940f7e wp-block-group-is-layout-constrained\" style=\"margin-top:0;margin-bottom:0;padding-top:var(--wp--preset--spacing--50);padding-right:var(--wp--preset--spacing--40);padding-bottom:var(--wp--preset--spacing--50);padding-left:var(--wp--preset--spacing--40)\">\n<div class=\"wp-block-group alignwide is-vertical is-content-justification-center is-layout-flex wp-container-core-group-is-layout-81423f52 wp-block-group-is-layout-flex\">\n<div class=\"wp-block-columns alignwide is-layout-flex wp-container-core-columns-is-layout-87beb0d0 wp-block-columns-is-layout-flex\">\n<div class=\"wp-block-column is-vertically-aligned-center is-layout-flow wp-block-column-is-layout-flow\" style=\"flex-basis:40%\">\n<h1 class=\"wp-block-heading is-style-default has-base-color has-text-color has-link-color has-x-large-font-size wp-elements-d6859f846fc1243f179582fffacc7810\">Le Dropshipping facilit\u00e9<\/h1>\n\n\n\n<h2 class=\"wp-block-heading has-base-color has-text-color has-link-color has-medium-font-size wp-elements-dc7de96abb68cb5e9c02de5e502313bb\">Maintenez votre boutique en ligne \u00e0 jour avec les donn\u00e9es d'inventaire de vos fournisseurs en cours de route. Int\u00e9grez votre boutique en ligne directement \u00e0 l'inventaire de vos fournisseurs.<\/h2>\n\n\n\n<ul style=\"line-height:1.75\" class=\"is-style-checkmark-list wp-block-list\">\n<li>Int\u00e9grations avec vos propres fournisseurs<\/li>\n\n\n\n<li>Stimuler la croissance gr\u00e2ce \u00e0 de meilleurs processus<\/li>\n\n\n\n<li>Mise \u00e0 jour automatique de l'\u00e9tat des stocks<\/li>\n\n\n\n<li>Mise \u00e0 jour automatique des prix<\/li>\n<\/ul>\n<\/div>\n\n\n\n<div class=\"wp-block-column is-layout-flow wp-block-column-is-layout-flow\" style=\"flex-basis:60%\">\n<figure class=\"wp-block-image size-large is-style-rounded is-style-rounded--1\"><img decoding=\"async\" width=\"1536\" height=\"796\" src=\"https:\/\/vendino.com\/wp-content\/uploads\/vendino-platform-1536x796.png\" alt=\"Plate-forme Vendino\" class=\"wp-image-331\" srcset=\"https:\/\/vendino.com\/wp-content\/uploads\/vendino-platform-1536x796.png 1536w, https:\/\/vendino.com\/wp-content\/uploads\/vendino-platform-768x398.png 768w, https:\/\/vendino.com\/wp-content\/uploads\/vendino-platform.png 1645w\" sizes=\"(max-width: 1536px) 100vw, 1536px\" \/><\/figure>\n<\/div>\n<\/div>\n<\/div>\n<\/div>\n\n\n\n<div class=\"wp-block-group alignfull has-base-2-background-color has-background has-global-padding is-layout-constrained wp-container-core-group-is-layout-ca038469 wp-block-group-is-layout-constrained\" style=\"margin-top:0;margin-bottom:0;padding-top:var(--wp--preset--spacing--50);padding-right:var(--wp--preset--spacing--40);padding-bottom:var(--wp--preset--spacing--50);padding-left:var(--wp--preset--spacing--40)\">\n<div class=\"wp-block-group alignwide is-vertical is-content-justification-center is-layout-flex wp-container-core-group-is-layout-c9ee0c5a wp-block-group-is-layout-flex\">\n<div class=\"wp-block-group is-vertical is-content-justification-center is-layout-flex wp-container-core-group-is-layout-ce155fab wp-block-group-is-layout-flex\">\n<h2 class=\"wp-block-heading is-style-default\">Comment Vendino aide au dropshipping<\/h2>\n\n\n\n<p class=\"has-text-align-center\">\u00c9vitez les processus manuels de dropshipping - Vendino vous permet d'\u00e9conomiser du temps et des efforts.<\/p>\n<\/div>\n\n\n\n<div class=\"wp-block-columns alignwide is-layout-flex wp-container-core-columns-is-layout-d0bbbce0 wp-block-columns-is-layout-flex\">\n<div class=\"wp-block-column is-layout-flow wp-container-core-column-is-layout-e3d1c41b wp-block-column-is-layout-flow\">\n<div class=\"wp-block-group is-nowrap is-layout-flex wp-container-core-group-is-layout-6c531013 wp-block-group-is-layout-flex\">\n<figure class=\"wp-block-image size-full is-resized wp-duotone-31bf9a-31bf9a-2\"><img decoding=\"async\" src=\"https:\/\/vendino.com\/wp-content\/uploads\/loop.svg\" alt=\"Boucle\" class=\"wp-image-724\" style=\"width:auto;height:40px\"\/><\/figure>\n\n\n\n<h3 class=\"wp-block-heading has-text-align-left is-style-default has-body-font-family has-medium-font-size\" style=\"font-style:normal;font-weight:600\">Rester en contact avec le fournisseur<\/h3>\n<\/div>\n\n\n\n<p class=\"has-text-align-left\">Actualisez les donn\u00e9es relatives aux produits de votre boutique en ligne en fonction des informations que vous pouvez obtenir aupr\u00e8s de votre fournisseur.<\/p>\n\n\n\n<ul class=\"is-style-checkmark-list wp-block-list\">\n<li>Synchronisation des entrep\u00f4ts<\/li>\n\n\n\n<li>Se d\u00e9barrasser des fichiers CSV et XML<\/li>\n\n\n\n<li>Laissez Vendino s'occuper de l'installation<\/li>\n<\/ul>\n<\/div>\n\n\n\n<div class=\"wp-block-column is-layout-flow wp-container-core-column-is-layout-e3d1c41b wp-block-column-is-layout-flow\">\n<div class=\"wp-block-group is-nowrap is-layout-flex wp-container-core-group-is-layout-6c531013 wp-block-group-is-layout-flex\">\n<figure class=\"wp-block-image size-full is-resized wp-duotone-31bf9a-31bf9a-3\"><img decoding=\"async\" src=\"https:\/\/vendino.com\/wp-content\/uploads\/cursor.svg\" alt=\"Curseur\" class=\"wp-image-686\" style=\"width:auto;height:40px\"\/><\/figure>\n\n\n\n<h3 class=\"wp-block-heading has-text-align-left is-style-default has-body-font-family has-medium-font-size\" style=\"font-style:normal;font-weight:600\">Faciliter les commandes<\/h3>\n\n\n\n<h3 class=\"wp-block-heading has-text-align-left is-style-default has-body-font-family has-medium-font-size\" style=\"font-style:normal;font-weight:600\"><\/h3>\n<\/div>\n\n\n\n<p class=\"has-text-align-left\">\u00c9liminez les pertes de temps lors de la commande aupr\u00e8s de votre fournisseur.<\/p>\n\n\n\n<ul class=\"is-style-checkmark-list wp-block-list\">\n<li>Mapping items in order list<\/li>\n\n\n\n<li>Recherche ais\u00e9e par UGS<\/li>\n\n\n\n<li>Guides pour la commande aupr\u00e8s d'un fournisseur<\/li>\n\n\n\n<li>Optimisation des processus de commande<\/li>\n<\/ul>\n<\/div>\n\n\n\n<div class=\"wp-block-column is-layout-flow wp-container-core-column-is-layout-e3d1c41b wp-block-column-is-layout-flow\">\n<div class=\"wp-block-group is-nowrap is-layout-flex wp-container-core-group-is-layout-6c531013 wp-block-group-is-layout-flex\">\n<figure class=\"wp-block-image size-full is-resized wp-duotone-31bf9a-31bf9a-4\"><img decoding=\"async\" src=\"https:\/\/vendino.com\/wp-content\/uploads\/discounttag.svg\" alt=\"Journ\u00e9e de remise\" class=\"wp-image-720\" style=\"width:auto;height:40px\"\/><\/figure>\n\n\n\n<h3 class=\"wp-block-heading has-text-align-left is-style-default has-body-font-family has-medium-font-size\" style=\"font-style:normal;font-weight:600\">D\u00e9finissez vos propres r\u00e8gles de tarification<\/h3>\n\n\n\n<h3 class=\"wp-block-heading has-text-align-left is-style-default has-body-font-family has-medium-font-size\" style=\"font-style:normal;font-weight:600\"><\/h3>\n<\/div>\n\n\n\n<p class=\"has-text-align-left\">Optimisez les prix de votre boutique en ligne pour \u00eatre comp\u00e9titif et rentable.<\/p>\n\n\n\n<ul class=\"is-style-checkmark-list wp-block-list\">\n<li>Ajustement automatique des prix<\/li>\n\n\n\n<li>Fixer des r\u00e8gles pour le ratio de couverture<\/li>\n\n\n\n<li>Cr\u00e9er avec des prix de vente sugg\u00e9r\u00e9s par d\u00e9faut. prix de d\u00e9tail<\/li>\n\n\n\n<li>Obtenir des r\u00e9sultats solides<\/li>\n<\/ul>\n<\/div>\n<\/div>\n<\/div>\n<\/div>\n\n\n\n<div class=\"wp-block-group alignfull has-global-padding is-layout-constrained wp-container-core-group-is-layout-d89aad35 wp-block-group-is-layout-constrained\" style=\"margin-top:0;margin-bottom:0;padding-top:var(--wp--preset--spacing--50);padding-right:var(--wp--preset--spacing--50);padding-bottom:var(--wp--preset--spacing--50);padding-left:var(--wp--preset--spacing--50)\">\n<div class=\"wp-block-group alignwide is-vertical is-content-justification-center is-layout-flex wp-container-core-group-is-layout-81423f52 wp-block-group-is-layout-flex\">\n<figure class=\"wp-block-image size-full is-resized wp-duotone-31bf9a-31bf9a-5\"><img decoding=\"async\" src=\"https:\/\/vendino.com\/wp-content\/uploads\/boxes.svg\" alt=\"Bo\u00eetes\" class=\"wp-image-684\" style=\"width:auto;height:80px\"\/><\/figure>\n\n\n\n<div class=\"wp-block-group is-vertical is-content-justification-center is-layout-flex wp-container-core-group-is-layout-45828fd1 wp-block-group-is-layout-flex\">\n<h2 class=\"wp-block-heading has-text-align-center is-style-default\">\u00cates-vous pr\u00eat \u00e0 faire passer votre boutique en ligne \u00e0 la vitesse sup\u00e9rieure ?<\/h2>\n\n\n\n<p class=\"has-text-align-center\">Dites adieu aux processus manuels, aux fichiers CSV et XML, aux erreurs de prix et \u00e0 tout ce qui rend la vie d'un propri\u00e9taire de boutique en ligne difficile. Essayez Vendino gratuitement.<\/p>\n<\/div>\n\n\n\n<div class=\"wp-block-buttons is-content-justification-center is-layout-flex wp-container-core-buttons-is-layout-b481f376 wp-block-buttons-is-layout-flex\" style=\"margin-top:var(--wp--preset--spacing--10);margin-bottom:var(--wp--preset--spacing--10)\">\n<div class=\"wp-block-button\"><a class=\"wp-block-button__link has-accent-4-background-color has-background has-text-align-center wp-element-button\" href=\"https:\/\/app.vendino.com\/auth\/signup\">Essayez Vendino gratuitement<\/a><\/div>\n<\/div>\n\n\n\n<div class=\"wp-block-group is-vertical is-content-justification-center is-layout-flex wp-container-core-group-is-layout-ce155fab wp-block-group-is-layout-flex\">\n<ul class=\"is-style-checkmark-list wp-block-list\">\n<li><em>Inscription gratuite - Aucune carte de cr\u00e9dit n'est requise.<\/em><\/li>\n<\/ul>\n<\/div>\n<\/div>\n<\/div>","protected":false},"excerpt":{"rendered":"<p>Dropshipping Gjort Nemmere Hold din netbutik opdateret med din leverand\u00f8rs varedata on-the-go. Integrer din webshop direkte med dine leverand\u00f8rers varelager. S\u00e5dan hj\u00e6lper Vendino med dropshipping Slip for manuelle dropshipping processer &#8211; med Vendino sparer du tid og besv\u00e6r. Bliv forbundet med leverand\u00f8ren Hold din netbutiks varedata l\u00f8bende opdateret med de oplysninger, som du kan indhente [&hellip;]<\/p>\n","protected":false},"author":1,"featured_media":0,"parent":0,"menu_order":0,"comment_status":"closed","ping_status":"closed","template":"page-no-title","meta":{"_acf_changed":false,"iawp_total_views":349,"footnotes":""},"class_list":["post-278","page","type-page","status-publish","hentry"],"acf":[],"_links":{"self":[{"href":"https:\/\/vendino.com\/fr\/wp-json\/wp\/v2\/pages\/278","targetHints":{"allow":["GET"]}}],"collection":[{"href":"https:\/\/vendino.com\/fr\/wp-json\/wp\/v2\/pages"}],"about":[{"href":"https:\/\/vendino.com\/fr\/wp-json\/wp\/v2\/types\/page"}],"author":[{"embeddable":true,"href":"https:\/\/vendino.com\/fr\/wp-json\/wp\/v2\/users\/1"}],"replies":[{"embeddable":true,"href":"https:\/\/vendino.com\/fr\/wp-json\/wp\/v2\/comments?post=278"}],"version-history":[{"count":0,"href":"https:\/\/vendino.com\/fr\/wp-json\/wp\/v2\/pages\/278\/revisions"}],"wp:attachment":[{"href":"https:\/\/vendino.com\/fr\/wp-json\/wp\/v2\/media?parent=278"}],"curies":[{"name":"wp","href":"https:\/\/api.w.org\/{rel}","templated":true}]}}