{"id":282,"date":"2023-12-14T15:31:10","date_gmt":"2023-12-14T14:31:10","guid":{"rendered":"https:\/\/vendino.com\/?page_id=282"},"modified":"2024-03-21T14:19:01","modified_gmt":"2024-03-21T13:19:01","slug":"creation-de-produits","status":"publish","type":"page","link":"https:\/\/vendino.com\/fr\/creation-de-produits\/","title":{"rendered":"Cr\u00e9ation de produits"},"content":{"rendered":"<div class=\"wp-block-group alignfull has-accent-4-background-color has-background has-global-padding is-layout-constrained wp-container-core-group-is-layout-b9940f7e wp-block-group-is-layout-constrained\" style=\"margin-top:0;margin-bottom:0;padding-top:var(--wp--preset--spacing--50);padding-right:var(--wp--preset--spacing--40);padding-bottom:var(--wp--preset--spacing--50);padding-left:var(--wp--preset--spacing--40)\">\n<div class=\"wp-block-group alignwide is-vertical is-layout-flex wp-container-core-group-is-layout-4b827052 wp-block-group-is-layout-flex\">\n<div class=\"wp-block-columns alignwide is-layout-flex wp-container-core-columns-is-layout-c6809a2b wp-block-columns-is-layout-flex\">\n<div class=\"wp-block-column is-vertically-aligned-center is-layout-flow wp-container-core-column-is-layout-22223934 wp-block-column-is-layout-flow\" style=\"flex-basis:40%\">\n<h1 class=\"wp-block-heading is-style-default has-base-color has-text-color has-link-color has-x-large-font-size wp-elements-5df810a18db120b6c1358298f72a9ee0\"><strong>Cr\u00e9ation de produits<br>fait\u00a0<mark style=\"background-color:rgba(0, 0, 0, 0)\" class=\"has-inline-color has-accent-2-color\">plus facile<\/mark>.<\/strong><\/h1>\n\n\n\n<h2 class=\"wp-block-heading has-base-color has-text-color has-link-color has-medium-font-size wp-elements-37349e1590504e8e4b6b412af6e4cf7b\">Acc\u00e9dez aux produits des fournisseurs danois et europ\u00e9ens \u00e0 partir d'un seul catalogue de produits.<\/h2>\n\n\n\n<div class=\"wp-block-columns is-layout-flex wp-container-core-columns-is-layout-87beb0d0 wp-block-columns-is-layout-flex\">\n<div class=\"wp-block-column is-layout-flow wp-block-column-is-layout-flow\">\n<h3 class=\"wp-block-heading has-base-color has-text-color has-link-color has-medium-font-size wp-elements-a48332cebb271a53a28dae1521cebcf0\"><strong>Fini les CSV, XML et JSON<\/strong><\/h3>\n\n\n\n<p class=\"has-base-color has-text-color has-link-color wp-elements-88d7dd5857267b358f1b2715d48fa9ae\">Pourquoi s'emb\u00eater avec des fichiers ennuyeux qui ne font pas ce que vous leur demandez ? Laissez Vendino s'occuper de tout !<\/p>\n<\/div>\n\n\n\n<div class=\"wp-block-column is-layout-flow wp-block-column-is-layout-flow\">\n<h3 class=\"wp-block-heading has-base-color has-text-color has-link-color has-medium-font-size wp-elements-1306c639615f5360beb964f7b525a7f1\"><strong>Gagner du temps<\/strong><\/h3>\n\n\n\n<p class=\"has-base-color has-text-color has-link-color wp-elements-4f9d7076840f552ab8e90d015f0334d6\">Consacrez votre temps \u00e0 ce qui a du sens pour vous et votre entreprise. Arr\u00eatez de cr\u00e9er des produits manuellement et faites-le automatiquement avec Vendino.<\/p>\n<\/div>\n<\/div>\n<\/div>\n\n\n\n<div class=\"wp-block-column is-vertically-aligned-center is-layout-flow wp-block-column-is-layout-flow\" style=\"flex-basis:60%\">\n<figure class=\"wp-block-image size-large is-style-rounded is-style-rounded--1\"><img decoding=\"async\" width=\"1536\" height=\"796\" src=\"https:\/\/vendino.com\/wp-content\/uploads\/vendino-platform-1536x796.png\" alt=\"Plate-forme Vendino\" class=\"wp-image-331\" srcset=\"https:\/\/vendino.com\/wp-content\/uploads\/vendino-platform-1536x796.png 1536w, https:\/\/vendino.com\/wp-content\/uploads\/vendino-platform-768x398.png 768w, https:\/\/vendino.com\/wp-content\/uploads\/vendino-platform.png 1645w\" sizes=\"(max-width: 1536px) 100vw, 1536px\" \/><\/figure>\n<\/div>\n<\/div>\n<\/div>\n<\/div>\n\n\n\n<div class=\"wp-block-group alignfull has-base-2-background-color has-background has-global-padding is-layout-constrained wp-container-core-group-is-layout-ca038469 wp-block-group-is-layout-constrained\" style=\"margin-top:0;margin-bottom:0;padding-top:var(--wp--preset--spacing--50);padding-right:var(--wp--preset--spacing--40);padding-bottom:var(--wp--preset--spacing--50);padding-left:var(--wp--preset--spacing--40)\">\n<div class=\"wp-block-group alignwide is-vertical is-content-justification-center is-layout-flex wp-container-core-group-is-layout-3f2d17a9 wp-block-group-is-layout-flex\" style=\"margin-top:0;margin-bottom:0\">\n<div class=\"wp-block-group is-vertical is-content-justification-center is-layout-flex wp-container-core-group-is-layout-ce155fab wp-block-group-is-layout-flex\">\n<h2 class=\"wp-block-heading has-text-align-center is-style-default\">Comment Vendino aide \u00e0 la cr\u00e9ation de produits<\/h2>\n\n\n\n<p class=\"has-text-align-center\">Gagnez du temps sur les processus manuels et \u00e9vitez les erreurs lors de la cr\u00e9ation des produits.<\/p>\n<\/div>\n\n\n\n<div class=\"wp-block-columns alignwide is-layout-flex wp-container-core-columns-is-layout-d0bbbce0 wp-block-columns-is-layout-flex\">\n<div class=\"wp-block-column is-layout-flow wp-container-core-column-is-layout-e3d1c41b wp-block-column-is-layout-flow\">\n<div class=\"wp-block-group is-nowrap is-layout-flex wp-container-core-group-is-layout-6c531013 wp-block-group-is-layout-flex\">\n<figure class=\"wp-block-image size-full is-resized wp-duotone-31bf9a-31bf9a-2\"><img decoding=\"async\" src=\"https:\/\/vendino.com\/wp-content\/uploads\/loop.svg\" alt=\"Boucle\" class=\"wp-image-724\" style=\"width:auto;height:40px\"\/><\/figure>\n\n\n\n<h3 class=\"wp-block-heading has-text-align-left is-style-default has-body-font-family has-medium-font-size\" style=\"font-style:normal;font-weight:600\">Transformer les fichiers en catalogue d'articles<\/h3>\n<\/div>\n\n\n\n<p class=\"has-text-align-left\">Vous disposez d'un ou de plusieurs fichiers fournis par votre fournisseur, mais vous ne pouvez pas les importer dans votre boutique en ligne ? Vendino est la solution qu'il vous faut !<\/p>\n\n\n\n<ul class=\"is-style-checkmark-list wp-block-list\">\n<li>Convertir CSV, XML et JSON en catalogue de produits<\/li>\n\n\n\n<li>Tirez le meilleur parti de vos donn\u00e9es produit<\/li>\n\n\n\n<li>Se d\u00e9barrasser des d\u00e9veloppeurs co\u00fbteux<\/li>\n<\/ul>\n<\/div>\n\n\n\n<div class=\"wp-block-column is-layout-flow wp-container-core-column-is-layout-e3d1c41b wp-block-column-is-layout-flow\">\n<div class=\"wp-block-group is-nowrap is-layout-flex wp-container-core-group-is-layout-6c531013 wp-block-group-is-layout-flex\">\n<figure class=\"wp-block-image size-full is-resized wp-duotone-31bf9a-31bf9a-3\"><img decoding=\"async\" src=\"https:\/\/vendino.com\/wp-content\/uploads\/cursor.svg\" alt=\"Curseur\" class=\"wp-image-686\" style=\"width:auto;height:40px\"\/><\/figure>\n\n\n\n<h3 class=\"wp-block-heading has-text-align-left is-style-default has-body-font-family has-medium-font-size\" style=\"font-style:normal;font-weight:600\">Cr\u00e9er des produits en quelques clics<\/h3>\n<\/div>\n\n\n\n<p>Pourquoi copier-coller les produits de votre boutique en ligne ? Laissez Vendino s'occuper de la cr\u00e9ation des produits.<\/p>\n\n\n\n<ul class=\"is-style-checkmark-list wp-block-list\">\n<li>Gagner du temps<\/li>\n\n\n\n<li>\u00c9viter les erreurs<\/li>\n\n\n\n<li>Rendre visibles davantage de donn\u00e9es sur les articles<\/li>\n\n\n\n<li>S\u00e9lectionner facilement des produits dans le catalogue de produits<\/li>\n<\/ul>\n<\/div>\n\n\n\n<div class=\"wp-block-column is-layout-flow wp-container-core-column-is-layout-e3d1c41b wp-block-column-is-layout-flow\">\n<div class=\"wp-block-group is-nowrap is-layout-flex wp-container-core-group-is-layout-6c531013 wp-block-group-is-layout-flex\">\n<figure class=\"wp-block-image size-full is-resized wp-duotone-31bf9a-31bf9a-4\"><img decoding=\"async\" src=\"https:\/\/vendino.com\/wp-content\/uploads\/discounttag.svg\" alt=\"Journ\u00e9e de remise\" class=\"wp-image-720\" style=\"width:auto;height:40px\"\/><\/figure>\n\n\n\n<h3 class=\"wp-block-heading has-text-align-left is-style-default has-body-font-family has-medium-font-size\" style=\"font-style:normal;font-weight:600\">D\u00e9finissez vos propres r\u00e8gles de tarification<\/h3>\n<\/div>\n\n\n\n<p class=\"has-text-align-left\">Optimisez les prix de votre boutique en ligne pour \u00eatre comp\u00e9titif et rentable.<\/p>\n\n\n\n<ul class=\"is-style-checkmark-list wp-block-list\">\n<li>Ajustement automatique des prix<\/li>\n\n\n\n<li>Fixer des r\u00e8gles pour le ratio de couverture<\/li>\n\n\n\n<li>Cr\u00e9er avec des prix de vente sugg\u00e9r\u00e9s par d\u00e9faut. prix de d\u00e9tail<\/li>\n\n\n\n<li>Obtenir des r\u00e9sultats solides<\/li>\n<\/ul>\n<\/div>\n<\/div>\n<\/div>\n<\/div>\n\n\n\n<div class=\"wp-block-group alignfull has-global-padding is-layout-constrained wp-container-core-group-is-layout-b9940f7e wp-block-group-is-layout-constrained\" style=\"margin-top:0;margin-bottom:0;padding-top:var(--wp--preset--spacing--50);padding-right:var(--wp--preset--spacing--40);padding-bottom:var(--wp--preset--spacing--50);padding-left:var(--wp--preset--spacing--40)\">\n<div class=\"wp-block-group alignwide has-global-padding is-layout-constrained wp-container-core-group-is-layout-19e250f3 wp-block-group-is-layout-constrained\">\n<div class=\"wp-block-group alignwide is-vertical is-content-justification-center is-layout-flex wp-container-core-group-is-layout-ce155fab wp-block-group-is-layout-flex\">\n<div class=\"wp-block-group is-vertical is-content-justification-center is-layout-flex wp-container-core-group-is-layout-6329a8f3 wp-block-group-is-layout-flex\">\n<h2 class=\"wp-block-heading has-text-align-center is-style-default\">\u00cates-vous pr\u00eat \u00e0 faire passer votre boutique en ligne \u00e0 la vitesse sup\u00e9rieure ?<\/h2>\n\n\n\n<p class=\"has-text-align-center\">Dites adieu aux processus manuels, aux fichiers CSV et XML, aux erreurs de prix et \u00e0 tout ce qui rend la vie d'un propri\u00e9taire de boutique en ligne difficile. Essayez Vendino gratuitement.<\/p>\n<\/div>\n\n\n\n<div class=\"wp-block-buttons is-content-justification-center is-layout-flex wp-container-core-buttons-is-layout-b481f376 wp-block-buttons-is-layout-flex\" style=\"margin-top:var(--wp--preset--spacing--10);margin-bottom:var(--wp--preset--spacing--10)\">\n<div class=\"wp-block-button\"><a class=\"wp-block-button__link has-accent-4-background-color has-background has-text-align-center wp-element-button\" href=\"https:\/\/app.vendino.com\/auth\/signup\">Essayez Vendino gratuitement<\/a><\/div>\n<\/div>\n\n\n\n<div class=\"wp-block-group is-vertical is-content-justification-center is-layout-flex wp-container-core-group-is-layout-ce155fab wp-block-group-is-layout-flex\">\n<ul class=\"is-style-checkmark-list wp-block-list\">\n<li><em>Inscription gratuite - Aucune carte de cr\u00e9dit n'est requise.<\/em><\/li>\n<\/ul>\n<\/div>\n<\/div>\n<\/div>\n<\/div>","protected":false},"excerpt":{"rendered":"<p>Produktoprettelsegjort\u00a0nemmere. Tilg\u00e5 produkter fra danske og europ\u00e6iske leverand\u00f8rer fra et samlet varekatalog. Aldrig mere CSV, XML &amp; JSON Hvorfor b\u00f8vle med irriterende filer, der ikke vil g\u00f8re det du beder dem om? Lad Vendino klare besv\u00e6ret! Spar tid Brug din tid p\u00e5 det der giver mening for dig og din forretning. Stop med at oprette [&hellip;]<\/p>\n","protected":false},"author":1,"featured_media":0,"parent":0,"menu_order":0,"comment_status":"closed","ping_status":"closed","template":"page-no-title","meta":{"_acf_changed":false,"iawp_total_views":211,"footnotes":""},"class_list":["post-282","page","type-page","status-publish","hentry"],"acf":[],"_links":{"self":[{"href":"https:\/\/vendino.com\/fr\/wp-json\/wp\/v2\/pages\/282","targetHints":{"allow":["GET"]}}],"collection":[{"href":"https:\/\/vendino.com\/fr\/wp-json\/wp\/v2\/pages"}],"about":[{"href":"https:\/\/vendino.com\/fr\/wp-json\/wp\/v2\/types\/page"}],"author":[{"embeddable":true,"href":"https:\/\/vendino.com\/fr\/wp-json\/wp\/v2\/users\/1"}],"replies":[{"embeddable":true,"href":"https:\/\/vendino.com\/fr\/wp-json\/wp\/v2\/comments?post=282"}],"version-history":[{"count":0,"href":"https:\/\/vendino.com\/fr\/wp-json\/wp\/v2\/pages\/282\/revisions"}],"wp:attachment":[{"href":"https:\/\/vendino.com\/fr\/wp-json\/wp\/v2\/media?parent=282"}],"curies":[{"name":"wp","href":"https:\/\/api.w.org\/{rel}","templated":true}]}}