{"id":3,"date":"2023-11-25T16:43:06","date_gmt":"2023-11-25T16:43:06","guid":{"rendered":"https:\/\/vendino.com\/?page_id=3"},"modified":"2023-12-14T15:17:27","modified_gmt":"2023-12-14T14:17:27","slug":"politique-de-confidentialite","status":"publish","type":"page","link":"https:\/\/vendino.com\/fr\/politique-de-confidentialite\/","title":{"rendered":"Politique de confidentialit\u00e9"},"content":{"rendered":"<p>Sur cette page, vous pouvez lire comment Vendino (\"nous\") utilise les informations que vous fournissez\/laissez derri\u00e8re vous lorsque vous utilisez la plateforme et les services connexes.<\/p>\n\n\n\n<h2 class=\"wp-block-heading\" id=\"1-indsamling-af-personlige-oplysninger\">1. collecte d'informations personnelles<\/h2>\n\n\n\n<p>Conform\u00e9ment \u00e0 la l\u00e9gislation applicable, nous vous informerons toujours avant de collecter des donn\u00e9es \u00e0 caract\u00e8re personnel vous concernant.<\/p>\n\n\n\n<h2 class=\"wp-block-heading\" id=\"2-hvilke-personlige-oplysninger-indsamler-vi\">2. Quelles sont les informations personnelles que nous recueillons ?<\/h2>\n\n\n\n<p>Nous collectons vos donn\u00e9es personnelles g\u00e9n\u00e9rales telles que votre nom, votre adresse \u00e9lectronique et votre adresse postale. En outre, nous collectons des donn\u00e9es pour \u00e9tablir des statistiques et des analyses qui nous aident \u00e0 am\u00e9liorer nos produits et services - veuillez noter que ces donn\u00e9es sont g\u00e9n\u00e9rales\/superficielles. Par exemple, elles incluent votre comportement (c'est-\u00e0-dire les pages sur lesquelles vous cliquez) et ne sont pas utilis\u00e9es pour identifier les visiteurs de nos sites.<\/p>\n\n\n\n<h2 class=\"wp-block-heading\" id=\"3-hvad-bruger-vi-dine-oplysninger-til\">3. \u00c0 quelles fins utilisons-nous vos informations ?<\/h2>\n\n\n\n<p>Nous utilisons votre nom, votre adresse et votre adresse \u00e9lectronique pour g\u00e9rer votre compte d'utilisateur et votre abonnement - sous r\u00e9serve de votre consentement lorsque vous cr\u00e9ez votre abonnement. Ces informations sont n\u00e9cessaires pour que nous puissions communiquer avec vous au sujet de vos produits\/services. Votre adresse IP est utilis\u00e9e uniquement pour identifier les intrusions non autoris\u00e9es de tiers.<\/p>\n\n\n\n<h2 class=\"wp-block-heading\" id=\"4-deling-af-dine-oplysninger\">4. Partage des informations<\/h2>\n\n\n\n<p>Nous ne partageons pas vos informations avec des tiers, sauf si vous y avez consenti. Nous ne vendrons jamais vos informations \u00e0 des tiers !<\/p>\n\n\n\n<h2 class=\"wp-block-heading\" id=\"5-sikkerhed\">5. S\u00fbret\u00e9 et s\u00e9curit\u00e9<\/h2>\n\n\n\n<p>Notre plateforme est d\u00e9velopp\u00e9e selon des principes de s\u00e9curit\u00e9 \u00e9lev\u00e9s et nous nous effor\u00e7ons toujours de prot\u00e9ger la qualit\u00e9 et l'int\u00e9grit\u00e9 de la plateforme. En cas de violation de la s\u00e9curit\u00e9 entra\u00eenant une fuite de vos donn\u00e9es, nous sommes tenus de vous en informer dans les 72 heures.<\/p>\n\n\n\n<h2 class=\"wp-block-heading\" id=\"6-lagring-af-data\">6. Stockage des donn\u00e9es<\/h2>\n\n\n\n<p>Nous ne conservons vos donn\u00e9es que pendant la dur\u00e9e n\u00e9cessaire \u00e0 la r\u00e9alisation des objectifs d\u00e9crits \u00e0 la section 3. Si vous souhaitez que vos donn\u00e9es personnelles soient supprim\u00e9es de notre plateforme, veuillez nous contacter selon les modalit\u00e9s d\u00e9crites au bas de cette page.<\/p>\n\n\n\n<h2 class=\"wp-block-heading\" id=\"7-cookies-og-pixels\">7 Cookies et pixels<\/h2>\n\n\n\n<p>Les cookies sont de petits fichiers texte qui contiennent une cha\u00eene de caract\u00e8res et identifient l'utilisateur de mani\u00e8re unique. Ils sont renvoy\u00e9s au site web et\/ou \u00e0 des tiers. La plupart des navigateurs sont initialement configur\u00e9s pour accepter les cookies, car la plupart des sites web l'exigent pour pouvoir y acc\u00e9der. Toutefois, vous pouvez modifier les param\u00e8tres de votre navigateur de mani\u00e8re \u00e0 ce qu'il refuse g\u00e9n\u00e9ralement les cookies, qu'il bloque les cookies de tiers ou qu'il sp\u00e9cifie quand un cookie est envoy\u00e9.<\/p>\n\n\n\n<p>Les pixels de suivi sont des scripts qui sont ex\u00e9cut\u00e9s lorsqu'un utilisateur arrive sur un site web ou ouvre un courrier \u00e9lectronique. Le pixel lui-m\u00eame n'est pas visible et ne peut \u00eatre vu que dans le code HTML du site web ou de l'e-mail. Le script entra\u00eene le t\u00e9l\u00e9chargement d'un cookie tiers sur votre ordinateur ou reconna\u00eet que l'e-mail a \u00e9t\u00e9 ouvert.<\/p>\n\n\n\n<h3 class=\"wp-block-heading\" id=\"71-google-cookies-og--teknologier\">7.1 Cookies et technologies Google<\/h3>\n\n\n\n<p><strong>Google Analytics :<\/strong>&nbsp;Ce cookie nous permet d'obtenir des informations sur les activit\u00e9s des utilisateurs sur le site web, y compris - mais sans s'y limiter - les pages consult\u00e9es, la source et le temps pass\u00e9 sur un site web. Les informations sont anonymes et affich\u00e9es sous forme de nombres, ce qui signifie qu'elles ne permettent pas de remonter \u00e0 des individus. Cela permet de prot\u00e9ger votre vie priv\u00e9e. En utilisant Google Analytics, nous pouvons voir quel contenu est populaire sur nos sites et nous nous effor\u00e7ons de vous apporter davantage de ce que vous aimez lire et regarder.<\/p>\n\n\n\n<p><strong>Google Analytics Remarketing<\/strong>Google place des cookies sur votre ordinateur, ce qui signifie que lorsque vous quittez notre site web, Google peut vous montrer des annonces sur Vendino qui pourraient vous int\u00e9resser en fonction de votre comportement ant\u00e9rieur sur notre site web. Ces informations ne sont pas personnellement identifiables.<\/p>\n\n\n\n<p><strong>Google AdWords :<\/strong>&nbsp;En utilisant Google Adwords, nous sommes en mesure de voir quelles pages ont \u00e9t\u00e9 utiles pour conduire \u00e0 des soumissions via notre formulaire de contact. Cela nous permet de mieux utiliser notre budget. Ces informations ne sont pas personnellement identifiables.<\/p>\n\n\n\n<p><strong>Google Adwords Remarketing :<\/strong>&nbsp;Google place des cookies sur votre ordinateur, ce qui signifie que lorsque vous quittez notre site Web, Google peut vous montrer des annonces sur Vendino susceptibles de vous int\u00e9resser en fonction de votre comportement ant\u00e9rieur sur notre site Web. Ces informations ne sont pas personnellement identifiables.<\/p>\n\n\n\n<p>Vous pouvez emp\u00eacher que les informations g\u00e9n\u00e9r\u00e9es par le cookie Google concernant votre utilisation de nos sites soient collect\u00e9es et trait\u00e9es par Google \u00e0 l'avenir en t\u00e9l\u00e9chargeant et en installant le module compl\u00e9mentaire de navigateur pour la d\u00e9sactivation de Google Analytics pour votre navigateur Web actuel. Ce module compl\u00e9mentaire est disponible \u00e0 l'adresse suivante&nbsp;<a href=\"https:\/\/tools.google.com\/dlpage\/gaoptout\" target=\"_blank\" rel=\"noopener\">https:\/\/tools.google.com\/dlpage\/gaoptout<\/a>.<\/p>\n\n\n\n<h3 class=\"wp-block-heading\" id=\"72-facebook-cookies\">7.2 Cookies Facebook<\/h3>\n\n\n\n<p>Remarketing Facebook : Le pixel de suivi de Facebook place des cookies sur votre ordinateur qui indiquent \u00e0 Facebook que vous avez consult\u00e9 le site web. Nous supposons alors que vous avez un int\u00e9r\u00eat pour Vendino et le contenu de ce site. Lorsque vous visitez Facebook, vous \u00eates alors expos\u00e9 \u00e0 des informations ou \u00e0 des publicit\u00e9s au contenu similaire. Veuillez utiliser vos param\u00e8tres de confidentialit\u00e9 sur Facebook si vous souhaitez limiter l'exposition \u00e0 ce type de marketing.<\/p>\n\n\n\n<h3 class=\"wp-block-heading\" id=\"73-linkedin\">7.3 LinkedIn<\/h3>\n\n\n\n<p>Dans le cadre du marketing sur LinkedIn, nous utilisons le pixel de suivi de LinkedIn. Ce pixel place des cookies sur votre ordinateur qui indiquent \u00e0 LinkedIn que vous avez visit\u00e9 le site web. Nous partons du principe que vous avez manifest\u00e9 votre int\u00e9r\u00eat pour Vendino et le contenu du site. Lorsque vous visitez LinkedIn, vous pouvez donc \u00eatre expos\u00e9 \u00e0 des informations et\/ou des publicit\u00e9s au contenu similaire. Veuillez utiliser vos param\u00e8tres de confidentialit\u00e9 sur LinkedIn si vous souhaitez limiter votre exposition \u00e0 ce type de marketing.<\/p>\n\n\n\n<h4 class=\"wp-block-heading\" id=\"henvendelser\">Demandes de renseignements<\/h4>\n\n\n\n<p>Si vous avez des questions concernant la politique susmentionn\u00e9e ou si vous souhaitez exercer vos droits en vertu du r\u00e8glement GDPR, veuillez adresser vos demandes de renseignements \u00e0<\/p>\n\n\n\n<p>E-mail :\u00a0<a href=\"mailto:hello@vendino.com\">hello@vendino.com<\/a><\/p>\n\n\n\n<p>Nous r\u00e9pondons \u00e0 toutes les demandes relatives \u00e0 la politique de confidentialit\u00e9 aussi rapidement que possible, et nous garantissons le respect du d\u00e9lai de 30 jours fix\u00e9 par le GDPR. Nous fournissons toujours les donn\u00e9es dans un format lisible par machine.<\/p>","protected":false},"excerpt":{"rendered":"<p>P\u00e5 denne side, kan du l\u00e6se hvordan Vendino (\u201cvi\u201d) anvender de oplysninger, som du afgiver\/efterlader dig, n\u00e5r du benytter platformen samt tilh\u00f8rende tjenester. 1. Indsamling af personlige oplysninger I henhold til den g\u00e6ldende lovgivning, vil vi altid oplyse dig forud for indsamling af personlige oplysninger om dig. 2. Hvilke personlige oplysninger indsamler vi? Vi indsamler [&hellip;]<\/p>\n","protected":false},"author":1,"featured_media":0,"parent":0,"menu_order":0,"comment_status":"closed","ping_status":"closed","template":"","meta":{"_acf_changed":false,"iawp_total_views":172,"footnotes":""},"class_list":["post-3","page","type-page","status-publish","hentry"],"acf":[],"_links":{"self":[{"href":"https:\/\/vendino.com\/fr\/wp-json\/wp\/v2\/pages\/3","targetHints":{"allow":["GET"]}}],"collection":[{"href":"https:\/\/vendino.com\/fr\/wp-json\/wp\/v2\/pages"}],"about":[{"href":"https:\/\/vendino.com\/fr\/wp-json\/wp\/v2\/types\/page"}],"author":[{"embeddable":true,"href":"https:\/\/vendino.com\/fr\/wp-json\/wp\/v2\/users\/1"}],"replies":[{"embeddable":true,"href":"https:\/\/vendino.com\/fr\/wp-json\/wp\/v2\/comments?post=3"}],"version-history":[{"count":0,"href":"https:\/\/vendino.com\/fr\/wp-json\/wp\/v2\/pages\/3\/revisions"}],"wp:attachment":[{"href":"https:\/\/vendino.com\/fr\/wp-json\/wp\/v2\/media?parent=3"}],"curies":[{"name":"wp","href":"https:\/\/api.w.org\/{rel}","templated":true}]}}