{"id":130,"date":"2023-12-14T12:52:22","date_gmt":"2023-12-14T11:52:22","guid":{"rendered":"https:\/\/vendino.com\/?page_id=130"},"modified":"2023-12-14T12:52:23","modified_gmt":"2023-12-14T11:52:23","slug":"termini-dellutente","status":"publish","type":"page","link":"https:\/\/vendino.com\/it\/termini-dellutente\/","title":{"rendered":"Condizioni di utilizzo"},"content":{"rendered":"<p>I presenti termini e condizioni generali (l'\"Accordo\") si applicano tra Vendino ApS e l'azienda (l'Utente) che ha il diritto di usare e utilizza&nbsp;<a href=\"https:\/\/vendino.com\/it\/\">vendino.com<\/a>.<\/p>\n\n\n\n<p>Nel Contratto, \"Vendino\" si riferisce alla societ\u00e0 (Vendino ApS). La Piattaforma e tutti i sottodomini associati al dominio \"vendino.com\" sono indicati semplicemente come \"<a href=\"https:\/\/vendino.com&quot;\/\">www.vendino.com<\/a>\".<\/p>\n\n\n\n<h4 class=\"wp-block-heading\" id=\"1-betingelser\">1. condizioni<\/h4>\n\n\n\n<ul class=\"wp-block-list\">\n<li>1.1 I presenti termini e condizioni generali si applicano a tutti i contratti stipulati su&nbsp;<a href=\"https:\/\/vendino.com\/it\/\">www.vendino.com<\/a>&nbsp;con alle spalle la societ\u00e0 Vendino ApS.<\/li>\n<\/ul>\n\n\n\n<h4 class=\"wp-block-heading\" id=\"2--rettigheder\">2. Diritti e facolt\u00e0<\/h4>\n\n\n\n<ul class=\"wp-block-list\">\n<li>2.1 Tutti i diritti sul sistema&nbsp;<a href=\"https:\/\/vendino.com\/it\/\">www.vendino.com<\/a>&nbsp;appartiene a Vendino.<\/li>\n\n\n\n<li>2.2 Con l'acquisto di un abbonamento, l'Utente ha ottenuto il diritto di utilizzare il sistema, che Vendino pu\u00f2 revocare in qualsiasi momento e senza preavviso (cfr. sezione 8, Abuso).<\/li>\n\n\n\n<li>2.3 Diritto di utilizzo dell'utente&nbsp;<a href=\"https:\/\/vendino.com\/it\/\">www.vendino.com<\/a>&nbsp;\u00e8 un accordo non esclusivo.<\/li>\n<\/ul>\n\n\n\n<h4 class=\"wp-block-heading\" id=\"3--priser\">3. Prezzi<\/h4>\n\n\n\n<ul class=\"wp-block-list\">\n<li>3.1 Tutti i prezzi indicati su&nbsp;<a href=\"https:\/\/vendino.com\/it\/\">www.vendino.com<\/a>&nbsp;sono validi solo il giorno dell'ordine e possono essere modificati da Vendino in qualsiasi momento - Si ricorda che Vendino informer\u00e0 l'utente almeno 30 giorni prima dell'entrata in vigore delle modifiche di prezzo.<\/li>\n\n\n\n<li>3.2 Tutti i prezzi sono espressi in corone danesi (DKK) e sono al netto dell'IVA e delle imposte dovute in conformit\u00e0 alle normative vigenti.<\/li>\n<\/ul>\n\n\n\n<h4 class=\"wp-block-heading\" id=\"4--abonnement--betaling\">4. Abbonamento e pagamento<\/h4>\n\n\n\n<ul class=\"wp-block-list\">\n<li>4.1 Acquisto del diritto d'uso per&nbsp;<a href=\"https:\/\/vendino.com\/it\/\">www.vendino.com<\/a>&nbsp;\u00e8 un contratto di abbonamento stipulato tra l'Utente e Vendino.<\/li>\n\n\n\n<li>4.2 L'abbonamento sar\u00e0 fatturato automaticamente ogni mese fino a quando l'Utente non lo annuller\u00e0. La cancellazione dell'abbonamento avviene per via elettronica all'indirizzo&nbsp;<a href=\"https:\/\/vendino.com\/it\/\">www.vendino.com<\/a>&nbsp;o via e-mail all'indirizzo&nbsp;<a href=\"mailto:hello@vendino.com\">hello@vendino.com<\/a>.<\/li>\n\n\n\n<li>4.3 Gli abbonamenti possono essere annullati solo al termine di un periodo di validit\u00e0.<\/li>\n\n\n\n<li>4.4 In caso di ritardato pagamento, il diritto di utilizzare il&nbsp;<a href=\"https:\/\/vendino.com\/it\/\">www.vendino.com<\/a>&nbsp;immediatamente annullato se non \u00e8 stato stipulato un altro accordo. Accesso a&nbsp;<a href=\"https:\/\/vendino.com\/it\/\">www.vendino.com<\/a>&nbsp;pu\u00f2 essere riaperto dopo che il pagamento \u00e8 stato ricevuto per intero, a meno che Vendino non abbia annullato l'abbonamento in precedenza.<\/li>\n\n\n\n<li>4.5 Vendino pu\u00f2 interrompere l'abbonamento in qualsiasi momento se sospetta o rileva un abuso, compreso l'accesso non autorizzato ai dati da parte dell'Utente.<\/li>\n\n\n\n<li>4.6 Il pagamento dei beni e dei prodotti offerti sulla Piattaforma sar\u00e0 detratto dalla carta di pagamento registrata al momento della creazione (se non diversamente concordato).<\/li>\n<\/ul>\n\n\n\n<h4 class=\"wp-block-heading\" id=\"5--data\">5. Dati<\/h4>\n\n\n\n<ul class=\"wp-block-list\">\n<li>5.1 Vendino non ha alcun diritto sui dati dell'Utente.<\/li>\n\n\n\n<li>5.2 Alla cessazione dell'Accordo, Vendino pu\u00f2 cancellare i dati dell'Utente in qualsiasi momento e per qualsiasi motivo. Vendino deve informare l'Utente almeno 10 giorni prima della cancellazione dei dati, in modo che l'Utente possa spostare i propri dati.<\/li>\n\n\n\n<li>5.3 Vendino non \u00e8 responsabile della perdita di dati per qualsiasi motivo. In caso di perdita di dati, Vendino cercher\u00e0 di ripristinare i dati utilizzando i backup, ma non garantisce il ripristino dei dati persi.<\/li>\n<\/ul>\n\n\n\n<h4 class=\"wp-block-heading\" id=\"6--driftsstabilitet\">6. Stabilit\u00e0 operativa<\/h4>\n\n\n\n<ul class=\"wp-block-list\">\n<li>6.1 Vendino si adopera per ottenere il massimo uptime possibile di&nbsp;<a href=\"https:\/\/vendino.com\/it\/\">www.vendino.com<\/a>ma non \u00e8 responsabile di interruzioni o guasti per qualsiasi motivo.<\/li>\n\n\n\n<li>6.2 In caso di guasti o disservizi, Vendino si impegna a ripristinare la normale operativit\u00e0 nel pi\u00f9 breve tempo possibile.<\/li>\n<\/ul>\n\n\n\n<h4 class=\"wp-block-heading\" id=\"7--brugerens-ansvar--forpligtelser\">7. Responsabilit\u00e0 e obblighi dell'utente<\/h4>\n\n\n\n<ul class=\"wp-block-list\">\n<li>7.1 L'Utente \u00e8 sempre responsabile del mantenimento dell'accesso dell'Utente a&nbsp;<a href=\"https:\/\/vendino.com.\/\">www.vendino.com.<\/a>&nbsp;Vendino non \u00e8 responsabile di intrusioni non autorizzate causate da terzi. In caso di abusi causati da intrusioni non autorizzate, Vendino deve essere informato il prima possibile.<\/li>\n\n\n\n<li>7.2 In caso di abuso da parte di terzi non autorizzati, Vendino pu\u00f2 in qualsiasi momento revocare all'Utente l'accesso a&nbsp;<a href=\"https:\/\/vendino.com.\/\">www.vendino.com.<\/a>&nbsp;Vendino ripristiner\u00e0 l'accesso dell'Utente se Vendino non ha preventivamente cancellato l'abbonamento.<\/li>\n\n\n\n<li>7.3 L'Utente \u00e8 sempre responsabile di garantire una connessione a Internet e di mantenersi aggiornato con le ultime versioni delle applicazioni del browser come prerequisito per l'utilizzo del diritto d'uso.&nbsp;<a href=\"https:\/\/vendino.com.\/\">www.vendino.com.<\/a><\/li>\n\n\n\n<li>7.4 L'Utente \u00e8 sempre responsabile del rispetto delle leggi vigenti.<\/li>\n<\/ul>\n\n\n\n<h4 class=\"wp-block-heading\" id=\"8--misbrug\">8. Abuso<\/h4>\n\n\n\n<ul class=\"wp-block-list\">\n<li>8.1 Vendino pu\u00f2 in qualsiasi momento revocare all'Utente l'accesso a&nbsp;<a href=\"https:\/\/vendino.com\/it\/\">www.vendino.com<\/a>&nbsp;se Vendino sospetta o rileva un abuso. Vendino informer\u00e0 l'Utente il prima possibile in caso di sospetto abuso.<\/li>\n\n\n\n<li>8.2 Vendino si adopera per evitare qualsiasi abuso di&nbsp;<a href=\"https:\/\/vendino.com\/it\/\">www.vendino.com<\/a>ma non garantisce che non possano verificarsi abusi, inclusa l'intrusione nei sistemi informatici di Vendino.<\/li>\n<\/ul>\n\n\n\n<h4 class=\"wp-block-heading\" id=\"9--fortrydelsesret\">9. Diritto di cancellazione<\/h4>\n\n\n\n<ul class=\"wp-block-list\">\n<li>9.1 Con l'acquisto di un abbonamento, l'Utente rinuncia al diritto di recesso, in quanto l'abbonamento viene messo in uso immediatamente. In caso di cancellazione, l'Utente pu\u00f2 contattare Vendino e Vendino pu\u00f2, a sua discrezione, rimborsare l'acquisto dell'Utente.<\/li>\n<\/ul>\n\n\n\n<h4 class=\"wp-block-heading\" id=\"10-ikrafttr\u00e6den--\u00e6ndringer\">10. Entrata in vigore e modifiche<\/h4>\n\n\n\n<ul class=\"wp-block-list\">\n<li>10.1 Il Contratto \u00e8 valido a partire dal 23 ottobre 2020.<\/li>\n\n\n\n<li>10.2 Vendino si riserva il diritto di modificare e aggiornare i termini dell'Accordo senza preavviso. Vendino si adopera per informare l'Utente di eventuali modifiche significative, ma \u00e8 responsabilit\u00e0 dell'Utente tenersi aggiornato sui termini e le condizioni attuali.<\/li>\n<\/ul>","protected":false},"excerpt":{"rendered":"<p>Disse generelle vilk\u00e5r (\u201cAftalen\u201d) er g\u00e6ldende mellem Vendino ApS og virksomheden (Brugeren), der har brugsret og anvender&nbsp;vendino.com. I Aftalen refererer \u201cVendino\u201d til virksomheden (Vendino ApS). Platformen samt alle tilh\u00f8rende subdom\u00e6ner til dom\u00e6net \u201cvendino.com\u201d n\u00e6vnes blot som \u201cwww.vendino.com\u201d. 1. Betingelser 2. Rettigheder 3. Priser 4. Abonnement &amp; betaling 5. Data 6. Driftsstabilitet 7. Brugerens ansvar &amp; [&hellip;]<\/p>\n","protected":false},"author":1,"featured_media":0,"parent":0,"menu_order":0,"comment_status":"closed","ping_status":"closed","template":"","meta":{"_acf_changed":false,"iawp_total_views":156,"footnotes":""},"class_list":["post-130","page","type-page","status-publish","hentry"],"acf":[],"_links":{"self":[{"href":"https:\/\/vendino.com\/it\/wp-json\/wp\/v2\/pages\/130","targetHints":{"allow":["GET"]}}],"collection":[{"href":"https:\/\/vendino.com\/it\/wp-json\/wp\/v2\/pages"}],"about":[{"href":"https:\/\/vendino.com\/it\/wp-json\/wp\/v2\/types\/page"}],"author":[{"embeddable":true,"href":"https:\/\/vendino.com\/it\/wp-json\/wp\/v2\/users\/1"}],"replies":[{"embeddable":true,"href":"https:\/\/vendino.com\/it\/wp-json\/wp\/v2\/comments?post=130"}],"version-history":[{"count":0,"href":"https:\/\/vendino.com\/it\/wp-json\/wp\/v2\/pages\/130\/revisions"}],"wp:attachment":[{"href":"https:\/\/vendino.com\/it\/wp-json\/wp\/v2\/media?parent=130"}],"curies":[{"name":"wp","href":"https:\/\/api.w.org\/{rel}","templated":true}]}}