{"id":133,"date":"2023-12-14T12:54:59","date_gmt":"2023-12-14T11:54:59","guid":{"rendered":"https:\/\/vendino.com\/?page_id=133"},"modified":"2024-05-14T11:39:55","modified_gmt":"2024-05-14T10:39:55","slug":"politica-dei-cookie","status":"publish","type":"page","link":"https:\/\/vendino.com\/it\/politica-dei-cookie\/","title":{"rendered":"Informativa sui cookie"},"content":{"rendered":"<h2 class=\"wp-block-heading\" id=\"hvad-er-en-cookie\">Che cos'\u00e8 un biscotto?<\/h2>\n\n\n\n<p>Nonostante il nome, quando parliamo di cookie non stiamo parlando di biscotti. Il termine \"cookie\" indica un piccolo \"pezzo\" di dati che i siti web memorizzano nel browser. I cookie vengono utilizzati per memorizzare dati sull'utente, ad esempio possono contenere dati sulle impostazioni dell'utente o sulle preferenze linguistiche di un determinato sito web. Un cookie \u00e8 semplicemente un piccolo file di dati che pu\u00f2 essere memorizzato da un sito web nel browser dell'utente e che oggi viene utilizzato praticamente da tutti i siti web.<\/p>\n\n\n\n<h2 class=\"wp-block-heading\" id=\"hvorfor-informerer-i-om-cookies\">Perch\u00e9 informate sui cookie?<\/h2>\n\n\n\n<p>Tutti i siti web danesi sono obbligati a informare l'utente sull'uso dei cookie da parte del sistema. L'utente deve quindi accettare l'uso dei cookie da parte del sito web, in quanto la legge impone di informare l'utente in merito.<\/p>\n\n\n\n<p>Per ulteriori informazioni sulla legislazione e sui cookie, consultare l'Ordine esecutivo sui cookie.&nbsp;<a href=\"https:\/\/www.retsinformation.dk\/Forms\/R0710.aspx?id=146417\" target=\"_blank\" rel=\"noopener\">L'ordine esecutivo sui biscotti<\/a><\/p>\n\n\n\n<h2 class=\"wp-block-heading\" id=\"hvilke-cookies-bruger-vendino\">Quali cookie utilizza Vendino?<\/h2>\n\n\n\n<p>Utilizziamo i seguenti tipi di cookie:<\/p>\n\n\n\n<h3 class=\"wp-block-heading\" id=\"sessionscookie\">Cookie di sessione<\/h3>\n\n\n\n<p>Lo scopo di questo cookie \u00e8 quello di rendere unico l'utente, in modo che il server sappia che diverse richieste provengono da utenti diversi. Questo cookie scade quando il browser viene chiuso.<\/p>\n\n\n\n<h3 class=\"wp-block-heading\" id=\"xsrf-token\">XSRF-TOKEN<\/h3>\n\n\n\n<p>Questo cookie funge da sicurezza affinch\u00e9 il server possa sempre convalidare una richiesta. Un cookie XSRF ha quindi lo scopo di proteggere l'utente dagli attacchi XSRF. Questo cookie viene rinnovato a ogni richiesta e scade alla chiusura del browser.<\/p>\n\n\n\n<h3 class=\"wp-block-heading\" id=\"cookieconsent\">Consenso ai cookie<\/h3>\n\n\n\n<p>Questo cookie garantisce che il sito web ricordi quando l'utente accetta i cookie. Questo cookie scade dopo 365 giorni.<\/p>","protected":false},"excerpt":{"rendered":"<p>Hvad er en cookie? Trods navnet er det er ikke sm\u00e5kager, vi taler om, n\u00e5r vi n\u00e6vner cookies. En cookie er betegnelsen for en lille \u2019bid\u2019 data, som hjemmesider gemmer i browseren. Cookies bruges til at lagre data om brugeren \u2013 For eksempel kan en cookie indeholde data om brugerens indstillinger eller sprog pr\u00e6ferencer p\u00e5 [&hellip;]<\/p>\n","protected":false},"author":1,"featured_media":0,"parent":0,"menu_order":0,"comment_status":"closed","ping_status":"closed","template":"","meta":{"_acf_changed":false,"iawp_total_views":120,"footnotes":""},"class_list":["post-133","page","type-page","status-publish","hentry"],"acf":[],"_links":{"self":[{"href":"https:\/\/vendino.com\/it\/wp-json\/wp\/v2\/pages\/133","targetHints":{"allow":["GET"]}}],"collection":[{"href":"https:\/\/vendino.com\/it\/wp-json\/wp\/v2\/pages"}],"about":[{"href":"https:\/\/vendino.com\/it\/wp-json\/wp\/v2\/types\/page"}],"author":[{"embeddable":true,"href":"https:\/\/vendino.com\/it\/wp-json\/wp\/v2\/users\/1"}],"replies":[{"embeddable":true,"href":"https:\/\/vendino.com\/it\/wp-json\/wp\/v2\/comments?post=133"}],"version-history":[{"count":0,"href":"https:\/\/vendino.com\/it\/wp-json\/wp\/v2\/pages\/133\/revisions"}],"wp:attachment":[{"href":"https:\/\/vendino.com\/it\/wp-json\/wp\/v2\/media?parent=133"}],"curies":[{"name":"wp","href":"https:\/\/api.w.org\/{rel}","templated":true}]}}