{"id":268,"date":"2023-12-14T15:21:43","date_gmt":"2023-12-14T14:21:43","guid":{"rendered":"https:\/\/vendino.com\/?page_id=268"},"modified":"2024-05-14T13:25:39","modified_gmt":"2024-05-14T12:25:39","slug":"contatto","status":"publish","type":"page","link":"https:\/\/vendino.com\/it\/contatto\/","title":{"rendered":"Contattateci"},"content":{"rendered":"<div class=\"wp-block-group alignfull has-accent-4-background-color has-background has-global-padding is-layout-constrained wp-container-core-group-is-layout-a151063b wp-block-group-is-layout-constrained\" style=\"padding-top:var(--wp--preset--spacing--50);padding-right:var(--wp--preset--spacing--40);padding-bottom:var(--wp--preset--spacing--50);padding-left:var(--wp--preset--spacing--40)\">\n<div class=\"wp-block-group alignwide is-vertical is-content-justification-center is-layout-flex wp-container-core-group-is-layout-06934afc wp-block-group-is-layout-flex\" style=\"min-height:404px;margin-top:0;margin-bottom:0;padding-top:0;padding-right:0;padding-bottom:0;padding-left:0\">\n<div class=\"wp-block-columns alignwide is-layout-flex wp-container-core-columns-is-layout-9b9588fb wp-block-columns-is-layout-flex\" style=\"padding-top:0;padding-bottom:0\">\n<div class=\"wp-block-column is-vertically-aligned-center is-layout-flow wp-container-core-column-is-layout-22223934 wp-block-column-is-layout-flow\" style=\"flex-basis:40%\">\n<h1 class=\"wp-block-heading is-style-default has-base-color has-text-color has-link-color has-x-large-font-size wp-elements-f1654403f73f7e9133834a0ac02b1a84\"><strong>Creazione del prodotto effettuata&nbsp;<mark style=\"background-color:rgba(0, 0, 0, 0)\" class=\"has-inline-color has-accent-2-color\">pi\u00f9 facile<\/mark>.<\/strong><\/h1>\n\n\n\n<h2 class=\"wp-block-heading has-base-color has-text-color has-link-color has-medium-font-size wp-elements-cba99b460b7a05ff92e60fa7bb5aa480\">Avete domande? Volete saperne di pi\u00f9?<br>Siamo pronti ad aiutarvi.<\/h2>\n<\/div>\n\n\n\n<div class=\"wp-block-column is-vertically-aligned-center is-layout-flow wp-block-column-is-layout-flow\" style=\"flex-basis:60%\">\n<figure class=\"wp-block-image size-full is-style-rounded is-style-rounded--1\"><img decoding=\"async\" width=\"500\" height=\"333\" src=\"https:\/\/vendino.com\/wp-content\/uploads\/open-shop.jpg\" alt=\"Negozio aperto\" class=\"wp-image-522\" srcset=\"https:\/\/vendino.com\/wp-content\/uploads\/open-shop.jpg 500w, https:\/\/vendino.com\/wp-content\/uploads\/open-shop-18x12.jpg 18w\" sizes=\"(max-width: 500px) 100vw, 500px\" \/><\/figure>\n<\/div>\n<\/div>\n<\/div>\n<\/div>\n\n\n\n<div class=\"wp-block-group alignfull has-base-2-background-color has-background has-global-padding is-layout-constrained wp-container-core-group-is-layout-ca038469 wp-block-group-is-layout-constrained\" style=\"margin-top:0;margin-bottom:0;padding-top:var(--wp--preset--spacing--50);padding-right:var(--wp--preset--spacing--40);padding-bottom:var(--wp--preset--spacing--50);padding-left:var(--wp--preset--spacing--40)\">\n<div class=\"wp-block-group alignwide is-vertical is-layout-flex wp-container-core-group-is-layout-fe9cc265 wp-block-group-is-layout-flex\">\n<div class=\"wp-block-columns alignwide is-layout-flex wp-container-core-columns-is-layout-e7d3ef0f wp-block-columns-is-layout-flex\" style=\"padding-top:0;padding-right:0;padding-bottom:0;padding-left:0\">\n<div class=\"wp-block-column is-layout-flow wp-container-core-column-is-layout-e3d1c41b wp-block-column-is-layout-flow\">\n<div class=\"wp-block-group is-nowrap is-layout-flex wp-container-core-group-is-layout-6c531013 wp-block-group-is-layout-flex\">\n<figure class=\"wp-block-image size-full is-resized wp-duotone-31bf9a-31bf9a-2\"><img decoding=\"async\" src=\"https:\/\/vendino.com\/wp-content\/uploads\/avatar-1.svg\" alt=\"Avatar\" class=\"wp-image-731\" style=\"width:auto;height:45px\"\/><\/figure>\n\n\n\n<h3 class=\"wp-block-heading has-text-align-left is-style-default has-body-font-family has-medium-font-size\" style=\"font-style:normal;font-weight:600\">Supporto generale<\/h3>\n<\/div>\n\n\n\n<p class=\"has-text-align-left\">Hai bisogno di aiuto per usare Vendino? Consultate il nostro archivio di supporto dove troverete informazioni sull'utilizzo di Vendino.<\/p>\n<\/div>\n\n\n\n<div class=\"wp-block-column is-layout-flow wp-container-core-column-is-layout-e3d1c41b wp-block-column-is-layout-flow\">\n<div class=\"wp-block-group is-nowrap is-layout-flex wp-container-core-group-is-layout-6c531013 wp-block-group-is-layout-flex\">\n<figure class=\"wp-block-image size-full is-resized wp-duotone-31bf9a-31bf9a-3\"><img decoding=\"async\" src=\"https:\/\/vendino.com\/wp-content\/uploads\/message.svg\" alt=\"Messaggio\" class=\"wp-image-726\" style=\"width:auto;height:40px\"\/><\/figure>\n\n\n\n<h3 class=\"wp-block-heading has-text-align-left is-style-default has-body-font-family has-medium-font-size\" style=\"font-style:normal;font-weight:600\">Per i fornitori<\/h3>\n<\/div>\n\n\n\n<p class=\"has-text-align-left\">Sei un fornitore e vuoi integrare i tuoi prodotti con Vendino? Contattateci per una chiacchierata non vincolante sulle vostre opzioni.<\/p>\n<\/div>\n\n\n\n<div class=\"wp-block-column is-layout-flow wp-container-core-column-is-layout-e3d1c41b wp-block-column-is-layout-flow\">\n<div class=\"wp-block-group is-nowrap is-layout-flex wp-container-core-group-is-layout-6c531013 wp-block-group-is-layout-flex\">\n<figure class=\"wp-block-image size-full is-resized wp-duotone-31bf9a-31bf9a-4\"><img decoding=\"async\" src=\"https:\/\/vendino.com\/wp-content\/uploads\/bag.svg\" alt=\"Borsa\" class=\"wp-image-717\" style=\"width:auto;height:40px\"\/><\/figure>\n\n\n\n<h3 class=\"wp-block-heading has-text-align-left is-style-default has-body-font-family has-medium-font-size\" style=\"font-style:normal;font-weight:600\">Collaborazione<\/h3>\n<\/div>\n\n\n\n<p class=\"has-text-align-left\">Vedi opportunit\u00e0 di collaborazione con Vendino? Non esitate a contattarci, saremo lieti di sentirvi!<\/p>\n<\/div>\n<\/div>\n<\/div>\n<\/div>\n\n\n\n<div class=\"wp-block-group alignfull has-global-padding is-layout-constrained wp-container-core-group-is-layout-b9940f7e wp-block-group-is-layout-constrained\" style=\"margin-top:0;margin-bottom:0;padding-top:var(--wp--preset--spacing--50);padding-right:var(--wp--preset--spacing--40);padding-bottom:var(--wp--preset--spacing--50);padding-left:var(--wp--preset--spacing--40)\">\n<div class=\"wp-block-group alignwide has-base-2-background-color has-background is-vertical is-content-justification-center is-layout-flex wp-container-core-group-is-layout-bf5d5e49 wp-block-group-is-layout-flex\" style=\"border-radius:16px;padding-top:var(--wp--preset--spacing--50);padding-right:var(--wp--preset--spacing--40);padding-bottom:var(--wp--preset--spacing--50);padding-left:var(--wp--preset--spacing--40)\">\n<h2 class=\"wp-block-heading has-text-align-center has-x-large-font-size\">Scrivici<\/h2>\n\n\n\n<p class=\"has-text-align-center has-medium-font-size\">Ci impegniamo a rispondere entro 24 ore.<\/p>\n\n\n\n<p class=\"has-text-align-center has-medium-font-size\">Scrivere a&nbsp;<a href=\"mailto:hello@vendino.com\">hello@vendino.com<\/a><\/p>\n<\/div>\n<\/div>\n\n\n\n<div class=\"wp-block-group alignfull has-global-padding is-layout-constrained wp-container-core-group-is-layout-3d5ac7cc wp-block-group-is-layout-constrained\" style=\"padding-top:var(--wp--preset--spacing--50);padding-right:0;padding-bottom:var(--wp--preset--spacing--50);padding-left:0\">\n<div class=\"wp-block-columns alignfull are-vertically-aligned-center is-layout-flex wp-container-core-columns-is-layout-f176861b wp-block-columns-is-layout-flex\" style=\"padding-top:var(--wp--preset--spacing--50);padding-right:var(--wp--preset--spacing--40);padding-bottom:var(--wp--preset--spacing--50);padding-left:var(--wp--preset--spacing--40)\">\n<div class=\"wp-block-column is-vertically-aligned-center is-layout-flow wp-block-column-is-layout-flow\" style=\"flex-basis:25%\">\n<figure class=\"wp-block-image aligncenter size-full\"><img decoding=\"async\" width=\"600\" height=\"338\" src=\"https:\/\/vendino.com\/wp-content\/uploads\/e-commerce-sign-1.jpeg\" alt=\"Segno di commercio elettronico 1\" class=\"wp-image-524\" srcset=\"https:\/\/vendino.com\/wp-content\/uploads\/e-commerce-sign-1.jpeg 600w, https:\/\/vendino.com\/wp-content\/uploads\/e-commerce-sign-1-18x10.jpeg 18w\" sizes=\"(max-width: 600px) 100vw, 600px\" \/><\/figure>\n<\/div>\n\n\n\n<div class=\"wp-block-column is-vertically-aligned-center is-layout-flow wp-block-column-is-layout-flow\" style=\"flex-basis:50%\">\n<div class=\"wp-block-columns is-layout-flex wp-container-core-columns-is-layout-28f84493 wp-block-columns-is-layout-flex\">\n<div class=\"wp-block-column is-vertically-aligned-center is-layout-flow wp-block-column-is-layout-flow\">\n<figure class=\"wp-block-image aligncenter size-full\"><img decoding=\"async\" width=\"500\" height=\"333\" src=\"https:\/\/vendino.com\/wp-content\/uploads\/woman-laptop.jpg\" alt=\"Donna Laptop\" class=\"wp-image-520\" srcset=\"https:\/\/vendino.com\/wp-content\/uploads\/woman-laptop.jpg 500w, https:\/\/vendino.com\/wp-content\/uploads\/woman-laptop-18x12.jpg 18w\" sizes=\"(max-width: 500px) 100vw, 500px\" \/><\/figure>\n<\/div>\n\n\n\n<div class=\"wp-block-column is-vertically-aligned-center is-layout-flow wp-block-column-is-layout-flow\">\n<figure class=\"wp-block-image aligncenter size-full\"><img decoding=\"async\" width=\"500\" height=\"333\" src=\"https:\/\/vendino.com\/wp-content\/uploads\/open-shop.jpg\" alt=\"Negozio aperto\" class=\"wp-image-522\" srcset=\"https:\/\/vendino.com\/wp-content\/uploads\/open-shop.jpg 500w, https:\/\/vendino.com\/wp-content\/uploads\/open-shop-18x12.jpg 18w\" sizes=\"(max-width: 500px) 100vw, 500px\" \/><\/figure>\n<\/div>\n<\/div>\n\n\n\n<div class=\"wp-block-columns is-layout-flex wp-container-core-columns-is-layout-28f84493 wp-block-columns-is-layout-flex\">\n<div class=\"wp-block-column is-layout-flow wp-block-column-is-layout-flow\">\n<figure class=\"wp-block-image aligncenter size-medium\"><img decoding=\"async\" width=\"512\" height=\"768\" src=\"https:\/\/vendino.com\/wp-content\/uploads\/pexels-canva-studio-3194519-512x768.jpg\" alt=\"Pexels Canva Studio 3194519\" class=\"wp-image-527\" style=\"aspect-ratio:3\/2;object-fit:cover\" srcset=\"https:\/\/vendino.com\/wp-content\/uploads\/pexels-canva-studio-3194519-512x768.jpg 512w, https:\/\/vendino.com\/wp-content\/uploads\/pexels-canva-studio-3194519-1024x1536.jpg 1024w, https:\/\/vendino.com\/wp-content\/uploads\/pexels-canva-studio-3194519-768x1152.jpg 768w, https:\/\/vendino.com\/wp-content\/uploads\/pexels-canva-studio-3194519-1365x2048.jpg 1365w, https:\/\/vendino.com\/wp-content\/uploads\/pexels-canva-studio-3194519-8x12.jpg 8w, https:\/\/vendino.com\/wp-content\/uploads\/pexels-canva-studio-3194519-scaled.jpg 1707w\" sizes=\"(max-width: 512px) 100vw, 512px\" \/><\/figure>\n<\/div>\n\n\n\n<div class=\"wp-block-column is-layout-flow wp-block-column-is-layout-flow\">\n<figure class=\"wp-block-image aligncenter size-medium\"><img decoding=\"async\" width=\"768\" height=\"512\" src=\"https:\/\/vendino.com\/wp-content\/uploads\/pexels-vojtech-okenka-392018-768x512.jpg\" alt=\"Pexels Vojtech Okenka 392018\" class=\"wp-image-528\" srcset=\"https:\/\/vendino.com\/wp-content\/uploads\/pexels-vojtech-okenka-392018-768x512.jpg 768w, https:\/\/vendino.com\/wp-content\/uploads\/pexels-vojtech-okenka-392018-1536x1024.jpg 1536w, https:\/\/vendino.com\/wp-content\/uploads\/pexels-vojtech-okenka-392018-2048x1365.jpg 2048w, https:\/\/vendino.com\/wp-content\/uploads\/pexels-vojtech-okenka-392018-18x12.jpg 18w\" sizes=\"(max-width: 768px) 100vw, 768px\" \/><\/figure>\n<\/div>\n<\/div>\n<\/div>\n\n\n\n<div class=\"wp-block-column is-vertically-aligned-center is-layout-flow wp-block-column-is-layout-flow\" style=\"flex-basis:25%\">\n<figure class=\"wp-block-image aligncenter size-full\"><img decoding=\"async\" width=\"600\" height=\"271\" src=\"https:\/\/vendino.com\/wp-content\/uploads\/dropshipping-varehus-1.jpeg\" alt=\"Magazzino Dropshipping 1\" class=\"wp-image-521\" srcset=\"https:\/\/vendino.com\/wp-content\/uploads\/dropshipping-varehus-1.jpeg 600w, https:\/\/vendino.com\/wp-content\/uploads\/dropshipping-varehus-1-18x8.jpeg 18w\" sizes=\"(max-width: 600px) 100vw, 600px\" \/><\/figure>\n<\/div>\n<\/div>\n<\/div>\n\n\n\n<div class=\"wp-block-group alignfull has-base-2-background-color has-background has-global-padding is-layout-constrained wp-container-core-group-is-layout-3aec4d3c wp-block-group-is-layout-constrained\" style=\"padding-top:var(--wp--preset--spacing--50);padding-right:var(--wp--preset--spacing--40);padding-bottom:var(--wp--preset--spacing--50);padding-left:var(--wp--preset--spacing--40)\">\n<div class=\"wp-block-group alignwide is-vertical is-content-justification-center is-layout-flex wp-container-core-group-is-layout-c9ee0c5a wp-block-group-is-layout-flex\">\n<h2 class=\"wp-block-heading has-text-align-center\">La nostra visione<\/h2>\n\n\n\n<p class=\"has-text-align-center\">Vendino \u00e8 stata fondata con l'obiettivo di mettere in contatto i negozi online con i rispettivi fornitori. Nonostante il fatto che viviamo in un'era digitale, alcuni fornitori e rivenditori online sono purtroppo in ritardo nel tenere il passo con la trasformazione digitale. Ci\u00f2 pu\u00f2 essere dovuto alla mancanza di conoscenze tecniche, al fatto di essere bloccati in vecchi sistemi che non possono essere semplicemente sostituiti. Oppure per una mancanza di adattabilit\u00e0 in qualche altro modo. Con Vendino vogliamo eliminare la complessit\u00e0 e creare le condizioni affinch\u00e9 negozi online e fornitori possano svilupparsi insieme.<\/p>\n\n\n\n<div class=\"wp-block-group is-content-justification-center is-nowrap is-layout-flex wp-container-core-group-is-layout-538d7a12 wp-block-group-is-layout-flex\">\n<div class=\"wp-block-group has-global-padding is-layout-constrained wp-block-group-is-layout-constrained\">\n<div class=\"wp-block-group is-nowrap is-layout-flex wp-container-core-group-is-layout-6c531013 wp-block-group-is-layout-flex\">\n<figure class=\"wp-block-image size-full is-resized wp-duotone-31bf9a-31bf9a-5\"><img decoding=\"async\" src=\"https:\/\/vendino.com\/wp-content\/uploads\/hourglass.svg\" alt=\"Clessidra\" class=\"wp-image-722\" style=\"width:auto;height:40px\"\/><\/figure>\n\n\n\n<p class=\"has-medium-font-size\"><strong>Meno perdite di tempo<\/strong><\/p>\n<\/div>\n\n\n\n<p class=\"has-medium-font-size\">La creazione manuale dei prodotti e l'impostazione di sistemi informatici complessi e costosi dovrebbero appartenere al passato.<\/p>\n<\/div>\n\n\n\n<div class=\"wp-block-group has-global-padding is-layout-constrained wp-block-group-is-layout-constrained\">\n<div class=\"wp-block-group is-nowrap is-layout-flex wp-container-core-group-is-layout-6c531013 wp-block-group-is-layout-flex\">\n<figure class=\"wp-block-image size-full is-resized wp-duotone-31bf9a-31bf9a-6\"><img decoding=\"async\" src=\"https:\/\/vendino.com\/wp-content\/uploads\/message.svg\" alt=\"Messaggio\" class=\"wp-image-726\" style=\"width:auto;height:40px\"\/><\/figure>\n\n\n\n<p class=\"has-medium-font-size\"><strong>Aumento del commercio<\/strong><\/p>\n<\/div>\n\n\n\n<p>La nostra passione \u00e8 creare commercio tra negozi online e fornitori. Con Vendino, avviciniamo le parti e creiamo un legame migliore.<\/p>\n<\/div>\n\n\n\n<div class=\"wp-block-group has-global-padding is-layout-constrained wp-block-group-is-layout-constrained\">\n<div class=\"wp-block-group is-nowrap is-layout-flex wp-container-core-group-is-layout-6c531013 wp-block-group-is-layout-flex\">\n<figure class=\"wp-block-image size-full is-resized wp-duotone-31bf9a-31bf9a-7\"><img decoding=\"async\" src=\"https:\/\/vendino.com\/wp-content\/uploads\/cursor.svg\" alt=\"Cursore\" class=\"wp-image-686\" style=\"width:auto;height:40px\"\/><\/figure>\n\n\n\n<p class=\"has-medium-font-size\"><strong>La tecnologia deve essere semplice<\/strong><\/p>\n<\/div>\n\n\n\n<p>Con Vendino, i proprietari di negozi online non devono preoccuparsi di cosa sia un file CSV o XML o di come trasformarlo in prodotti in un negozio online.<\/p>\n<\/div>\n<\/div>\n<\/div>\n<\/div>\n\n\n\n<div class=\"wp-block-group alignfull has-global-padding is-layout-constrained wp-container-core-group-is-layout-ca038469 wp-block-group-is-layout-constrained\" style=\"margin-top:0;margin-bottom:0;padding-top:var(--wp--preset--spacing--50);padding-right:var(--wp--preset--spacing--40);padding-bottom:var(--wp--preset--spacing--50);padding-left:var(--wp--preset--spacing--40)\">\n<div class=\"wp-block-group alignwide is-vertical is-layout-flex wp-container-core-group-is-layout-2bef88f9 wp-block-group-is-layout-flex\" style=\"padding-top:var(--wp--preset--spacing--50);padding-right:var(--wp--preset--spacing--40);padding-bottom:var(--wp--preset--spacing--50);padding-left:var(--wp--preset--spacing--40)\">\n<div class=\"wp-block-group is-vertical is-content-justification-center is-layout-flex wp-container-core-group-is-layout-ce155fab wp-block-group-is-layout-flex\">\n<h2 class=\"wp-block-heading has-text-align-center has-xx-large-font-size\">Incontrare il team<\/h2>\n<\/div>\n\n\n\n<div class=\"wp-block-columns alignwide is-layout-flex wp-container-core-columns-is-layout-4935966c wp-block-columns-is-layout-flex\" style=\"padding-right:0;padding-left:0\">\n<div class=\"wp-block-column is-layout-flow wp-block-column-is-layout-flow\">\n<figure class=\"wp-block-image size-full is-style-rounded is-style-rounded--8\"><img decoding=\"async\" width=\"800\" height=\"800\" src=\"https:\/\/vendino.com\/wp-content\/uploads\/kasper-stuck.jpg\" alt=\"Kasper Stuck\" class=\"wp-image-472\" style=\"aspect-ratio:1;object-fit:cover\" srcset=\"https:\/\/vendino.com\/wp-content\/uploads\/kasper-stuck.jpg 800w, https:\/\/vendino.com\/wp-content\/uploads\/kasper-stuck-768x768.jpg 768w, https:\/\/vendino.com\/wp-content\/uploads\/kasper-stuck-12x12.jpg 12w\" sizes=\"(max-width: 800px) 100vw, 800px\" \/><\/figure>\n\n\n\n<div class=\"wp-block-group is-vertical is-content-justification-center is-nowrap is-layout-flex wp-container-core-group-is-layout-21d4e958 wp-block-group-is-layout-flex\">\n<p class=\"has-text-align-center has-small-font-size\">Pezzo Kasper<\/p>\n\n\n\n<p class=\"has-text-align-center has-small-font-size\">Proprietario \/ Sviluppatore web<\/p>\n<\/div>\n<\/div>\n\n\n\n<div class=\"wp-block-column is-layout-flow wp-block-column-is-layout-flow\"><\/div>\n<\/div>\n<\/div>\n<\/div>","protected":false},"excerpt":{"rendered":"<p>Produktoprettelse gjort&nbsp;nemmere. Har du sp\u00f8rgsm\u00e5l? Vil du vide mere?Vi sidder klar til at hj\u00e6lpe dig. Generel support Har du brug for hj\u00e6lp til at bruge Vendino? Tjek vores supportarkiv, hvor du finder viden omkring brugen af Vendino. For leverand\u00f8rer Er du leverand\u00f8r og \u00f8nsker du at integrere dine varer med Vendino? Kontakt os og f\u00e5 [&hellip;]<\/p>\n","protected":false},"author":1,"featured_media":0,"parent":0,"menu_order":0,"comment_status":"closed","ping_status":"closed","template":"page-no-title","meta":{"_acf_changed":false,"iawp_total_views":361,"footnotes":""},"class_list":["post-268","page","type-page","status-publish","hentry"],"acf":[],"_links":{"self":[{"href":"https:\/\/vendino.com\/it\/wp-json\/wp\/v2\/pages\/268","targetHints":{"allow":["GET"]}}],"collection":[{"href":"https:\/\/vendino.com\/it\/wp-json\/wp\/v2\/pages"}],"about":[{"href":"https:\/\/vendino.com\/it\/wp-json\/wp\/v2\/types\/page"}],"author":[{"embeddable":true,"href":"https:\/\/vendino.com\/it\/wp-json\/wp\/v2\/users\/1"}],"replies":[{"embeddable":true,"href":"https:\/\/vendino.com\/it\/wp-json\/wp\/v2\/comments?post=268"}],"version-history":[{"count":0,"href":"https:\/\/vendino.com\/it\/wp-json\/wp\/v2\/pages\/268\/revisions"}],"wp:attachment":[{"href":"https:\/\/vendino.com\/it\/wp-json\/wp\/v2\/media?parent=268"}],"curies":[{"name":"wp","href":"https:\/\/api.w.org\/{rel}","templated":true}]}}