{"id":130,"date":"2023-12-14T12:52:22","date_gmt":"2023-12-14T11:52:22","guid":{"rendered":"https:\/\/vendino.com\/?page_id=130"},"modified":"2023-12-14T12:52:23","modified_gmt":"2023-12-14T11:52:23","slug":"brukervilkaar","status":"publish","type":"page","link":"https:\/\/vendino.com\/nb\/brukervilkaar\/","title":{"rendered":"Vilk\u00e5r for bruk"},"content":{"rendered":"<p>Disse generelle vilk\u00e5r og betingelser (\"Avtalen\") gjelder mellom Vendino ApS og det selskapet (\"Brukeren\") som har rett til \u00e5 bruke og benytter&nbsp;<a href=\"https:\/\/vendino.com\/nb\/\">vendino.com<\/a>.<\/p>\n\n\n\n<p>I Avtalen refererer \"Vendino\" til selskapet (Vendino ApS). Plattformen og alle tilknyttede underdomener til domenet \"vendino.com\" refereres til som \"<a href=\"https:\/\/vendino.com&quot;\/\">www.vendino.com<\/a>\".<\/p>\n\n\n\n<h4 class=\"wp-block-heading\" id=\"1-betingelser\">1. Betingelser<\/h4>\n\n\n\n<ul class=\"wp-block-list\">\n<li>1.1 Disse generelle vilk\u00e5rene gjelder for alle avtaler som inng\u00e5s p\u00e5&nbsp;<a href=\"https:\/\/vendino.com\/nb\/\">www.vendino.com<\/a>&nbsp;med selskapet Vendino ApS bak seg.<\/li>\n<\/ul>\n\n\n\n<h4 class=\"wp-block-heading\" id=\"2--rettigheder\">2. Rettigheter og krav<\/h4>\n\n\n\n<ul class=\"wp-block-list\">\n<li>2.1 Alle rettigheter til systemet&nbsp;<a href=\"https:\/\/vendino.com\/nb\/\">www.vendino.com<\/a>&nbsp;tilh\u00f8rer Vendino.<\/li>\n\n\n\n<li>2.2 Ved \u00e5 kj\u00f8pe et abonnement har brukeren f\u00e5tt en rett til \u00e5 bruke systemet, som Vendino n\u00e5r som helst kan trekke tilbake uten varsel (se punkt 8, Misbruk).<\/li>\n\n\n\n<li>2.3 Brukerens rett til \u00e5 bruke&nbsp;<a href=\"https:\/\/vendino.com\/nb\/\">www.vendino.com<\/a>&nbsp;er en ikke-eksklusiv avtale.<\/li>\n<\/ul>\n\n\n\n<h4 class=\"wp-block-heading\" id=\"3--priser\">3. Priser<\/h4>\n\n\n\n<ul class=\"wp-block-list\">\n<li>3.1 Alle priser oppgitt p\u00e5&nbsp;<a href=\"https:\/\/vendino.com\/nb\/\">www.vendino.com<\/a>&nbsp;er kun gyldige p\u00e5 bestillingsdagen og kan endres av Vendino n\u00e5r som helst - V\u00e6r oppmerksom p\u00e5 at Vendino vil informere brukeren minst 30 dager f\u00f8r prisendringer trer i kraft.<\/li>\n\n\n\n<li>3.2 Alle priser er oppgitt i danske kroner (DKK) og er eksklusive merverdiavgift og skatter som skal betales i henhold til gjeldende regler.<\/li>\n<\/ul>\n\n\n\n<h4 class=\"wp-block-heading\" id=\"4--abonnement--betaling\">4. Abonnement og betaling<\/h4>\n\n\n\n<ul class=\"wp-block-list\">\n<li>4.1 Kj\u00f8p av bruksrett til&nbsp;<a href=\"https:\/\/vendino.com\/nb\/\">www.vendino.com<\/a>&nbsp;er en abonnementsavtale inng\u00e5tt mellom Brukeren og Vendino.<\/li>\n\n\n\n<li>4.2 Abonnementet faktureres automatisk hver m\u00e5ned inntil brukeren sier opp abonnementet. Oppsigelse av abonnementet gj\u00f8res elektronisk p\u00e5&nbsp;<a href=\"https:\/\/vendino.com\/nb\/\">www.vendino.com<\/a>&nbsp;eller via e-post p\u00e5&nbsp;<a href=\"mailto:hello@vendino.com\">hello@vendino.com<\/a>.<\/li>\n\n\n\n<li>4.3 Abonnementet kan kun sies opp ved utl\u00f8pet av en l\u00f8pende periode.<\/li>\n\n\n\n<li>4.4 Ved forsinket betaling bortfaller retten til \u00e5 bruke&nbsp;<a href=\"https:\/\/vendino.com\/nb\/\">www.vendino.com<\/a>&nbsp;umiddelbart kanselleres dersom ingen annen avtale er inng\u00e5tt. Tilgang til&nbsp;<a href=\"https:\/\/vendino.com\/nb\/\">www.vendino.com<\/a>&nbsp;kan gjen\u00e5pnes etter at full betaling er mottatt, med mindre Vendino har sagt opp abonnementet p\u00e5 forh\u00e5nd.<\/li>\n\n\n\n<li>4.5 Vendino kan n\u00e5r som helst avslutte abonnementet dersom Vendino mistenker eller oppdager misbruk, herunder uautorisert tilgang til data fra Brukerens side.<\/li>\n\n\n\n<li>4.6 Betaling for varer og produkter som tilbys p\u00e5 Plattformen vil bli trukket fra betalingskortet som er registrert ved opprettelsen (med mindre annet er avtalt).<\/li>\n<\/ul>\n\n\n\n<h4 class=\"wp-block-heading\" id=\"5--data\">5. Data<\/h4>\n\n\n\n<ul class=\"wp-block-list\">\n<li>5.1 Vendino har ingen rettigheter til Brukerens opplysninger.<\/li>\n\n\n\n<li>5.2 Ved opph\u00f8r av Avtalen kan Vendino n\u00e5r som helst slette Brukerens data, uansett \u00e5rsak. Vendino skal informere Brukeren minst 10 dager f\u00f8r sletting av data slik at Brukeren kan flytte sine egne data.<\/li>\n\n\n\n<li>5.3 Vendino er ikke ansvarlig for tap av data uansett \u00e5rsak. Ved tap av data vil Vendino fors\u00f8ke \u00e5 gjenopprette data ved hjelp av sikkerhetskopier, men garanterer ikke gjenoppretting av tapte data.<\/li>\n<\/ul>\n\n\n\n<h4 class=\"wp-block-heading\" id=\"6--driftsstabilitet\">6. Operasjonell stabilitet<\/h4>\n\n\n\n<ul class=\"wp-block-list\">\n<li>6.1 Vendino tilstreber h\u00f8yest mulig oppetid p\u00e5&nbsp;<a href=\"https:\/\/vendino.com\/nb\/\">www.vendino.com<\/a>men er ikke ansvarlig for avbrudd eller sammenbrudd uansett \u00e5rsak.<\/li>\n\n\n\n<li>6.2 Ved driftsstans eller avbrudd vil Vendino bestrebe seg p\u00e5 \u00e5 gjenopprette normal drift s\u00e5 snart som mulig.<\/li>\n<\/ul>\n\n\n\n<h4 class=\"wp-block-heading\" id=\"7--brugerens-ansvar--forpligtelser\">7. Brukerens ansvar og forpliktelser<\/h4>\n\n\n\n<ul class=\"wp-block-list\">\n<li>7.1 Brukeren er til enhver tid ansvarlig for \u00e5 opprettholde Brukerens tilgang til&nbsp;<a href=\"https:\/\/vendino.com.\/\">www.vendino.com.<\/a>&nbsp;Vendino er ikke ansvarlig for uautorisert inntrenging for\u00e5rsaket av tredjeparter. Ved misbruk for\u00e5rsaket av uautorisert inntrenging m\u00e5 Vendino informeres s\u00e5 snart som mulig.<\/li>\n\n\n\n<li>7.2 Ved misbruk for\u00e5rsaket av en uautorisert tredjepart, kan Vendino n\u00e5r som helst trekke tilbake Brukerens tilgang til&nbsp;<a href=\"https:\/\/vendino.com.\/\">www.vendino.com.<\/a>&nbsp;Vendino vil gjenopprette Brukerens tilgang dersom Vendino ikke har sagt opp abonnementet p\u00e5 forh\u00e5nd.<\/li>\n\n\n\n<li>7.3 Brukeren er til enhver tid ansvarlig for \u00e5 sikre en internettforbindelse og holde seg oppdatert med de nyeste versjonene av nettleserapplikasjoner som en forutsetning for \u00e5 kunne benytte seg av bruksretten&nbsp;<a href=\"https:\/\/vendino.com.\/\">www.vendino.com.<\/a><\/li>\n\n\n\n<li>7.4 Brukeren er til enhver tid ansvarlig for \u00e5 overholde gjeldende lover.<\/li>\n<\/ul>\n\n\n\n<h4 class=\"wp-block-heading\" id=\"8--misbrug\">8. Misbruk<\/h4>\n\n\n\n<ul class=\"wp-block-list\">\n<li>8.1 Vendino kan n\u00e5r som helst trekke tilbake Brukerens tilgang til&nbsp;<a href=\"https:\/\/vendino.com\/nb\/\">www.vendino.com<\/a>&nbsp;hvis Vendino mistenker eller oppdager misbruk. Vendino vil informere brukeren s\u00e5 snart som mulig ved mistanke om misbruk.<\/li>\n\n\n\n<li>8.2 Vendino bestreber seg p\u00e5 \u00e5 forhindre misbruk av&nbsp;<a href=\"https:\/\/vendino.com\/nb\/\">www.vendino.com<\/a>men garanterer ikke at misbruk, herunder inntrenging i Vendinos IT-systemer, ikke kan forekomme.<\/li>\n<\/ul>\n\n\n\n<h4 class=\"wp-block-heading\" id=\"9--fortrydelsesret\">9. Rett til oppsigelse<\/h4>\n\n\n\n<ul class=\"wp-block-list\">\n<li>9.1 Ved kj\u00f8p av abonnement fraskriver Brukeren seg angreretten, da abonnementet tas i bruk umiddelbart. Ved angrerett kan Brukeren kontakte Vendino, og Vendino kan etter eget skj\u00f8nn refundere Brukerens kj\u00f8p.<\/li>\n<\/ul>\n\n\n\n<h4 class=\"wp-block-heading\" id=\"10-ikrafttr\u00e6den--\u00e6ndringer\">10. Ikrafttredelse og endringer<\/h4>\n\n\n\n<ul class=\"wp-block-list\">\n<li>10.1 Avtalen gjelder fra og med 23. oktober 2020.<\/li>\n\n\n\n<li>10.2 Vendino forbeholder seg retten til \u00e5 endre og oppdatere vilk\u00e5rene i Avtalen uten varsel. Vendino bestreber seg p\u00e5 \u00e5 informere Brukeren om vesentlige endringer, men Brukeren er selv ansvarlig for \u00e5 holde seg oppdatert om gjeldende vilk\u00e5r og betingelser.<\/li>\n<\/ul>","protected":false},"excerpt":{"rendered":"<p>Disse generelle vilk\u00e5r (\u201cAftalen\u201d) er g\u00e6ldende mellem Vendino ApS og virksomheden (Brugeren), der har brugsret og anvender&nbsp;vendino.com. I Aftalen refererer \u201cVendino\u201d til virksomheden (Vendino ApS). Platformen samt alle tilh\u00f8rende subdom\u00e6ner til dom\u00e6net \u201cvendino.com\u201d n\u00e6vnes blot som \u201cwww.vendino.com\u201d. 1. Betingelser 2. Rettigheder 3. Priser 4. Abonnement &amp; betaling 5. Data 6. Driftsstabilitet 7. Brugerens ansvar &amp; [&hellip;]<\/p>\n","protected":false},"author":1,"featured_media":0,"parent":0,"menu_order":0,"comment_status":"closed","ping_status":"closed","template":"","meta":{"_acf_changed":false,"iawp_total_views":161,"footnotes":""},"class_list":["post-130","page","type-page","status-publish","hentry"],"acf":[],"_links":{"self":[{"href":"https:\/\/vendino.com\/nb\/wp-json\/wp\/v2\/pages\/130","targetHints":{"allow":["GET"]}}],"collection":[{"href":"https:\/\/vendino.com\/nb\/wp-json\/wp\/v2\/pages"}],"about":[{"href":"https:\/\/vendino.com\/nb\/wp-json\/wp\/v2\/types\/page"}],"author":[{"embeddable":true,"href":"https:\/\/vendino.com\/nb\/wp-json\/wp\/v2\/users\/1"}],"replies":[{"embeddable":true,"href":"https:\/\/vendino.com\/nb\/wp-json\/wp\/v2\/comments?post=130"}],"version-history":[{"count":0,"href":"https:\/\/vendino.com\/nb\/wp-json\/wp\/v2\/pages\/130\/revisions"}],"wp:attachment":[{"href":"https:\/\/vendino.com\/nb\/wp-json\/wp\/v2\/media?parent=130"}],"curies":[{"name":"wp","href":"https:\/\/api.w.org\/{rel}","templated":true}]}}