{"id":133,"date":"2023-12-14T12:54:59","date_gmt":"2023-12-14T11:54:59","guid":{"rendered":"https:\/\/vendino.com\/?page_id=133"},"modified":"2024-05-14T11:39:55","modified_gmt":"2024-05-14T10:39:55","slug":"retningslinjer-for-informasjonskapsler","status":"publish","type":"page","link":"https:\/\/vendino.com\/nb\/retningslinjer-for-informasjonskapsler\/","title":{"rendered":"Retningslinjer for informasjonskapsler"},"content":{"rendered":"<h2 class=\"wp-block-heading\" id=\"hvad-er-en-cookie\">Hva er en informasjonskapsel?<\/h2>\n\n\n\n<p>Til tross for navnet snakker vi ikke om kjeks n\u00e5r vi snakker om informasjonskapsler. En informasjonskapsel er betegnelsen p\u00e5 en liten \"bit\" med data som nettsteder lagrer i nettleseren. Informasjonskapsler brukes til \u00e5 lagre data om brukeren - en informasjonskapsel kan for eksempel inneholde data om brukerens innstillinger eller spr\u00e5kpreferanser p\u00e5 et gitt nettsted. En informasjonskapsel er rett og slett en liten datafil som kan lagres av et nettsted i nettleseren din, og som brukes av praktisk talt alle nettsteder i dag.<\/p>\n\n\n\n<h2 class=\"wp-block-heading\" id=\"hvorfor-informerer-i-om-cookies\">Hvorfor informerer du om informasjonskapsler?<\/h2>\n\n\n\n<p>Alle danske nettsteder er forpliktet til \u00e5 informere brukeren om systemets bruk av informasjonskapsler. Brukeren m\u00e5 derfor akseptere nettstedets bruk av informasjonskapsler, da det er lovp\u00e5lagt \u00e5 informere brukeren om dette.<\/p>\n\n\n\n<p>Du kan lese mer om lovgivning og informasjonskapsler p\u00e5 Cookie Executive Order.&nbsp;<a href=\"https:\/\/www.retsinformation.dk\/Forms\/R0710.aspx?id=146417\" target=\"_blank\" rel=\"noopener\">Kake-bekendtg\u00f8relsen<\/a><\/p>\n\n\n\n<h2 class=\"wp-block-heading\" id=\"hvilke-cookies-bruger-vendino\">Hvilke informasjonskapsler bruker Vendino?<\/h2>\n\n\n\n<p>Vi bruker f\u00f8lgende typer informasjonskapsler:<\/p>\n\n\n\n<h3 class=\"wp-block-heading\" id=\"sessionscookie\">Informasjonskapsel for \u00f8kt<\/h3>\n\n\n\n<p>Form\u00e5let med denne informasjonskapselen er \u00e5 gj\u00f8re brukeren unik, slik at serveren vet at flere forskjellige foresp\u00f8rsler kommer fra forskjellige brukere. Denne informasjonskapselen utl\u00f8per n\u00e5r nettleseren lukkes.<\/p>\n\n\n\n<h3 class=\"wp-block-heading\" id=\"xsrf-token\">XSRF-TOKEN<\/h3>\n\n\n\n<p>Denne informasjonskapselen fungerer som en sikkerhet slik at serveren alltid kan validere en foresp\u00f8rsel. En XSRF-informasjonskapsel har dermed som m\u00e5l \u00e5 beskytte brukeren mot XSRF-angrep. Denne informasjonskapselen fornyes ved hver foresp\u00f8rsel og utl\u00f8per n\u00e5r nettleseren lukkes.<\/p>\n\n\n\n<h3 class=\"wp-block-heading\" id=\"cookieconsent\">Samtykke til informasjonskapsler<\/h3>\n\n\n\n<p>Denne informasjonskapselen s\u00f8rger for at nettstedet husker n\u00e5r brukeren godtar informasjonskapsler. Denne informasjonskapselen utl\u00f8per etter 365 dager.<\/p>","protected":false},"excerpt":{"rendered":"<p>Hvad er en cookie? Trods navnet er det er ikke sm\u00e5kager, vi taler om, n\u00e5r vi n\u00e6vner cookies. En cookie er betegnelsen for en lille \u2019bid\u2019 data, som hjemmesider gemmer i browseren. Cookies bruges til at lagre data om brugeren \u2013 For eksempel kan en cookie indeholde data om brugerens indstillinger eller sprog pr\u00e6ferencer p\u00e5 [&hellip;]<\/p>\n","protected":false},"author":1,"featured_media":0,"parent":0,"menu_order":0,"comment_status":"closed","ping_status":"closed","template":"","meta":{"_acf_changed":false,"iawp_total_views":122,"footnotes":""},"class_list":["post-133","page","type-page","status-publish","hentry"],"acf":[],"_links":{"self":[{"href":"https:\/\/vendino.com\/nb\/wp-json\/wp\/v2\/pages\/133","targetHints":{"allow":["GET"]}}],"collection":[{"href":"https:\/\/vendino.com\/nb\/wp-json\/wp\/v2\/pages"}],"about":[{"href":"https:\/\/vendino.com\/nb\/wp-json\/wp\/v2\/types\/page"}],"author":[{"embeddable":true,"href":"https:\/\/vendino.com\/nb\/wp-json\/wp\/v2\/users\/1"}],"replies":[{"embeddable":true,"href":"https:\/\/vendino.com\/nb\/wp-json\/wp\/v2\/comments?post=133"}],"version-history":[{"count":0,"href":"https:\/\/vendino.com\/nb\/wp-json\/wp\/v2\/pages\/133\/revisions"}],"wp:attachment":[{"href":"https:\/\/vendino.com\/nb\/wp-json\/wp\/v2\/media?parent=133"}],"curies":[{"name":"wp","href":"https:\/\/api.w.org\/{rel}","templated":true}]}}