{"id":280,"date":"2023-12-14T15:30:37","date_gmt":"2023-12-14T14:30:37","guid":{"rendered":"https:\/\/vendino.com\/?page_id=280"},"modified":"2024-04-02T07:32:59","modified_gmt":"2024-04-02T06:32:59","slug":"produktkatalog","status":"publish","type":"page","link":"https:\/\/vendino.com\/nb\/produktkatalog\/","title":{"rendered":"Produktkatalog"},"content":{"rendered":"<div class=\"wp-block-group alignfull has-base-2-color has-accent-4-background-color has-text-color has-background has-link-color wp-elements-9b8d71f8f99d65550d488c4935f4d634 has-global-padding is-layout-constrained wp-container-core-group-is-layout-b9940f7e wp-block-group-is-layout-constrained\" style=\"margin-top:0;margin-bottom:0;padding-top:var(--wp--preset--spacing--50);padding-right:var(--wp--preset--spacing--40);padding-bottom:var(--wp--preset--spacing--50);padding-left:var(--wp--preset--spacing--40)\">\n<div class=\"wp-block-group alignwide is-vertical is-layout-flex wp-container-core-group-is-layout-4b827052 wp-block-group-is-layout-flex\">\n<div class=\"wp-block-columns alignwide is-layout-flex wp-container-core-columns-is-layout-a85f4655 wp-block-columns-is-layout-flex\">\n<div class=\"wp-block-column is-vertically-aligned-center is-layout-flow wp-container-core-column-is-layout-22223934 wp-block-column-is-layout-flow\" style=\"flex-basis:50%\">\n<h1 class=\"wp-block-heading is-style-default has-base-2-color has-text-color has-link-color has-x-large-font-size wp-elements-a96203ae0f05b0a15c7a58e4c12f2c7a\">En enhetlig<br>produktkatalog<\/h1>\n\n\n\n<h2 class=\"wp-block-heading has-base-2-color has-text-color has-link-color has-medium-font-size wp-elements-12faf1d6d6f91fb488053bb8c98eb311\">F\u00e5 tilgang til produkter fra danske og europeiske leverand\u00f8rer fra \u00e9n og samme produktkatalog.<\/h2>\n\n\n\n<div class=\"wp-block-columns is-layout-flex wp-container-core-columns-is-layout-2d11b922 wp-block-columns-is-layout-flex\" style=\"padding-top:0;padding-right:0;padding-bottom:0;padding-left:0\">\n<div class=\"wp-block-column is-layout-flow wp-container-core-column-is-layout-b2a27621 wp-block-column-is-layout-flow\" style=\"padding-top:0;padding-right:0;padding-bottom:0;padding-left:0\">\n<div class=\"wp-block-group is-content-justification-center is-nowrap is-layout-flex wp-container-core-group-is-layout-b93cabc5 wp-block-group-is-layout-flex\">\n<div class=\"wp-block-group has-global-padding is-layout-constrained wp-block-group-is-layout-constrained\">\n<div class=\"wp-block-group is-nowrap is-layout-flex wp-container-core-group-is-layout-6c531013 wp-block-group-is-layout-flex\">\n<figure class=\"wp-block-image size-full is-resized is-style-default wp-duotone-ffffff-f9fafc-1\"><img decoding=\"async\" src=\"https:\/\/vendino.com\/wp-content\/uploads\/microscope.svg\" alt=\"Mikroskop\" class=\"wp-image-727\" style=\"width:auto;height:40px\"\/><\/figure>\n\n\n\n<h3 class=\"wp-block-heading has-base-2-color has-text-color has-link-color has-medium-font-size wp-elements-1413c29d7dd5a5a2c02697ce8305698a\"><strong><strong>Gjennomsiktighet og \u00e5penhet<\/strong><\/strong><\/h3>\n<\/div>\n\n\n\n<p>Sammenlign priser p\u00e5 de samme SKU-ene fra ulike leverand\u00f8rer, og match produktene med dine behov.<\/p>\n<\/div>\n<\/div>\n<\/div>\n\n\n\n<div class=\"wp-block-column is-layout-flow wp-block-column-is-layout-flow\">\n<div class=\"wp-block-group is-content-justification-center is-nowrap is-layout-flex wp-container-core-group-is-layout-b93cabc5 wp-block-group-is-layout-flex\">\n<div class=\"wp-block-group has-global-padding is-layout-constrained wp-block-group-is-layout-constrained\">\n<div class=\"wp-block-group is-nowrap is-layout-flex wp-container-core-group-is-layout-6c531013 wp-block-group-is-layout-flex\">\n<figure class=\"wp-block-image size-full is-resized wp-duotone-ffffff-ffffff-2\"><img decoding=\"async\" src=\"https:\/\/vendino.com\/wp-content\/uploads\/logbook.svg\" alt=\"Loggbok\" class=\"wp-image-723\" style=\"width:auto;height:40px\"\/><\/figure>\n\n\n\n<h3 class=\"wp-block-heading has-base-2-color has-text-color has-link-color has-medium-font-size wp-elements-f980115b93ba998b9c4a865b811b4708\"><strong><strong><strong>Finn nye leverand\u00f8rer<\/strong><\/strong><\/strong><\/h3>\n<\/div>\n\n\n\n<p class=\"has-text-align-left\">Leter du etter nye leverand\u00f8rer av produkter til butikken din? Unng\u00e5 messer, s\u00f8k p\u00e5 nettet og kataloger. Vi har samlet de beste leverand\u00f8rene p\u00e5 ett sted.<\/p>\n<\/div>\n<\/div>\n<\/div>\n<\/div>\n<\/div>\n\n\n\n<div class=\"wp-block-column is-layout-flow wp-block-column-is-layout-flow\" style=\"flex-basis:50%\">\n<figure class=\"wp-block-image size-large is-style-rounded is-style-rounded--3\"><img decoding=\"async\" width=\"1536\" height=\"796\" src=\"https:\/\/vendino.com\/wp-content\/uploads\/vendino-platform-1536x796.png\" alt=\"Vendino-plattformen\" class=\"wp-image-331\" srcset=\"https:\/\/vendino.com\/wp-content\/uploads\/vendino-platform-1536x796.png 1536w, https:\/\/vendino.com\/wp-content\/uploads\/vendino-platform-768x398.png 768w, https:\/\/vendino.com\/wp-content\/uploads\/vendino-platform.png 1645w\" sizes=\"(max-width: 1536px) 100vw, 1536px\" \/><\/figure>\n<\/div>\n<\/div>\n<\/div>\n<\/div>\n\n\n\n<div class=\"wp-block-group alignfull has-base-2-background-color has-background has-global-padding is-layout-constrained wp-container-core-group-is-layout-ca038469 wp-block-group-is-layout-constrained\" style=\"margin-top:0;margin-bottom:0;padding-top:var(--wp--preset--spacing--50);padding-right:var(--wp--preset--spacing--40);padding-bottom:var(--wp--preset--spacing--50);padding-left:var(--wp--preset--spacing--40)\">\n<div class=\"wp-block-group alignwide is-vertical is-layout-flex wp-container-core-group-is-layout-4347e2ee wp-block-group-is-layout-flex\" style=\"padding-top:0;padding-right:0;padding-bottom:0;padding-left:0\">\n<div class=\"wp-block-group is-vertical is-content-justification-center is-layout-flex wp-container-core-group-is-layout-6d5e4199 wp-block-group-is-layout-flex\" style=\"margin-top:0;margin-bottom:0\">\n<h2 class=\"wp-block-heading has-text-align-center is-style-default\">\u00c5pne opp for en verden av leverand\u00f8rer<\/h2>\n\n\n\n<p class=\"has-text-align-center\">Vendino er din digitale produktkatalog. Vi kobler deg sammen med varer fra de minste og st\u00f8rste leverand\u00f8rene i Danmark og resten av verden, slik at du kan kj\u00f8pe inn produkter p\u00e5 det mest informerte grunnlaget. Vi g\u00e5r inn for \u00e5penhet, gjennomsiktighet og et effektivt marked.<\/p>\n<\/div>\n\n\n\n<div class=\"wp-block-columns alignwide is-layout-flex wp-container-core-columns-is-layout-d0bbbce0 wp-block-columns-is-layout-flex\">\n<div class=\"wp-block-column is-layout-flow wp-container-core-column-is-layout-e3d1c41b wp-block-column-is-layout-flow\">\n<div class=\"wp-block-group is-nowrap is-layout-flex wp-container-core-group-is-layout-6c531013 wp-block-group-is-layout-flex\">\n<figure class=\"wp-block-image size-full is-resized wp-duotone-31bf9a-31bf9a-4\"><img decoding=\"async\" src=\"https:\/\/vendino.com\/wp-content\/uploads\/conveyor.svg\" alt=\"Transport\u00f8r\" class=\"wp-image-685\" style=\"width:auto;height:40px\"\/><\/figure>\n\n\n\n<p><strong>Utvid produktutvalget ditt<\/strong><\/p>\n<\/div>\n\n\n\n<p class=\"has-text-align-left\">Trenger produktutvalget ditt en oppgradering? Da kan du ta en titt i Vendinos produktkatalog. Her finner du flere leverand\u00f8rer p\u00e5 ett sted, slik at du slipper \u00e5 s\u00f8ke flere steder.<\/p>\n\n\n\n<ul class=\"is-style-checkmark-list wp-block-list\">\n<li>Oppdag nye leverand\u00f8rer<\/li>\n\n\n\n<li>Finn nye produkter<\/li>\n\n\n\n<li>Kun anerkjente leverand\u00f8rer<\/li>\n<\/ul>\n<\/div>\n\n\n\n<div class=\"wp-block-column is-layout-flow wp-container-core-column-is-layout-e3d1c41b wp-block-column-is-layout-flow\">\n<div class=\"wp-block-group is-nowrap is-layout-flex wp-container-core-group-is-layout-6c531013 wp-block-group-is-layout-flex\">\n<figure class=\"wp-block-image size-full is-resized wp-duotone-31bf9a-31bf9a-5\"><img decoding=\"async\" src=\"https:\/\/vendino.com\/wp-content\/uploads\/cursor.svg\" alt=\"Mark\u00f8r\" class=\"wp-image-686\" style=\"width:auto;height:40px\"\/><\/figure>\n\n\n\n<p><strong>Opprett produkter med noen f\u00e5 klikk<\/strong><\/p>\n<\/div>\n\n\n\n<p class=\"has-text-align-left\">Hvorfor kopiere og lime inn produkter i nettbutikken din? La Vendino ta seg av produktopprettingen.<\/p>\n\n\n\n<ul class=\"is-style-checkmark-list wp-block-list\">\n<li>Spar tid<\/li>\n\n\n\n<li>Unng\u00e5 feil<\/li>\n\n\n\n<li>Gj\u00f8r flere varedata synlige<\/li>\n\n\n\n<li>Enkelt \u00e5 velge produkter fra produktkatalogen<\/li>\n<\/ul>\n<\/div>\n\n\n\n<div class=\"wp-block-column is-layout-flow wp-container-core-column-is-layout-e3d1c41b wp-block-column-is-layout-flow\">\n<div class=\"wp-block-group is-nowrap is-layout-flex wp-container-core-group-is-layout-6c531013 wp-block-group-is-layout-flex\">\n<figure class=\"wp-block-image size-full is-resized wp-duotone-31bf9a-31bf9a-6\"><img decoding=\"async\" src=\"https:\/\/vendino.com\/wp-content\/uploads\/discounttag.svg\" alt=\"Rabattdag\" class=\"wp-image-720\" style=\"width:auto;height:40px\"\/><\/figure>\n\n\n\n<p><strong>Sammenlign priser<\/strong><\/p>\n<\/div>\n\n\n\n<p class=\"has-text-align-left\">Unng\u00e5 \u00e5 miste inntekter ved \u00e5 ha feil veiledende priser fra leverand\u00f8rene dine.<\/p>\n\n\n\n<ul class=\"is-style-checkmark-list wp-block-list\">\n<li>Automatisk prisjustering<\/li>\n\n\n\n<li>Fastsette regler for dekningsgrad<\/li>\n\n\n\n<li>Opprett med standard veiledende utsalgspriser. utsalgspriser<\/li>\n\n\n\n<li>Oppn\u00e5 solid inntjening<\/li>\n<\/ul>\n<\/div>\n<\/div>\n<\/div>\n<\/div>\n\n\n\n<div class=\"wp-block-group alignfull has-global-padding is-layout-constrained wp-container-core-group-is-layout-b9940f7e wp-block-group-is-layout-constrained\" style=\"margin-top:0;margin-bottom:0;padding-top:var(--wp--preset--spacing--50);padding-right:var(--wp--preset--spacing--40);padding-bottom:var(--wp--preset--spacing--50);padding-left:var(--wp--preset--spacing--40)\">\n<div class=\"wp-block-group alignwide is-vertical is-content-justification-center is-layout-flex wp-container-core-group-is-layout-6329a8f3 wp-block-group-is-layout-flex\">\n<div class=\"wp-block-group is-vertical is-content-justification-center is-layout-flex wp-container-core-group-is-layout-6329a8f3 wp-block-group-is-layout-flex\">\n<h2 class=\"wp-block-heading has-text-align-center is-style-default\">Utforsk en verden av leverand\u00f8rer<\/h2>\n\n\n\n<p class=\"has-text-align-center\">Si farvel til leverand\u00f8rs\u00f8k p\u00e5 nettet, utmattende messebes\u00f8k og telefonkataloger. Utforsk Vendinos produktkatalog, der du finner hundretusener av varenumre fra forskjellige leverand\u00f8rer fra ulike bransjer.<\/p>\n<\/div>\n\n\n\n<div class=\"wp-block-buttons is-content-justification-center is-layout-flex wp-container-core-buttons-is-layout-b481f376 wp-block-buttons-is-layout-flex\" style=\"margin-top:var(--wp--preset--spacing--10);margin-bottom:var(--wp--preset--spacing--10)\">\n<div class=\"wp-block-button\"><a class=\"wp-block-button__link has-accent-4-background-color has-background has-text-align-center wp-element-button\" href=\"https:\/\/app.vendino.com\/auth\/signup\">Pr\u00f8v Vendino gratis<\/a><\/div>\n<\/div>\n\n\n\n<div class=\"wp-block-group is-vertical is-content-justification-center is-layout-flex wp-container-core-group-is-layout-ce155fab wp-block-group-is-layout-flex\">\n<ul class=\"is-style-checkmark-list wp-block-list\">\n<li><em>Gratis registrering - krever ikke kredittkort.<\/em><\/li>\n<\/ul>\n<\/div>\n<\/div>\n<\/div>","protected":false},"excerpt":{"rendered":"<p>Et samletvarekatalog Tilg\u00e5 produkter fra danske og europ\u00e6iske leverand\u00f8rer fra et samlet varekatalog. Gennemsigtighed og transparens Sammenlign priser p\u00e5 samme varenumre fra forskellige leverand\u00f8rer og match produkter til dine behov. Find nye leverand\u00f8rer S\u00f8ger du nye leverand\u00f8rer af produkter til din butik? Slip for messer, s\u00f8gninger p\u00e5 nettet og telefonb\u00f8ger. Vi har samlet de bedste [&hellip;]<\/p>\n","protected":false},"author":1,"featured_media":0,"parent":0,"menu_order":0,"comment_status":"closed","ping_status":"closed","template":"page-no-title","meta":{"_acf_changed":false,"iawp_total_views":474,"footnotes":""},"class_list":["post-280","page","type-page","status-publish","hentry"],"acf":[],"_links":{"self":[{"href":"https:\/\/vendino.com\/nb\/wp-json\/wp\/v2\/pages\/280","targetHints":{"allow":["GET"]}}],"collection":[{"href":"https:\/\/vendino.com\/nb\/wp-json\/wp\/v2\/pages"}],"about":[{"href":"https:\/\/vendino.com\/nb\/wp-json\/wp\/v2\/types\/page"}],"author":[{"embeddable":true,"href":"https:\/\/vendino.com\/nb\/wp-json\/wp\/v2\/users\/1"}],"replies":[{"embeddable":true,"href":"https:\/\/vendino.com\/nb\/wp-json\/wp\/v2\/comments?post=280"}],"version-history":[{"count":0,"href":"https:\/\/vendino.com\/nb\/wp-json\/wp\/v2\/pages\/280\/revisions"}],"wp:attachment":[{"href":"https:\/\/vendino.com\/nb\/wp-json\/wp\/v2\/media?parent=280"}],"curies":[{"name":"wp","href":"https:\/\/api.w.org\/{rel}","templated":true}]}}