{"id":29,"date":"2023-12-12T16:20:36","date_gmt":"2023-12-12T15:20:36","guid":{"rendered":"https:\/\/vendino.com\/?page_id=29"},"modified":"2024-04-02T07:34:07","modified_gmt":"2024-04-02T06:34:07","slug":"automatisering","status":"publish","type":"page","link":"https:\/\/vendino.com\/nb\/automatisering\/","title":{"rendered":"Automatisering"},"content":{"rendered":"<div class=\"wp-block-group alignfull has-base-color has-accent-4-background-color has-text-color has-background has-link-color wp-elements-5dcfa8bbcc2ea61150ceb5581ff51f58 has-global-padding is-layout-constrained wp-container-core-group-is-layout-b9940f7e wp-block-group-is-layout-constrained\" style=\"margin-top:0;margin-bottom:0;padding-top:var(--wp--preset--spacing--50);padding-right:var(--wp--preset--spacing--40);padding-bottom:var(--wp--preset--spacing--50);padding-left:var(--wp--preset--spacing--40)\">\n<div class=\"wp-block-group alignwide has-global-padding is-layout-constrained wp-container-core-group-is-layout-19e250f3 wp-block-group-is-layout-constrained\">\n<div class=\"wp-block-columns alignwide is-layout-flex wp-container-core-columns-is-layout-c6809a2b wp-block-columns-is-layout-flex\">\n<div class=\"wp-block-column is-vertically-aligned-center is-layout-flow wp-block-column-is-layout-flow\" style=\"flex-basis:40%\">\n<h1 class=\"wp-block-heading is-style-default has-base-color has-text-color has-link-color has-x-large-font-size wp-elements-41ad3d7257c22f3ed828c46c5a093139\">Automatisering for forbedret netthandel<\/h1>\n\n\n\n<h2 class=\"wp-block-heading has-base-color has-text-color has-link-color has-medium-font-size wp-elements-a5abf1496e0854fa231b503b50bd92fb\">Oppgrader nettbutikkens produktdata i sanntid med leverand\u00f8rens lagerdata. Opprett en direkte forbindelse mellom e-handelsplattformen din og leverand\u00f8renes lagerbeholdning.<\/h2>\n\n\n\n<ul style=\"line-height:1.75\" class=\"is-style-checkmark-list wp-block-list\">\n<li>Selvstendige integrasjoner<\/li>\n\n\n\n<li>Driv frem vekst med effektive prosesser<\/li>\n\n\n\n<li>Automatisk synkronisering av lagerstatus<\/li>\n\n\n\n<li>Automatisk prisjustering<\/li>\n<\/ul>\n<\/div>\n\n\n\n<div class=\"wp-block-column is-layout-flow wp-block-column-is-layout-flow\" style=\"flex-basis:60%\">\n<figure class=\"wp-block-image size-large is-style-rounded is-style-rounded--1\"><img decoding=\"async\" width=\"1536\" height=\"796\" src=\"https:\/\/vendino.com\/wp-content\/uploads\/vendino-platform-1536x796.png\" alt=\"Vendino-plattformen\" class=\"wp-image-331\" srcset=\"https:\/\/vendino.com\/wp-content\/uploads\/vendino-platform-1536x796.png 1536w, https:\/\/vendino.com\/wp-content\/uploads\/vendino-platform-768x398.png 768w, https:\/\/vendino.com\/wp-content\/uploads\/vendino-platform.png 1645w\" sizes=\"(max-width: 1536px) 100vw, 1536px\" \/><\/figure>\n<\/div>\n<\/div>\n<\/div>\n<\/div>\n\n\n\n<div class=\"wp-block-group alignfull has-base-2-background-color has-background has-global-padding is-layout-constrained wp-container-core-group-is-layout-0fa2f98f wp-block-group-is-layout-constrained\" style=\"margin-top:0;margin-bottom:0;padding-top:var(--wp--preset--spacing--50);padding-right:var(--wp--preset--spacing--40);padding-bottom:var(--wp--preset--spacing--50);padding-left:var(--wp--preset--spacing--40)\">\n<div class=\"wp-block-group is-vertical is-content-justification-center is-layout-flex wp-container-core-group-is-layout-688e84fa wp-block-group-is-layout-flex\" style=\"padding-top:0;padding-bottom:0\">\n<h2 class=\"wp-block-heading has-text-align-center is-style-default\">L\u00f8sningen for automatisering<\/h2>\n\n\n\n<p class=\"has-text-align-center\">Effektiviser dropshipping med v\u00e5r automatiseringsl\u00f8sning. Glem manuelle prosesser - systemet v\u00e5rt effektiviserer driften og sparer deg for tid og krefter.<\/p>\n<\/div>\n\n\n\n<div class=\"wp-block-columns alignwide is-layout-flex wp-container-core-columns-is-layout-d0bbbce0 wp-block-columns-is-layout-flex\">\n<div class=\"wp-block-column is-layout-flow wp-container-core-column-is-layout-e3d1c41b wp-block-column-is-layout-flow\">\n<h3 class=\"wp-block-heading has-text-align-left is-style-default has-body-font-family has-medium-font-size\" style=\"font-style:normal;font-weight:600\">Integrasjon med leverand\u00f8r<\/h3>\n\n\n\n<p class=\"has-text-align-left\">Hold produktinformasjonen i nettbutikken din kontinuerlig oppdatert med de nyeste dataene fra leverand\u00f8ren.<\/p>\n\n\n\n<ul class=\"is-style-checkmark-list wp-block-list\">\n<li>Automatisk lagerstatus<\/li>\n\n\n\n<li>Eliminerer behovet for CSV-, XML- og JSON-filer<\/li>\n\n\n\n<li>Automatisk oppsett ved hjelp av Vendino<\/li>\n<\/ul>\n<\/div>\n\n\n\n<div class=\"wp-block-column is-layout-flow wp-container-core-column-is-layout-e3d1c41b wp-block-column-is-layout-flow\">\n<h3 class=\"wp-block-heading has-text-align-left is-style-default has-body-font-family has-medium-font-size\" style=\"font-style:normal;font-weight:600\">Produktoppretting med ett klikk<\/h3>\n\n\n\n<p class=\"has-text-align-left\">Dropp kopi-lim-rutinen for produkter i nettbutikken din. Overlat produktopprettelsen til Vendino.<\/p>\n\n\n\n<ul class=\"is-style-checkmark-list wp-block-list\">\n<li>Tidsbesparende<\/li>\n\n\n\n<li>Minimer antall feil<\/li>\n\n\n\n<li>Berik med omfattende produktdata<\/li>\n\n\n\n<li>Enkelt valg fra produktkatalogen<\/li>\n<\/ul>\n<\/div>\n\n\n\n<div class=\"wp-block-column is-layout-flow wp-container-core-column-is-layout-e3d1c41b wp-block-column-is-layout-flow\">\n<h3 class=\"wp-block-heading has-text-align-left is-style-default has-body-font-family has-medium-font-size\" style=\"font-style:normal;font-weight:600\">Automatisk oppdatering av priser<\/h3>\n\n\n\n<p class=\"has-text-align-left\">Eliminer manuelle prosesser, feil i h\u00e5ndteringen av CSV-, XML- og JSON-filer, feilprising og de mange andre utfordringene ved e-handel.<\/p>\n\n\n\n<ul class=\"is-style-checkmark-list wp-block-list\">\n<li>Fastsett regler for avansement<\/li>\n\n\n\n<li>Automatisk utsalgspris<\/li>\n\n\n\n<li>Garanti for stabil fortjeneste<\/li>\n<\/ul>\n<\/div>\n<\/div>\n<\/div>\n\n\n\n<div class=\"wp-block-group alignfull has-global-padding is-layout-constrained wp-container-core-group-is-layout-b9940f7e wp-block-group-is-layout-constrained\" style=\"margin-top:0;margin-bottom:0;padding-top:var(--wp--preset--spacing--50);padding-right:var(--wp--preset--spacing--40);padding-bottom:var(--wp--preset--spacing--50);padding-left:var(--wp--preset--spacing--40)\">\n<div class=\"wp-block-group alignwide has-global-padding is-layout-constrained wp-container-core-group-is-layout-19e250f3 wp-block-group-is-layout-constrained\">\n<div class=\"wp-block-group is-vertical is-content-justification-center is-layout-flex wp-container-core-group-is-layout-6329a8f3 wp-block-group-is-layout-flex\">\n<h2 class=\"wp-block-heading has-text-align-center is-style-default\">Er du klar til \u00e5 oppgradere nettbutikken din?<\/h2>\n\n\n\n<p class=\"has-text-align-center\">Si farvel til manuell h\u00e5ndtering av CSV-, XML- og JSON-filer, prisfeil og alle de andre utfordringene som f\u00f8lger med det \u00e5 drive e-handel. Utforsk plattformen v\u00e5r uten kostnad.<\/p>\n<\/div>\n\n\n\n<div class=\"wp-block-buttons is-content-justification-center is-layout-flex wp-container-core-buttons-is-layout-b481f376 wp-block-buttons-is-layout-flex\" style=\"margin-top:var(--wp--preset--spacing--10);margin-bottom:var(--wp--preset--spacing--10)\">\n<div class=\"wp-block-button\"><a class=\"wp-block-button__link has-accent-4-background-color has-background has-text-align-center wp-element-button\" href=\"https:\/\/app.vendino.com\/auth\/signup\">Pr\u00f8v Vendino gratis<\/a><\/div>\n<\/div>\n\n\n\n<div class=\"wp-block-group is-vertical is-content-justification-center is-layout-flex wp-container-core-group-is-layout-ce155fab wp-block-group-is-layout-flex\">\n<ul class=\"is-style-checkmark-list wp-block-list\">\n<li><em>Gratis registrering - krever ikke kredittkort.<\/em><\/li>\n<\/ul>\n<\/div>\n<\/div>\n<\/div>","protected":false},"excerpt":{"rendered":"<p>Automatisering for E-handel Forbedret Opgrader din online butiks produktdata i realtid med din leverand\u00f8rs lagerdata. Skab en direkte forbindelse mellem din e-handelsplatform og dine leverand\u00f8rers lager. Automatiseringsl\u00f8sningen Effektiviser din dropshipping med vores automatiseringsl\u00f8sning. Glem manuelle processer \u2013 vores system effektiviserer driften og sparer dig for tid og arbejde. Integration med Leverand\u00f8r Hold din webshops produktinformation [&hellip;]<\/p>\n","protected":false},"author":1,"featured_media":0,"parent":0,"menu_order":0,"comment_status":"closed","ping_status":"closed","template":"page-no-title","meta":{"_acf_changed":false,"iawp_total_views":201,"footnotes":""},"class_list":["post-29","page","type-page","status-publish","hentry"],"acf":[],"_links":{"self":[{"href":"https:\/\/vendino.com\/nb\/wp-json\/wp\/v2\/pages\/29","targetHints":{"allow":["GET"]}}],"collection":[{"href":"https:\/\/vendino.com\/nb\/wp-json\/wp\/v2\/pages"}],"about":[{"href":"https:\/\/vendino.com\/nb\/wp-json\/wp\/v2\/types\/page"}],"author":[{"embeddable":true,"href":"https:\/\/vendino.com\/nb\/wp-json\/wp\/v2\/users\/1"}],"replies":[{"embeddable":true,"href":"https:\/\/vendino.com\/nb\/wp-json\/wp\/v2\/comments?post=29"}],"version-history":[{"count":0,"href":"https:\/\/vendino.com\/nb\/wp-json\/wp\/v2\/pages\/29\/revisions"}],"wp:attachment":[{"href":"https:\/\/vendino.com\/nb\/wp-json\/wp\/v2\/media?parent=29"}],"curies":[{"name":"wp","href":"https:\/\/api.w.org\/{rel}","templated":true}]}}