{"id":3,"date":"2023-11-25T16:43:06","date_gmt":"2023-11-25T16:43:06","guid":{"rendered":"https:\/\/vendino.com\/?page_id=3"},"modified":"2023-12-14T15:17:27","modified_gmt":"2023-12-14T14:17:27","slug":"personvernerklaering","status":"publish","type":"page","link":"https:\/\/vendino.com\/nb\/personvernerklaering\/","title":{"rendered":"Retningslinjer for personvern"},"content":{"rendered":"<p>P\u00e5 denne siden kan du lese om hvordan Vendino (\"vi\") bruker informasjonen du oppgir\/etterlater deg n\u00e5r du bruker plattformen og relaterte tjenester.<\/p>\n\n\n\n<h2 class=\"wp-block-heading\" id=\"1-indsamling-af-personlige-oplysninger\">1. Innsamling av personlig informasjon<\/h2>\n\n\n\n<p>I samsvar med gjeldende lovgivning vil vi alltid informere deg f\u00f8r vi samler inn personopplysninger om deg.<\/p>\n\n\n\n<h2 class=\"wp-block-heading\" id=\"2-hvilke-personlige-oplysninger-indsamler-vi\">2. Hvilke personopplysninger samler vi inn?<\/h2>\n\n\n\n<p>Vi samler inn generelle personopplysninger som navn, e-postadresse og adresse. I tillegg samler vi inn data for \u00e5 utarbeide statistikk og analyser som hjelper oss med \u00e5 forbedre produktene og tjenestene v\u00e5re - v\u00e6r oppmerksom p\u00e5 at disse dataene er generelle\/overfladiske. De omfatter for eksempel atferden din (f.eks. hvilke av sidene v\u00e5re du klikker p\u00e5) og brukes ikke til \u00e5 identifisere bes\u00f8kende p\u00e5 nettstedene v\u00e5re.<\/p>\n\n\n\n<h2 class=\"wp-block-heading\" id=\"3-hvad-bruger-vi-dine-oplysninger-til\">3. Hva bruker vi opplysningene dine til?<\/h2>\n\n\n\n<p>Vi bruker navn, adresse og e-post for \u00e5 administrere brukerkontoen og abonnementet ditt - med forbehold om ditt samtykke n\u00e5r du oppretter abonnementet ditt. Denne informasjonen er n\u00f8dvendig for at vi skal kunne kommunisere med deg om dine produkter\/tjenester hos oss. IP-adressen din brukes utelukkende som et tiltak for \u00e5 identifisere uautorisert inntrenging fra tredjeparter.<\/p>\n\n\n\n<h2 class=\"wp-block-heading\" id=\"4-deling-af-dine-oplysninger\">4. Deling av informasjonen din<\/h2>\n\n\n\n<p>Vi deler ikke informasjonen din med tredjeparter med mindre du har gitt ditt samtykke til dette. Vi vil aldri selge informasjonen din til tredjeparter!<\/p>\n\n\n\n<h2 class=\"wp-block-heading\" id=\"5-sikkerhed\">5. Trygghet og sikkerhet<\/h2>\n\n\n\n<p>Plattformen v\u00e5r er utviklet i henhold til h\u00f8ye sikkerhetsprinsipper, og vi fors\u00f8ker alltid \u00e5 beskytte plattformens kvalitet og integritet. I tilfelle et sikkerhetsbrudd skulle f\u00f8re til lekkasje av opplysningene dine, er vi forpliktet til \u00e5 informere deg innen 72 timer.<\/p>\n\n\n\n<h2 class=\"wp-block-heading\" id=\"6-lagring-af-data\">6. Lagring av data<\/h2>\n\n\n\n<p>Vi lagrer bare opplysningene dine s\u00e5 lenge det er n\u00f8dvendig for \u00e5 oppfylle de form\u00e5lene som er beskrevet i punkt 3. Hvis du \u00f8nsker \u00e5 f\u00e5 personopplysningene dine slettet fra plattformen v\u00e5r, kan du kontakte oss som beskrevet nederst p\u00e5 denne siden.<\/p>\n\n\n\n<h2 class=\"wp-block-heading\" id=\"7-cookies-og-pixels\">7 Informasjonskapsler og piksler<\/h2>\n\n\n\n<p>Informasjonskapsler er sm\u00e5 tekstfiler som inneholder en tegnstreng og identifiserer en bruker p\u00e5 en unik m\u00e5te. De sendes tilbake til nettstedet og\/eller tredjeparter. De fleste nettlesere er i utgangspunktet satt opp til \u00e5 godta informasjonskapsler, ettersom dette kreves av de fleste nettsteder for \u00e5 f\u00e5 tilgang til dem. Du kan imidlertid endre innstillingene i nettleseren din slik at den generelt kan avvise informasjonskapsler, blokkere tredjeparts informasjonskapsler eller angi n\u00e5r en informasjonskapsel skal sendes.<\/p>\n\n\n\n<p>Sporingspiksler er skript som kj\u00f8res n\u00e5r en bruker lander p\u00e5 et nettsted eller \u00e5pner en e-post. Pikselen i seg selv er ikke synlig og kan bare sees i HTML-teksten p\u00e5 nettstedet eller i e-posten. Skriptet f\u00f8rer til at en tredjeparts informasjonskapsel lastes ned til datamaskinen din eller registrerer at e-posten har blitt \u00e5pnet.<\/p>\n\n\n\n<h3 class=\"wp-block-heading\" id=\"71-google-cookies-og--teknologier\">7.1 Googles informasjonskapsler og teknologier<\/h3>\n\n\n\n<p><strong>Google Analytics:<\/strong>&nbsp;Denne informasjonskapselen gj\u00f8r det mulig for oss \u00e5 se informasjon om brukernes aktiviteter p\u00e5 nettstedet, inkludert - men ikke begrenset til - sidevisninger, kilde og tid brukt p\u00e5 et nettsted. Informasjonen er anonymisert og vises som tall, noe som betyr at den ikke kan spores tilbake til enkeltpersoner. Dette bidrar til \u00e5 beskytte personvernet ditt. Ved \u00e5 bruke Google Analytics kan vi se hvilket innhold som er popul\u00e6rt p\u00e5 nettstedene v\u00e5re, og vi fors\u00f8ker \u00e5 gi deg mer av det du liker \u00e5 lese og se p\u00e5.<\/p>\n\n\n\n<p><strong>Google Analytics Remarketing<\/strong>Google plasserer informasjonskapsler p\u00e5 datamaskinen din, noe som betyr at n\u00e5r du forlater nettstedet v\u00e5rt, kan Google vise deg annonser om Vendino som du kan v\u00e6re interessert i, basert p\u00e5 din tidligere atferd p\u00e5 nettstedet v\u00e5rt. Denne informasjonen er ikke personlig identifiserbar.<\/p>\n\n\n\n<p><strong>Google AdWords:<\/strong>&nbsp;Ved \u00e5 bruke Google Adwords kan vi se hvilke sider som bidro til \u00e5 f\u00f8re til innsendinger via kontaktskjemaet v\u00e5rt. Dette gj\u00f8r at vi kan bruke budsjettet v\u00e5rt bedre. Denne informasjonen er ikke personlig identifiserbar.<\/p>\n\n\n\n<p><strong>Google Adwords Remarketing:<\/strong>&nbsp;Plasserer informasjonskapsler p\u00e5 datamaskinen din, noe som betyr at n\u00e5r du forlater nettstedet v\u00e5rt, kan Google vise deg annonser om Vendino som du kan v\u00e6re interessert i basert p\u00e5 din tidligere atferd p\u00e5 nettstedet v\u00e5rt. Denne informasjonen er ikke personlig identifiserbar.<\/p>\n\n\n\n<p>Du kan forhindre at informasjonen som genereres av Googles informasjonskapsel om din bruk av v\u00e5re nettsteder, samles inn og behandles av Google i fremtiden ved \u00e5 laste ned og installere Google Analytics Opt-out Browser Add-on for din n\u00e5v\u00e6rende nettleser. Dette tillegget er tilgjengelig p\u00e5&nbsp;<a href=\"https:\/\/tools.google.com\/dlpage\/gaoptout\" target=\"_blank\" rel=\"noopener\">https:\/\/tools.google.com\/dlpage\/gaoptout<\/a>.<\/p>\n\n\n\n<h3 class=\"wp-block-heading\" id=\"72-facebook-cookies\">7.2 Informasjonskapsler fra Facebook<\/h3>\n\n\n\n<p>Facebook Remarketing: Facebooks sporingspiksel plasserer informasjonskapsler p\u00e5 datamaskinen din som forteller Facebook at du har bes\u00f8kt nettstedet. Vi antar da at du har en interesse for Vendino og innholdet p\u00e5 dette nettstedet. N\u00e5r du bes\u00f8ker Facebook, vil du deretter bli eksponert for informasjon eller annonser med lignende innhold. Vennligst bruk personverninnstillingene dine p\u00e5 Facebook hvis du \u00f8nsker \u00e5 begrense eksponeringen for denne typen markedsf\u00f8ring.<\/p>\n\n\n\n<h3 class=\"wp-block-heading\" id=\"73-linkedin\">7.3 LinkedIn<\/h3>\n\n\n\n<p>I forbindelse med markedsf\u00f8ring p\u00e5 LinkedIn bruker vi LinkedIns sporingspiksel. Denne pikselen plasserer informasjonskapsler p\u00e5 datamaskinen din som forteller LinkedIn at du har bes\u00f8kt nettstedet. Vi antar at du har vist interesse for Vendino og innholdet p\u00e5 nettstedet. N\u00e5r du bes\u00f8ker LinkedIn, kan du derfor bli eksponert for informasjon og\/eller annonser med lignende innhold. Vennligst bruk personverninnstillingene dine p\u00e5 LinkedIn hvis du \u00f8nsker \u00e5 begrense eksponeringen for slik markedsf\u00f8ring.<\/p>\n\n\n\n<h4 class=\"wp-block-heading\" id=\"henvendelser\">Henvendelser<\/h4>\n\n\n\n<p>Hvis du har sp\u00f8rsm\u00e5l om de ovennevnte retningslinjene eller \u00f8nsker \u00e5 ut\u00f8ve dine GDPR-rettigheter, skal alle henvendelser rettes til<\/p>\n\n\n\n<p>E-post:\u00a0<a href=\"mailto:hello@vendino.com\">hello@vendino.com<\/a><\/p>\n\n\n\n<p>Vi svarer p\u00e5 alle henvendelser om personvern s\u00e5 raskt vi kan, og garantert innen fristen p\u00e5 30 dager som er fastsatt i personvernforordningen. Vi leverer alltid data i et maskinlesbart format.<\/p>","protected":false},"excerpt":{"rendered":"<p>P\u00e5 denne side, kan du l\u00e6se hvordan Vendino (\u201cvi\u201d) anvender de oplysninger, som du afgiver\/efterlader dig, n\u00e5r du benytter platformen samt tilh\u00f8rende tjenester. 1. Indsamling af personlige oplysninger I henhold til den g\u00e6ldende lovgivning, vil vi altid oplyse dig forud for indsamling af personlige oplysninger om dig. 2. Hvilke personlige oplysninger indsamler vi? Vi indsamler [&hellip;]<\/p>\n","protected":false},"author":1,"featured_media":0,"parent":0,"menu_order":0,"comment_status":"closed","ping_status":"closed","template":"","meta":{"_acf_changed":false,"iawp_total_views":172,"footnotes":""},"class_list":["post-3","page","type-page","status-publish","hentry"],"acf":[],"_links":{"self":[{"href":"https:\/\/vendino.com\/nb\/wp-json\/wp\/v2\/pages\/3","targetHints":{"allow":["GET"]}}],"collection":[{"href":"https:\/\/vendino.com\/nb\/wp-json\/wp\/v2\/pages"}],"about":[{"href":"https:\/\/vendino.com\/nb\/wp-json\/wp\/v2\/types\/page"}],"author":[{"embeddable":true,"href":"https:\/\/vendino.com\/nb\/wp-json\/wp\/v2\/users\/1"}],"replies":[{"embeddable":true,"href":"https:\/\/vendino.com\/nb\/wp-json\/wp\/v2\/comments?post=3"}],"version-history":[{"count":0,"href":"https:\/\/vendino.com\/nb\/wp-json\/wp\/v2\/pages\/3\/revisions"}],"wp:attachment":[{"href":"https:\/\/vendino.com\/nb\/wp-json\/wp\/v2\/media?parent=3"}],"curies":[{"name":"wp","href":"https:\/\/api.w.org\/{rel}","templated":true}]}}