{"id":130,"date":"2023-12-14T12:52:22","date_gmt":"2023-12-14T11:52:22","guid":{"rendered":"https:\/\/vendino.com\/?page_id=130"},"modified":"2023-12-14T12:52:23","modified_gmt":"2023-12-14T11:52:23","slug":"gebruikersvoorwaarden","status":"publish","type":"page","link":"https:\/\/vendino.com\/nl\/gebruikersvoorwaarden\/","title":{"rendered":"Gebruiksvoorwaarden"},"content":{"rendered":"<p>Deze algemene voorwaarden (de \"Overeenkomst\") zijn van toepassing tussen Vendino ApS en het bedrijf (de Gebruiker) dat het recht heeft om gebruik te maken van&nbsp;<a href=\"https:\/\/vendino.com\/nl\/\">vendino.com<\/a>.<\/p>\n\n\n\n<p>In de Overeenkomst verwijst \"Vendino\" naar het bedrijf (Vendino ApS). Naar het Platform en alle bijbehorende subdomeinen van het domein \"vendino.com\" wordt eenvoudig verwezen als \"<a href=\"https:\/\/vendino.com&quot;\/\">www.vendino.com<\/a>\".<\/p>\n\n\n\n<h4 class=\"wp-block-heading\" id=\"1-betingelser\">1. voorwaarden<\/h4>\n\n\n\n<ul class=\"wp-block-list\">\n<li>1.1 Deze algemene voorwaarden zijn van toepassing op alle overeenkomsten gesloten op&nbsp;<a href=\"https:\/\/vendino.com\/nl\/\">www.vendino.com<\/a>&nbsp;met het bedrijf Vendino ApS erachter.<\/li>\n<\/ul>\n\n\n\n<h4 class=\"wp-block-heading\" id=\"2--rettigheder\">2. Rechten en aanspraken<\/h4>\n\n\n\n<ul class=\"wp-block-list\">\n<li>2.1 Alle rechten op het systeem&nbsp;<a href=\"https:\/\/vendino.com\/nl\/\">www.vendino.com<\/a>&nbsp;is van Vendino.<\/li>\n\n\n\n<li>2.2 Door de aanschaf van een abonnement heeft de Gebruiker een gebruiksrecht verkregen, dat Vendino te allen tijde zonder kennisgeving kan intrekken (zie artikel 8, Misbruik).<\/li>\n\n\n\n<li>2.3 Gebruiksrecht van de gebruiker&nbsp;<a href=\"https:\/\/vendino.com\/nl\/\">www.vendino.com<\/a>&nbsp;is een niet-exclusieve overeenkomst.<\/li>\n<\/ul>\n\n\n\n<h4 class=\"wp-block-heading\" id=\"3--priser\">3. prijzen<\/h4>\n\n\n\n<ul class=\"wp-block-list\">\n<li>3.1 Alle prijzen vermeld op&nbsp;<a href=\"https:\/\/vendino.com\/nl\/\">www.vendino.com<\/a>&nbsp;zijn alleen geldig op de dag van bestelling en kunnen op elk moment door Vendino worden gewijzigd - Houd er rekening mee dat Vendino de gebruiker ten minste 30 dagen voordat prijswijzigingen van kracht worden zal informeren.<\/li>\n\n\n\n<li>3.2 Alle prijzen worden vermeld in Deense Kronen (DKK) en zijn exclusief BTW en belastingen die verschuldigd zijn volgens de toepasselijke regelgeving.<\/li>\n<\/ul>\n\n\n\n<h4 class=\"wp-block-heading\" id=\"4--abonnement--betaling\">4. Inschrijving &amp; betaling<\/h4>\n\n\n\n<ul class=\"wp-block-list\">\n<li>4.1 Aankoop van gebruiksrecht voor&nbsp;<a href=\"https:\/\/vendino.com\/nl\/\">www.vendino.com<\/a>&nbsp;is een abonnementsovereenkomst tussen de gebruiker en Vendino.<\/li>\n\n\n\n<li>4.2 Het abonnement wordt maandelijks automatisch in rekening gebracht totdat de Gebruiker het abonnement opzegt. Opzeggen van het abonnement kan elektronisch bij&nbsp;<a href=\"https:\/\/vendino.com\/nl\/\">www.vendino.com<\/a>&nbsp;of via e-mail op&nbsp;<a href=\"mailto:hello@vendino.com\">hello@vendino.com<\/a>.<\/li>\n\n\n\n<li>4.3 Abonnementen kunnen alleen aan het einde van een lopende periode worden opgezegd.<\/li>\n\n\n\n<li>4.4 In geval van te late betaling is het recht om de&nbsp;<a href=\"https:\/\/vendino.com\/nl\/\">www.vendino.com<\/a>&nbsp;onmiddellijk geannuleerd als er geen andere overeenkomst is gesloten. Toegang tot&nbsp;<a href=\"https:\/\/vendino.com\/nl\/\">www.vendino.com<\/a>&nbsp;kan opnieuw worden geopend nadat de betaling volledig is ontvangen, tenzij Vendino het abonnement van tevoren heeft opgezegd.<\/li>\n\n\n\n<li>4.5 Vendino kan het abonnement te allen tijde be\u00ebindigen indien Vendino misbruik vermoedt of constateert, waaronder onbevoegde toegang tot gegevens door de Gebruiker.<\/li>\n\n\n\n<li>4.6 Betaling voor goederen en producten die op het Platform worden aangeboden, wordt afgeschreven van de betaalkaart die bij aanmaak is geregistreerd (tenzij anders overeengekomen).<\/li>\n<\/ul>\n\n\n\n<h4 class=\"wp-block-heading\" id=\"5--data\">5. Gegevens<\/h4>\n\n\n\n<ul class=\"wp-block-list\">\n<li>5.1 Vendino heeft geen rechten op de gegevens van de Gebruiker.<\/li>\n\n\n\n<li>5.2 Bij be\u00ebindiging van de Overeenkomst kan Vendino te allen tijde en om welke reden dan ook de gegevens van de Gebruiker wissen. Vendino moet de Gebruiker ten minste 10 dagen voor de verwijdering van gegevens op de hoogte stellen, zodat de Gebruiker zijn eigen gegevens kan verplaatsen.<\/li>\n\n\n\n<li>5.3 Vendino is niet verantwoordelijk voor verlies van gegevens om welke reden dan ook. In het geval van gegevensverlies zal Vendino zich inspannen om gegevens te herstellen met behulp van back-ups, maar garandeert geen herstel van verloren gegevens.<\/li>\n<\/ul>\n\n\n\n<h4 class=\"wp-block-heading\" id=\"6--driftsstabilitet\">6. Operationele stabiliteit<\/h4>\n\n\n\n<ul class=\"wp-block-list\">\n<li>6.1 Vendino streeft naar een zo hoog mogelijke uptime van&nbsp;<a href=\"https:\/\/vendino.com\/nl\/\">www.vendino.com<\/a>maar is niet aansprakelijk voor onderbrekingen of storingen om welke reden dan ook.<\/li>\n\n\n\n<li>6.2 In het geval van een storing of onderbreking zal Vendino zich inspannen om de normale werking zo snel mogelijk te herstellen.<\/li>\n<\/ul>\n\n\n\n<h4 class=\"wp-block-heading\" id=\"7--brugerens-ansvar--forpligtelser\">7. Verantwoordelijkheden en verplichtingen van de gebruiker<\/h4>\n\n\n\n<ul class=\"wp-block-list\">\n<li>7.1 De Gebruiker is te allen tijde verantwoordelijk voor het in stand houden van de toegang van de Gebruiker tot&nbsp;<a href=\"https:\/\/vendino.com.\/\">www.vendino.com.<\/a>&nbsp;Vendino is niet verantwoordelijk voor ongeoorloofde indringing door derden. In geval van misbruik door onbevoegde binnendringing moet Vendino zo snel mogelijk op de hoogte worden gesteld.<\/li>\n\n\n\n<li>7.2 In geval van misbruik veroorzaakt door een onbevoegde derde, kan Vendino te allen tijde de toegang van de Gebruiker tot&nbsp;<a href=\"https:\/\/vendino.com.\/\">www.vendino.com.<\/a>&nbsp;Vendino zal de toegang van de Gebruiker herstellen als Vendino het abonnement niet van tevoren heeft opgezegd.<\/li>\n\n\n\n<li>7.3 De Gebruiker is te allen tijde verantwoordelijk voor een internetverbinding en het up-to-date houden van de nieuwste versies van browserapplicaties als voorwaarde voor het gebruik van het gebruiksrecht.&nbsp;<a href=\"https:\/\/vendino.com.\/\">www.vendino.com.<\/a><\/li>\n\n\n\n<li>7.4 De Gebruiker is te allen tijde verantwoordelijk voor het naleven van de toepasselijke wetgeving.<\/li>\n<\/ul>\n\n\n\n<h4 class=\"wp-block-heading\" id=\"8--misbrug\">8. Misbruik<\/h4>\n\n\n\n<ul class=\"wp-block-list\">\n<li>8.1 Vendino kan te allen tijde de toegang van de Gebruiker tot&nbsp;<a href=\"https:\/\/vendino.com\/nl\/\">www.vendino.com<\/a>&nbsp;indien Vendino misbruik vermoedt of constateert. Vendino zal de Gebruiker zo spoedig mogelijk op de hoogte stellen bij een vermoeden van misbruik.<\/li>\n\n\n\n<li>8.2 Vendino spant zich in om misbruik van&nbsp;<a href=\"https:\/\/vendino.com\/nl\/\">www.vendino.com<\/a>maar garandeert niet dat misbruik, inclusief binnendringing in de IT-systemen van Vendino, niet kan plaatsvinden.<\/li>\n<\/ul>\n\n\n\n<h4 class=\"wp-block-heading\" id=\"9--fortrydelsesret\">9. Recht op annulering<\/h4>\n\n\n\n<ul class=\"wp-block-list\">\n<li>9.1 Door de aankoop van een abonnement doet de Gebruiker afstand van zijn recht op annulering, aangezien het abonnement onmiddellijk in gebruik wordt genomen. In geval van annulering kan de Gebruiker contact opnemen met Vendino, en kan Vendino naar eigen goeddunken de aankoop van de Gebruiker terugbetalen.<\/li>\n<\/ul>\n\n\n\n<h4 class=\"wp-block-heading\" id=\"10-ikrafttr\u00e6den--\u00e6ndringer\">10. Inwerkingtreding &amp; wijzigingen<\/h4>\n\n\n\n<ul class=\"wp-block-list\">\n<li>10.1 De Overeenkomst is geldig vanaf 23 oktober 2020.<\/li>\n\n\n\n<li>10.2 Vendino behoudt zich het recht voor om de voorwaarden van de Overeenkomst zonder voorafgaande kennisgeving te wijzigen en aan te passen. Vendino streeft ernaar de Gebruiker op de hoogte te stellen van belangrijke wijzigingen, maar de Gebruiker is zelf verantwoordelijk voor het bijhouden van de huidige voorwaarden.<\/li>\n<\/ul>","protected":false},"excerpt":{"rendered":"<p>Disse generelle vilk\u00e5r (\u201cAftalen\u201d) er g\u00e6ldende mellem Vendino ApS og virksomheden (Brugeren), der har brugsret og anvender&nbsp;vendino.com. I Aftalen refererer \u201cVendino\u201d til virksomheden (Vendino ApS). Platformen samt alle tilh\u00f8rende subdom\u00e6ner til dom\u00e6net \u201cvendino.com\u201d n\u00e6vnes blot som \u201cwww.vendino.com\u201d. 1. Betingelser 2. Rettigheder 3. Priser 4. Abonnement &amp; betaling 5. Data 6. Driftsstabilitet 7. Brugerens ansvar &amp; [&hellip;]<\/p>\n","protected":false},"author":1,"featured_media":0,"parent":0,"menu_order":0,"comment_status":"closed","ping_status":"closed","template":"","meta":{"_acf_changed":false,"iawp_total_views":156,"footnotes":""},"class_list":["post-130","page","type-page","status-publish","hentry"],"acf":[],"_links":{"self":[{"href":"https:\/\/vendino.com\/nl\/wp-json\/wp\/v2\/pages\/130","targetHints":{"allow":["GET"]}}],"collection":[{"href":"https:\/\/vendino.com\/nl\/wp-json\/wp\/v2\/pages"}],"about":[{"href":"https:\/\/vendino.com\/nl\/wp-json\/wp\/v2\/types\/page"}],"author":[{"embeddable":true,"href":"https:\/\/vendino.com\/nl\/wp-json\/wp\/v2\/users\/1"}],"replies":[{"embeddable":true,"href":"https:\/\/vendino.com\/nl\/wp-json\/wp\/v2\/comments?post=130"}],"version-history":[{"count":0,"href":"https:\/\/vendino.com\/nl\/wp-json\/wp\/v2\/pages\/130\/revisions"}],"wp:attachment":[{"href":"https:\/\/vendino.com\/nl\/wp-json\/wp\/v2\/media?parent=130"}],"curies":[{"name":"wp","href":"https:\/\/api.w.org\/{rel}","templated":true}]}}