{"id":282,"date":"2023-12-14T15:31:10","date_gmt":"2023-12-14T14:31:10","guid":{"rendered":"https:\/\/vendino.com\/?page_id=282"},"modified":"2024-03-21T14:19:01","modified_gmt":"2024-03-21T13:19:01","slug":"productcreatie","status":"publish","type":"page","link":"https:\/\/vendino.com\/nl\/productcreatie\/","title":{"rendered":"Productcreatie"},"content":{"rendered":"<div class=\"wp-block-group alignfull has-accent-4-background-color has-background has-global-padding is-layout-constrained wp-container-core-group-is-layout-b9940f7e wp-block-group-is-layout-constrained\" style=\"margin-top:0;margin-bottom:0;padding-top:var(--wp--preset--spacing--50);padding-right:var(--wp--preset--spacing--40);padding-bottom:var(--wp--preset--spacing--50);padding-left:var(--wp--preset--spacing--40)\">\n<div class=\"wp-block-group alignwide is-vertical is-layout-flex wp-container-core-group-is-layout-4b827052 wp-block-group-is-layout-flex\">\n<div class=\"wp-block-columns alignwide is-layout-flex wp-container-core-columns-is-layout-c6809a2b wp-block-columns-is-layout-flex\">\n<div class=\"wp-block-column is-vertically-aligned-center is-layout-flow wp-container-core-column-is-layout-22223934 wp-block-column-is-layout-flow\" style=\"flex-basis:40%\">\n<h1 class=\"wp-block-heading is-style-default has-base-color has-text-color has-link-color has-x-large-font-size wp-elements-5df810a18db120b6c1358298f72a9ee0\"><strong>Productcreatie<br>gedaan\u00a0<mark style=\"background-color:rgba(0, 0, 0, 0)\" class=\"has-inline-color has-accent-2-color\">eenvoudiger<\/mark>.<\/strong><\/h1>\n\n\n\n<h2 class=\"wp-block-heading has-base-color has-text-color has-link-color has-medium-font-size wp-elements-37349e1590504e8e4b6b412af6e4cf7b\">Toegang tot producten van Deense en Europese leveranciers vanuit \u00e9\u00e9n productcatalogus.<\/h2>\n\n\n\n<div class=\"wp-block-columns is-layout-flex wp-container-core-columns-is-layout-87beb0d0 wp-block-columns-is-layout-flex\">\n<div class=\"wp-block-column is-layout-flow wp-block-column-is-layout-flow\">\n<h3 class=\"wp-block-heading has-base-color has-text-color has-link-color has-medium-font-size wp-elements-a48332cebb271a53a28dae1521cebcf0\"><strong>Geen CSV, XML &amp; JSON meer<\/strong><\/h3>\n\n\n\n<p class=\"has-base-color has-text-color has-link-color wp-elements-88d7dd5857267b358f1b2715d48fa9ae\">Waarom zou je je druk maken om vervelende bestanden die niet doen wat je vraagt? Laat Vendino je dit gedoe uit handen nemen!<\/p>\n<\/div>\n\n\n\n<div class=\"wp-block-column is-layout-flow wp-block-column-is-layout-flow\">\n<h3 class=\"wp-block-heading has-base-color has-text-color has-link-color has-medium-font-size wp-elements-1306c639615f5360beb964f7b525a7f1\"><strong>Bespaar tijd<\/strong><\/h3>\n\n\n\n<p class=\"has-base-color has-text-color has-link-color wp-elements-4f9d7076840f552ab8e90d015f0334d6\">Besteed je tijd aan wat zinvol is voor jou en je bedrijf. Stop met het handmatig maken van producten en doe het automatisch met Vendino.<\/p>\n<\/div>\n<\/div>\n<\/div>\n\n\n\n<div class=\"wp-block-column is-vertically-aligned-center is-layout-flow wp-block-column-is-layout-flow\" style=\"flex-basis:60%\">\n<figure class=\"wp-block-image size-large is-style-rounded is-style-rounded--1\"><img decoding=\"async\" width=\"1536\" height=\"796\" src=\"https:\/\/vendino.com\/wp-content\/uploads\/vendino-platform-1536x796.png\" alt=\"Vendino-platform\" class=\"wp-image-331\" srcset=\"https:\/\/vendino.com\/wp-content\/uploads\/vendino-platform-1536x796.png 1536w, https:\/\/vendino.com\/wp-content\/uploads\/vendino-platform-768x398.png 768w, https:\/\/vendino.com\/wp-content\/uploads\/vendino-platform.png 1645w\" sizes=\"(max-width: 1536px) 100vw, 1536px\" \/><\/figure>\n<\/div>\n<\/div>\n<\/div>\n<\/div>\n\n\n\n<div class=\"wp-block-group alignfull has-base-2-background-color has-background has-global-padding is-layout-constrained wp-container-core-group-is-layout-ca038469 wp-block-group-is-layout-constrained\" style=\"margin-top:0;margin-bottom:0;padding-top:var(--wp--preset--spacing--50);padding-right:var(--wp--preset--spacing--40);padding-bottom:var(--wp--preset--spacing--50);padding-left:var(--wp--preset--spacing--40)\">\n<div class=\"wp-block-group alignwide is-vertical is-content-justification-center is-layout-flex wp-container-core-group-is-layout-3f2d17a9 wp-block-group-is-layout-flex\" style=\"margin-top:0;margin-bottom:0\">\n<div class=\"wp-block-group is-vertical is-content-justification-center is-layout-flex wp-container-core-group-is-layout-ce155fab wp-block-group-is-layout-flex\">\n<h2 class=\"wp-block-heading has-text-align-center is-style-default\">Hoe Vendino helpt bij het maken van producten<\/h2>\n\n\n\n<p class=\"has-text-align-center\">Bespaar tijd op handmatige processen en voorkom fouten tijdens het maken van producten.<\/p>\n<\/div>\n\n\n\n<div class=\"wp-block-columns alignwide is-layout-flex wp-container-core-columns-is-layout-d0bbbce0 wp-block-columns-is-layout-flex\">\n<div class=\"wp-block-column is-layout-flow wp-container-core-column-is-layout-e3d1c41b wp-block-column-is-layout-flow\">\n<div class=\"wp-block-group is-nowrap is-layout-flex wp-container-core-group-is-layout-6c531013 wp-block-group-is-layout-flex\">\n<figure class=\"wp-block-image size-full is-resized wp-duotone-31bf9a-31bf9a-2\"><img decoding=\"async\" src=\"https:\/\/vendino.com\/wp-content\/uploads\/loop.svg\" alt=\"Lus\" class=\"wp-image-724\" style=\"width:auto;height:40px\"\/><\/figure>\n\n\n\n<h3 class=\"wp-block-heading has-text-align-left is-style-default has-body-font-family has-medium-font-size\" style=\"font-style:normal;font-weight:600\">Bestanden omzetten in itemcatalogus<\/h3>\n<\/div>\n\n\n\n<p class=\"has-text-align-left\">Heb je een of meer bestanden van je leverancier, maar kun je ze niet importeren in je webwinkel? Dan is Vendino de juiste oplossing voor jou!<\/p>\n\n\n\n<ul class=\"is-style-checkmark-list wp-block-list\">\n<li>CSV, XML en JSON converteren naar productcatalogus<\/li>\n\n\n\n<li>Haal meer uit uw productgegevens<\/li>\n\n\n\n<li>Weg met dure ontwikkelaars<\/li>\n<\/ul>\n<\/div>\n\n\n\n<div class=\"wp-block-column is-layout-flow wp-container-core-column-is-layout-e3d1c41b wp-block-column-is-layout-flow\">\n<div class=\"wp-block-group is-nowrap is-layout-flex wp-container-core-group-is-layout-6c531013 wp-block-group-is-layout-flex\">\n<figure class=\"wp-block-image size-full is-resized wp-duotone-31bf9a-31bf9a-3\"><img decoding=\"async\" src=\"https:\/\/vendino.com\/wp-content\/uploads\/cursor.svg\" alt=\"Cursor\" class=\"wp-image-686\" style=\"width:auto;height:40px\"\/><\/figure>\n\n\n\n<h3 class=\"wp-block-heading has-text-align-left is-style-default has-body-font-family has-medium-font-size\" style=\"font-style:normal;font-weight:600\">Producten maken met een paar klikken<\/h3>\n<\/div>\n\n\n\n<p>Waarom zou je producten in je online winkel copy-pasten? Laat Vendino de productcreatie afhandelen.<\/p>\n\n\n\n<ul class=\"is-style-checkmark-list wp-block-list\">\n<li>Bespaar tijd<\/li>\n\n\n\n<li>Fouten vermijden<\/li>\n\n\n\n<li>Meer itemgegevens zichtbaar maken<\/li>\n\n\n\n<li>Eenvoudig producten selecteren uit productcatalogus<\/li>\n<\/ul>\n<\/div>\n\n\n\n<div class=\"wp-block-column is-layout-flow wp-container-core-column-is-layout-e3d1c41b wp-block-column-is-layout-flow\">\n<div class=\"wp-block-group is-nowrap is-layout-flex wp-container-core-group-is-layout-6c531013 wp-block-group-is-layout-flex\">\n<figure class=\"wp-block-image size-full is-resized wp-duotone-31bf9a-31bf9a-4\"><img decoding=\"async\" src=\"https:\/\/vendino.com\/wp-content\/uploads\/discounttag.svg\" alt=\"Korting dag\" class=\"wp-image-720\" style=\"width:auto;height:40px\"\/><\/figure>\n\n\n\n<h3 class=\"wp-block-heading has-text-align-left is-style-default has-body-font-family has-medium-font-size\" style=\"font-style:normal;font-weight:600\">Stel je eigen prijsregels in<\/h3>\n<\/div>\n\n\n\n<p class=\"has-text-align-left\">Optimaliseer de prijzen in je online winkel om zowel concurrerend als winstgevend te zijn.<\/p>\n\n\n\n<ul class=\"is-style-checkmark-list wp-block-list\">\n<li>Automatische prijsaanpassing<\/li>\n\n\n\n<li>Stel regels op voor de dekkingsgraad<\/li>\n\n\n\n<li>Cre\u00eber met standaard adviesverkoopprijzen. detailhandelsprijzen<\/li>\n\n\n\n<li>Solide winst behalen<\/li>\n<\/ul>\n<\/div>\n<\/div>\n<\/div>\n<\/div>\n\n\n\n<div class=\"wp-block-group alignfull has-global-padding is-layout-constrained wp-container-core-group-is-layout-b9940f7e wp-block-group-is-layout-constrained\" style=\"margin-top:0;margin-bottom:0;padding-top:var(--wp--preset--spacing--50);padding-right:var(--wp--preset--spacing--40);padding-bottom:var(--wp--preset--spacing--50);padding-left:var(--wp--preset--spacing--40)\">\n<div class=\"wp-block-group alignwide has-global-padding is-layout-constrained wp-container-core-group-is-layout-19e250f3 wp-block-group-is-layout-constrained\">\n<div class=\"wp-block-group alignwide is-vertical is-content-justification-center is-layout-flex wp-container-core-group-is-layout-ce155fab wp-block-group-is-layout-flex\">\n<div class=\"wp-block-group is-vertical is-content-justification-center is-layout-flex wp-container-core-group-is-layout-6329a8f3 wp-block-group-is-layout-flex\">\n<h2 class=\"wp-block-heading has-text-align-center is-style-default\">Ben je klaar om je online winkel naar een hoger niveau te tillen?<\/h2>\n\n\n\n<p class=\"has-text-align-center\">Zeg vaarwel tegen handmatige processen, CSV &amp; XML-bestanden, prijsfouten en al het andere dat het leven als webwinkelier moeilijk maakt. Probeer Vendino gratis.<\/p>\n<\/div>\n\n\n\n<div class=\"wp-block-buttons is-content-justification-center is-layout-flex wp-container-core-buttons-is-layout-b481f376 wp-block-buttons-is-layout-flex\" style=\"margin-top:var(--wp--preset--spacing--10);margin-bottom:var(--wp--preset--spacing--10)\">\n<div class=\"wp-block-button\"><a class=\"wp-block-button__link has-accent-4-background-color has-background has-text-align-center wp-element-button\" href=\"https:\/\/app.vendino.com\/auth\/signup\">Probeer Vendino gratis uit<\/a><\/div>\n<\/div>\n\n\n\n<div class=\"wp-block-group is-vertical is-content-justification-center is-layout-flex wp-container-core-group-is-layout-ce155fab wp-block-group-is-layout-flex\">\n<ul class=\"is-style-checkmark-list wp-block-list\">\n<li><em>Gratis aanmelden - Geen creditcard nodig.<\/em><\/li>\n<\/ul>\n<\/div>\n<\/div>\n<\/div>\n<\/div>","protected":false},"excerpt":{"rendered":"<p>Produktoprettelsegjort\u00a0nemmere. Tilg\u00e5 produkter fra danske og europ\u00e6iske leverand\u00f8rer fra et samlet varekatalog. Aldrig mere CSV, XML &amp; JSON Hvorfor b\u00f8vle med irriterende filer, der ikke vil g\u00f8re det du beder dem om? Lad Vendino klare besv\u00e6ret! Spar tid Brug din tid p\u00e5 det der giver mening for dig og din forretning. Stop med at oprette [&hellip;]<\/p>\n","protected":false},"author":1,"featured_media":0,"parent":0,"menu_order":0,"comment_status":"closed","ping_status":"closed","template":"page-no-title","meta":{"_acf_changed":false,"iawp_total_views":214,"footnotes":""},"class_list":["post-282","page","type-page","status-publish","hentry"],"acf":[],"_links":{"self":[{"href":"https:\/\/vendino.com\/nl\/wp-json\/wp\/v2\/pages\/282","targetHints":{"allow":["GET"]}}],"collection":[{"href":"https:\/\/vendino.com\/nl\/wp-json\/wp\/v2\/pages"}],"about":[{"href":"https:\/\/vendino.com\/nl\/wp-json\/wp\/v2\/types\/page"}],"author":[{"embeddable":true,"href":"https:\/\/vendino.com\/nl\/wp-json\/wp\/v2\/users\/1"}],"replies":[{"embeddable":true,"href":"https:\/\/vendino.com\/nl\/wp-json\/wp\/v2\/comments?post=282"}],"version-history":[{"count":0,"href":"https:\/\/vendino.com\/nl\/wp-json\/wp\/v2\/pages\/282\/revisions"}],"wp:attachment":[{"href":"https:\/\/vendino.com\/nl\/wp-json\/wp\/v2\/media?parent=282"}],"curies":[{"name":"wp","href":"https:\/\/api.w.org\/{rel}","templated":true}]}}