{"id":130,"date":"2023-12-14T12:52:22","date_gmt":"2023-12-14T11:52:22","guid":{"rendered":"https:\/\/vendino.com\/?page_id=130"},"modified":"2023-12-14T12:52:23","modified_gmt":"2023-12-14T11:52:23","slug":"warunki-uzytkownika","status":"publish","type":"page","link":"https:\/\/vendino.com\/pl\/warunki-uzytkownika\/","title":{"rendered":"Warunki u\u017cytkowania"},"content":{"rendered":"<p>Niniejsze og\u00f3lne warunki (\"Umowa\") maj\u0105 zastosowanie mi\u0119dzy Vendino ApS a sp\u00f3\u0142k\u0105 (\"U\u017cytkownikiem\"), kt\u00f3ra ma prawo do u\u017cywania i wykorzystywania&nbsp;<a href=\"https:\/\/vendino.com\/pl\/\">vendino.com<\/a>.<\/p>\n\n\n\n<p>W Umowie \"Vendino\" odnosi si\u0119 do sp\u00f3\u0142ki (Vendino ApS). Platforma i wszystkie powi\u0105zane subdomeny domeny \"vendino.com\" s\u0105 okre\u015blane po prostu jako \"<a href=\"https:\/\/vendino.com&quot;\/\">www.vendino.com<\/a>\".<\/p>\n\n\n\n<h4 class=\"wp-block-heading\" id=\"1-betingelser\">1. warunki<\/h4>\n\n\n\n<ul class=\"wp-block-list\">\n<li>1.1 Niniejsze og\u00f3lne warunki maj\u0105 zastosowanie do wszystkich um\u00f3w zawartych w dniu&nbsp;<a href=\"https:\/\/vendino.com\/pl\/\">www.vendino.com<\/a>&nbsp;za kt\u00f3r\u0105 stoi firma Vendino ApS.<\/li>\n<\/ul>\n\n\n\n<h4 class=\"wp-block-heading\" id=\"2--rettigheder\">2. Prawa i uprawnienia<\/h4>\n\n\n\n<ul class=\"wp-block-list\">\n<li>2.1 Wszelkie prawa do systemu&nbsp;<a href=\"https:\/\/vendino.com\/pl\/\">www.vendino.com<\/a>&nbsp;nale\u017cy do Vendino.<\/li>\n\n\n\n<li>2.2 Nabywaj\u0105c subskrypcj\u0119, U\u017cytkownik uzyskuje prawo do korzystania z systemu, kt\u00f3re Vendino mo\u017ce wycofa\u0107 w dowolnym momencie bez powiadomienia (patrz punkt 8, Nadu\u017cycie).<\/li>\n\n\n\n<li>2.3 Prawo u\u017cytkownika do korzystania&nbsp;<a href=\"https:\/\/vendino.com\/pl\/\">www.vendino.com<\/a>&nbsp;jest umow\u0105 niewy\u0142\u0105czn\u0105.<\/li>\n<\/ul>\n\n\n\n<h4 class=\"wp-block-heading\" id=\"3--priser\">3. ceny<\/h4>\n\n\n\n<ul class=\"wp-block-list\">\n<li>3.1 Wszystkie ceny podane na&nbsp;<a href=\"https:\/\/vendino.com\/pl\/\">www.vendino.com<\/a>&nbsp;s\u0105 wa\u017cne tylko w dniu z\u0142o\u017cenia zam\u00f3wienia i mog\u0105 zosta\u0107 zmienione przez Vendino w dowolnym momencie - nale\u017cy pami\u0119ta\u0107, \u017ce Vendino poinformuje u\u017cytkownika co najmniej 30 dni przed wej\u015bciem w \u017cycie zmian cen.<\/li>\n\n\n\n<li>3.2 Wszystkie ceny podane s\u0105 w koronach du\u0144skich (DKK) i nie zawieraj\u0105 podatku VAT ani podatk\u00f3w nale\u017cnych zgodnie z obowi\u0105zuj\u0105cymi przepisami.<\/li>\n<\/ul>\n\n\n\n<h4 class=\"wp-block-heading\" id=\"4--abonnement--betaling\">4. Subskrypcja i p\u0142atno\u015b\u0107<\/h4>\n\n\n\n<ul class=\"wp-block-list\">\n<li>4.1 Zakup prawa u\u017cytkowania dla&nbsp;<a href=\"https:\/\/vendino.com\/pl\/\">www.vendino.com<\/a>&nbsp;jest umow\u0105 subskrypcji zawart\u0105 pomi\u0119dzy U\u017cytkownikiem a Vendino.<\/li>\n\n\n\n<li>4.2 Subskrypcja b\u0119dzie automatycznie naliczana co miesi\u0105c, dop\u00f3ki U\u017cytkownik nie anuluje subskrypcji. Anulowanie subskrypcji odbywa si\u0119 drog\u0105 elektroniczn\u0105 pod adresem&nbsp;<a href=\"https:\/\/vendino.com\/pl\/\">www.vendino.com<\/a>&nbsp;lub przez e-mail na adres&nbsp;<a href=\"mailto:hello@vendino.com\">hello@vendino.com<\/a>.<\/li>\n\n\n\n<li>4.3 Subskrypcj\u0119 mo\u017cna anulowa\u0107 wy\u0142\u0105cznie na koniec trwaj\u0105cego okresu.<\/li>\n\n\n\n<li>4.4 W przypadku op\u00f3\u017anienia w p\u0142atno\u015bci prawo do korzystania z&nbsp;<a href=\"https:\/\/vendino.com\/pl\/\">www.vendino.com<\/a>&nbsp;natychmiast anulowane, je\u015bli nie zawarto innej umowy. Dost\u0119p do&nbsp;<a href=\"https:\/\/vendino.com\/pl\/\">www.vendino.com<\/a>&nbsp;mo\u017ce zosta\u0107 wznowiona po otrzymaniu pe\u0142nej p\u0142atno\u015bci, chyba \u017ce Vendino wcze\u015bniej anulowa\u0142o subskrypcj\u0119.<\/li>\n\n\n\n<li>4.5 Vendino mo\u017ce zako\u0144czy\u0107 subskrypcj\u0119 w dowolnym momencie, je\u015bli Vendino podejrzewa lub wykryje nadu\u017cycie, w tym nieautoryzowany dost\u0119p do danych przez U\u017cytkownika.<\/li>\n\n\n\n<li>4.6 P\u0142atno\u015b\u0107 za towary i produkty oferowane na Platformie zostanie pobrana z karty p\u0142atniczej zarejestrowanej w momencie utworzenia (chyba \u017ce uzgodniono inaczej).<\/li>\n<\/ul>\n\n\n\n<h4 class=\"wp-block-heading\" id=\"5--data\">5. Dane<\/h4>\n\n\n\n<ul class=\"wp-block-list\">\n<li>5.1 Vendino nie ma \u017cadnych praw do danych U\u017cytkownika.<\/li>\n\n\n\n<li>5.2 Po rozwi\u0105zaniu Umowy Vendino mo\u017ce usun\u0105\u0107 dane U\u017cytkownika w dowolnym momencie i z dowolnego powodu. Vendino musi poinformowa\u0107 U\u017cytkownika co najmniej 10 dni przed usuni\u0119ciem danych, aby U\u017cytkownik m\u00f3g\u0142 przenie\u015b\u0107 swoje dane.<\/li>\n\n\n\n<li>5.3 Vendino nie ponosi odpowiedzialno\u015bci za utrat\u0119 danych z jakiegokolwiek powodu. W przypadku utraty danych Vendino do\u0142o\u017cy stara\u0144, aby przywr\u00f3ci\u0107 dane przy u\u017cyciu kopii zapasowych, ale nie gwarantuje przywr\u00f3cenia utraconych danych.<\/li>\n<\/ul>\n\n\n\n<h4 class=\"wp-block-heading\" id=\"6--driftsstabilitet\">6. Stabilno\u015b\u0107 operacyjna<\/h4>\n\n\n\n<ul class=\"wp-block-list\">\n<li>6.1 Vendino d\u0105\u017cy do zapewnienia najwy\u017cszego mo\u017cliwego czasu sprawno\u015bci&nbsp;<a href=\"https:\/\/vendino.com\/pl\/\">www.vendino.com<\/a>ale nie ponosi odpowiedzialno\u015bci za przerwy lub awarie z jakiegokolwiek powodu.<\/li>\n\n\n\n<li>6.2 W przypadku awarii lub zak\u0142\u00f3ce\u0144 Vendino do\u0142o\u017cy wszelkich stara\u0144, aby jak najszybciej przywr\u00f3ci\u0107 normalne funkcjonowanie.<\/li>\n<\/ul>\n\n\n\n<h4 class=\"wp-block-heading\" id=\"7--brugerens-ansvar--forpligtelser\">7. Odpowiedzialno\u015b\u0107 i obowi\u0105zki u\u017cytkownika<\/h4>\n\n\n\n<ul class=\"wp-block-list\">\n<li>7.1 U\u017cytkownik jest przez ca\u0142y czas odpowiedzialny za utrzymanie dost\u0119pu U\u017cytkownika do&nbsp;<a href=\"https:\/\/vendino.com.\/\">www.vendino.com.<\/a>&nbsp;Vendino nie ponosi odpowiedzialno\u015bci za nieuprawnione w\u0142amania spowodowane przez osoby trzecie. W przypadku nadu\u017cy\u0107 spowodowanych nieuprawnionym wtargni\u0119ciem, Vendino musi zosta\u0107 poinformowane tak szybko, jak to mo\u017cliwe.<\/li>\n\n\n\n<li>7.2 W przypadku nadu\u017cycia spowodowanego przez nieupowa\u017cnion\u0105 osob\u0119 trzeci\u0105, Vendino mo\u017ce w dowolnym momencie odebra\u0107 U\u017cytkownikowi dost\u0119p do&nbsp;<a href=\"https:\/\/vendino.com.\/\">www.vendino.com.<\/a>&nbsp;Vendino przywr\u00f3ci dost\u0119p U\u017cytkownika, je\u015bli Vendino nie anulowa\u0142o wcze\u015bniej subskrypcji.<\/li>\n\n\n\n<li>7.3 U\u017cytkownik jest zawsze odpowiedzialny za zapewnienie po\u0142\u0105czenia z Internetem i aktualizowanie najnowszych wersji aplikacji przegl\u0105darkowych jako warunku wst\u0119pnego korzystania z prawa do u\u017cywania&nbsp;<a href=\"https:\/\/vendino.com.\/\">www.vendino.com.<\/a><\/li>\n\n\n\n<li>7.4 U\u017cytkownik jest zawsze odpowiedzialny za przestrzeganie obowi\u0105zuj\u0105cych przepis\u00f3w prawa.<\/li>\n<\/ul>\n\n\n\n<h4 class=\"wp-block-heading\" id=\"8--misbrug\">8. Nadu\u017cycie<\/h4>\n\n\n\n<ul class=\"wp-block-list\">\n<li>8.1 Vendino mo\u017ce w dowolnym momencie odebra\u0107 U\u017cytkownikowi dost\u0119p do&nbsp;<a href=\"https:\/\/vendino.com\/pl\/\">www.vendino.com<\/a>&nbsp;je\u015bli Vendino podejrzewa lub wykryje nadu\u017cycie. Vendino poinformuje U\u017cytkownika tak szybko, jak to mo\u017cliwe, w przypadku podejrzenia nadu\u017cycia.<\/li>\n\n\n\n<li>8.2 Vendino dok\u0142ada wszelkich stara\u0144, aby zapobiec niew\u0142a\u015bciwemu wykorzystaniu&nbsp;<a href=\"https:\/\/vendino.com\/pl\/\">www.vendino.com<\/a>ale nie gwarantuje, \u017ce niew\u0142a\u015bciwe u\u017cycie, w tym w\u0142amanie do system\u00f3w informatycznych Vendino, nie mo\u017ce wyst\u0105pi\u0107.<\/li>\n<\/ul>\n\n\n\n<h4 class=\"wp-block-heading\" id=\"9--fortrydelsesret\">9. Prawo do anulowania<\/h4>\n\n\n\n<ul class=\"wp-block-list\">\n<li>9.1 Nabywaj\u0105c subskrypcj\u0119, U\u017cytkownik zrzeka si\u0119 prawa do jej anulowania, poniewa\u017c subskrypcja jest natychmiast wykorzystywana. W przypadku anulowania U\u017cytkownik mo\u017ce skontaktowa\u0107 si\u0119 z Vendino, a Vendino mo\u017ce wed\u0142ug w\u0142asnego uznania zwr\u00f3ci\u0107 U\u017cytkownikowi koszty zakupu.<\/li>\n<\/ul>\n\n\n\n<h4 class=\"wp-block-heading\" id=\"10-ikrafttr\u00e6den--\u00e6ndringer\">10 Wej\u015bcie w \u017cycie i zmiany<\/h4>\n\n\n\n<ul class=\"wp-block-list\">\n<li>10.1 Umowa obowi\u0105zuje od dnia 23 pa\u017adziernika 2020 r.<\/li>\n\n\n\n<li>10.2 Vendino zastrzega sobie prawo do zmiany i aktualizacji warunk\u00f3w Umowy bez uprzedzenia. Vendino dok\u0142ada wszelkich stara\u0144, aby informowa\u0107 U\u017cytkownika o wszelkich istotnych zmianach, ale U\u017cytkownik jest odpowiedzialny za \u015bledzenie aktualnych warunk\u00f3w.<\/li>\n<\/ul>","protected":false},"excerpt":{"rendered":"<p>Disse generelle vilk\u00e5r (\u201cAftalen\u201d) er g\u00e6ldende mellem Vendino ApS og virksomheden (Brugeren), der har brugsret og anvender&nbsp;vendino.com. I Aftalen refererer \u201cVendino\u201d til virksomheden (Vendino ApS). Platformen samt alle tilh\u00f8rende subdom\u00e6ner til dom\u00e6net \u201cvendino.com\u201d n\u00e6vnes blot som \u201cwww.vendino.com\u201d. 1. Betingelser 2. Rettigheder 3. Priser 4. Abonnement &amp; betaling 5. Data 6. Driftsstabilitet 7. Brugerens ansvar &amp; [&hellip;]<\/p>\n","protected":false},"author":1,"featured_media":0,"parent":0,"menu_order":0,"comment_status":"closed","ping_status":"closed","template":"","meta":{"_acf_changed":false,"iawp_total_views":156,"footnotes":""},"class_list":["post-130","page","type-page","status-publish","hentry"],"acf":[],"_links":{"self":[{"href":"https:\/\/vendino.com\/pl\/wp-json\/wp\/v2\/pages\/130","targetHints":{"allow":["GET"]}}],"collection":[{"href":"https:\/\/vendino.com\/pl\/wp-json\/wp\/v2\/pages"}],"about":[{"href":"https:\/\/vendino.com\/pl\/wp-json\/wp\/v2\/types\/page"}],"author":[{"embeddable":true,"href":"https:\/\/vendino.com\/pl\/wp-json\/wp\/v2\/users\/1"}],"replies":[{"embeddable":true,"href":"https:\/\/vendino.com\/pl\/wp-json\/wp\/v2\/comments?post=130"}],"version-history":[{"count":0,"href":"https:\/\/vendino.com\/pl\/wp-json\/wp\/v2\/pages\/130\/revisions"}],"wp:attachment":[{"href":"https:\/\/vendino.com\/pl\/wp-json\/wp\/v2\/media?parent=130"}],"curies":[{"name":"wp","href":"https:\/\/api.w.org\/{rel}","templated":true}]}}