{"id":133,"date":"2023-12-14T12:54:59","date_gmt":"2023-12-14T11:54:59","guid":{"rendered":"https:\/\/vendino.com\/?page_id=133"},"modified":"2024-05-14T11:39:55","modified_gmt":"2024-05-14T10:39:55","slug":"polityka-cookies","status":"publish","type":"page","link":"https:\/\/vendino.com\/pl\/polityka-cookies\/","title":{"rendered":"Polityka plik\u00f3w cookie"},"content":{"rendered":"<h2 class=\"wp-block-heading\" id=\"hvad-er-en-cookie\">Co to jest ciasteczko?<\/h2>\n\n\n\n<p>Pomimo nazwy, kiedy m\u00f3wimy o ciasteczkach, nie m\u00f3wimy o herbatnikach. Plik cookie to termin okre\u015blaj\u0105cy ma\u0142y \"fragment\" danych, kt\u00f3re strony internetowe przechowuj\u0105 w przegl\u0105darce. Pliki cookie s\u0105 u\u017cywane do przechowywania danych o u\u017cytkowniku - na przyk\u0142ad plik cookie mo\u017ce zawiera\u0107 dane o ustawieniach u\u017cytkownika lub preferencjach j\u0119zykowych na danej stronie internetowej. Plik cookie to po prostu ma\u0142y plik danych, kt\u00f3ry mo\u017ce by\u0107 przechowywany przez witryn\u0119 internetow\u0105 w przegl\u0105darce i jest obecnie u\u017cywany przez praktycznie wszystkie witryny internetowe.<\/p>\n\n\n\n<h2 class=\"wp-block-heading\" id=\"hvorfor-informerer-i-om-cookies\">Dlaczego informujesz o plikach cookie?<\/h2>\n\n\n\n<p>Wszystkie du\u0144skie strony internetowe s\u0105 zobowi\u0105zane do informowania u\u017cytkownik\u00f3w o wykorzystywaniu plik\u00f3w cookie przez system. U\u017cytkownik musi zatem zaakceptowa\u0107 korzystanie przez witryn\u0119 z plik\u00f3w cookie, poniewa\u017c prawo wymaga poinformowania u\u017cytkownika o tym fakcie.<\/p>\n\n\n\n<p>Wi\u0119cej informacji na temat przepis\u00f3w i plik\u00f3w cookie mo\u017cna znale\u017a\u0107 w dokumencie Cookie Executive Order.&nbsp;<a href=\"https:\/\/www.retsinformation.dk\/Forms\/R0710.aspx?id=146417\" target=\"_blank\" rel=\"noopener\">Rozporz\u0105dzenie wykonawcze w sprawie plik\u00f3w cookie<\/a><\/p>\n\n\n\n<h2 class=\"wp-block-heading\" id=\"hvilke-cookies-bruger-vendino\">Jakich plik\u00f3w cookie u\u017cywa Vendino?<\/h2>\n\n\n\n<p>U\u017cywamy nast\u0119puj\u0105cych rodzaj\u00f3w plik\u00f3w cookie:<\/p>\n\n\n\n<h3 class=\"wp-block-heading\" id=\"sessionscookie\">Plik cookie sesji<\/h3>\n\n\n\n<p>Celem tego pliku cookie jest uczynienie u\u017cytkownika unikalnym, aby serwer wiedzia\u0142, \u017ce kilka r\u00f3\u017cnych \u017c\u0105da\u0144 pochodzi od r\u00f3\u017cnych u\u017cytkownik\u00f3w. Ten plik cookie wygasa po zamkni\u0119ciu przegl\u0105darki.<\/p>\n\n\n\n<h3 class=\"wp-block-heading\" id=\"xsrf-token\">XSRF-TOKEN<\/h3>\n\n\n\n<p>Ten plik cookie dzia\u0142a jako zabezpieczenie, dzi\u0119ki czemu serwer mo\u017ce zawsze zweryfikowa\u0107 \u017c\u0105danie. Plik cookie XSRF ma zatem na celu ochron\u0119 u\u017cytkownika przed atakami XSRF. Ten plik cookie jest odnawiany przy ka\u017cdym \u017c\u0105daniu i wygasa po zamkni\u0119ciu przegl\u0105darki.<\/p>\n\n\n\n<h3 class=\"wp-block-heading\" id=\"cookieconsent\">Zgoda na pliki cookie<\/h3>\n\n\n\n<p>Ten plik cookie zapewnia, \u017ce witryna zapami\u0119tuje, kiedy u\u017cytkownik akceptuje pliki cookie. Ten plik cookie wygasa po 365 dniach.<\/p>","protected":false},"excerpt":{"rendered":"<p>Hvad er en cookie? Trods navnet er det er ikke sm\u00e5kager, vi taler om, n\u00e5r vi n\u00e6vner cookies. En cookie er betegnelsen for en lille \u2019bid\u2019 data, som hjemmesider gemmer i browseren. Cookies bruges til at lagre data om brugeren \u2013 For eksempel kan en cookie indeholde data om brugerens indstillinger eller sprog pr\u00e6ferencer p\u00e5 [&hellip;]<\/p>\n","protected":false},"author":1,"featured_media":0,"parent":0,"menu_order":0,"comment_status":"closed","ping_status":"closed","template":"","meta":{"_acf_changed":false,"iawp_total_views":122,"footnotes":""},"class_list":["post-133","page","type-page","status-publish","hentry"],"acf":[],"_links":{"self":[{"href":"https:\/\/vendino.com\/pl\/wp-json\/wp\/v2\/pages\/133","targetHints":{"allow":["GET"]}}],"collection":[{"href":"https:\/\/vendino.com\/pl\/wp-json\/wp\/v2\/pages"}],"about":[{"href":"https:\/\/vendino.com\/pl\/wp-json\/wp\/v2\/types\/page"}],"author":[{"embeddable":true,"href":"https:\/\/vendino.com\/pl\/wp-json\/wp\/v2\/users\/1"}],"replies":[{"embeddable":true,"href":"https:\/\/vendino.com\/pl\/wp-json\/wp\/v2\/comments?post=133"}],"version-history":[{"count":0,"href":"https:\/\/vendino.com\/pl\/wp-json\/wp\/v2\/pages\/133\/revisions"}],"wp:attachment":[{"href":"https:\/\/vendino.com\/pl\/wp-json\/wp\/v2\/media?parent=133"}],"curies":[{"name":"wp","href":"https:\/\/api.w.org\/{rel}","templated":true}]}}