{"id":273,"date":"2023-12-14T15:25:08","date_gmt":"2023-12-14T14:25:08","guid":{"rendered":"https:\/\/vendino.com\/?page_id=273"},"modified":"2024-04-02T07:30:32","modified_gmt":"2024-04-02T06:30:32","slug":"zostan-partnerem","status":"publish","type":"page","link":"https:\/\/vendino.com\/pl\/zostan-partnerem\/","title":{"rendered":"Zosta\u0144 partnerem"},"content":{"rendered":"<div class=\"wp-block-group alignfull has-accent-4-background-color has-background has-global-padding is-layout-constrained wp-container-core-group-is-layout-d89aad35 wp-block-group-is-layout-constrained\" style=\"margin-top:0;margin-bottom:0;padding-top:var(--wp--preset--spacing--50);padding-right:var(--wp--preset--spacing--50);padding-bottom:var(--wp--preset--spacing--50);padding-left:var(--wp--preset--spacing--50)\">\n<div class=\"wp-block-group alignwide is-vertical is-layout-flex wp-container-core-group-is-layout-fe9cc265 wp-block-group-is-layout-flex\">\n<div class=\"wp-block-columns alignwide is-layout-flex wp-container-core-columns-is-layout-1da03c2a wp-block-columns-is-layout-flex\">\n<div class=\"wp-block-column is-vertically-aligned-center is-layout-flow wp-block-column-is-layout-flow\" style=\"padding-top:0;padding-bottom:0;flex-basis:40%\">\n<h2 class=\"wp-block-heading has-base-color has-text-color has-link-color wp-elements-f10bad1e6d9f3defe17c61649caa2315\"><strong>Czy jeste\u015b zainteresowany&nbsp;<mark style=\"background-color:rgba(0, 0, 0, 0)\" class=\"has-inline-color has-accent-2-color\">Partnerstwo?<\/mark><\/strong><\/h2>\n\n\n\n<p class=\"has-base-color has-text-color has-link-color wp-elements-eeadf01e9cc24aac907a8d9920e80e24\">Czy jeste\u015b agencj\u0105 internetow\u0105 lub oferujesz us\u0142ugi dla<br>e-commerce? Odkryjmy razem nowe mo\u017cliwo\u015bci.<\/p>\n<\/div>\n\n\n\n<div class=\"wp-block-column is-vertically-aligned-center is-layout-flow wp-block-column-is-layout-flow\" style=\"flex-basis:60%\">\n<figure class=\"wp-block-image aligncenter size-full is-resized is-style-default wp-duotone-unset-1\"><img decoding=\"async\" width=\"622\" height=\"576\" src=\"https:\/\/vendino.com\/wp-content\/uploads\/hi-five-dark.png\" alt=\"Cze\u015b\u0107 Five Dark\" class=\"wp-image-363\" style=\"width:auto;height:350px\"\/><\/figure>\n<\/div>\n<\/div>\n<\/div>\n<\/div>\n\n\n\n<div class=\"wp-block-group alignfull has-base-2-background-color has-background has-global-padding is-layout-constrained wp-container-core-group-is-layout-55f0df76 wp-block-group-is-layout-constrained\" style=\"margin-top:0;margin-bottom:0;padding-top:var(--wp--preset--spacing--50);padding-right:var(--wp--preset--spacing--40);padding-bottom:var(--wp--preset--spacing--50);padding-left:var(--wp--preset--spacing--40)\">\n<div class=\"wp-block-group alignwide is-vertical is-content-justification-center is-layout-flex wp-container-core-group-is-layout-ce155fab wp-block-group-is-layout-flex\">\n<div class=\"wp-block-group is-vertical is-content-justification-center is-layout-flex wp-container-core-group-is-layout-6d5e4199 wp-block-group-is-layout-flex\" style=\"margin-top:0;margin-bottom:0\">\n<h2 class=\"wp-block-heading has-text-align-center is-style-default\">Vendino pomaga klientom<\/h2>\n\n\n\n<h3 class=\"wp-block-heading has-text-align-center has-medium-font-size\">Pomagamy Tobie i Twoim klientom rozwija\u0107 si\u0119 i oszcz\u0119dza\u0107 czas. Zaoferuj nasze us\u0142ugi swoim klientom i stw\u00f3rz warto\u015b\u0107.<\/h3>\n<\/div>\n\n\n\n<div class=\"wp-block-columns alignwide is-layout-flex wp-container-core-columns-is-layout-d0bbbce0 wp-block-columns-is-layout-flex\">\n<div class=\"wp-block-column is-layout-flow wp-container-core-column-is-layout-e3d1c41b wp-block-column-is-layout-flow\">\n<div class=\"wp-block-group is-nowrap is-layout-flex wp-container-core-group-is-layout-6c531013 wp-block-group-is-layout-flex\">\n<figure class=\"wp-block-image size-full is-resized wp-duotone-31bf9a-31bf9a-2\"><img decoding=\"async\" src=\"https:\/\/vendino.com\/wp-content\/uploads\/discounttag.svg\" alt=\"Dzie\u0144 rabatu\" class=\"wp-image-720\" style=\"width:auto;height:40px\"\/><\/figure>\n\n\n\n<p><strong> Konkurencyjne ceny<\/strong><\/p>\n<\/div>\n\n\n\n<p class=\"has-text-align-left\">Twoi klienci mog\u0105 skorzysta\u0107 z naszych atrakcyjnych cen. Podzielili\u015bmy ceny na r\u00f3\u017cne pakiety, dzi\u0119ki czemu istnieje rozwi\u0105zanie dla ka\u017cdej potrzeby.<\/p>\n<\/div>\n\n\n\n<div class=\"wp-block-column is-layout-flow wp-container-core-column-is-layout-e3d1c41b wp-block-column-is-layout-flow\">\n<div class=\"wp-block-group is-nowrap is-layout-flex wp-container-core-group-is-layout-6c531013 wp-block-group-is-layout-flex\">\n<figure class=\"wp-block-image size-full is-resized wp-duotone-31bf9a-31bf9a-3\"><img decoding=\"async\" src=\"https:\/\/vendino.com\/wp-content\/uploads\/loop.svg\" alt=\"P\u0119tla\" class=\"wp-image-724\" style=\"width:auto;height:40px\"\/><\/figure>\n\n\n\n<p><strong>Dodatkowe \u017ar\u00f3d\u0142o dochodu<\/strong><\/p>\n<\/div>\n\n\n\n<p class=\"has-text-align-left\">Otw\u00f3rz nowy strumie\u0144 przychod\u00f3w, polecaj\u0105c nasze us\u0142ugi swoim klientom, kt\u00f3rzy ju\u017c potrzebuj\u0105 naszego produktu. B\u0119dziesz otrzymywa\u0107 cykliczne p\u0142atno\u015bci tak d\u0142ugo, jak d\u0142ugo klient b\u0119dzie z nami.<\/p>\n<\/div>\n\n\n\n<div class=\"wp-block-column is-layout-flow wp-container-core-column-is-layout-e3d1c41b wp-block-column-is-layout-flow\">\n<div class=\"wp-block-group is-nowrap is-layout-flex wp-container-core-group-is-layout-6c531013 wp-block-group-is-layout-flex\">\n<figure class=\"wp-block-image size-full is-resized wp-duotone-31bf9a-31bf9a-4\"><img decoding=\"async\" src=\"https:\/\/vendino.com\/wp-content\/uploads\/calendar.svg\" alt=\"Kalendarz\" class=\"wp-image-718\" style=\"width:auto;height:40px\"\/><\/figure>\n\n\n\n<p><strong>Szybkie wdra\u017canie<\/strong><\/p>\n<\/div>\n\n\n\n<h3 class=\"wp-block-heading has-text-align-left is-style-default has-body-font-family has-medium-font-size\" style=\"font-style:normal;font-weight:600\">tig onboarding<\/h3>\n\n\n\n<p class=\"has-text-align-left\">Dzi\u0119ki Vendino Twoi klienci b\u0119d\u0105 mogli zaimportowa\u0107 produkty do swojego sklepu internetowego w ci\u0105gu kilku minut. Je\u015bli maj\u0105 w\u0142asne kana\u0142y, zajmie to tylko 1-3 dni.<\/p>\n<\/div>\n<\/div>\n\n\n\n<div class=\"wp-block-columns alignwide is-layout-flex wp-container-core-columns-is-layout-d0bbbce0 wp-block-columns-is-layout-flex\">\n<div class=\"wp-block-column is-layout-flow wp-container-core-column-is-layout-e3d1c41b wp-block-column-is-layout-flow\">\n<div class=\"wp-block-group is-nowrap is-layout-flex wp-container-core-group-is-layout-6c531013 wp-block-group-is-layout-flex\">\n<figure class=\"wp-block-image size-full is-resized wp-duotone-31bf9a-31bf9a-5\"><img decoding=\"async\" src=\"https:\/\/vendino.com\/wp-content\/uploads\/hourglass.svg\" alt=\"Klepsydra\" class=\"wp-image-722\" style=\"width:auto;height:40px\"\/><\/figure>\n\n\n\n<p><strong>P\u0142ynna integracja<\/strong><\/p>\n<\/div>\n\n\n\n<p class=\"has-text-align-left\">Vendino opracowa\u0142o aplikacje\/wtyczki dla najwi\u0119kszych system\u00f3w CMS na \u015bwiecie. Instalacja i rozpocz\u0119cie pracy jest \u0142atwe - w rzeczywisto\u015bci zajmuje tylko kilka minut.<\/p>\n<\/div>\n\n\n\n<div class=\"wp-block-column is-layout-flow wp-container-core-column-is-layout-e3d1c41b wp-block-column-is-layout-flow\">\n<div class=\"wp-block-group is-nowrap is-layout-flex wp-container-core-group-is-layout-6c531013 wp-block-group-is-layout-flex\">\n<figure class=\"wp-block-image size-full is-resized wp-duotone-31bf9a-31bf9a-6\"><img decoding=\"async\" src=\"https:\/\/vendino.com\/wp-content\/uploads\/message.svg\" alt=\"Wiadomo\u015b\u0107\" class=\"wp-image-726\" style=\"width:auto;height:40px\"\/><\/figure>\n\n\n\n<p><strong>Obs\u0142uga klienta<\/strong><\/p>\n<\/div>\n\n\n\n<p class=\"has-text-align-left\">Nasza przyjazna i sprawna obs\u0142uga klienta jest gotowa odpowiedzie\u0107 na wszelkie pytania, kt\u00f3re mog\u0105 mie\u0107 klienci. Vendino oferuje obs\u0142ug\u0119 klienta zar\u00f3wno przez telefon, jak i e-mail.<\/p>\n<\/div>\n\n\n\n<div class=\"wp-block-column is-layout-flow wp-container-core-column-is-layout-e3d1c41b wp-block-column-is-layout-flow\">\n<div class=\"wp-block-group is-nowrap is-layout-flex wp-container-core-group-is-layout-6c531013 wp-block-group-is-layout-flex\">\n<figure class=\"wp-block-image size-full is-resized wp-duotone-31bf9a-31bf9a-7\"><img decoding=\"async\" src=\"https:\/\/vendino.com\/wp-content\/uploads\/codetag.svg\" alt=\"Codetag\" class=\"wp-image-719\" style=\"width:auto;height:40px\"\/><\/figure>\n\n\n\n<p><strong>Mniej k\u0142opot\u00f3w<\/strong><\/p>\n<\/div>\n\n\n\n<p class=\"has-text-align-left\">Nasza mantra brzmi: r\u00f3b to, w czym jeste\u015b dobry, a reszt\u0119 zostaw innym. Pozbyli\u015bmy si\u0119 k\u0142opot\u00f3w zwi\u0105zanych z integracj\u0105 plik\u00f3w CSV i XML ze sklepem internetowym. Masz wi\u0119cej czasu na robienie tego, w czym jeste\u015b dobry.<\/p>\n<\/div>\n<\/div>\n<\/div>\n<\/div>\n\n\n\n<div class=\"wp-block-group alignfull has-global-padding is-layout-constrained wp-container-core-group-is-layout-d89aad35 wp-block-group-is-layout-constrained\" style=\"margin-top:0;margin-bottom:0;padding-top:var(--wp--preset--spacing--50);padding-right:var(--wp--preset--spacing--50);padding-bottom:var(--wp--preset--spacing--50);padding-left:var(--wp--preset--spacing--50)\">\n<div class=\"wp-block-group alignwide has-base-2-background-color has-background is-vertical is-content-justification-center is-layout-flex wp-container-core-group-is-layout-49619c52 wp-block-group-is-layout-flex\" style=\"border-radius:16px;padding-top:var(--wp--preset--spacing--40);padding-right:var(--wp--preset--spacing--50);padding-bottom:var(--wp--preset--spacing--40);padding-left:var(--wp--preset--spacing--50)\">\n<h2 class=\"wp-block-heading has-text-align-center has-x-large-font-size\">Czy chcesz by\u0107 naszym partnerem?<\/h2>\n\n\n\n<p class=\"has-text-align-center\">Skontaktuj si\u0119 z nami, je\u015bli chcesz zosta\u0107 partnerem.<\/p>\n\n\n\n<p class=\"has-text-align-center\"><a href=\"mailto:hello@vendino.com\">Napisz do&nbsp;<\/a><a href=\"mailto:hello@vendino.com\">hello@vendino.com<\/a><\/p>\n<\/div>\n<\/div>","protected":false},"excerpt":{"rendered":"<p>Er du interesseret i et&nbsp;partnerskab? Er du webbureau eller tilbyder du services tile-handel? Lad os se p\u00e5 nye muligheder sammen. Vendino hj\u00e6lper dine kunder Vi hj\u00e6lper dig og dine kunder med at vokse og spare tid. Tilbyd vores services til dine kunder og skab v\u00e6rdi. Konkurrencedygtige priser Dine kunder kan drage fordel af vores attraktive [&hellip;]<\/p>\n","protected":false},"author":1,"featured_media":0,"parent":0,"menu_order":0,"comment_status":"closed","ping_status":"closed","template":"page-no-title","meta":{"_acf_changed":false,"iawp_total_views":164,"footnotes":""},"class_list":["post-273","page","type-page","status-publish","hentry"],"acf":[],"_links":{"self":[{"href":"https:\/\/vendino.com\/pl\/wp-json\/wp\/v2\/pages\/273","targetHints":{"allow":["GET"]}}],"collection":[{"href":"https:\/\/vendino.com\/pl\/wp-json\/wp\/v2\/pages"}],"about":[{"href":"https:\/\/vendino.com\/pl\/wp-json\/wp\/v2\/types\/page"}],"author":[{"embeddable":true,"href":"https:\/\/vendino.com\/pl\/wp-json\/wp\/v2\/users\/1"}],"replies":[{"embeddable":true,"href":"https:\/\/vendino.com\/pl\/wp-json\/wp\/v2\/comments?post=273"}],"version-history":[{"count":0,"href":"https:\/\/vendino.com\/pl\/wp-json\/wp\/v2\/pages\/273\/revisions"}],"wp:attachment":[{"href":"https:\/\/vendino.com\/pl\/wp-json\/wp\/v2\/media?parent=273"}],"curies":[{"name":"wp","href":"https:\/\/api.w.org\/{rel}","templated":true}]}}