{"id":3,"date":"2023-11-25T16:43:06","date_gmt":"2023-11-25T16:43:06","guid":{"rendered":"https:\/\/vendino.com\/?page_id=3"},"modified":"2023-12-14T15:17:27","modified_gmt":"2023-12-14T14:17:27","slug":"polityka-prywatnosci","status":"publish","type":"page","link":"https:\/\/vendino.com\/pl\/polityka-prywatnosci\/","title":{"rendered":"Polityka prywatno\u015bci"},"content":{"rendered":"<p>Na tej stronie mo\u017cesz przeczyta\u0107, w jaki spos\u00f3b Vendino (\"my\") wykorzystuje informacje, kt\u00f3re podajesz\/pozostawiasz podczas korzystania z platformy i powi\u0105zanych us\u0142ug.<\/p>\n\n\n\n<h2 class=\"wp-block-heading\" id=\"1-indsamling-af-personlige-oplysninger\">1) Gromadzenie danych osobowych<\/h2>\n\n\n\n<p>Zgodnie z obowi\u0105zuj\u0105cym prawem zawsze informujemy u\u017cytkownika przed zebraniem jego danych osobowych.<\/p>\n\n\n\n<h2 class=\"wp-block-heading\" id=\"2-hvilke-personlige-oplysninger-indsamler-vi\">2. Jakie dane osobowe gromadzimy?<\/h2>\n\n\n\n<p>Gromadzimy og\u00f3lne dane osobowe u\u017cytkownika, takie jak imi\u0119 i nazwisko, adres e-mail i adres. Ponadto gromadzimy dane w celu tworzenia statystyk i analiz, kt\u00f3re pomagaj\u0105 nam ulepsza\u0107 nasze produkty i us\u0142ugi - nale\u017cy pami\u0119ta\u0107, \u017ce dane te maj\u0105 charakter og\u00f3lny \/ powierzchowny. Obejmuj\u0105 one na przyk\u0142ad zachowanie u\u017cytkownika (tj. kt\u00f3re z naszych stron klikn\u0105\u0142) i nie s\u0105 wykorzystywane do identyfikacji os\u00f3b odwiedzaj\u0105cych nasze witryny.<\/p>\n\n\n\n<h2 class=\"wp-block-heading\" id=\"3-hvad-bruger-vi-dine-oplysninger-til\">3. Do czego wykorzystujemy informacje o u\u017cytkowniku?<\/h2>\n\n\n\n<p>U\u017cywamy imienia i nazwiska, adresu i adresu e-mail u\u017cytkownika w celu zarz\u0105dzania jego kontem u\u017cytkownika i subskrypcj\u0105 - pod warunkiem uzyskania zgody u\u017cytkownika podczas tworzenia subskrypcji. Informacje te s\u0105 niezb\u0119dne, aby\u015bmy mogli komunikowa\u0107 si\u0119 z u\u017cytkownikiem w sprawie oferowanych przez niego produkt\u00f3w\/us\u0142ug. Adres IP u\u017cytkownika jest wykorzystywany wy\u0142\u0105cznie jako \u015brodek s\u0142u\u017c\u0105cy do identyfikacji nieautoryzowanych w\u0142ama\u0144 przez osoby trzecie.<\/p>\n\n\n\n<h2 class=\"wp-block-heading\" id=\"4-deling-af-dine-oplysninger\">4. Udost\u0119pnianie informacji<\/h2>\n\n\n\n<p>Nie udost\u0119pniamy danych u\u017cytkownika stronom trzecim, chyba \u017ce u\u017cytkownik wyrazi na to zgod\u0119. Nigdy nie sprzedajemy danych u\u017cytkownik\u00f3w stronom trzecim!<\/p>\n\n\n\n<h2 class=\"wp-block-heading\" id=\"5-sikkerhed\">5. Bezpiecze\u0144stwo i ochrona<\/h2>\n\n\n\n<p>Nasza platforma zosta\u0142a opracowana zgodnie z wysokimi zasadami bezpiecze\u0144stwa i zawsze staramy si\u0119 chroni\u0107 jako\u015b\u0107 i integralno\u015b\u0107 platformy. W przypadku naruszenia bezpiecze\u0144stwa skutkuj\u0105cego wyciekiem danych u\u017cytkownika jeste\u015bmy zobowi\u0105zani do poinformowania go o tym w ci\u0105gu 72 godzin.<\/p>\n\n\n\n<h2 class=\"wp-block-heading\" id=\"6-lagring-af-data\">6. Przechowywanie danych<\/h2>\n\n\n\n<p>Dane u\u017cytkownika przechowujemy tylko tak d\u0142ugo, jak jest to konieczne do realizacji cel\u00f3w opisanych w sekcji 3. Je\u015bli u\u017cytkownik chce usun\u0105\u0107 swoje dane osobowe z naszej platformy, powinien skontaktowa\u0107 si\u0119 z nami w spos\u00f3b opisany na dole tej strony.<\/p>\n\n\n\n<h2 class=\"wp-block-heading\" id=\"7-cookies-og-pixels\">7 Pliki cookie i piksele<\/h2>\n\n\n\n<p>Pliki cookie to ma\u0142e pliki tekstowe, kt\u00f3re zawieraj\u0105 ci\u0105g znak\u00f3w i jednoznacznie identyfikuj\u0105 u\u017cytkownika. S\u0105 one wysy\u0142ane z powrotem do strony internetowej i\/lub stron trzecich. Wi\u0119kszo\u015b\u0107 przegl\u0105darek jest pocz\u0105tkowo skonfigurowana tak, aby akceptowa\u0107 pliki cookie, poniewa\u017c jest to wymagane przez wi\u0119kszo\u015b\u0107 witryn internetowych w celu uzyskania do nich dost\u0119pu. Mo\u017cna jednak zmieni\u0107 ustawienia przegl\u0105darki tak, aby przegl\u0105darka generalnie odrzuca\u0142a pliki cookie, blokowa\u0142a pliki cookie stron trzecich lub okre\u015bla\u0142a, kiedy plik cookie jest wysy\u0142any.<\/p>\n\n\n\n<p>Piksele \u015bledz\u0105ce to skrypty, kt\u00f3re s\u0105 wykonywane, gdy u\u017cytkownik wyl\u0105duje na stronie internetowej lub otworzy wiadomo\u015b\u0107 e-mail. Sam piksel nie jest widoczny i mo\u017cna go zobaczy\u0107 tylko w kodzie HTML strony internetowej lub wiadomo\u015bci e-mail. Skrypt powoduje pobranie pliku cookie innej firmy na komputer u\u017cytkownika lub rozpoznaje, \u017ce wiadomo\u015b\u0107 e-mail zosta\u0142a otwarta.<\/p>\n\n\n\n<h3 class=\"wp-block-heading\" id=\"71-google-cookies-og--teknologier\">7.1 Pliki cookie i technologie Google<\/h3>\n\n\n\n<p><strong>Google Analytics:<\/strong>&nbsp;Ten plik cookie pozwala nam uzyska\u0107 informacje o aktywno\u015bci u\u017cytkownik\u00f3w na stronie internetowej, w tym mi\u0119dzy innymi o ods\u0142onach, \u017ar\u00f3dle i czasie sp\u0119dzonym na stronie. Informacje te s\u0105 anonimowe i wy\u015bwietlane jako liczby, co oznacza, \u017ce nie mo\u017cna ich przypisa\u0107 do konkretnych os\u00f3b. Pomaga to chroni\u0107 prywatno\u015b\u0107 u\u017cytkownik\u00f3w. Korzystaj\u0105c z Google Analytics, mo\u017cemy zobaczy\u0107, jakie tre\u015bci s\u0105 popularne w naszych witrynach i staramy si\u0119 dostarcza\u0107 u\u017cytkownikom wi\u0119cej tego, co lubi\u0105 czyta\u0107 i ogl\u0105da\u0107.<\/p>\n\n\n\n<p><strong>Remarketing Google Analytics<\/strong>Google umieszcza pliki cookie na komputerze u\u017cytkownika, co oznacza, \u017ce po opuszczeniu naszej witryny internetowej Google mo\u017ce wy\u015bwietla\u0107 reklamy dotycz\u0105ce Vendino, kt\u00f3rymi u\u017cytkownik mo\u017ce by\u0107 zainteresowany na podstawie jego wcze\u015bniejszego zachowania na naszej witrynie internetowej. Informacje te nie umo\u017cliwiaj\u0105 identyfikacji u\u017cytkownika.<\/p>\n\n\n\n<p><strong>Google AdWords:<\/strong>&nbsp;Korzystaj\u0105c z Google Adwords, jeste\u015bmy w stanie zobaczy\u0107, kt\u00f3re strony by\u0142y pomocne w prowadzeniu do zg\u0142osze\u0144 za po\u015brednictwem naszego formularza kontaktowego. Pozwala nam to lepiej wykorzysta\u0107 nasz bud\u017cet. Informacje te nie umo\u017cliwiaj\u0105 identyfikacji u\u017cytkownika.<\/p>\n\n\n\n<p><strong>Remarketing Google Adwords:<\/strong>&nbsp;Umieszcza pliki cookie na komputerze u\u017cytkownika, co oznacza, \u017ce gdy u\u017cytkownik opuszcza nasz\u0105 witryn\u0119, Google mo\u017ce wy\u015bwietla\u0107 mu reklamy dotycz\u0105ce Vendino, kt\u00f3rymi mo\u017ce by\u0107 zainteresowany na podstawie jego wcze\u015bniejszego zachowania w naszej witrynie. Informacje te nie umo\u017cliwiaj\u0105 identyfikacji u\u017cytkownika.<\/p>\n\n\n\n<p>U\u017cytkownik mo\u017ce zapobiec gromadzeniu i przetwarzaniu przez Google informacji generowanych przez pliki cookie Google na temat korzystania przez niego z naszych witryn w przysz\u0142o\u015bci, pobieraj\u0105c i instaluj\u0105c dodatek do przegl\u0105darki Google Analytics Opt-out Browser Add-on dla bie\u017c\u0105cej przegl\u0105darki internetowej. Dodatek ten jest dost\u0119pny pod adresem&nbsp;<a href=\"https:\/\/tools.google.com\/dlpage\/gaoptout\" target=\"_blank\" rel=\"noopener\">https:\/\/tools.google.com\/dlpage\/gaoptout<\/a>.<\/p>\n\n\n\n<h3 class=\"wp-block-heading\" id=\"72-facebook-cookies\">7.2 Pliki cookie Facebooka<\/h3>\n\n\n\n<p>Remarketing na Facebooku: Piksel \u015bledz\u0105cy Facebooka umieszcza na komputerze u\u017cytkownika pliki cookie, kt\u00f3re informuj\u0105 Facebooka, \u017ce u\u017cytkownik odwiedzi\u0142 t\u0119 witryn\u0119. Zak\u0142adamy w\u00f3wczas, \u017ce u\u017cytkownik jest zainteresowany Vendino i tre\u015bciami na tej stronie. Gdy u\u017cytkownik odwiedza Facebooka, otrzymuje informacje lub reklamy o podobnej tre\u015bci. Je\u015bli chcesz ograniczy\u0107 ekspozycj\u0119 na tego rodzaju marketing, skorzystaj z ustawie\u0144 prywatno\u015bci na Facebooku.<\/p>\n\n\n\n<h3 class=\"wp-block-heading\" id=\"73-linkedin\">7.3 LinkedIn<\/h3>\n\n\n\n<p>W zwi\u0105zku z marketingiem na LinkedIn u\u017cywamy piksela \u015bledz\u0105cego LinkedIn. Ten piksel umieszcza na komputerze u\u017cytkownika pliki cookie, kt\u00f3re informuj\u0105 LinkedIn, \u017ce u\u017cytkownik odwiedzi\u0142 witryn\u0119. Zak\u0142adamy, \u017ce u\u017cytkownik wykaza\u0142 zainteresowanie Vendino i tre\u015bciami na stronie. Odwiedzaj\u0105c LinkedIn, u\u017cytkownik mo\u017ce by\u0107 nara\u017cony na informacje i\/lub reklamy o podobnej tre\u015bci. Je\u015bli u\u017cytkownik chce ograniczy\u0107 swoj\u0105 ekspozycj\u0119 na tego rodzaju dzia\u0142ania marketingowe, powinien skorzysta\u0107 z ustawie\u0144 prywatno\u015bci w serwisie LinkedIn.<\/p>\n\n\n\n<h4 class=\"wp-block-heading\" id=\"henvendelser\">Zapytania<\/h4>\n\n\n\n<p>W przypadku jakichkolwiek pyta\u0144 dotycz\u0105cych powy\u017cszej polityki lub ch\u0119ci skorzystania z praw wynikaj\u0105cych z RODO, wszelkie zapytania nale\u017cy kierowa\u0107 na adres:<\/p>\n\n\n\n<p>E-mail:\u00a0<a href=\"mailto:hello@vendino.com\">hello@vendino.com<\/a><\/p>\n\n\n\n<p>Odpowiadamy na wszystkie zapytania dotycz\u0105ce polityki prywatno\u015bci tak szybko, jak to mo\u017cliwe, gwarantuj\u0105c 30-dniowy termin okre\u015blony przez RODO. Zawsze udost\u0119pniamy dane w formacie nadaj\u0105cym si\u0119 do odczytu maszynowego.<\/p>","protected":false},"excerpt":{"rendered":"<p>P\u00e5 denne side, kan du l\u00e6se hvordan Vendino (\u201cvi\u201d) anvender de oplysninger, som du afgiver\/efterlader dig, n\u00e5r du benytter platformen samt tilh\u00f8rende tjenester. 1. Indsamling af personlige oplysninger I henhold til den g\u00e6ldende lovgivning, vil vi altid oplyse dig forud for indsamling af personlige oplysninger om dig. 2. Hvilke personlige oplysninger indsamler vi? Vi indsamler [&hellip;]<\/p>\n","protected":false},"author":1,"featured_media":0,"parent":0,"menu_order":0,"comment_status":"closed","ping_status":"closed","template":"","meta":{"_acf_changed":false,"iawp_total_views":172,"footnotes":""},"class_list":["post-3","page","type-page","status-publish","hentry"],"acf":[],"_links":{"self":[{"href":"https:\/\/vendino.com\/pl\/wp-json\/wp\/v2\/pages\/3","targetHints":{"allow":["GET"]}}],"collection":[{"href":"https:\/\/vendino.com\/pl\/wp-json\/wp\/v2\/pages"}],"about":[{"href":"https:\/\/vendino.com\/pl\/wp-json\/wp\/v2\/types\/page"}],"author":[{"embeddable":true,"href":"https:\/\/vendino.com\/pl\/wp-json\/wp\/v2\/users\/1"}],"replies":[{"embeddable":true,"href":"https:\/\/vendino.com\/pl\/wp-json\/wp\/v2\/comments?post=3"}],"version-history":[{"count":0,"href":"https:\/\/vendino.com\/pl\/wp-json\/wp\/v2\/pages\/3\/revisions"}],"wp:attachment":[{"href":"https:\/\/vendino.com\/pl\/wp-json\/wp\/v2\/media?parent=3"}],"curies":[{"name":"wp","href":"https:\/\/api.w.org\/{rel}","templated":true}]}}