{"id":130,"date":"2023-12-14T12:52:22","date_gmt":"2023-12-14T11:52:22","guid":{"rendered":"https:\/\/vendino.com\/?page_id=130"},"modified":"2023-12-14T12:52:23","modified_gmt":"2023-12-14T11:52:23","slug":"termos-do-utilizador","status":"publish","type":"page","link":"https:\/\/vendino.com\/pt\/termos-do-utilizador\/","title":{"rendered":"Termos de utiliza\u00e7\u00e3o"},"content":{"rendered":"<p>As presentes condi\u00e7\u00f5es gerais (o \"Contrato\") aplicam-se entre a Vendino ApS e a empresa (o Utilizador) que tem o direito de utilizar e utiliza&nbsp;<a href=\"https:\/\/vendino.com\/pt\/\">vendino.com<\/a>.<\/p>\n\n\n\n<p>No Contrato, \"Vendino\" refere-se \u00e0 empresa (Vendino ApS). A Plataforma e todos os subdom\u00ednios associados do dom\u00ednio \"vendino.com\" s\u00e3o referidos simplesmente como \"<a href=\"https:\/\/vendino.com&quot;\/\">www.vendino.com<\/a>\".<\/p>\n\n\n\n<h4 class=\"wp-block-heading\" id=\"1-betingelser\">1. condi\u00e7\u00f5es<\/h4>\n\n\n\n<ul class=\"wp-block-list\">\n<li>1.1 As presentes condi\u00e7\u00f5es gerais aplicam-se a todos os contratos celebrados em&nbsp;<a href=\"https:\/\/vendino.com\/pt\/\">www.vendino.com<\/a>&nbsp;com a empresa Vendino ApS por detr\u00e1s.<\/li>\n<\/ul>\n\n\n\n<h4 class=\"wp-block-heading\" id=\"2--rettigheder\">2. Direitos e prerrogativas<\/h4>\n\n\n\n<ul class=\"wp-block-list\">\n<li>2.1 Todos os direitos do sistema&nbsp;<a href=\"https:\/\/vendino.com\/pt\/\">www.vendino.com<\/a>&nbsp;pertence a Vendino.<\/li>\n\n\n\n<li>2.2 Ao adquirir uma subscri\u00e7\u00e3o, o Utilizador obteve um direito de utiliza\u00e7\u00e3o do sistema, que o Vendino pode retirar a qualquer momento sem aviso pr\u00e9vio (ver sec\u00e7\u00e3o 8, Abuso).<\/li>\n\n\n\n<li>2.3 Direito de utiliza\u00e7\u00e3o do utilizador&nbsp;<a href=\"https:\/\/vendino.com\/pt\/\">www.vendino.com<\/a>&nbsp;\u00e9 um acordo n\u00e3o exclusivo.<\/li>\n<\/ul>\n\n\n\n<h4 class=\"wp-block-heading\" id=\"3--priser\">3. pre\u00e7os<\/h4>\n\n\n\n<ul class=\"wp-block-list\">\n<li>3.1 Todos os pre\u00e7os indicados em&nbsp;<a href=\"https:\/\/vendino.com\/pt\/\">www.vendino.com<\/a>&nbsp;s\u00e3o v\u00e1lidos apenas no dia da encomenda e podem ser alterados pelo Vendino em qualquer altura - Note-se que o Vendino informar\u00e1 o utilizador pelo menos 30 dias antes da entrada em vigor das altera\u00e7\u00f5es de pre\u00e7os.<\/li>\n\n\n\n<li>3.2 Todos os pre\u00e7os s\u00e3o indicados em coroas dinamarquesas (DKK) e n\u00e3o incluem o IVA e os impostos a pagar em conformidade com a regulamenta\u00e7\u00e3o aplic\u00e1vel.<\/li>\n<\/ul>\n\n\n\n<h4 class=\"wp-block-heading\" id=\"4--abonnement--betaling\">4. Assinatura e pagamento<\/h4>\n\n\n\n<ul class=\"wp-block-list\">\n<li>4.1 Compra do direito de utiliza\u00e7\u00e3o para&nbsp;<a href=\"https:\/\/vendino.com\/pt\/\">www.vendino.com<\/a>&nbsp;\u00e9 um contrato de subscri\u00e7\u00e3o celebrado entre o Utilizador e o Vendino.<\/li>\n\n\n\n<li>4.2 A assinatura ser\u00e1 automaticamente facturada todos os meses at\u00e9 que o Utilizador cancele a assinatura. O cancelamento da assinatura \u00e9 feito eletronicamente em&nbsp;<a href=\"https:\/\/vendino.com\/pt\/\">www.vendino.com<\/a>&nbsp;ou atrav\u00e9s do correio eletr\u00f3nico em&nbsp;<a href=\"mailto:hello@vendino.com\">hello@vendino.com<\/a>.<\/li>\n\n\n\n<li>4.3 As assinaturas s\u00f3 podem ser canceladas no final de um per\u00edodo em curso.<\/li>\n\n\n\n<li>4.4 Em caso de atraso de pagamento, o direito de utilizar o&nbsp;<a href=\"https:\/\/vendino.com\/pt\/\">www.vendino.com<\/a>&nbsp;imediatamente anulado se n\u00e3o tiver sido celebrado qualquer outro acordo. Acesso a&nbsp;<a href=\"https:\/\/vendino.com\/pt\/\">www.vendino.com<\/a>&nbsp;podem ser reabertas ap\u00f3s o pagamento integral, exceto se o Vendino tiver anulado previamente a subscri\u00e7\u00e3o.<\/li>\n\n\n\n<li>4.5 O Vendino pode rescindir a subscri\u00e7\u00e3o a qualquer momento se o Vendino suspeitar ou detetar abusos, incluindo o acesso n\u00e3o autorizado aos dados por parte do Utilizador.<\/li>\n\n\n\n<li>4.6 O pagamento dos bens e produtos oferecidos na Plataforma ser\u00e1 deduzido do cart\u00e3o de pagamento registado aquando da cria\u00e7\u00e3o (salvo acordo em contr\u00e1rio).<\/li>\n<\/ul>\n\n\n\n<h4 class=\"wp-block-heading\" id=\"5--data\">5. Dados<\/h4>\n\n\n\n<ul class=\"wp-block-list\">\n<li>5.1 O Vendino n\u00e3o tem qualquer direito sobre os dados do Utilizador.<\/li>\n\n\n\n<li>5.2 Ap\u00f3s a rescis\u00e3o do Contrato, o Vendino pode excluir os dados do Utilizador a qualquer momento e por qualquer motivo. O Vendino deve informar o Utilizador pelo menos 10 dias antes da elimina\u00e7\u00e3o dos dados, para que o Utilizador possa mover os seus pr\u00f3prios dados.<\/li>\n\n\n\n<li>5.3 O Vendino n\u00e3o \u00e9 respons\u00e1vel pela perda de dados por qualquer motivo. Em caso de perda de dados, o Vendino esfor\u00e7ar-se-\u00e1 por restaurar os dados utilizando c\u00f3pias de seguran\u00e7a, mas n\u00e3o garante a restaura\u00e7\u00e3o dos dados perdidos.<\/li>\n<\/ul>\n\n\n\n<h4 class=\"wp-block-heading\" id=\"6--driftsstabilitet\">6. Estabilidade operacional<\/h4>\n\n\n\n<ul class=\"wp-block-list\">\n<li>6.1 A Vendino esfor\u00e7a-se por obter o maior tempo de atividade poss\u00edvel de&nbsp;<a href=\"https:\/\/vendino.com\/pt\/\">www.vendino.com<\/a>mas n\u00e3o \u00e9 respons\u00e1vel por interrup\u00e7\u00f5es ou avarias, independentemente do motivo.<\/li>\n\n\n\n<li>6.2 Em caso de avaria ou perturba\u00e7\u00e3o, o Vendino esfor\u00e7ar-se-\u00e1 por restabelecer o funcionamento normal o mais rapidamente poss\u00edvel.<\/li>\n<\/ul>\n\n\n\n<h4 class=\"wp-block-heading\" id=\"7--brugerens-ansvar--forpligtelser\">7. Responsabilidades e obriga\u00e7\u00f5es do utilizador<\/h4>\n\n\n\n<ul class=\"wp-block-list\">\n<li>7.1 O Utilizador \u00e9 sempre respons\u00e1vel por manter o acesso do Utilizador a&nbsp;<a href=\"https:\/\/vendino.com.\/\">www.vendino.com.<\/a>&nbsp;A Vendino n\u00e3o \u00e9 respons\u00e1vel por intrus\u00f5es n\u00e3o autorizadas causadas por terceiros. Em caso de abuso causado por intrus\u00e3o n\u00e3o autorizada, a Vendino deve ser informada o mais rapidamente poss\u00edvel.<\/li>\n\n\n\n<li>7.2 Em caso de abuso causado por um terceiro n\u00e3o autorizado, o Vendino pode, a qualquer momento, retirar o acesso do Utilizador a&nbsp;<a href=\"https:\/\/vendino.com.\/\">www.vendino.com.<\/a>&nbsp;O Vendino restabelecer\u00e1 o acesso do Utilizador se o Vendino n\u00e3o tiver cancelado previamente a subscri\u00e7\u00e3o.<\/li>\n\n\n\n<li>7.3 O Utilizador \u00e9 sempre respons\u00e1vel por garantir uma liga\u00e7\u00e3o \u00e0 Internet e por se manter atualizado com as vers\u00f5es mais recentes das aplica\u00e7\u00f5es de navega\u00e7\u00e3o como condi\u00e7\u00e3o pr\u00e9via para utilizar o direito de utiliza\u00e7\u00e3o&nbsp;<a href=\"https:\/\/vendino.com.\/\">www.vendino.com.<\/a><\/li>\n\n\n\n<li>7.4 O Utilizador \u00e9 sempre respons\u00e1vel pelo cumprimento da legisla\u00e7\u00e3o aplic\u00e1vel.<\/li>\n<\/ul>\n\n\n\n<h4 class=\"wp-block-heading\" id=\"8--misbrug\">8. Abuso<\/h4>\n\n\n\n<ul class=\"wp-block-list\">\n<li>8.1 O Vendino pode, a qualquer momento, retirar o acesso do Utilizador a&nbsp;<a href=\"https:\/\/vendino.com\/pt\/\">www.vendino.com<\/a>&nbsp;se o Vendino suspeitar ou detetar abusos. O Vendino informar\u00e1 o Utilizador o mais rapidamente poss\u00edvel em caso de suspeita de abuso.<\/li>\n\n\n\n<li>8.2 A Vendino esfor\u00e7a-se por evitar qualquer utiliza\u00e7\u00e3o indevida de&nbsp;<a href=\"https:\/\/vendino.com\/pt\/\">www.vendino.com<\/a>mas n\u00e3o garante que n\u00e3o possa ocorrer uma utiliza\u00e7\u00e3o indevida, incluindo a intrus\u00e3o nos sistemas inform\u00e1ticos da Vendino.<\/li>\n<\/ul>\n\n\n\n<h4 class=\"wp-block-heading\" id=\"9--fortrydelsesret\">9. Direito de anula\u00e7\u00e3o<\/h4>\n\n\n\n<ul class=\"wp-block-list\">\n<li>9.1 Ao adquirir uma subscri\u00e7\u00e3o, o Utilizador renuncia ao seu direito de cancelamento, uma vez que a subscri\u00e7\u00e3o \u00e9 imediatamente utilizada. Em caso de cancelamento, o Utilizador pode contactar o Vendino, e o Vendino pode, a seu crit\u00e9rio, reembolsar a compra do Utilizador.<\/li>\n<\/ul>\n\n\n\n<h4 class=\"wp-block-heading\" id=\"10-ikrafttr\u00e6den--\u00e6ndringer\">10) Entrada em vigor e altera\u00e7\u00f5es<\/h4>\n\n\n\n<ul class=\"wp-block-list\">\n<li>10.1 O Acordo \u00e9 v\u00e1lido a partir de 23 de outubro de 2020.<\/li>\n\n\n\n<li>10.2 O Vendino reserva-se o direito de alterar e atualizar os termos do Contrato sem aviso pr\u00e9vio. O Vendino esfor\u00e7a-se por informar o Utilizador de quaisquer altera\u00e7\u00f5es significativas, mas o Utilizador \u00e9 respons\u00e1vel por se manter atualizado com os termos e condi\u00e7\u00f5es atuais.<\/li>\n<\/ul>","protected":false},"excerpt":{"rendered":"<p>Disse generelle vilk\u00e5r (\u201cAftalen\u201d) er g\u00e6ldende mellem Vendino ApS og virksomheden (Brugeren), der har brugsret og anvender&nbsp;vendino.com. I Aftalen refererer \u201cVendino\u201d til virksomheden (Vendino ApS). Platformen samt alle tilh\u00f8rende subdom\u00e6ner til dom\u00e6net \u201cvendino.com\u201d n\u00e6vnes blot som \u201cwww.vendino.com\u201d. 1. Betingelser 2. Rettigheder 3. Priser 4. Abonnement &amp; betaling 5. Data 6. Driftsstabilitet 7. Brugerens ansvar &amp; [&hellip;]<\/p>\n","protected":false},"author":1,"featured_media":0,"parent":0,"menu_order":0,"comment_status":"closed","ping_status":"closed","template":"","meta":{"_acf_changed":false,"iawp_total_views":161,"footnotes":""},"class_list":["post-130","page","type-page","status-publish","hentry"],"acf":[],"_links":{"self":[{"href":"https:\/\/vendino.com\/pt\/wp-json\/wp\/v2\/pages\/130","targetHints":{"allow":["GET"]}}],"collection":[{"href":"https:\/\/vendino.com\/pt\/wp-json\/wp\/v2\/pages"}],"about":[{"href":"https:\/\/vendino.com\/pt\/wp-json\/wp\/v2\/types\/page"}],"author":[{"embeddable":true,"href":"https:\/\/vendino.com\/pt\/wp-json\/wp\/v2\/users\/1"}],"replies":[{"embeddable":true,"href":"https:\/\/vendino.com\/pt\/wp-json\/wp\/v2\/comments?post=130"}],"version-history":[{"count":0,"href":"https:\/\/vendino.com\/pt\/wp-json\/wp\/v2\/pages\/130\/revisions"}],"wp:attachment":[{"href":"https:\/\/vendino.com\/pt\/wp-json\/wp\/v2\/media?parent=130"}],"curies":[{"name":"wp","href":"https:\/\/api.w.org\/{rel}","templated":true}]}}