{"id":133,"date":"2023-12-14T12:54:59","date_gmt":"2023-12-14T11:54:59","guid":{"rendered":"https:\/\/vendino.com\/?page_id=133"},"modified":"2024-05-14T11:39:55","modified_gmt":"2024-05-14T10:39:55","slug":"politica-de-cookies","status":"publish","type":"page","link":"https:\/\/vendino.com\/pt\/politica-de-cookies\/","title":{"rendered":"Pol\u00edtica de cookies"},"content":{"rendered":"<h2 class=\"wp-block-heading\" id=\"hvad-er-en-cookie\">O que \u00e9 uma bolacha?<\/h2>\n\n\n\n<p>Apesar do nome, quando falamos de cookies, n\u00e3o estamos a falar de biscoitos. Um cookie \u00e9 o termo para um pequeno \"peda\u00e7o\" de dados que os s\u00edtios Web armazenam no browser. Os cookies s\u00e3o utilizados para armazenar dados sobre o utilizador - por exemplo, um cookie pode conter dados sobre as defini\u00e7\u00f5es do utilizador ou as prefer\u00eancias de idioma num determinado s\u00edtio Web. Um cookie \u00e9 simplesmente um pequeno ficheiro de dados que pode ser armazenado por um s\u00edtio Web no seu navegador e \u00e9 utilizado por praticamente todos os s\u00edtios Web actuais.<\/p>\n\n\n\n<h2 class=\"wp-block-heading\" id=\"hvorfor-informerer-i-om-cookies\">Porque \u00e9 que informam sobre os cookies?<\/h2>\n\n\n\n<p>Todos os s\u00edtios Web dinamarqueses s\u00e3o obrigados a informar o utilizador sobre a utiliza\u00e7\u00e3o de cookies pelo sistema. O utilizador deve, por conseguinte, aceitar a utiliza\u00e7\u00e3o de cookies pelo s\u00edtio Web, uma vez que \u00e9 obrigat\u00f3rio por lei informar o utilizador sobre esta quest\u00e3o.<\/p>\n\n\n\n<p>Pode ler mais sobre a legisla\u00e7\u00e3o e os cookies na Ordem Executiva sobre Cookies.&nbsp;<a href=\"https:\/\/www.retsinformation.dk\/Forms\/R0710.aspx?id=146417\" target=\"_blank\" rel=\"noopener\">A ordem executiva relativa aos biscoitos<\/a><\/p>\n\n\n\n<h2 class=\"wp-block-heading\" id=\"hvilke-cookies-bruger-vendino\">Que cookies utiliza o Vendino?<\/h2>\n\n\n\n<p>Utilizamos os seguintes tipos de cookies:<\/p>\n\n\n\n<h3 class=\"wp-block-heading\" id=\"sessionscookie\">Cookie de sess\u00e3o<\/h3>\n\n\n\n<p>O objetivo deste cookie \u00e9 tornar o utilizador \u00fanico, para que o servidor saiba que v\u00e1rios pedidos diferentes prov\u00eam de utilizadores diferentes. Este cookie expira quando o browser \u00e9 fechado.<\/p>\n\n\n\n<h3 class=\"wp-block-heading\" id=\"xsrf-token\">XSRF-TOKEN<\/h3>\n\n\n\n<p>Este cookie funciona como uma seguran\u00e7a para que o servidor possa sempre validar um pedido. Um cookie XSRF visa assim proteger o utilizador contra ataques XSRF. Este cookie \u00e9 renovado com cada pedido e expira quando o browser \u00e9 fechado.<\/p>\n\n\n\n<h3 class=\"wp-block-heading\" id=\"cookieconsent\">Consentimento de cookies<\/h3>\n\n\n\n<p>Este cookie garante que o s\u00edtio Web se lembra quando o utilizador aceita cookies. Este cookie expira ao fim de 365 dias.<\/p>","protected":false},"excerpt":{"rendered":"<p>Hvad er en cookie? Trods navnet er det er ikke sm\u00e5kager, vi taler om, n\u00e5r vi n\u00e6vner cookies. En cookie er betegnelsen for en lille \u2019bid\u2019 data, som hjemmesider gemmer i browseren. Cookies bruges til at lagre data om brugeren \u2013 For eksempel kan en cookie indeholde data om brugerens indstillinger eller sprog pr\u00e6ferencer p\u00e5 [&hellip;]<\/p>\n","protected":false},"author":1,"featured_media":0,"parent":0,"menu_order":0,"comment_status":"closed","ping_status":"closed","template":"","meta":{"_acf_changed":false,"iawp_total_views":122,"footnotes":""},"class_list":["post-133","page","type-page","status-publish","hentry"],"acf":[],"_links":{"self":[{"href":"https:\/\/vendino.com\/pt\/wp-json\/wp\/v2\/pages\/133","targetHints":{"allow":["GET"]}}],"collection":[{"href":"https:\/\/vendino.com\/pt\/wp-json\/wp\/v2\/pages"}],"about":[{"href":"https:\/\/vendino.com\/pt\/wp-json\/wp\/v2\/types\/page"}],"author":[{"embeddable":true,"href":"https:\/\/vendino.com\/pt\/wp-json\/wp\/v2\/users\/1"}],"replies":[{"embeddable":true,"href":"https:\/\/vendino.com\/pt\/wp-json\/wp\/v2\/comments?post=133"}],"version-history":[{"count":0,"href":"https:\/\/vendino.com\/pt\/wp-json\/wp\/v2\/pages\/133\/revisions"}],"wp:attachment":[{"href":"https:\/\/vendino.com\/pt\/wp-json\/wp\/v2\/media?parent=133"}],"curies":[{"name":"wp","href":"https:\/\/api.w.org\/{rel}","templated":true}]}}