{"id":268,"date":"2023-12-14T15:21:43","date_gmt":"2023-12-14T14:21:43","guid":{"rendered":"https:\/\/vendino.com\/?page_id=268"},"modified":"2024-05-14T13:25:39","modified_gmt":"2024-05-14T12:25:39","slug":"contacto","status":"publish","type":"page","link":"https:\/\/vendino.com\/pt\/contacto\/","title":{"rendered":"Contactar-nos"},"content":{"rendered":"<div class=\"wp-block-group alignfull has-accent-4-background-color has-background has-global-padding is-layout-constrained wp-container-core-group-is-layout-a151063b wp-block-group-is-layout-constrained\" style=\"padding-top:var(--wp--preset--spacing--50);padding-right:var(--wp--preset--spacing--40);padding-bottom:var(--wp--preset--spacing--50);padding-left:var(--wp--preset--spacing--40)\">\n<div class=\"wp-block-group alignwide is-vertical is-content-justification-center is-layout-flex wp-container-core-group-is-layout-06934afc wp-block-group-is-layout-flex\" style=\"min-height:404px;margin-top:0;margin-bottom:0;padding-top:0;padding-right:0;padding-bottom:0;padding-left:0\">\n<div class=\"wp-block-columns alignwide is-layout-flex wp-container-core-columns-is-layout-9b9588fb wp-block-columns-is-layout-flex\" style=\"padding-top:0;padding-bottom:0\">\n<div class=\"wp-block-column is-vertically-aligned-center is-layout-flow wp-container-core-column-is-layout-22223934 wp-block-column-is-layout-flow\" style=\"flex-basis:40%\">\n<h1 class=\"wp-block-heading is-style-default has-base-color has-text-color has-link-color has-x-large-font-size wp-elements-f1654403f73f7e9133834a0ac02b1a84\"><strong>Cria\u00e7\u00e3o do produto efectuada&nbsp;<mark style=\"background-color:rgba(0, 0, 0, 0)\" class=\"has-inline-color has-accent-2-color\">mais f\u00e1cil<\/mark>.<\/strong><\/h1>\n\n\n\n<h2 class=\"wp-block-heading has-base-color has-text-color has-link-color has-medium-font-size wp-elements-cba99b460b7a05ff92e60fa7bb5aa480\">Tem alguma pergunta? Deseja saber mais?<br>Estamos prontos para o ajudar.<\/h2>\n<\/div>\n\n\n\n<div class=\"wp-block-column is-vertically-aligned-center is-layout-flow wp-block-column-is-layout-flow\" style=\"flex-basis:60%\">\n<figure class=\"wp-block-image size-full is-style-rounded is-style-rounded--1\"><img decoding=\"async\" width=\"500\" height=\"333\" src=\"https:\/\/vendino.com\/wp-content\/uploads\/open-shop.jpg\" alt=\"Loja aberta\" class=\"wp-image-522\" srcset=\"https:\/\/vendino.com\/wp-content\/uploads\/open-shop.jpg 500w, https:\/\/vendino.com\/wp-content\/uploads\/open-shop-18x12.jpg 18w\" sizes=\"(max-width: 500px) 100vw, 500px\" \/><\/figure>\n<\/div>\n<\/div>\n<\/div>\n<\/div>\n\n\n\n<div class=\"wp-block-group alignfull has-base-2-background-color has-background has-global-padding is-layout-constrained wp-container-core-group-is-layout-ca038469 wp-block-group-is-layout-constrained\" style=\"margin-top:0;margin-bottom:0;padding-top:var(--wp--preset--spacing--50);padding-right:var(--wp--preset--spacing--40);padding-bottom:var(--wp--preset--spacing--50);padding-left:var(--wp--preset--spacing--40)\">\n<div class=\"wp-block-group alignwide is-vertical is-layout-flex wp-container-core-group-is-layout-fe9cc265 wp-block-group-is-layout-flex\">\n<div class=\"wp-block-columns alignwide is-layout-flex wp-container-core-columns-is-layout-e7d3ef0f wp-block-columns-is-layout-flex\" style=\"padding-top:0;padding-right:0;padding-bottom:0;padding-left:0\">\n<div class=\"wp-block-column is-layout-flow wp-container-core-column-is-layout-e3d1c41b wp-block-column-is-layout-flow\">\n<div class=\"wp-block-group is-nowrap is-layout-flex wp-container-core-group-is-layout-6c531013 wp-block-group-is-layout-flex\">\n<figure class=\"wp-block-image size-full is-resized wp-duotone-31bf9a-31bf9a-2\"><img decoding=\"async\" src=\"https:\/\/vendino.com\/wp-content\/uploads\/avatar-1.svg\" alt=\"Avatar\" class=\"wp-image-731\" style=\"width:auto;height:45px\"\/><\/figure>\n\n\n\n<h3 class=\"wp-block-heading has-text-align-left is-style-default has-body-font-family has-medium-font-size\" style=\"font-style:normal;font-weight:600\">Apoio geral<\/h3>\n<\/div>\n\n\n\n<p class=\"has-text-align-left\">Precisa de ajuda para utilizar o Vendino? Consulte o nosso arquivo de apoio onde encontrar\u00e1 conhecimentos sobre a utiliza\u00e7\u00e3o do Vendino.<\/p>\n<\/div>\n\n\n\n<div class=\"wp-block-column is-layout-flow wp-container-core-column-is-layout-e3d1c41b wp-block-column-is-layout-flow\">\n<div class=\"wp-block-group is-nowrap is-layout-flex wp-container-core-group-is-layout-6c531013 wp-block-group-is-layout-flex\">\n<figure class=\"wp-block-image size-full is-resized wp-duotone-31bf9a-31bf9a-3\"><img decoding=\"async\" src=\"https:\/\/vendino.com\/wp-content\/uploads\/message.svg\" alt=\"Mensagem\" class=\"wp-image-726\" style=\"width:auto;height:40px\"\/><\/figure>\n\n\n\n<h3 class=\"wp-block-heading has-text-align-left is-style-default has-body-font-family has-medium-font-size\" style=\"font-style:normal;font-weight:600\">Para fornecedores<\/h3>\n<\/div>\n\n\n\n<p class=\"has-text-align-left\">\u00c9 um fornecedor e pretende integrar os seus produtos no Vendino? Contacte-nos para uma conversa sem compromisso sobre as suas op\u00e7\u00f5es.<\/p>\n<\/div>\n\n\n\n<div class=\"wp-block-column is-layout-flow wp-container-core-column-is-layout-e3d1c41b wp-block-column-is-layout-flow\">\n<div class=\"wp-block-group is-nowrap is-layout-flex wp-container-core-group-is-layout-6c531013 wp-block-group-is-layout-flex\">\n<figure class=\"wp-block-image size-full is-resized wp-duotone-31bf9a-31bf9a-4\"><img decoding=\"async\" src=\"https:\/\/vendino.com\/wp-content\/uploads\/bag.svg\" alt=\"Saco\" class=\"wp-image-717\" style=\"width:auto;height:40px\"\/><\/figure>\n\n\n\n<h3 class=\"wp-block-heading has-text-align-left is-style-default has-body-font-family has-medium-font-size\" style=\"font-style:normal;font-weight:600\">Colabora\u00e7\u00e3o<\/h3>\n<\/div>\n\n\n\n<p class=\"has-text-align-left\">V\u00ea oportunidades de colabora\u00e7\u00e3o com a Vendino? N\u00e3o hesite em contactar-nos, gostar\u00edamos de o ouvir!<\/p>\n<\/div>\n<\/div>\n<\/div>\n<\/div>\n\n\n\n<div class=\"wp-block-group alignfull has-global-padding is-layout-constrained wp-container-core-group-is-layout-b9940f7e wp-block-group-is-layout-constrained\" style=\"margin-top:0;margin-bottom:0;padding-top:var(--wp--preset--spacing--50);padding-right:var(--wp--preset--spacing--40);padding-bottom:var(--wp--preset--spacing--50);padding-left:var(--wp--preset--spacing--40)\">\n<div class=\"wp-block-group alignwide has-base-2-background-color has-background is-vertical is-content-justification-center is-layout-flex wp-container-core-group-is-layout-bf5d5e49 wp-block-group-is-layout-flex\" style=\"border-radius:16px;padding-top:var(--wp--preset--spacing--50);padding-right:var(--wp--preset--spacing--40);padding-bottom:var(--wp--preset--spacing--50);padding-left:var(--wp--preset--spacing--40)\">\n<h2 class=\"wp-block-heading has-text-align-center has-x-large-font-size\">Escrever para n\u00f3s<\/h2>\n\n\n\n<p class=\"has-text-align-center has-medium-font-size\">Esfor\u00e7amo-nos por responder no prazo de 24 horas.<\/p>\n\n\n\n<p class=\"has-text-align-center has-medium-font-size\">Escrever para&nbsp;<a href=\"mailto:hello@vendino.com\">hello@vendino.com<\/a><\/p>\n<\/div>\n<\/div>\n\n\n\n<div class=\"wp-block-group alignfull has-global-padding is-layout-constrained wp-container-core-group-is-layout-3d5ac7cc wp-block-group-is-layout-constrained\" style=\"padding-top:var(--wp--preset--spacing--50);padding-right:0;padding-bottom:var(--wp--preset--spacing--50);padding-left:0\">\n<div class=\"wp-block-columns alignfull are-vertically-aligned-center is-layout-flex wp-container-core-columns-is-layout-f176861b wp-block-columns-is-layout-flex\" style=\"padding-top:var(--wp--preset--spacing--50);padding-right:var(--wp--preset--spacing--40);padding-bottom:var(--wp--preset--spacing--50);padding-left:var(--wp--preset--spacing--40)\">\n<div class=\"wp-block-column is-vertically-aligned-center is-layout-flow wp-block-column-is-layout-flow\" style=\"flex-basis:25%\">\n<figure class=\"wp-block-image aligncenter size-full\"><img decoding=\"async\" width=\"600\" height=\"338\" src=\"https:\/\/vendino.com\/wp-content\/uploads\/e-commerce-sign-1.jpeg\" alt=\"Com\u00e9rcio eletr\u00f3nico Sinal 1\" class=\"wp-image-524\" srcset=\"https:\/\/vendino.com\/wp-content\/uploads\/e-commerce-sign-1.jpeg 600w, https:\/\/vendino.com\/wp-content\/uploads\/e-commerce-sign-1-18x10.jpeg 18w\" sizes=\"(max-width: 600px) 100vw, 600px\" \/><\/figure>\n<\/div>\n\n\n\n<div class=\"wp-block-column is-vertically-aligned-center is-layout-flow wp-block-column-is-layout-flow\" style=\"flex-basis:50%\">\n<div class=\"wp-block-columns is-layout-flex wp-container-core-columns-is-layout-28f84493 wp-block-columns-is-layout-flex\">\n<div class=\"wp-block-column is-vertically-aligned-center is-layout-flow wp-block-column-is-layout-flow\">\n<figure class=\"wp-block-image aligncenter size-full\"><img decoding=\"async\" width=\"500\" height=\"333\" src=\"https:\/\/vendino.com\/wp-content\/uploads\/woman-laptop.jpg\" alt=\"Mulher port\u00e1til\" class=\"wp-image-520\" srcset=\"https:\/\/vendino.com\/wp-content\/uploads\/woman-laptop.jpg 500w, https:\/\/vendino.com\/wp-content\/uploads\/woman-laptop-18x12.jpg 18w\" sizes=\"(max-width: 500px) 100vw, 500px\" \/><\/figure>\n<\/div>\n\n\n\n<div class=\"wp-block-column is-vertically-aligned-center is-layout-flow wp-block-column-is-layout-flow\">\n<figure class=\"wp-block-image aligncenter size-full\"><img decoding=\"async\" width=\"500\" height=\"333\" src=\"https:\/\/vendino.com\/wp-content\/uploads\/open-shop.jpg\" alt=\"Loja aberta\" class=\"wp-image-522\" srcset=\"https:\/\/vendino.com\/wp-content\/uploads\/open-shop.jpg 500w, https:\/\/vendino.com\/wp-content\/uploads\/open-shop-18x12.jpg 18w\" sizes=\"(max-width: 500px) 100vw, 500px\" \/><\/figure>\n<\/div>\n<\/div>\n\n\n\n<div class=\"wp-block-columns is-layout-flex wp-container-core-columns-is-layout-28f84493 wp-block-columns-is-layout-flex\">\n<div class=\"wp-block-column is-layout-flow wp-block-column-is-layout-flow\">\n<figure class=\"wp-block-image aligncenter size-medium\"><img decoding=\"async\" width=\"512\" height=\"768\" src=\"https:\/\/vendino.com\/wp-content\/uploads\/pexels-canva-studio-3194519-512x768.jpg\" alt=\"Pexels Canva Studio 3194519\" class=\"wp-image-527\" style=\"aspect-ratio:3\/2;object-fit:cover\" srcset=\"https:\/\/vendino.com\/wp-content\/uploads\/pexels-canva-studio-3194519-512x768.jpg 512w, https:\/\/vendino.com\/wp-content\/uploads\/pexels-canva-studio-3194519-1024x1536.jpg 1024w, https:\/\/vendino.com\/wp-content\/uploads\/pexels-canva-studio-3194519-768x1152.jpg 768w, https:\/\/vendino.com\/wp-content\/uploads\/pexels-canva-studio-3194519-1365x2048.jpg 1365w, https:\/\/vendino.com\/wp-content\/uploads\/pexels-canva-studio-3194519-8x12.jpg 8w, https:\/\/vendino.com\/wp-content\/uploads\/pexels-canva-studio-3194519-scaled.jpg 1707w\" sizes=\"(max-width: 512px) 100vw, 512px\" \/><\/figure>\n<\/div>\n\n\n\n<div class=\"wp-block-column is-layout-flow wp-block-column-is-layout-flow\">\n<figure class=\"wp-block-image aligncenter size-medium\"><img decoding=\"async\" width=\"768\" height=\"512\" src=\"https:\/\/vendino.com\/wp-content\/uploads\/pexels-vojtech-okenka-392018-768x512.jpg\" alt=\"Pexels Vojtech Okenka 392018\" class=\"wp-image-528\" srcset=\"https:\/\/vendino.com\/wp-content\/uploads\/pexels-vojtech-okenka-392018-768x512.jpg 768w, https:\/\/vendino.com\/wp-content\/uploads\/pexels-vojtech-okenka-392018-1536x1024.jpg 1536w, https:\/\/vendino.com\/wp-content\/uploads\/pexels-vojtech-okenka-392018-2048x1365.jpg 2048w, https:\/\/vendino.com\/wp-content\/uploads\/pexels-vojtech-okenka-392018-18x12.jpg 18w\" sizes=\"(max-width: 768px) 100vw, 768px\" \/><\/figure>\n<\/div>\n<\/div>\n<\/div>\n\n\n\n<div class=\"wp-block-column is-vertically-aligned-center is-layout-flow wp-block-column-is-layout-flow\" style=\"flex-basis:25%\">\n<figure class=\"wp-block-image aligncenter size-full\"><img decoding=\"async\" width=\"600\" height=\"271\" src=\"https:\/\/vendino.com\/wp-content\/uploads\/dropshipping-varehus-1.jpeg\" alt=\"Armaz\u00e9m Dropshipping 1\" class=\"wp-image-521\" srcset=\"https:\/\/vendino.com\/wp-content\/uploads\/dropshipping-varehus-1.jpeg 600w, https:\/\/vendino.com\/wp-content\/uploads\/dropshipping-varehus-1-18x8.jpeg 18w\" sizes=\"(max-width: 600px) 100vw, 600px\" \/><\/figure>\n<\/div>\n<\/div>\n<\/div>\n\n\n\n<div class=\"wp-block-group alignfull has-base-2-background-color has-background has-global-padding is-layout-constrained wp-container-core-group-is-layout-3aec4d3c wp-block-group-is-layout-constrained\" style=\"padding-top:var(--wp--preset--spacing--50);padding-right:var(--wp--preset--spacing--40);padding-bottom:var(--wp--preset--spacing--50);padding-left:var(--wp--preset--spacing--40)\">\n<div class=\"wp-block-group alignwide is-vertical is-content-justification-center is-layout-flex wp-container-core-group-is-layout-c9ee0c5a wp-block-group-is-layout-flex\">\n<h2 class=\"wp-block-heading has-text-align-center\">A nossa vis\u00e3o<\/h2>\n\n\n\n<p class=\"has-text-align-center\">A Vendino foi fundada com o objetivo de ligar as lojas online aos seus respectivos fornecedores. Apesar de vivermos numa era digital, alguns fornecedores e retalhistas online est\u00e3o, infelizmente, atrasados no acompanhamento da transforma\u00e7\u00e3o digital. Tal pode dever-se a uma falta de conhecimentos t\u00e9cnicos, estando presos a sistemas antigos que n\u00e3o podem ser simplesmente substitu\u00eddos. Ou a uma falta de adaptabilidade de qualquer outra forma. Com o Vendino, queremos eliminar a complexidade e criar as condi\u00e7\u00f5es para que as lojas online e os fornecedores se desenvolvam em conjunto.<\/p>\n\n\n\n<div class=\"wp-block-group is-content-justification-center is-nowrap is-layout-flex wp-container-core-group-is-layout-538d7a12 wp-block-group-is-layout-flex\">\n<div class=\"wp-block-group has-global-padding is-layout-constrained wp-block-group-is-layout-constrained\">\n<div class=\"wp-block-group is-nowrap is-layout-flex wp-container-core-group-is-layout-6c531013 wp-block-group-is-layout-flex\">\n<figure class=\"wp-block-image size-full is-resized wp-duotone-31bf9a-31bf9a-5\"><img decoding=\"async\" src=\"https:\/\/vendino.com\/wp-content\/uploads\/hourglass.svg\" alt=\"Ampulheta\" class=\"wp-image-722\" style=\"width:auto;height:40px\"\/><\/figure>\n\n\n\n<p class=\"has-medium-font-size\"><strong>Menos tempo perdido<\/strong><\/p>\n<\/div>\n\n\n\n<p class=\"has-medium-font-size\">A cria\u00e7\u00e3o manual de produtos e a configura\u00e7\u00e3o de sistemas inform\u00e1ticos complexos e dispendiosos devem ser coisas do passado.<\/p>\n<\/div>\n\n\n\n<div class=\"wp-block-group has-global-padding is-layout-constrained wp-block-group-is-layout-constrained\">\n<div class=\"wp-block-group is-nowrap is-layout-flex wp-container-core-group-is-layout-6c531013 wp-block-group-is-layout-flex\">\n<figure class=\"wp-block-image size-full is-resized wp-duotone-31bf9a-31bf9a-6\"><img decoding=\"async\" src=\"https:\/\/vendino.com\/wp-content\/uploads\/message.svg\" alt=\"Mensagem\" class=\"wp-image-726\" style=\"width:auto;height:40px\"\/><\/figure>\n\n\n\n<p class=\"has-medium-font-size\"><strong>Aumento do com\u00e9rcio<\/strong><\/p>\n<\/div>\n\n\n\n<p>A nossa paix\u00e3o \u00e9 criar com\u00e9rcio entre lojas online e fornecedores. Com Vendino, aproximamos as partes e criamos uma melhor liga\u00e7\u00e3o.<\/p>\n<\/div>\n\n\n\n<div class=\"wp-block-group has-global-padding is-layout-constrained wp-block-group-is-layout-constrained\">\n<div class=\"wp-block-group is-nowrap is-layout-flex wp-container-core-group-is-layout-6c531013 wp-block-group-is-layout-flex\">\n<figure class=\"wp-block-image size-full is-resized wp-duotone-31bf9a-31bf9a-7\"><img decoding=\"async\" src=\"https:\/\/vendino.com\/wp-content\/uploads\/cursor.svg\" alt=\"Cursor\" class=\"wp-image-686\" style=\"width:auto;height:40px\"\/><\/figure>\n\n\n\n<p class=\"has-medium-font-size\"><strong>A tecnologia deve ser simples<\/strong><\/p>\n<\/div>\n\n\n\n<p>Com o Vendino, os propriet\u00e1rios de lojas online n\u00e3o t\u00eam de se preocupar com o que \u00e9 um ficheiro CSV ou XML ou como transformar esse ficheiro em produtos numa loja online.<\/p>\n<\/div>\n<\/div>\n<\/div>\n<\/div>\n\n\n\n<div class=\"wp-block-group alignfull has-global-padding is-layout-constrained wp-container-core-group-is-layout-ca038469 wp-block-group-is-layout-constrained\" style=\"margin-top:0;margin-bottom:0;padding-top:var(--wp--preset--spacing--50);padding-right:var(--wp--preset--spacing--40);padding-bottom:var(--wp--preset--spacing--50);padding-left:var(--wp--preset--spacing--40)\">\n<div class=\"wp-block-group alignwide is-vertical is-layout-flex wp-container-core-group-is-layout-2bef88f9 wp-block-group-is-layout-flex\" style=\"padding-top:var(--wp--preset--spacing--50);padding-right:var(--wp--preset--spacing--40);padding-bottom:var(--wp--preset--spacing--50);padding-left:var(--wp--preset--spacing--40)\">\n<div class=\"wp-block-group is-vertical is-content-justification-center is-layout-flex wp-container-core-group-is-layout-ce155fab wp-block-group-is-layout-flex\">\n<h2 class=\"wp-block-heading has-text-align-center has-xx-large-font-size\">Conhe\u00e7a a equipa<\/h2>\n<\/div>\n\n\n\n<div class=\"wp-block-columns alignwide is-layout-flex wp-container-core-columns-is-layout-4935966c wp-block-columns-is-layout-flex\" style=\"padding-right:0;padding-left:0\">\n<div class=\"wp-block-column is-layout-flow wp-block-column-is-layout-flow\">\n<figure class=\"wp-block-image size-full is-style-rounded is-style-rounded--8\"><img decoding=\"async\" width=\"800\" height=\"800\" src=\"https:\/\/vendino.com\/wp-content\/uploads\/kasper-stuck.jpg\" alt=\"Kasper Stuck\" class=\"wp-image-472\" style=\"aspect-ratio:1;object-fit:cover\" srcset=\"https:\/\/vendino.com\/wp-content\/uploads\/kasper-stuck.jpg 800w, https:\/\/vendino.com\/wp-content\/uploads\/kasper-stuck-768x768.jpg 768w, https:\/\/vendino.com\/wp-content\/uploads\/kasper-stuck-12x12.jpg 12w\" sizes=\"(max-width: 800px) 100vw, 800px\" \/><\/figure>\n\n\n\n<div class=\"wp-block-group is-vertical is-content-justification-center is-nowrap is-layout-flex wp-container-core-group-is-layout-21d4e958 wp-block-group-is-layout-flex\">\n<p class=\"has-text-align-center has-small-font-size\">Pe\u00e7a Kasper<\/p>\n\n\n\n<p class=\"has-text-align-center has-small-font-size\">Propriet\u00e1rio \/ Programador Web<\/p>\n<\/div>\n<\/div>\n\n\n\n<div class=\"wp-block-column is-layout-flow wp-block-column-is-layout-flow\"><\/div>\n<\/div>\n<\/div>\n<\/div>","protected":false},"excerpt":{"rendered":"<p>Produktoprettelse gjort&nbsp;nemmere. Har du sp\u00f8rgsm\u00e5l? Vil du vide mere?Vi sidder klar til at hj\u00e6lpe dig. Generel support Har du brug for hj\u00e6lp til at bruge Vendino? Tjek vores supportarkiv, hvor du finder viden omkring brugen af Vendino. For leverand\u00f8rer Er du leverand\u00f8r og \u00f8nsker du at integrere dine varer med Vendino? Kontakt os og f\u00e5 [&hellip;]<\/p>\n","protected":false},"author":1,"featured_media":0,"parent":0,"menu_order":0,"comment_status":"closed","ping_status":"closed","template":"page-no-title","meta":{"_acf_changed":false,"iawp_total_views":368,"footnotes":""},"class_list":["post-268","page","type-page","status-publish","hentry"],"acf":[],"_links":{"self":[{"href":"https:\/\/vendino.com\/pt\/wp-json\/wp\/v2\/pages\/268","targetHints":{"allow":["GET"]}}],"collection":[{"href":"https:\/\/vendino.com\/pt\/wp-json\/wp\/v2\/pages"}],"about":[{"href":"https:\/\/vendino.com\/pt\/wp-json\/wp\/v2\/types\/page"}],"author":[{"embeddable":true,"href":"https:\/\/vendino.com\/pt\/wp-json\/wp\/v2\/users\/1"}],"replies":[{"embeddable":true,"href":"https:\/\/vendino.com\/pt\/wp-json\/wp\/v2\/comments?post=268"}],"version-history":[{"count":0,"href":"https:\/\/vendino.com\/pt\/wp-json\/wp\/v2\/pages\/268\/revisions"}],"wp:attachment":[{"href":"https:\/\/vendino.com\/pt\/wp-json\/wp\/v2\/media?parent=268"}],"curies":[{"name":"wp","href":"https:\/\/api.w.org\/{rel}","templated":true}]}}