{"id":280,"date":"2023-12-14T15:30:37","date_gmt":"2023-12-14T14:30:37","guid":{"rendered":"https:\/\/vendino.com\/?page_id=280"},"modified":"2024-04-02T07:32:59","modified_gmt":"2024-04-02T06:32:59","slug":"catalogo-de-produtos","status":"publish","type":"page","link":"https:\/\/vendino.com\/pt\/catalogo-de-produtos\/","title":{"rendered":"Cat\u00e1logo de produtos"},"content":{"rendered":"<div class=\"wp-block-group alignfull has-base-2-color has-accent-4-background-color has-text-color has-background has-link-color wp-elements-9b8d71f8f99d65550d488c4935f4d634 has-global-padding is-layout-constrained wp-container-core-group-is-layout-b9940f7e wp-block-group-is-layout-constrained\" style=\"margin-top:0;margin-bottom:0;padding-top:var(--wp--preset--spacing--50);padding-right:var(--wp--preset--spacing--40);padding-bottom:var(--wp--preset--spacing--50);padding-left:var(--wp--preset--spacing--40)\">\n<div class=\"wp-block-group alignwide is-vertical is-layout-flex wp-container-core-group-is-layout-4b827052 wp-block-group-is-layout-flex\">\n<div class=\"wp-block-columns alignwide is-layout-flex wp-container-core-columns-is-layout-a85f4655 wp-block-columns-is-layout-flex\">\n<div class=\"wp-block-column is-vertically-aligned-center is-layout-flow wp-container-core-column-is-layout-22223934 wp-block-column-is-layout-flow\" style=\"flex-basis:50%\">\n<h1 class=\"wp-block-heading is-style-default has-base-2-color has-text-color has-link-color has-x-large-font-size wp-elements-a96203ae0f05b0a15c7a58e4c12f2c7a\">Um unificado<br>cat\u00e1logo de produtos<\/h1>\n\n\n\n<h2 class=\"wp-block-heading has-base-2-color has-text-color has-link-color has-medium-font-size wp-elements-12faf1d6d6f91fb488053bb8c98eb311\">Aceder a produtos de fornecedores dinamarqueses e europeus a partir de um \u00fanico cat\u00e1logo de produtos.<\/h2>\n\n\n\n<div class=\"wp-block-columns is-layout-flex wp-container-core-columns-is-layout-2d11b922 wp-block-columns-is-layout-flex\" style=\"padding-top:0;padding-right:0;padding-bottom:0;padding-left:0\">\n<div class=\"wp-block-column is-layout-flow wp-container-core-column-is-layout-b2a27621 wp-block-column-is-layout-flow\" style=\"padding-top:0;padding-right:0;padding-bottom:0;padding-left:0\">\n<div class=\"wp-block-group is-content-justification-center is-nowrap is-layout-flex wp-container-core-group-is-layout-b93cabc5 wp-block-group-is-layout-flex\">\n<div class=\"wp-block-group has-global-padding is-layout-constrained wp-block-group-is-layout-constrained\">\n<div class=\"wp-block-group is-nowrap is-layout-flex wp-container-core-group-is-layout-6c531013 wp-block-group-is-layout-flex\">\n<figure class=\"wp-block-image size-full is-resized is-style-default wp-duotone-ffffff-f9fafc-1\"><img decoding=\"async\" src=\"https:\/\/vendino.com\/wp-content\/uploads\/microscope.svg\" alt=\"Microsc\u00f3pio\" class=\"wp-image-727\" style=\"width:auto;height:40px\"\/><\/figure>\n\n\n\n<h3 class=\"wp-block-heading has-base-2-color has-text-color has-link-color has-medium-font-size wp-elements-1413c29d7dd5a5a2c02697ce8305698a\"><strong><strong>Transpar\u00eancia e abertura<\/strong><\/strong><\/h3>\n<\/div>\n\n\n\n<p>Compare os pre\u00e7os dos mesmos SKUs de diferentes fornecedores e fa\u00e7a corresponder os produtos \u00e0s suas necessidades.<\/p>\n<\/div>\n<\/div>\n<\/div>\n\n\n\n<div class=\"wp-block-column is-layout-flow wp-block-column-is-layout-flow\">\n<div class=\"wp-block-group is-content-justification-center is-nowrap is-layout-flex wp-container-core-group-is-layout-b93cabc5 wp-block-group-is-layout-flex\">\n<div class=\"wp-block-group has-global-padding is-layout-constrained wp-block-group-is-layout-constrained\">\n<div class=\"wp-block-group is-nowrap is-layout-flex wp-container-core-group-is-layout-6c531013 wp-block-group-is-layout-flex\">\n<figure class=\"wp-block-image size-full is-resized wp-duotone-ffffff-ffffff-2\"><img decoding=\"async\" src=\"https:\/\/vendino.com\/wp-content\/uploads\/logbook.svg\" alt=\"Di\u00e1rio de bordo\" class=\"wp-image-723\" style=\"width:auto;height:40px\"\/><\/figure>\n\n\n\n<h3 class=\"wp-block-heading has-base-2-color has-text-color has-link-color has-medium-font-size wp-elements-f980115b93ba998b9c4a865b811b4708\"><strong><strong><strong>Encontrar novos fornecedores<\/strong><\/strong><\/strong><\/h3>\n<\/div>\n\n\n\n<p class=\"has-text-align-left\">Est\u00e1 \u00e0 procura de novos fornecedores de produtos para a sua loja? Evite as feiras, as pesquisas online e os diret\u00f3rios. Reunimos os melhores fornecedores num s\u00f3 lugar.<\/p>\n<\/div>\n<\/div>\n<\/div>\n<\/div>\n<\/div>\n\n\n\n<div class=\"wp-block-column is-layout-flow wp-block-column-is-layout-flow\" style=\"flex-basis:50%\">\n<figure class=\"wp-block-image size-large is-style-rounded is-style-rounded--3\"><img decoding=\"async\" width=\"1536\" height=\"796\" src=\"https:\/\/vendino.com\/wp-content\/uploads\/vendino-platform-1536x796.png\" alt=\"Plataforma Vendino\" class=\"wp-image-331\" srcset=\"https:\/\/vendino.com\/wp-content\/uploads\/vendino-platform-1536x796.png 1536w, https:\/\/vendino.com\/wp-content\/uploads\/vendino-platform-768x398.png 768w, https:\/\/vendino.com\/wp-content\/uploads\/vendino-platform.png 1645w\" sizes=\"(max-width: 1536px) 100vw, 1536px\" \/><\/figure>\n<\/div>\n<\/div>\n<\/div>\n<\/div>\n\n\n\n<div class=\"wp-block-group alignfull has-base-2-background-color has-background has-global-padding is-layout-constrained wp-container-core-group-is-layout-ca038469 wp-block-group-is-layout-constrained\" style=\"margin-top:0;margin-bottom:0;padding-top:var(--wp--preset--spacing--50);padding-right:var(--wp--preset--spacing--40);padding-bottom:var(--wp--preset--spacing--50);padding-left:var(--wp--preset--spacing--40)\">\n<div class=\"wp-block-group alignwide is-vertical is-layout-flex wp-container-core-group-is-layout-4347e2ee wp-block-group-is-layout-flex\" style=\"padding-top:0;padding-right:0;padding-bottom:0;padding-left:0\">\n<div class=\"wp-block-group is-vertical is-content-justification-center is-layout-flex wp-container-core-group-is-layout-6d5e4199 wp-block-group-is-layout-flex\" style=\"margin-top:0;margin-bottom:0\">\n<h2 class=\"wp-block-heading has-text-align-center is-style-default\">Abrir-se a um mundo de fornecedores<\/h2>\n\n\n\n<p class=\"has-text-align-center\">Vendino \u00e9 o seu cat\u00e1logo digital de produtos. Colocamo-lo em contacto com os produtos dos maiores e mais pequenos fornecedores da Dinamarca e do resto do mundo, para que possa adquirir os produtos com a maior informa\u00e7\u00e3o poss\u00edvel. Somos a favor da transpar\u00eancia, da transpar\u00eancia e de um mercado eficiente.<\/p>\n<\/div>\n\n\n\n<div class=\"wp-block-columns alignwide is-layout-flex wp-container-core-columns-is-layout-d0bbbce0 wp-block-columns-is-layout-flex\">\n<div class=\"wp-block-column is-layout-flow wp-container-core-column-is-layout-e3d1c41b wp-block-column-is-layout-flow\">\n<div class=\"wp-block-group is-nowrap is-layout-flex wp-container-core-group-is-layout-6c531013 wp-block-group-is-layout-flex\">\n<figure class=\"wp-block-image size-full is-resized wp-duotone-31bf9a-31bf9a-4\"><img decoding=\"async\" src=\"https:\/\/vendino.com\/wp-content\/uploads\/conveyor.svg\" alt=\"Transportador\" class=\"wp-image-685\" style=\"width:auto;height:40px\"\/><\/figure>\n\n\n\n<p><strong>Expandir a sua gama de produtos<\/strong><\/p>\n<\/div>\n\n\n\n<p class=\"has-text-align-left\">A sua gama de produtos precisa de ser actualizada? Ent\u00e3o consulte o cat\u00e1logo de produtos do Vendino. Aqui encontrar\u00e1 v\u00e1rios fornecedores num s\u00f3 local, para que n\u00e3o tenha de procurar em v\u00e1rios locais.<\/p>\n\n\n\n<ul class=\"is-style-checkmark-list wp-block-list\">\n<li>Descobrir novos fornecedores<\/li>\n\n\n\n<li>Encontrar novos produtos<\/li>\n\n\n\n<li>Apenas fornecedores reconhecidos<\/li>\n<\/ul>\n<\/div>\n\n\n\n<div class=\"wp-block-column is-layout-flow wp-container-core-column-is-layout-e3d1c41b wp-block-column-is-layout-flow\">\n<div class=\"wp-block-group is-nowrap is-layout-flex wp-container-core-group-is-layout-6c531013 wp-block-group-is-layout-flex\">\n<figure class=\"wp-block-image size-full is-resized wp-duotone-31bf9a-31bf9a-5\"><img decoding=\"async\" src=\"https:\/\/vendino.com\/wp-content\/uploads\/cursor.svg\" alt=\"Cursor\" class=\"wp-image-686\" style=\"width:auto;height:40px\"\/><\/figure>\n\n\n\n<p><strong>Criar produtos com apenas alguns cliques<\/strong><\/p>\n<\/div>\n\n\n\n<p class=\"has-text-align-left\">Porqu\u00ea copiar e colar para criar produtos na sua loja online? Deixe o Vendino tratar da cria\u00e7\u00e3o de produtos.<\/p>\n\n\n\n<ul class=\"is-style-checkmark-list wp-block-list\">\n<li>Poupar tempo<\/li>\n\n\n\n<li>Evitar erros<\/li>\n\n\n\n<li>Tornar vis\u00edveis mais dados de itens<\/li>\n\n\n\n<li>Selecionar facilmente produtos do cat\u00e1logo de produtos<\/li>\n<\/ul>\n<\/div>\n\n\n\n<div class=\"wp-block-column is-layout-flow wp-container-core-column-is-layout-e3d1c41b wp-block-column-is-layout-flow\">\n<div class=\"wp-block-group is-nowrap is-layout-flex wp-container-core-group-is-layout-6c531013 wp-block-group-is-layout-flex\">\n<figure class=\"wp-block-image size-full is-resized wp-duotone-31bf9a-31bf9a-6\"><img decoding=\"async\" src=\"https:\/\/vendino.com\/wp-content\/uploads\/discounttag.svg\" alt=\"Dia de desconto\" class=\"wp-image-720\" style=\"width:auto;height:40px\"\/><\/figure>\n\n\n\n<p><strong>Comparar pre\u00e7os<\/strong><\/p>\n<\/div>\n\n\n\n<p class=\"has-text-align-left\">Evite perder receitas por ter pre\u00e7os de venda a retalho sugeridos incorrectos pelos seus fornecedores.<\/p>\n\n\n\n<ul class=\"is-style-checkmark-list wp-block-list\">\n<li>Ajuste autom\u00e1tico de pre\u00e7os<\/li>\n\n\n\n<li>Definir regras para o r\u00e1cio de cobertura<\/li>\n\n\n\n<li>Criar com pre\u00e7os de retalho sugeridos por defeito. pre\u00e7os de retalho<\/li>\n\n\n\n<li>Obter ganhos s\u00f3lidos<\/li>\n<\/ul>\n<\/div>\n<\/div>\n<\/div>\n<\/div>\n\n\n\n<div class=\"wp-block-group alignfull has-global-padding is-layout-constrained wp-container-core-group-is-layout-b9940f7e wp-block-group-is-layout-constrained\" style=\"margin-top:0;margin-bottom:0;padding-top:var(--wp--preset--spacing--50);padding-right:var(--wp--preset--spacing--40);padding-bottom:var(--wp--preset--spacing--50);padding-left:var(--wp--preset--spacing--40)\">\n<div class=\"wp-block-group alignwide is-vertical is-content-justification-center is-layout-flex wp-container-core-group-is-layout-6329a8f3 wp-block-group-is-layout-flex\">\n<div class=\"wp-block-group is-vertical is-content-justification-center is-layout-flex wp-container-core-group-is-layout-6329a8f3 wp-block-group-is-layout-flex\">\n<h2 class=\"wp-block-heading has-text-align-center is-style-default\">Explorar um mundo de fornecedores<\/h2>\n\n\n\n<p class=\"has-text-align-center\">Diga adeus \u00e0s pesquisas de fornecedores online, \u00e0s cansativas visitas a feiras e \u00e0s listas telef\u00f3nicas. Explore o cat\u00e1logo de produtos Vendino onde encontrar\u00e1 centenas de milhares de n\u00fameros de artigos de diferentes fornecedores de diferentes sectores.<\/p>\n<\/div>\n\n\n\n<div class=\"wp-block-buttons is-content-justification-center is-layout-flex wp-container-core-buttons-is-layout-b481f376 wp-block-buttons-is-layout-flex\" style=\"margin-top:var(--wp--preset--spacing--10);margin-bottom:var(--wp--preset--spacing--10)\">\n<div class=\"wp-block-button\"><a class=\"wp-block-button__link has-accent-4-background-color has-background has-text-align-center wp-element-button\" href=\"https:\/\/app.vendino.com\/auth\/signup\">Experimente o Vendino gratuitamente<\/a><\/div>\n<\/div>\n\n\n\n<div class=\"wp-block-group is-vertical is-content-justification-center is-layout-flex wp-container-core-group-is-layout-ce155fab wp-block-group-is-layout-flex\">\n<ul class=\"is-style-checkmark-list wp-block-list\">\n<li><em>Inscri\u00e7\u00e3o gratuita - N\u00e3o \u00e9 necess\u00e1rio cart\u00e3o de cr\u00e9dito.<\/em><\/li>\n<\/ul>\n<\/div>\n<\/div>\n<\/div>","protected":false},"excerpt":{"rendered":"<p>Et samletvarekatalog Tilg\u00e5 produkter fra danske og europ\u00e6iske leverand\u00f8rer fra et samlet varekatalog. Gennemsigtighed og transparens Sammenlign priser p\u00e5 samme varenumre fra forskellige leverand\u00f8rer og match produkter til dine behov. Find nye leverand\u00f8rer S\u00f8ger du nye leverand\u00f8rer af produkter til din butik? Slip for messer, s\u00f8gninger p\u00e5 nettet og telefonb\u00f8ger. Vi har samlet de bedste [&hellip;]<\/p>\n","protected":false},"author":1,"featured_media":0,"parent":0,"menu_order":0,"comment_status":"closed","ping_status":"closed","template":"page-no-title","meta":{"_acf_changed":false,"iawp_total_views":461,"footnotes":""},"class_list":["post-280","page","type-page","status-publish","hentry"],"acf":[],"_links":{"self":[{"href":"https:\/\/vendino.com\/pt\/wp-json\/wp\/v2\/pages\/280","targetHints":{"allow":["GET"]}}],"collection":[{"href":"https:\/\/vendino.com\/pt\/wp-json\/wp\/v2\/pages"}],"about":[{"href":"https:\/\/vendino.com\/pt\/wp-json\/wp\/v2\/types\/page"}],"author":[{"embeddable":true,"href":"https:\/\/vendino.com\/pt\/wp-json\/wp\/v2\/users\/1"}],"replies":[{"embeddable":true,"href":"https:\/\/vendino.com\/pt\/wp-json\/wp\/v2\/comments?post=280"}],"version-history":[{"count":0,"href":"https:\/\/vendino.com\/pt\/wp-json\/wp\/v2\/pages\/280\/revisions"}],"wp:attachment":[{"href":"https:\/\/vendino.com\/pt\/wp-json\/wp\/v2\/media?parent=280"}],"curies":[{"name":"wp","href":"https:\/\/api.w.org\/{rel}","templated":true}]}}