{"id":282,"date":"2023-12-14T15:31:10","date_gmt":"2023-12-14T14:31:10","guid":{"rendered":"https:\/\/vendino.com\/?page_id=282"},"modified":"2024-03-21T14:19:01","modified_gmt":"2024-03-21T13:19:01","slug":"criacao-de-produtos","status":"publish","type":"page","link":"https:\/\/vendino.com\/pt\/criacao-de-produtos\/","title":{"rendered":"Cria\u00e7\u00e3o de produtos"},"content":{"rendered":"<div class=\"wp-block-group alignfull has-accent-4-background-color has-background has-global-padding is-layout-constrained wp-container-core-group-is-layout-b9940f7e wp-block-group-is-layout-constrained\" style=\"margin-top:0;margin-bottom:0;padding-top:var(--wp--preset--spacing--50);padding-right:var(--wp--preset--spacing--40);padding-bottom:var(--wp--preset--spacing--50);padding-left:var(--wp--preset--spacing--40)\">\n<div class=\"wp-block-group alignwide is-vertical is-layout-flex wp-container-core-group-is-layout-4b827052 wp-block-group-is-layout-flex\">\n<div class=\"wp-block-columns alignwide is-layout-flex wp-container-core-columns-is-layout-c6809a2b wp-block-columns-is-layout-flex\">\n<div class=\"wp-block-column is-vertically-aligned-center is-layout-flow wp-container-core-column-is-layout-22223934 wp-block-column-is-layout-flow\" style=\"flex-basis:40%\">\n<h1 class=\"wp-block-heading is-style-default has-base-color has-text-color has-link-color has-x-large-font-size wp-elements-5df810a18db120b6c1358298f72a9ee0\"><strong>Cria\u00e7\u00e3o de produtos<br>feito\u00a0<mark style=\"background-color:rgba(0, 0, 0, 0)\" class=\"has-inline-color has-accent-2-color\">mais f\u00e1cil<\/mark>.<\/strong><\/h1>\n\n\n\n<h2 class=\"wp-block-heading has-base-color has-text-color has-link-color has-medium-font-size wp-elements-37349e1590504e8e4b6b412af6e4cf7b\">Aceder a produtos de fornecedores dinamarqueses e europeus a partir de um \u00fanico cat\u00e1logo de produtos.<\/h2>\n\n\n\n<div class=\"wp-block-columns is-layout-flex wp-container-core-columns-is-layout-87beb0d0 wp-block-columns-is-layout-flex\">\n<div class=\"wp-block-column is-layout-flow wp-block-column-is-layout-flow\">\n<h3 class=\"wp-block-heading has-base-color has-text-color has-link-color has-medium-font-size wp-elements-a48332cebb271a53a28dae1521cebcf0\"><strong>Chega de CSV, XML e JSON<\/strong><\/h3>\n\n\n\n<p class=\"has-base-color has-text-color has-link-color wp-elements-88d7dd5857267b358f1b2715d48fa9ae\">Porqu\u00ea incomodar-se com ficheiros irritantes que n\u00e3o fazem o que lhes \u00e9 pedido? Deixe que o Vendino se encarregue do inc\u00f3modo!<\/p>\n<\/div>\n\n\n\n<div class=\"wp-block-column is-layout-flow wp-block-column-is-layout-flow\">\n<h3 class=\"wp-block-heading has-base-color has-text-color has-link-color has-medium-font-size wp-elements-1306c639615f5360beb964f7b525a7f1\"><strong>Poupar tempo<\/strong><\/h3>\n\n\n\n<p class=\"has-base-color has-text-color has-link-color wp-elements-4f9d7076840f552ab8e90d015f0334d6\">Dedique o seu tempo ao que faz sentido para si e para o seu neg\u00f3cio. Deixe de criar produtos manualmente e fa\u00e7a-o automaticamente com o Vendino.<\/p>\n<\/div>\n<\/div>\n<\/div>\n\n\n\n<div class=\"wp-block-column is-vertically-aligned-center is-layout-flow wp-block-column-is-layout-flow\" style=\"flex-basis:60%\">\n<figure class=\"wp-block-image size-large is-style-rounded is-style-rounded--1\"><img decoding=\"async\" width=\"1536\" height=\"796\" src=\"https:\/\/vendino.com\/wp-content\/uploads\/vendino-platform-1536x796.png\" alt=\"Plataforma Vendino\" class=\"wp-image-331\" srcset=\"https:\/\/vendino.com\/wp-content\/uploads\/vendino-platform-1536x796.png 1536w, https:\/\/vendino.com\/wp-content\/uploads\/vendino-platform-768x398.png 768w, https:\/\/vendino.com\/wp-content\/uploads\/vendino-platform.png 1645w\" sizes=\"(max-width: 1536px) 100vw, 1536px\" \/><\/figure>\n<\/div>\n<\/div>\n<\/div>\n<\/div>\n\n\n\n<div class=\"wp-block-group alignfull has-base-2-background-color has-background has-global-padding is-layout-constrained wp-container-core-group-is-layout-ca038469 wp-block-group-is-layout-constrained\" style=\"margin-top:0;margin-bottom:0;padding-top:var(--wp--preset--spacing--50);padding-right:var(--wp--preset--spacing--40);padding-bottom:var(--wp--preset--spacing--50);padding-left:var(--wp--preset--spacing--40)\">\n<div class=\"wp-block-group alignwide is-vertical is-content-justification-center is-layout-flex wp-container-core-group-is-layout-3f2d17a9 wp-block-group-is-layout-flex\" style=\"margin-top:0;margin-bottom:0\">\n<div class=\"wp-block-group is-vertical is-content-justification-center is-layout-flex wp-container-core-group-is-layout-ce155fab wp-block-group-is-layout-flex\">\n<h2 class=\"wp-block-heading has-text-align-center is-style-default\">Como \u00e9 que o Vendino ajuda na cria\u00e7\u00e3o de produtos<\/h2>\n\n\n\n<p class=\"has-text-align-center\">Poupe tempo em processos manuais e evite erros durante a cria\u00e7\u00e3o de produtos.<\/p>\n<\/div>\n\n\n\n<div class=\"wp-block-columns alignwide is-layout-flex wp-container-core-columns-is-layout-d0bbbce0 wp-block-columns-is-layout-flex\">\n<div class=\"wp-block-column is-layout-flow wp-container-core-column-is-layout-e3d1c41b wp-block-column-is-layout-flow\">\n<div class=\"wp-block-group is-nowrap is-layout-flex wp-container-core-group-is-layout-6c531013 wp-block-group-is-layout-flex\">\n<figure class=\"wp-block-image size-full is-resized wp-duotone-31bf9a-31bf9a-2\"><img decoding=\"async\" src=\"https:\/\/vendino.com\/wp-content\/uploads\/loop.svg\" alt=\"La\u00e7o\" class=\"wp-image-724\" style=\"width:auto;height:40px\"\/><\/figure>\n\n\n\n<h3 class=\"wp-block-heading has-text-align-left is-style-default has-body-font-family has-medium-font-size\" style=\"font-style:normal;font-weight:600\">Transformar ficheiros em cat\u00e1logos de itens<\/h3>\n<\/div>\n\n\n\n<p class=\"has-text-align-left\">Tem um ou mais ficheiros fornecidos pelo seu fornecedor mas n\u00e3o os consegue importar para a sua loja online? Ent\u00e3o o Vendino \u00e9 a solu\u00e7\u00e3o ideal para si!<\/p>\n\n\n\n<ul class=\"is-style-checkmark-list wp-block-list\">\n<li>Converter CSV, XML e JSON em cat\u00e1logo de produtos<\/li>\n\n\n\n<li>Tire mais partido dos dados dos seus produtos<\/li>\n\n\n\n<li>Livrar-se de programadores dispendiosos<\/li>\n<\/ul>\n<\/div>\n\n\n\n<div class=\"wp-block-column is-layout-flow wp-container-core-column-is-layout-e3d1c41b wp-block-column-is-layout-flow\">\n<div class=\"wp-block-group is-nowrap is-layout-flex wp-container-core-group-is-layout-6c531013 wp-block-group-is-layout-flex\">\n<figure class=\"wp-block-image size-full is-resized wp-duotone-31bf9a-31bf9a-3\"><img decoding=\"async\" src=\"https:\/\/vendino.com\/wp-content\/uploads\/cursor.svg\" alt=\"Cursor\" class=\"wp-image-686\" style=\"width:auto;height:40px\"\/><\/figure>\n\n\n\n<h3 class=\"wp-block-heading has-text-align-left is-style-default has-body-font-family has-medium-font-size\" style=\"font-style:normal;font-weight:600\">Criar produtos com apenas alguns cliques<\/h3>\n<\/div>\n\n\n\n<p>Porqu\u00ea copiar e colar para criar produtos na sua loja online? Deixe o Vendino tratar da cria\u00e7\u00e3o de produtos.<\/p>\n\n\n\n<ul class=\"is-style-checkmark-list wp-block-list\">\n<li>Poupar tempo<\/li>\n\n\n\n<li>Evitar erros<\/li>\n\n\n\n<li>Tornar vis\u00edveis mais dados de itens<\/li>\n\n\n\n<li>Selecionar facilmente produtos do cat\u00e1logo de produtos<\/li>\n<\/ul>\n<\/div>\n\n\n\n<div class=\"wp-block-column is-layout-flow wp-container-core-column-is-layout-e3d1c41b wp-block-column-is-layout-flow\">\n<div class=\"wp-block-group is-nowrap is-layout-flex wp-container-core-group-is-layout-6c531013 wp-block-group-is-layout-flex\">\n<figure class=\"wp-block-image size-full is-resized wp-duotone-31bf9a-31bf9a-4\"><img decoding=\"async\" src=\"https:\/\/vendino.com\/wp-content\/uploads\/discounttag.svg\" alt=\"Dia de desconto\" class=\"wp-image-720\" style=\"width:auto;height:40px\"\/><\/figure>\n\n\n\n<h3 class=\"wp-block-heading has-text-align-left is-style-default has-body-font-family has-medium-font-size\" style=\"font-style:normal;font-weight:600\">Defina as suas pr\u00f3prias regras de fixa\u00e7\u00e3o de pre\u00e7os<\/h3>\n<\/div>\n\n\n\n<p class=\"has-text-align-left\">Optimize os pre\u00e7os na sua loja online para conseguir competitividade e um neg\u00f3cio rent\u00e1vel.<\/p>\n\n\n\n<ul class=\"is-style-checkmark-list wp-block-list\">\n<li>Ajuste autom\u00e1tico de pre\u00e7os<\/li>\n\n\n\n<li>Definir regras para o r\u00e1cio de cobertura<\/li>\n\n\n\n<li>Criar com pre\u00e7os de retalho sugeridos por defeito. pre\u00e7os de retalho<\/li>\n\n\n\n<li>Obter ganhos s\u00f3lidos<\/li>\n<\/ul>\n<\/div>\n<\/div>\n<\/div>\n<\/div>\n\n\n\n<div class=\"wp-block-group alignfull has-global-padding is-layout-constrained wp-container-core-group-is-layout-b9940f7e wp-block-group-is-layout-constrained\" style=\"margin-top:0;margin-bottom:0;padding-top:var(--wp--preset--spacing--50);padding-right:var(--wp--preset--spacing--40);padding-bottom:var(--wp--preset--spacing--50);padding-left:var(--wp--preset--spacing--40)\">\n<div class=\"wp-block-group alignwide has-global-padding is-layout-constrained wp-container-core-group-is-layout-19e250f3 wp-block-group-is-layout-constrained\">\n<div class=\"wp-block-group alignwide is-vertical is-content-justification-center is-layout-flex wp-container-core-group-is-layout-ce155fab wp-block-group-is-layout-flex\">\n<div class=\"wp-block-group is-vertical is-content-justification-center is-layout-flex wp-container-core-group-is-layout-6329a8f3 wp-block-group-is-layout-flex\">\n<h2 class=\"wp-block-heading has-text-align-center is-style-default\">Est\u00e1 pronto para levar a sua loja online para o n\u00edvel seguinte?<\/h2>\n\n\n\n<p class=\"has-text-align-center\">Diga adeus aos processos manuais, aos ficheiros CSV e XML, aos erros de fixa\u00e7\u00e3o de pre\u00e7os e a tudo o resto que dificulta a vida de um lojista online. Experimente o Vendino gratuitamente.<\/p>\n<\/div>\n\n\n\n<div class=\"wp-block-buttons is-content-justification-center is-layout-flex wp-container-core-buttons-is-layout-b481f376 wp-block-buttons-is-layout-flex\" style=\"margin-top:var(--wp--preset--spacing--10);margin-bottom:var(--wp--preset--spacing--10)\">\n<div class=\"wp-block-button\"><a class=\"wp-block-button__link has-accent-4-background-color has-background has-text-align-center wp-element-button\" href=\"https:\/\/app.vendino.com\/auth\/signup\">Experimente o Vendino gratuitamente<\/a><\/div>\n<\/div>\n\n\n\n<div class=\"wp-block-group is-vertical is-content-justification-center is-layout-flex wp-container-core-group-is-layout-ce155fab wp-block-group-is-layout-flex\">\n<ul class=\"is-style-checkmark-list wp-block-list\">\n<li><em>Inscri\u00e7\u00e3o gratuita - N\u00e3o \u00e9 necess\u00e1rio cart\u00e3o de cr\u00e9dito.<\/em><\/li>\n<\/ul>\n<\/div>\n<\/div>\n<\/div>\n<\/div>","protected":false},"excerpt":{"rendered":"<p>Produktoprettelsegjort\u00a0nemmere. Tilg\u00e5 produkter fra danske og europ\u00e6iske leverand\u00f8rer fra et samlet varekatalog. Aldrig mere CSV, XML &amp; JSON Hvorfor b\u00f8vle med irriterende filer, der ikke vil g\u00f8re det du beder dem om? Lad Vendino klare besv\u00e6ret! Spar tid Brug din tid p\u00e5 det der giver mening for dig og din forretning. Stop med at oprette [&hellip;]<\/p>\n","protected":false},"author":1,"featured_media":0,"parent":0,"menu_order":0,"comment_status":"closed","ping_status":"closed","template":"page-no-title","meta":{"_acf_changed":false,"iawp_total_views":214,"footnotes":""},"class_list":["post-282","page","type-page","status-publish","hentry"],"acf":[],"_links":{"self":[{"href":"https:\/\/vendino.com\/pt\/wp-json\/wp\/v2\/pages\/282","targetHints":{"allow":["GET"]}}],"collection":[{"href":"https:\/\/vendino.com\/pt\/wp-json\/wp\/v2\/pages"}],"about":[{"href":"https:\/\/vendino.com\/pt\/wp-json\/wp\/v2\/types\/page"}],"author":[{"embeddable":true,"href":"https:\/\/vendino.com\/pt\/wp-json\/wp\/v2\/users\/1"}],"replies":[{"embeddable":true,"href":"https:\/\/vendino.com\/pt\/wp-json\/wp\/v2\/comments?post=282"}],"version-history":[{"count":0,"href":"https:\/\/vendino.com\/pt\/wp-json\/wp\/v2\/pages\/282\/revisions"}],"wp:attachment":[{"href":"https:\/\/vendino.com\/pt\/wp-json\/wp\/v2\/media?parent=282"}],"curies":[{"name":"wp","href":"https:\/\/api.w.org\/{rel}","templated":true}]}}