{"id":3,"date":"2023-11-25T16:43:06","date_gmt":"2023-11-25T16:43:06","guid":{"rendered":"https:\/\/vendino.com\/?page_id=3"},"modified":"2023-12-14T15:17:27","modified_gmt":"2023-12-14T14:17:27","slug":"politica-de-privacidade","status":"publish","type":"page","link":"https:\/\/vendino.com\/pt\/politica-de-privacidade\/","title":{"rendered":"Pol\u00edtica de privacidade"},"content":{"rendered":"<p>Nesta p\u00e1gina, pode ler a forma como a Vendino (\"n\u00f3s\") utiliza as informa\u00e7\u00f5es que o utilizador fornece\/deixa para tr\u00e1s quando utiliza a plataforma e os servi\u00e7os relacionados.<\/p>\n\n\n\n<h2 class=\"wp-block-heading\" id=\"1-indsamling-af-personlige-oplysninger\">1. recolha de informa\u00e7\u00f5es pessoais<\/h2>\n\n\n\n<p>De acordo com a legisla\u00e7\u00e3o aplic\u00e1vel, inform\u00e1-lo-emos sempre antes de recolhermos dados pessoais sobre si.<\/p>\n\n\n\n<h2 class=\"wp-block-heading\" id=\"2-hvilke-personlige-oplysninger-indsamler-vi\">2. Que informa\u00e7\u00f5es pessoais recolhemos?<\/h2>\n\n\n\n<p>Recolhemos os seus dados pessoais gerais, tais como nome, e-mail e endere\u00e7o. Al\u00e9m disso, recolhemos dados para compilar estat\u00edsticas e an\u00e1lises que nos ajudam a melhorar os nossos produtos e servi\u00e7os - tenha em aten\u00e7\u00e3o que estes dados s\u00e3o gerais\/superficiais. Por exemplo, incluem o seu comportamento (ou seja, em que p\u00e1ginas clica) e n\u00e3o s\u00e3o utilizados para identificar os visitantes dos nossos s\u00edtios.<\/p>\n\n\n\n<h2 class=\"wp-block-heading\" id=\"3-hvad-bruger-vi-dine-oplysninger-til\">3. Para que \u00e9 que utilizamos as suas informa\u00e7\u00f5es?<\/h2>\n\n\n\n<p>Utilizamos o seu nome, endere\u00e7o e e-mail para gerir a sua conta de utilizador e a sua subscri\u00e7\u00e3o - sujeito ao seu consentimento quando cria a sua subscri\u00e7\u00e3o. Estas informa\u00e7\u00f5es s\u00e3o necess\u00e1rias para comunicarmos com o utilizador sobre os seus produtos\/servi\u00e7os. O seu endere\u00e7o IP \u00e9 utilizado apenas como medida para identificar intrus\u00f5es n\u00e3o autorizadas por terceiros.<\/p>\n\n\n\n<h2 class=\"wp-block-heading\" id=\"4-deling-af-dine-oplysninger\">4. Partilhar as suas informa\u00e7\u00f5es<\/h2>\n\n\n\n<p>N\u00e3o partilhamos as suas informa\u00e7\u00f5es com terceiros, a menos que tenha dado o seu consentimento para tal. Nunca venderemos as suas informa\u00e7\u00f5es a terceiros!<\/p>\n\n\n\n<h2 class=\"wp-block-heading\" id=\"5-sikkerhed\">5. Seguran\u00e7a e prote\u00e7\u00e3o<\/h2>\n\n\n\n<p>A nossa plataforma \u00e9 desenvolvida de acordo com princ\u00edpios de seguran\u00e7a elevados e esfor\u00e7amo-nos sempre por proteger a qualidade e a integridade da plataforma. Em caso de viola\u00e7\u00e3o da seguran\u00e7a que resulte na fuga dos seus dados, somos obrigados a inform\u00e1-lo no prazo de 72 horas.<\/p>\n\n\n\n<h2 class=\"wp-block-heading\" id=\"6-lagring-af-data\">6. Armazenamento de dados<\/h2>\n\n\n\n<p>Apenas armazenamos os seus dados durante o tempo necess\u00e1rio para cumprir os objectivos descritos na sec\u00e7\u00e3o 3. Se desejar que os seus dados pessoais sejam eliminados da nossa plataforma, contacte-nos conforme descrito no final desta p\u00e1gina.<\/p>\n\n\n\n<h2 class=\"wp-block-heading\" id=\"7-cookies-og-pixels\">7 Cookies e pix\u00e9is<\/h2>\n\n\n\n<p>Os cookies s\u00e3o pequenos ficheiros de texto que cont\u00eam uma cadeia de caracteres e identificam exclusivamente um utilizador. S\u00e3o enviados de volta para o s\u00edtio Web e\/ou para terceiros. A maioria dos browsers est\u00e1 inicialmente configurada para aceitar cookies, uma vez que tal \u00e9 exigido pela maioria dos s\u00edtios Web para aceder aos mesmos. No entanto, o utilizador pode alterar as defini\u00e7\u00f5es do seu browser para que este possa recusar cookies, bloquear cookies de terceiros ou especificar quando um cookie \u00e9 enviado.<\/p>\n\n\n\n<p>Os pix\u00e9is de rastreio s\u00e3o scripts que s\u00e3o executados quando um utilizador acede a um s\u00edtio Web ou abre uma mensagem de correio eletr\u00f3nico. O pixel em si n\u00e3o \u00e9 vis\u00edvel e s\u00f3 pode ser visto no HTML do s\u00edtio Web ou da mensagem de correio eletr\u00f3nico. O script faz com que um cookie de terceiros seja descarregado para o seu computador ou reconhece que a mensagem de correio eletr\u00f3nico foi aberta.<\/p>\n\n\n\n<h3 class=\"wp-block-heading\" id=\"71-google-cookies-og--teknologier\">7.1 Cookies e tecnologias da Google<\/h3>\n\n\n\n<p><strong>Google Analytics:<\/strong>&nbsp;Este cookie permite-nos ver informa\u00e7\u00f5es sobre as actividades dos utilizadores no s\u00edtio Web, incluindo - mas n\u00e3o se limitando a - visualiza\u00e7\u00f5es de p\u00e1ginas, origem e tempo passado num s\u00edtio Web. As informa\u00e7\u00f5es s\u00e3o an\u00f3nimas e apresentadas sob a forma de n\u00fameros, o que significa que n\u00e3o podem ser associadas a indiv\u00edduos. Isto ajuda a proteger a privacidade do utilizador. Ao utilizar o Google Analytics, podemos ver qual o conte\u00fado mais popular nos nossos s\u00edtios e esfor\u00e7amo-nos por lhe trazer mais daquilo que gosta de ler e ver.<\/p>\n\n\n\n<p><strong>Remarketing do Google Analytics<\/strong>O Google coloca cookies no seu computador, o que significa que quando sai do nosso website, o Google pode mostrar-lhe an\u00fancios sobre a Vendino que lhe possam interessar com base no seu comportamento anterior no nosso website. Esta informa\u00e7\u00e3o n\u00e3o \u00e9 pessoalmente identific\u00e1vel.<\/p>\n\n\n\n<p><strong>Google AdWords:<\/strong>&nbsp;Ao utilizar o Google Adwords, podemos ver quais as p\u00e1ginas que foram \u00fateis para levar a envios atrav\u00e9s do nosso formul\u00e1rio de contacto. Isto permite-nos fazer uma melhor utiliza\u00e7\u00e3o do nosso or\u00e7amento. Esta informa\u00e7\u00e3o n\u00e3o \u00e9 pessoalmente identific\u00e1vel.<\/p>\n\n\n\n<p><strong>Remarketing do Google Adwords:<\/strong>&nbsp;Coloca cookies no seu computador, o que significa que quando sai do nosso website, o Google pode mostrar-lhe an\u00fancios sobre a Vendino que possam ser do seu interesse, com base no seu comportamento anterior no nosso website. Esta informa\u00e7\u00e3o n\u00e3o \u00e9 pessoalmente identific\u00e1vel.<\/p>\n\n\n\n<p>Pode impedir que as informa\u00e7\u00f5es geradas pelo cookie do Google sobre a sua utiliza\u00e7\u00e3o dos nossos sites sejam recolhidas e processadas pelo Google no futuro, descarregando e instalando o Google Analytics Opt-out Browser Add-on para o seu navegador atual. Esta extens\u00e3o est\u00e1 dispon\u00edvel em&nbsp;<a href=\"https:\/\/tools.google.com\/dlpage\/gaoptout\" target=\"_blank\" rel=\"noopener\">https:\/\/tools.google.com\/dlpage\/gaoptout<\/a>.<\/p>\n\n\n\n<h3 class=\"wp-block-heading\" id=\"72-facebook-cookies\">7.2 Cookies do Facebook<\/h3>\n\n\n\n<p>Remarketing do Facebook: O pixel de rastreio do Facebook coloca cookies no seu computador que informam o Facebook de que consultou o website. Assumimos ent\u00e3o que o utilizador tem interesse no Vendino e no conte\u00fado deste site. Quando o utilizador visitar o Facebook, ser\u00e1 exposto a informa\u00e7\u00f5es ou an\u00fancios com conte\u00fado semelhante. Utilize as suas defini\u00e7\u00f5es de privacidade no Facebook se pretender limitar a exposi\u00e7\u00e3o a este tipo de marketing.<\/p>\n\n\n\n<h3 class=\"wp-block-heading\" id=\"73-linkedin\">7.3 LinkedIn<\/h3>\n\n\n\n<p>Em liga\u00e7\u00e3o com o marketing no LinkedIn, utilizamos o pixel de rastreio do LinkedIn. Este pixel coloca cookies no seu computador que informam o LinkedIn que visitou o site. Partimos do princ\u00edpio de que o utilizador demonstrou interesse na Vendino e no conte\u00fado do site. Quando visita o LinkedIn, o utilizador pode, portanto, ser exposto a informa\u00e7\u00f5es e\/ou an\u00fancios com conte\u00fado semelhante. Utilize as suas defini\u00e7\u00f5es de privacidade no LinkedIn se pretender limitar a sua exposi\u00e7\u00e3o a marketing desta natureza.<\/p>\n\n\n\n<h4 class=\"wp-block-heading\" id=\"henvendelser\">Informa\u00e7\u00f5es<\/h4>\n\n\n\n<p>Se tiver alguma d\u00favida sobre a pol\u00edtica acima referida ou pretender exercer os seus direitos ao abrigo do RGPD, todas as perguntas devem ser dirigidas a:<\/p>\n\n\n\n<p>Correio eletr\u00f3nico:\u00a0<a href=\"mailto:hello@vendino.com\">hello@vendino.com<\/a><\/p>\n\n\n\n<p>Respondemos a todos os pedidos de informa\u00e7\u00e3o sobre a pol\u00edtica de privacidade com a maior brevidade poss\u00edvel e garantimos que dentro do prazo de 30 dias estabelecido pelo RGPD. Fornecemos sempre os dados num formato leg\u00edvel por m\u00e1quina.<\/p>","protected":false},"excerpt":{"rendered":"<p>P\u00e5 denne side, kan du l\u00e6se hvordan Vendino (\u201cvi\u201d) anvender de oplysninger, som du afgiver\/efterlader dig, n\u00e5r du benytter platformen samt tilh\u00f8rende tjenester. 1. Indsamling af personlige oplysninger I henhold til den g\u00e6ldende lovgivning, vil vi altid oplyse dig forud for indsamling af personlige oplysninger om dig. 2. Hvilke personlige oplysninger indsamler vi? Vi indsamler [&hellip;]<\/p>\n","protected":false},"author":1,"featured_media":0,"parent":0,"menu_order":0,"comment_status":"closed","ping_status":"closed","template":"","meta":{"_acf_changed":false,"iawp_total_views":173,"footnotes":""},"class_list":["post-3","page","type-page","status-publish","hentry"],"acf":[],"_links":{"self":[{"href":"https:\/\/vendino.com\/pt\/wp-json\/wp\/v2\/pages\/3","targetHints":{"allow":["GET"]}}],"collection":[{"href":"https:\/\/vendino.com\/pt\/wp-json\/wp\/v2\/pages"}],"about":[{"href":"https:\/\/vendino.com\/pt\/wp-json\/wp\/v2\/types\/page"}],"author":[{"embeddable":true,"href":"https:\/\/vendino.com\/pt\/wp-json\/wp\/v2\/users\/1"}],"replies":[{"embeddable":true,"href":"https:\/\/vendino.com\/pt\/wp-json\/wp\/v2\/comments?post=3"}],"version-history":[{"count":0,"href":"https:\/\/vendino.com\/pt\/wp-json\/wp\/v2\/pages\/3\/revisions"}],"wp:attachment":[{"href":"https:\/\/vendino.com\/pt\/wp-json\/wp\/v2\/media?parent=3"}],"curies":[{"name":"wp","href":"https:\/\/api.w.org\/{rel}","templated":true}]}}