{"id":44,"date":"2023-12-12T17:00:08","date_gmt":"2023-12-12T16:00:08","guid":{"rendered":"https:\/\/vendino.com\/?page_id=44"},"modified":"2024-03-21T14:20:53","modified_gmt":"2024-03-21T13:20:53","slug":"precos","status":"publish","type":"page","link":"https:\/\/vendino.com\/pt\/precos\/","title":{"rendered":"Pre\u00e7os"},"content":{"rendered":"<div class=\"wp-block-group alignfull has-base-2-background-color has-background has-global-padding is-layout-constrained wp-container-core-group-is-layout-55f0df76 wp-block-group-is-layout-constrained\" style=\"margin-top:0;margin-bottom:0;padding-top:var(--wp--preset--spacing--50);padding-right:var(--wp--preset--spacing--40);padding-bottom:var(--wp--preset--spacing--50);padding-left:var(--wp--preset--spacing--40)\">\n<div class=\"wp-block-group alignwide has-global-padding is-layout-constrained wp-container-core-group-is-layout-4c9bdec8 wp-block-group-is-layout-constrained\" style=\"border-radius:16px;padding-top:0;padding-right:0;padding-bottom:0;padding-left:0\">\n<div class=\"wp-block-group alignwide is-vertical is-content-justification-stretch is-layout-flex wp-container-core-group-is-layout-d275371d wp-block-group-is-layout-flex\">\n<h1 class=\"wp-block-heading has-text-align-center\">Os nossos pre\u00e7os<\/h1>\n\n\n\n<h3 class=\"wp-block-heading has-text-align-center has-medium-font-size\">Oferecemos op\u00e7\u00f5es flex\u00edveis que podem ser personalizadas de acordo com as diferentes necessidades de cada projeto.<\/h3>\n\n\n\n<div class=\"wp-block-columns alignwide is-layout-flex wp-container-core-columns-is-layout-0a6c7c78 wp-block-columns-is-layout-flex\" style=\"margin-top:0;margin-bottom:0;padding-top:0;padding-right:0;padding-bottom:0;padding-left:0\">\n<div class=\"wp-block-column is-vertically-aligned-stretch has-base-background-color has-background has-global-padding is-layout-constrained wp-container-core-column-is-layout-570efc33 wp-block-column-is-layout-constrained\" style=\"border-style:none;border-width:0px;padding-top:var(--wp--preset--spacing--30);padding-right:var(--wp--preset--spacing--30);padding-bottom:var(--wp--preset--spacing--30);padding-left:var(--wp--preset--spacing--30)\">\n<div class=\"wp-block-group is-vertical is-content-justification-center is-layout-flex wp-container-core-group-is-layout-691534b7 wp-block-group-is-layout-flex\" style=\"border-style:none;border-width:0px;border-radius:0px;min-height:100%;margin-top:0;margin-bottom:0;padding-top:var(--wp--preset--spacing--30);padding-right:var(--wp--preset--spacing--30);padding-bottom:var(--wp--preset--spacing--30);padding-left:var(--wp--preset--spacing--30)\">\n<div class=\"wp-block-group is-vertical is-content-justification-center is-layout-flex wp-container-core-group-is-layout-25d6347d wp-block-group-is-layout-flex\" style=\"border-top-style:none;border-top-width:0px;border-right-style:none;border-right-width:0px;border-bottom-color:#12121229;border-bottom-style:none;border-bottom-width:0px;border-left-style:none;border-left-width:0px;min-height:126px;margin-top:0;margin-bottom:0;padding-top:0;padding-right:0;padding-bottom:0;padding-left:0\">\n<div class=\"wp-block-group has-global-padding is-layout-constrained wp-container-core-group-is-layout-5c53b157 wp-block-group-is-layout-constrained\" style=\"margin-top:0;margin-bottom:0;padding-top:0;padding-right:0;padding-bottom:0;padding-left:0\">\n<p class=\"has-text-align-center has-large-font-size\"><strong>Gratuito<\/strong><\/p>\n\n\n\n<p class=\"has-text-align-center\">0kr.\/md<\/p>\n<\/div>\n\n\n\n<div class=\"wp-block-group is-vertical is-layout-flex wp-container-core-group-is-layout-515b0fb2 wp-block-group-is-layout-flex\" style=\"margin-top:0;margin-bottom:0\">\n<ul style=\"margin-bottom:0;line-height:1.5\" class=\"is-style-checkmark-list wp-block-list\">\n<li>25 produtos<\/li>\n\n\n\n<li>Fornecedores padr\u00e3o<\/li>\n\n\n\n<li>1 fornecedor pr\u00f3prio<\/li>\n\n\n\n<li>Atualiza\u00e7\u00e3o das ac\u00e7\u00f5es da Autimatic<\/li>\n<\/ul>\n<\/div>\n<\/div>\n\n\n\n<div class=\"wp-block-group is-vertical is-content-justification-center is-layout-flex wp-container-core-group-is-layout-9078a248 wp-block-group-is-layout-flex\" style=\"border-top-style:none;border-top-width:0px;border-right-style:none;border-right-width:0px;border-bottom-color:#12121273;border-bottom-style:none;border-bottom-width:0px;border-left-style:none;border-left-width:0px;min-height:0%;margin-top:0;margin-bottom:0;padding-top:0;padding-right:0;padding-bottom:0;padding-left:0\">\n<div class=\"wp-block-buttons is-vertical is-content-justification-center is-layout-flex wp-container-core-buttons-is-layout-d3679266 wp-block-buttons-is-layout-flex\" style=\"margin-top:0;margin-bottom:0\">\n<div class=\"wp-block-button has-custom-width wp-block-button__width-100\"><a class=\"wp-block-button__link wp-element-button\" href=\"https:\/\/app.vendino.com\/auth\/signup\">Come\u00e7ar a trabalhar<\/a><\/div>\n<\/div>\n<\/div>\n<\/div>\n<\/div>\n\n\n\n<div class=\"wp-block-column is-vertically-aligned-stretch has-base-background-color has-background has-global-padding is-layout-constrained wp-container-core-column-is-layout-570efc33 wp-block-column-is-layout-constrained\" style=\"border-style:none;border-width:0px;padding-top:var(--wp--preset--spacing--30);padding-right:var(--wp--preset--spacing--30);padding-bottom:var(--wp--preset--spacing--30);padding-left:var(--wp--preset--spacing--30)\">\n<div class=\"wp-block-group is-vertical is-content-justification-center is-layout-flex wp-container-core-group-is-layout-51a1ba34 wp-block-group-is-layout-flex\" style=\"border-style:none;border-width:0px;border-radius:0px;min-height:100%;margin-top:0;margin-bottom:0;padding-top:var(--wp--preset--spacing--30);padding-right:var(--wp--preset--spacing--30);padding-bottom:var(--wp--preset--spacing--30);padding-left:var(--wp--preset--spacing--30)\">\n<div class=\"wp-block-group is-vertical is-content-justification-center is-layout-flex wp-container-core-group-is-layout-25d6347d wp-block-group-is-layout-flex\" style=\"border-top-style:none;border-top-width:0px;border-right-style:none;border-right-width:0px;border-bottom-color:#12121229;border-bottom-style:none;border-bottom-width:0px;border-left-style:none;border-left-width:0px;min-height:126px;margin-top:0;margin-bottom:0;padding-top:0;padding-right:0;padding-bottom:0;padding-left:0\">\n<div class=\"wp-block-group has-global-padding is-layout-constrained wp-container-core-group-is-layout-5c53b157 wp-block-group-is-layout-constrained\" style=\"margin-top:0;margin-bottom:0;padding-top:0;padding-right:0;padding-bottom:0;padding-left:0\">\n<p class=\"has-text-align-center has-large-font-size\"><strong>Arranque<\/strong><\/p>\n\n\n\n<p class=\"has-text-align-center\">199 kr.\/md<\/p>\n<\/div>\n\n\n\n<div class=\"wp-block-group is-vertical is-layout-flex wp-container-core-group-is-layout-515b0fb2 wp-block-group-is-layout-flex\" style=\"margin-top:0;margin-bottom:0\">\n<ul style=\"margin-bottom:0;line-height:1.5\" class=\"is-style-checkmark-list wp-block-list\">\n<li>100 produtos<\/li>\n\n\n\n<li>Fornecedores padr\u00e3o<\/li>\n\n\n\n<li>1 fornecedor pr\u00f3prio<\/li>\n\n\n\n<li>Atualiza\u00e7\u00e3o das ac\u00e7\u00f5es da Autimatic<\/li>\n\n\n\n<li>Atualiza\u00e7\u00e3o autom\u00e1tica de pre\u00e7os<\/li>\n\n\n\n<li>Transfer\u00eancia de conta<\/li>\n<\/ul>\n<\/div>\n<\/div>\n\n\n\n<div class=\"wp-block-group is-vertical is-content-justification-center is-layout-flex wp-container-core-group-is-layout-9078a248 wp-block-group-is-layout-flex\" style=\"border-top-style:none;border-top-width:0px;border-right-style:none;border-right-width:0px;border-bottom-color:#12121273;border-bottom-style:none;border-bottom-width:0px;border-left-style:none;border-left-width:0px;min-height:0%;margin-top:0;margin-bottom:0;padding-top:0;padding-right:0;padding-bottom:0;padding-left:0\">\n<div class=\"wp-block-buttons is-vertical is-content-justification-center is-layout-flex wp-container-core-buttons-is-layout-d3679266 wp-block-buttons-is-layout-flex\" style=\"margin-top:0;margin-bottom:0\">\n<div class=\"wp-block-button has-custom-width wp-block-button__width-100\"><a class=\"wp-block-button__link wp-element-button\" href=\"https:\/\/app.vendino.com\/auth\/signup\">Come\u00e7ar a trabalhar<\/a><\/div>\n<\/div>\n<\/div>\n<\/div>\n<\/div>\n\n\n\n<div class=\"wp-block-column is-vertically-aligned-stretch has-base-background-color has-background has-global-padding is-layout-constrained wp-container-core-column-is-layout-570efc33 wp-block-column-is-layout-constrained\" style=\"border-style:none;border-width:0px;padding-top:var(--wp--preset--spacing--30);padding-right:var(--wp--preset--spacing--30);padding-bottom:var(--wp--preset--spacing--30);padding-left:var(--wp--preset--spacing--30)\">\n<div class=\"wp-block-group is-vertical is-content-justification-center is-layout-flex wp-container-core-group-is-layout-51a1ba34 wp-block-group-is-layout-flex\" style=\"border-style:none;border-width:0px;border-radius:0px;min-height:100%;margin-top:0;margin-bottom:0;padding-top:var(--wp--preset--spacing--30);padding-right:var(--wp--preset--spacing--30);padding-bottom:var(--wp--preset--spacing--30);padding-left:var(--wp--preset--spacing--30)\">\n<div class=\"wp-block-group is-vertical is-content-justification-center is-layout-flex wp-container-core-group-is-layout-25d6347d wp-block-group-is-layout-flex\" style=\"border-top-style:none;border-top-width:0px;border-right-style:none;border-right-width:0px;border-bottom-color:#12121229;border-bottom-style:none;border-bottom-width:0px;border-left-style:none;border-left-width:0px;min-height:126px;margin-top:0;margin-bottom:0;padding-top:0;padding-right:0;padding-bottom:0;padding-left:0\">\n<div class=\"wp-block-group has-global-padding is-layout-constrained wp-container-core-group-is-layout-5c53b157 wp-block-group-is-layout-constrained\" style=\"margin-top:0;margin-bottom:0;padding-top:0;padding-right:0;padding-bottom:0;padding-left:0\">\n<p class=\"has-text-align-center has-large-font-size\"><strong>Profissional<\/strong><\/p>\n\n\n\n<p class=\"has-text-align-center\">359 kr.\/md<\/p>\n<\/div>\n\n\n\n<div class=\"wp-block-group is-vertical is-layout-flex wp-container-core-group-is-layout-515b0fb2 wp-block-group-is-layout-flex\" style=\"margin-top:0;margin-bottom:0\">\n<ul style=\"margin-bottom:0;line-height:1.5\" class=\"is-style-checkmark-list wp-block-list\">\n<li>500 produtos<\/li>\n\n\n\n<li>Fornecedores padr\u00e3o<\/li>\n\n\n\n<li>3 fornecedor pr\u00f3prio<\/li>\n\n\n\n<li>Atualiza\u00e7\u00e3o das ac\u00e7\u00f5es da Autimatic<\/li>\n\n\n\n<li>Atualiza\u00e7\u00e3o autom\u00e1tica de pre\u00e7os<\/li>\n\n\n\n<li>Transfer\u00eancia de conta<\/li>\n<\/ul>\n<\/div>\n<\/div>\n\n\n\n<div class=\"wp-block-group is-vertical is-content-justification-center is-layout-flex wp-container-core-group-is-layout-9078a248 wp-block-group-is-layout-flex\" style=\"border-top-style:none;border-top-width:0px;border-right-style:none;border-right-width:0px;border-bottom-color:#12121273;border-bottom-style:none;border-bottom-width:0px;border-left-style:none;border-left-width:0px;min-height:0%;margin-top:0;margin-bottom:0;padding-top:0;padding-right:0;padding-bottom:0;padding-left:0\">\n<div class=\"wp-block-buttons is-vertical is-content-justification-center is-layout-flex wp-container-core-buttons-is-layout-d3679266 wp-block-buttons-is-layout-flex\" style=\"margin-top:0;margin-bottom:0\">\n<div class=\"wp-block-button has-custom-width wp-block-button__width-100\"><a class=\"wp-block-button__link wp-element-button\" href=\"https:\/\/app.vendino.com\/auth\/signup\">Come\u00e7ar a trabalhar<\/a><\/div>\n<\/div>\n<\/div>\n<\/div>\n<\/div>\n<\/div>\n\n\n\n<div class=\"wp-block-group has-base-background-color has-background is-vertical is-content-justification-left is-layout-flex wp-container-core-group-is-layout-fad980eb wp-block-group-is-layout-flex\" style=\"margin-top:0;margin-bottom:0;padding-top:var(--wp--preset--spacing--30);padding-right:var(--wp--preset--spacing--30);padding-bottom:var(--wp--preset--spacing--30);padding-left:var(--wp--preset--spacing--30)\">\n<div class=\"wp-block-group is-vertical is-content-justification-left is-layout-flex wp-container-core-group-is-layout-0c84590b wp-block-group-is-layout-flex\">\n<p class=\"has-large-font-size\"><strong>Escala<\/strong><\/p>\n\n\n\n<p>Tem mais de 500 produtos ou necessidades que ultrapassam os nossos pacotes?<br>Por isso, n\u00e3o hesite em contactar-nos.<\/p>\n<\/div>\n\n\n\n<div class=\"wp-block-buttons is-layout-flex wp-block-buttons-is-layout-flex\" style=\"margin-top:0;margin-bottom:0\">\n<div class=\"wp-block-button has-custom-width wp-block-button__width-100\"><a class=\"wp-block-button__link wp-element-button\" href=\"https:\/\/vendino.com\/pt\/contacto\/\">Contactar-nos<\/a><\/div>\n<\/div>\n<\/div>\n<\/div>\n<\/div>\n<\/div>\n\n\n\n<div class=\"wp-block-group alignfull has-base-2-background-color has-background has-global-padding is-layout-constrained wp-container-core-group-is-layout-75012026 wp-block-group-is-layout-constrained\" style=\"margin-top:0;margin-bottom:0;padding-top:var(--wp--preset--spacing--40);padding-right:var(--wp--preset--spacing--60);padding-bottom:var(--wp--preset--spacing--40);padding-left:var(--wp--preset--spacing--60)\">\n<div class=\"wp-block-group alignwide is-vertical is-content-justification-center is-layout-flex wp-container-core-group-is-layout-ce155fab wp-block-group-is-layout-flex\">\n<p class=\"has-text-align-center has-heading-font-family has-large-font-size\" style=\"font-style:normal;font-weight:400;line-height:1.2\">Ao utilizar o Vendino, poup\u00e1mos toneladas de horas na cria\u00e7\u00e3o de produtos.<\/p>\n\n\n\n<p class=\"has-text-align-center\"><strong>Filip Hansen<\/strong><br>Propriet\u00e1rio de loja virtual<\/p>\n<\/div>\n<\/div>\n\n\n\n<div class=\"wp-block-group alignfull has-global-padding is-content-justification-center is-layout-constrained wp-container-core-group-is-layout-80d19271 wp-block-group-is-layout-constrained\" style=\"margin-top:0;margin-bottom:0;padding-top:var(--wp--preset--spacing--50);padding-right:var(--wp--preset--spacing--40);padding-bottom:var(--wp--preset--spacing--50);padding-left:var(--wp--preset--spacing--40)\">\n<div class=\"wp-block-group has-global-padding is-layout-constrained wp-container-core-group-is-layout-7851ff72 wp-block-group-is-layout-constrained\" style=\"padding-top:var(--wp--preset--spacing--20);padding-right:var(--wp--preset--spacing--20);padding-bottom:var(--wp--preset--spacing--20);padding-left:var(--wp--preset--spacing--20)\">\n<h2 class=\"wp-block-heading alignwide has-text-align-center has-contrast-color has-text-color has-link-color wp-elements-f9ccf66b6e5c281f908877676e1521a0\" style=\"margin-top:0;margin-right:0;margin-bottom:0;margin-left:0;padding-top:0;padding-right:0;padding-bottom:0;padding-left:0\">Perguntas mais frequentes<\/h2>\n<\/div>\n\n\n\n<div class=\"wp-block-group has-base-2-background-color has-background has-global-padding is-layout-constrained wp-container-core-group-is-layout-287b1780 wp-block-group-is-layout-constrained\" style=\"margin-top:0;padding-top:0;padding-right:var(--wp--preset--spacing--20);padding-bottom:0;padding-left:var(--wp--preset--spacing--20)\">\n<details class=\"wp-block-details is-style-arrow-icon-details has-medium-font-size is-layout-flow wp-block-details-is-layout-flow\" style=\"border-top-style:none;border-top-width:0px;border-right-style:none;border-right-width:0px;border-bottom-color:var(--wp--preset--color--base);border-bottom-style:solid;border-bottom-width:1px;border-left-style:none;border-left-width:0px;margin-top:0\"><summary>O que \u00e9 necess\u00e1rio para come\u00e7ar?<\/summary>\n<p>Para come\u00e7ar a utilizar o Vendino, a sua loja online deve basear-se num dos seguintes sistemas de loja virtual:<\/p>\n\n\n\n<ul class=\"wp-block-list\">\n<li>Shopify<\/li>\n\n\n\n<li>DanDom\u00ednio<\/li>\n\n\n\n<li>WooCommerce<\/li>\n<\/ul>\n\n\n\n<p>Em seguida, instale a nossa aplica\u00e7\u00e3o\/plugin na sua loja online, ap\u00f3s o que a sua loja online ser\u00e1 ligada ao Vendino e poder\u00e1 come\u00e7ar a utilizar o Vendino!<\/p>\n<\/details>\n\n\n\n<details class=\"wp-block-details is-style-arrow-icon-details has-medium-font-size is-layout-flow wp-block-details-is-layout-flow\" style=\"border-top-style:none;border-top-width:0px;border-right-style:none;border-right-width:0px;border-bottom-color:var(--wp--preset--color--base);border-bottom-style:solid;border-bottom-width:1px;border-left-style:none;border-left-width:0px;margin-top:0\"><summary>Tenho um acordo de dropshipping com o meu fornecedor. Posso utilizar o Vendino para este efeito?<\/summary>\n<p class=\"has-contrast-1-color has-text-color has-link-color wp-elements-f1585fa0a2d260d8b089f4030119b8b0\">Sem d\u00favida. Com o Vendino, os seus produtos ser\u00e3o sincronizados com o feed de produtos do fornecedor e, por conseguinte, tamb\u00e9m reflectir\u00e3o quaisquer altera\u00e7\u00f5es no estado do stock, etc., na sua loja online.<\/p>\n<\/details>\n\n\n\n<details class=\"wp-block-details is-style-arrow-icon-details has-medium-font-size is-layout-flow wp-block-details-is-layout-flow\" style=\"border-top-style:none;border-top-width:0px;border-right-style:none;border-right-width:0px;border-bottom-color:var(--wp--preset--color--base);border-bottom-style:solid;border-bottom-width:1px;border-left-style:none;border-left-width:0px;margin-top:0\"><summary>O Vendino oferece ajuda para come\u00e7ar?<\/summary>\n<p class=\"has-contrast-1-color has-text-color has-link-color wp-elements-5efaa95650a40218673c1c5724bf0b21\">Com certeza que sim! Contacte-nos para marcar uma reuni\u00e3o com um consultor de confian\u00e7a que o guiar\u00e1 pelas nossas caracter\u00edsticas sem qualquer compromisso.<\/p>\n<\/details>\n\n\n\n<details class=\"wp-block-details is-style-arrow-icon-details has-medium-font-size is-layout-flow wp-block-details-is-layout-flow\" style=\"border-top-style:none;border-top-width:0px;border-right-style:none;border-right-width:0px;border-bottom-color:var(--wp--preset--color--base);border-bottom-style:solid;border-bottom-width:1px;border-left-style:none;border-left-width:0px;margin-top:0\"><summary>Que solu\u00e7\u00e3o devo escolher?<\/summary>\n<p class=\"has-contrast-1-color has-text-color has-link-color wp-elements-5436dc0a969ef90e11641819da7fef46\">Oferecemos tr\u00eas solu\u00e7\u00f5es diferentes&nbsp;<a href=\"https:\/\/vendino.com\/pt\/precos\/\">Arrancador Vendino<\/a>,&nbsp;<a href=\"https:\/\/vendino.com\/pt\/precos\/\">Vendino Pro<\/a>&nbsp;e&nbsp;<a href=\"https:\/\/vendino.com\/pt\/precos\/\">Balan\u00e7a Vendino<\/a>. Tem sempre a possibilidade de atualizar ou reduzir a sua solu\u00e7\u00e3o de acordo com as suas necessidades.<\/p>\n<\/details>\n<\/div>\n\n\n\n<div class=\"wp-block-group has-accent-background-color has-background has-global-padding is-layout-constrained wp-container-core-group-is-layout-7851ff72 wp-block-group-is-layout-constrained\" style=\"padding-top:var(--wp--preset--spacing--20);padding-right:var(--wp--preset--spacing--20);padding-bottom:var(--wp--preset--spacing--20);padding-left:var(--wp--preset--spacing--20)\">\n<p class=\"has-text-align-center\"><a href=\"https:\/\/vendino.com\/pt\/contacto\/\" data-type=\"page\" data-id=\"268\">Ainda tem d\u00favidas?<br>Contactar a nossa equipa de apoio<\/a><\/p>\n<\/div>\n<\/div>","protected":false},"excerpt":{"rendered":"<p>Ao utilizar o Vendino, poup\u00e1mos muitas horas na cria\u00e7\u00e3o de produtos. Filip HansenPropriet\u00e1rio da loja<\/p>","protected":false},"author":1,"featured_media":0,"parent":0,"menu_order":0,"comment_status":"closed","ping_status":"closed","template":"page-no-title","meta":{"_acf_changed":false,"iawp_total_views":542,"footnotes":""},"class_list":["post-44","page","type-page","status-publish","hentry"],"acf":[],"_links":{"self":[{"href":"https:\/\/vendino.com\/pt\/wp-json\/wp\/v2\/pages\/44","targetHints":{"allow":["GET"]}}],"collection":[{"href":"https:\/\/vendino.com\/pt\/wp-json\/wp\/v2\/pages"}],"about":[{"href":"https:\/\/vendino.com\/pt\/wp-json\/wp\/v2\/types\/page"}],"author":[{"embeddable":true,"href":"https:\/\/vendino.com\/pt\/wp-json\/wp\/v2\/users\/1"}],"replies":[{"embeddable":true,"href":"https:\/\/vendino.com\/pt\/wp-json\/wp\/v2\/comments?post=44"}],"version-history":[{"count":0,"href":"https:\/\/vendino.com\/pt\/wp-json\/wp\/v2\/pages\/44\/revisions"}],"wp:attachment":[{"href":"https:\/\/vendino.com\/pt\/wp-json\/wp\/v2\/media?parent=44"}],"curies":[{"name":"wp","href":"https:\/\/api.w.org\/{rel}","templated":true}]}}