{"id":130,"date":"2023-12-14T12:52:22","date_gmt":"2023-12-14T11:52:22","guid":{"rendered":"https:\/\/vendino.com\/?page_id=130"},"modified":"2023-12-14T12:52:23","modified_gmt":"2023-12-14T11:52:23","slug":"termeni-de-utilizare","status":"publish","type":"page","link":"https:\/\/vendino.com\/ro\/termeni-de-utilizare\/","title":{"rendered":"Termeni de utilizare"},"content":{"rendered":"<p>Ace\u0219ti termeni \u0219i condi\u021bii generale (denumit \u00een continuare \"acordul\") se aplic\u0103 \u00eentre Vendino ApS \u0219i societatea (denumit\u0103 \u00een continuare \"utilizatorul\") care are dreptul de a utiliza \u0219i utilizeaz\u0103&nbsp;<a href=\"https:\/\/vendino.com\/ro\/\">vendino.com<\/a>.<\/p>\n\n\n\n<p>\u00cen acord, \"Vendino\" se refer\u0103 la societate (Vendino ApS). Platforma \u0219i toate subdomeniile asociate domeniului \"vendino.com\" sunt denumite simplu \"<a href=\"https:\/\/vendino.com&quot;\/\">www.vendino.com<\/a>\".<\/p>\n\n\n\n<h4 class=\"wp-block-heading\" id=\"1-betingelser\">1. condi\u021bii<\/h4>\n\n\n\n<ul class=\"wp-block-list\">\n<li>1.1 Ace\u0219ti termeni \u0219i condi\u021bii generale se aplic\u0103 tuturor contractelor \u00eencheiate pe&nbsp;<a href=\"https:\/\/vendino.com\/ro\/\">www.vendino.com<\/a>&nbsp;cu compania Vendino ApS \u00een spate.<\/li>\n<\/ul>\n\n\n\n<h4 class=\"wp-block-heading\" id=\"2--rettigheder\">2. Drepturi \u0219i \u00eendrept\u0103\u021biri<\/h4>\n\n\n\n<ul class=\"wp-block-list\">\n<li>2.1 Toate drepturile asupra sistemului&nbsp;<a href=\"https:\/\/vendino.com\/ro\/\">www.vendino.com<\/a>&nbsp;apar\u021bine lui Vendino.<\/li>\n\n\n\n<li>2.2 Prin achizi\u021bionarea unui abonament, utilizatorul a ob\u021binut un drept de utilizare a sistemului, pe care Vendino \u00eel poate retrage \u00een orice moment f\u0103r\u0103 notificare prealabil\u0103 (a se vedea sec\u021biunea 8, Abuz).<\/li>\n\n\n\n<li>2.3 Dreptul utilizatorului de a utiliza&nbsp;<a href=\"https:\/\/vendino.com\/ro\/\">www.vendino.com<\/a>&nbsp;este un acord neexclusiv.<\/li>\n<\/ul>\n\n\n\n<h4 class=\"wp-block-heading\" id=\"3--priser\">3. pre\u021buri<\/h4>\n\n\n\n<ul class=\"wp-block-list\">\n<li>3.1 Toate pre\u021burile indicate pe&nbsp;<a href=\"https:\/\/vendino.com\/ro\/\">www.vendino.com<\/a>&nbsp;sunt valabile numai \u00een ziua comenzii \u0219i pot fi modificate de Vendino \u00een orice moment - V\u0103 rug\u0103m s\u0103 re\u021bine\u021bi c\u0103 Vendino va informa utilizatorul cu cel pu\u021bin 30 de zile \u00eenainte ca modific\u0103rile de pre\u021b s\u0103 intre \u00een vigoare.<\/li>\n\n\n\n<li>3.2 Toate pre\u021burile sunt exprimate \u00een coroane daneze (DKK) \u0219i nu includ TVA \u0219i taxe pl\u0103tibile \u00een conformitate cu reglement\u0103rile aplicabile.<\/li>\n<\/ul>\n\n\n\n<h4 class=\"wp-block-heading\" id=\"4--abonnement--betaling\">4. Abonament \u0219i plat\u0103<\/h4>\n\n\n\n<ul class=\"wp-block-list\">\n<li>4.1 Achizi\u021bionarea dreptului de utilizare pentru&nbsp;<a href=\"https:\/\/vendino.com\/ro\/\">www.vendino.com<\/a>&nbsp;este un contract de abonament \u00eencheiat \u00eentre utilizator \u0219i Vendino.<\/li>\n\n\n\n<li>4.2 Abonamentul va fi facturat automat \u00een fiecare lun\u0103 p\u00e2n\u0103 c\u00e2nd utilizatorul \u00eel anuleaz\u0103. Anularea abonamentului se face electronic la adresa&nbsp;<a href=\"https:\/\/vendino.com\/ro\/\">www.vendino.com<\/a>&nbsp;sau prin e-mail la&nbsp;<a href=\"mailto:hello@vendino.com\">hello@vendino.com<\/a>.<\/li>\n\n\n\n<li>4.3 Abonamentele pot fi anulate numai la sf\u00e2r\u0219itul unei perioade \u00een curs.<\/li>\n\n\n\n<li>4.4 \u00cen caz de \u00eent\u00e2rziere a pl\u0103\u021bii, dreptul de a utiliza&nbsp;<a href=\"https:\/\/vendino.com\/ro\/\">www.vendino.com<\/a>&nbsp;se anuleaz\u0103 imediat dac\u0103 nu a fost \u00eencheiat niciun alt acord. Accesul la&nbsp;<a href=\"https:\/\/vendino.com\/ro\/\">www.vendino.com<\/a>&nbsp;poate fi redeschis dup\u0103 ce plata a fost primit\u0103 integral, cu excep\u021bia cazului \u00een care Vendino a anulat abonamentul \u00een prealabil.<\/li>\n\n\n\n<li>4.5 Vendino poate rezilia abonamentul \u00een orice moment dac\u0103 Vendino suspecteaz\u0103 sau detecteaz\u0103 un abuz, inclusiv accesul neautorizat la date de c\u0103tre Utilizator.<\/li>\n\n\n\n<li>4.6 Plata pentru bunurile \u0219i produsele oferite pe Platform\u0103 va fi dedus\u0103 de pe cardul de plat\u0103 \u00eenregistrat la creare (dac\u0103 nu s-a convenit altfel).<\/li>\n<\/ul>\n\n\n\n<h4 class=\"wp-block-heading\" id=\"5--data\">5. Date<\/h4>\n\n\n\n<ul class=\"wp-block-list\">\n<li>5.1 Vendino nu are niciun drept asupra datelor utilizatorului.<\/li>\n\n\n\n<li>5.2 La \u00eencetarea Acordului, Vendino poate \u0219terge datele Utilizatorului \u00een orice moment \u0219i din orice motiv. Vendino trebuie s\u0103 informeze Utilizatorul cu cel pu\u021bin 10 zile \u00eenainte de \u0219tergerea datelor, astfel \u00eenc\u00e2t Utilizatorul s\u0103 \u00ee\u0219i poat\u0103 muta propriile date.<\/li>\n\n\n\n<li>5.3 Vendino nu este responsabil pentru pierderea de date din orice motiv. \u00cen cazul pierderii datelor, Vendino va \u00eencerca s\u0103 restaureze datele folosind copii de rezerv\u0103, dar nu garanteaz\u0103 restaurarea datelor pierdute.<\/li>\n<\/ul>\n\n\n\n<h4 class=\"wp-block-heading\" id=\"6--driftsstabilitet\">6. Stabilitatea opera\u021bional\u0103<\/h4>\n\n\n\n<ul class=\"wp-block-list\">\n<li>6.1 Vendino se str\u0103duie\u0219te s\u0103 asigure cel mai \u00eenalt timp de func\u021bionare posibil al&nbsp;<a href=\"https:\/\/vendino.com\/ro\/\">www.vendino.com<\/a>dar nu este r\u0103spunz\u0103toare pentru \u00eentreruperi sau defec\u021biuni din orice motiv.<\/li>\n\n\n\n<li>6.2 \u00cen cazul unei defec\u021biuni sau \u00eentreruperi, Vendino se va str\u0103dui s\u0103 restabileasc\u0103 opera\u021biunile normale c\u00e2t mai cur\u00e2nd posibil.<\/li>\n<\/ul>\n\n\n\n<h4 class=\"wp-block-heading\" id=\"7--brugerens-ansvar--forpligtelser\">7. Responsabilit\u0103\u021bile \u0219i obliga\u021biile utilizatorului<\/h4>\n\n\n\n<ul class=\"wp-block-list\">\n<li>7.1 Utilizatorul este responsabil \u00een orice moment pentru men\u021binerea accesului s\u0103u la&nbsp;<a href=\"https:\/\/vendino.com.\/\">www.vendino.com.<\/a>&nbsp;Vendino nu este responsabil pentru intruziunea neautorizat\u0103 cauzat\u0103 de ter\u021be p\u0103r\u021bi. \u00cen caz de abuz cauzat de o intruziune neautorizat\u0103, Vendino trebuie s\u0103 fie informat c\u00e2t mai cur\u00e2nd posibil.<\/li>\n\n\n\n<li>7.2 \u00cen caz de abuz cauzat de o ter\u021b\u0103 parte neautorizat\u0103, Vendino poate retrage \u00een orice moment accesul utilizatorului la&nbsp;<a href=\"https:\/\/vendino.com.\/\">www.vendino.com.<\/a>&nbsp;Vendino va restabili accesul utilizatorului dac\u0103 Vendino nu a anulat abonamentul \u00een prealabil.<\/li>\n\n\n\n<li>7.3 Utilizatorul este responsabil \u00een orice moment de asigurarea unei conexiuni la internet \u0219i de men\u021binerea la zi a celor mai recente versiuni ale aplica\u021biilor de navigare ca o condi\u021bie prealabil\u0103 pentru utilizarea dreptului de utilizare&nbsp;<a href=\"https:\/\/vendino.com.\/\">www.vendino.com.<\/a><\/li>\n\n\n\n<li>7.4 Utilizatorul este responsabil \u00een orice moment de respectarea legilor aplicabile.<\/li>\n<\/ul>\n\n\n\n<h4 class=\"wp-block-heading\" id=\"8--misbrug\">8. Abuz<\/h4>\n\n\n\n<ul class=\"wp-block-list\">\n<li>8.1 Vendino poate retrage \u00een orice moment accesul utilizatorului la&nbsp;<a href=\"https:\/\/vendino.com\/ro\/\">www.vendino.com<\/a>&nbsp;\u00een cazul \u00een care Vendino suspecteaz\u0103 sau detecteaz\u0103 un abuz. Vendino va informa utilizatorul c\u00e2t mai cur\u00e2nd posibil \u00een caz de suspiciune de abuz.<\/li>\n\n\n\n<li>8.2 Vendino se str\u0103duie\u0219te s\u0103 previn\u0103 orice utilizare abuziv\u0103 a&nbsp;<a href=\"https:\/\/vendino.com\/ro\/\">www.vendino.com<\/a>dar nu garanteaz\u0103 c\u0103 nu pot ap\u0103rea abuzuri, inclusiv intruziunea \u00een sistemele IT ale Vendino.<\/li>\n<\/ul>\n\n\n\n<h4 class=\"wp-block-heading\" id=\"9--fortrydelsesret\">9. Dreptul de anulare<\/h4>\n\n\n\n<ul class=\"wp-block-list\">\n<li>9.1 Prin achizi\u021bionarea unui abonament, Utilizatorul renun\u021b\u0103 la dreptul s\u0103u de anulare, deoarece abonamentul este pus \u00een func\u021biune imediat. \u00cen caz de anulare, Utilizatorul poate contacta Vendino, iar Vendino poate, la propria sa discre\u021bie, s\u0103 ramburseze achizi\u021bia Utilizatorului.<\/li>\n<\/ul>\n\n\n\n<h4 class=\"wp-block-heading\" id=\"10-ikrafttr\u00e6den--\u00e6ndringer\">10. Intrarea \u00een vigoare \u0219i modific\u0103ri<\/h4>\n\n\n\n<ul class=\"wp-block-list\">\n<li>10.1 Acordul este valabil \u00eencep\u00e2nd cu 23 octombrie 2020.<\/li>\n\n\n\n<li>10.2 Vendino \u00ee\u0219i rezerv\u0103 dreptul de a modifica \u0219i actualiza termenii Acordului f\u0103r\u0103 notificare prealabil\u0103. Vendino se str\u0103duie\u0219te s\u0103 informeze Utilizatorul cu privire la orice modific\u0103ri semnificative, \u00eens\u0103 Utilizatorul este responsabil pentru men\u021binerea la zi a termenilor \u0219i condi\u021biilor actuale.<\/li>\n<\/ul>","protected":false},"excerpt":{"rendered":"<p>Disse generelle vilk\u00e5r (\u201cAftalen\u201d) er g\u00e6ldende mellem Vendino ApS og virksomheden (Brugeren), der har brugsret og anvender&nbsp;vendino.com. I Aftalen refererer \u201cVendino\u201d til virksomheden (Vendino ApS). Platformen samt alle tilh\u00f8rende subdom\u00e6ner til dom\u00e6net \u201cvendino.com\u201d n\u00e6vnes blot som \u201cwww.vendino.com\u201d. 1. Betingelser 2. Rettigheder 3. Priser 4. Abonnement &amp; betaling 5. Data 6. Driftsstabilitet 7. Brugerens ansvar &amp; [&hellip;]<\/p>\n","protected":false},"author":1,"featured_media":0,"parent":0,"menu_order":0,"comment_status":"closed","ping_status":"closed","template":"","meta":{"_acf_changed":false,"iawp_total_views":156,"footnotes":""},"class_list":["post-130","page","type-page","status-publish","hentry"],"acf":[],"_links":{"self":[{"href":"https:\/\/vendino.com\/ro\/wp-json\/wp\/v2\/pages\/130","targetHints":{"allow":["GET"]}}],"collection":[{"href":"https:\/\/vendino.com\/ro\/wp-json\/wp\/v2\/pages"}],"about":[{"href":"https:\/\/vendino.com\/ro\/wp-json\/wp\/v2\/types\/page"}],"author":[{"embeddable":true,"href":"https:\/\/vendino.com\/ro\/wp-json\/wp\/v2\/users\/1"}],"replies":[{"embeddable":true,"href":"https:\/\/vendino.com\/ro\/wp-json\/wp\/v2\/comments?post=130"}],"version-history":[{"count":0,"href":"https:\/\/vendino.com\/ro\/wp-json\/wp\/v2\/pages\/130\/revisions"}],"wp:attachment":[{"href":"https:\/\/vendino.com\/ro\/wp-json\/wp\/v2\/media?parent=130"}],"curies":[{"name":"wp","href":"https:\/\/api.w.org\/{rel}","templated":true}]}}