{"id":133,"date":"2023-12-14T12:54:59","date_gmt":"2023-12-14T11:54:59","guid":{"rendered":"https:\/\/vendino.com\/?page_id=133"},"modified":"2024-05-14T11:39:55","modified_gmt":"2024-05-14T10:39:55","slug":"politica-privind-cookie-urile","status":"publish","type":"page","link":"https:\/\/vendino.com\/ro\/politica-privind-cookie-urile\/","title":{"rendered":"Politica privind cookie-urile"},"content":{"rendered":"<h2 class=\"wp-block-heading\" id=\"hvad-er-en-cookie\">Ce este un fursec?<\/h2>\n\n\n\n<p>\u00cen ciuda numelui, atunci c\u00e2nd vorbim despre cookie-uri, nu vorbim despre biscui\u021bi. Un modul cookie este termenul pentru o mic\u0103 \"bucat\u0103\" de date pe care site-urile web o stocheaz\u0103 \u00een browser. Modulele cookie sunt utilizate pentru a stoca date despre utilizator - de exemplu, un modul cookie poate con\u021bine date despre set\u0103rile sau preferin\u021bele lingvistice ale utilizatorului pe un anumit site web. Un modul cookie este pur \u0219i simplu un mic fi\u0219ier de date care poate fi stocat de un site web \u00een browserul dvs. \u0219i este utilizat \u00een prezent de aproape toate site-urile web.<\/p>\n\n\n\n<h2 class=\"wp-block-heading\" id=\"hvorfor-informerer-i-om-cookies\">De ce informa\u021bi cu privire la cookie-uri?<\/h2>\n\n\n\n<p>Toate site-urile daneze sunt obligate s\u0103 informeze utilizatorul cu privire la utilizarea cookie-urilor de c\u0103tre sistem. Prin urmare, utilizatorul trebuie s\u0103 accepte utilizarea modulelor cookie de c\u0103tre site-ul web, deoarece legea impune informarea utilizatorului cu privire la acest lucru.<\/p>\n\n\n\n<p>Pute\u021bi citi mai multe despre legisla\u021bie \u0219i cookie-uri pe Ordinul executiv privind cookie-urile.&nbsp;<a href=\"https:\/\/www.retsinformation.dk\/Forms\/R0710.aspx?id=146417\" target=\"_blank\" rel=\"noopener\">Ordinul executiv privind pr\u0103jiturile<\/a><\/p>\n\n\n\n<h2 class=\"wp-block-heading\" id=\"hvilke-cookies-bruger-vendino\">Ce module cookie utilizeaz\u0103 Vendino?<\/h2>\n\n\n\n<p>Utiliz\u0103m urm\u0103toarele tipuri de module cookie:<\/p>\n\n\n\n<h3 class=\"wp-block-heading\" id=\"sessionscookie\">Cookie de sesiune<\/h3>\n\n\n\n<p>Scopul acestui modul cookie este de a face utilizatorul unic, astfel \u00eenc\u00e2t serverul s\u0103 \u0219tie c\u0103 mai multe cereri diferite provin de la utilizatori diferi\u021bi. Acest cookie expir\u0103 atunci c\u00e2nd browserul este \u00eenchis.<\/p>\n\n\n\n<h3 class=\"wp-block-heading\" id=\"xsrf-token\">XSRF-TOKEN<\/h3>\n\n\n\n<p>Acest modul cookie ac\u021bioneaz\u0103 ca o securitate, astfel \u00eenc\u00e2t serverul s\u0103 poat\u0103 valida \u00eentotdeauna o cerere. Astfel, un cookie XSRF are scopul de a proteja utilizatorul \u00eempotriva atacurilor XSRF. Acest modul cookie este re\u00eennoit la fiecare solicitare \u0219i expir\u0103 atunci c\u00e2nd browserul este \u00eenchis.<\/p>\n\n\n\n<h3 class=\"wp-block-heading\" id=\"cookieconsent\">Consim\u021b\u0103m\u00e2ntul pentru cookie-uri<\/h3>\n\n\n\n<p>Acest cookie asigur\u0103 faptul c\u0103 site-ul web \u00ee\u0219i aminte\u0219te c\u00e2nd utilizatorul accept\u0103 cookie-uri. Acest cookie expir\u0103 dup\u0103 365 de zile.<\/p>","protected":false},"excerpt":{"rendered":"<p>Hvad er en cookie? Trods navnet er det er ikke sm\u00e5kager, vi taler om, n\u00e5r vi n\u00e6vner cookies. En cookie er betegnelsen for en lille \u2019bid\u2019 data, som hjemmesider gemmer i browseren. Cookies bruges til at lagre data om brugeren \u2013 For eksempel kan en cookie indeholde data om brugerens indstillinger eller sprog pr\u00e6ferencer p\u00e5 [&hellip;]<\/p>\n","protected":false},"author":1,"featured_media":0,"parent":0,"menu_order":0,"comment_status":"closed","ping_status":"closed","template":"","meta":{"_acf_changed":false,"iawp_total_views":122,"footnotes":""},"class_list":["post-133","page","type-page","status-publish","hentry"],"acf":[],"_links":{"self":[{"href":"https:\/\/vendino.com\/ro\/wp-json\/wp\/v2\/pages\/133","targetHints":{"allow":["GET"]}}],"collection":[{"href":"https:\/\/vendino.com\/ro\/wp-json\/wp\/v2\/pages"}],"about":[{"href":"https:\/\/vendino.com\/ro\/wp-json\/wp\/v2\/types\/page"}],"author":[{"embeddable":true,"href":"https:\/\/vendino.com\/ro\/wp-json\/wp\/v2\/users\/1"}],"replies":[{"embeddable":true,"href":"https:\/\/vendino.com\/ro\/wp-json\/wp\/v2\/comments?post=133"}],"version-history":[{"count":0,"href":"https:\/\/vendino.com\/ro\/wp-json\/wp\/v2\/pages\/133\/revisions"}],"wp:attachment":[{"href":"https:\/\/vendino.com\/ro\/wp-json\/wp\/v2\/media?parent=133"}],"curies":[{"name":"wp","href":"https:\/\/api.w.org\/{rel}","templated":true}]}}