{"id":268,"date":"2023-12-14T15:21:43","date_gmt":"2023-12-14T14:21:43","guid":{"rendered":"https:\/\/vendino.com\/?page_id=268"},"modified":"2024-05-14T13:25:39","modified_gmt":"2024-05-14T12:25:39","slug":"contact","status":"publish","type":"page","link":"https:\/\/vendino.com\/ro\/contact\/","title":{"rendered":"Contacta\u021bi-ne"},"content":{"rendered":"<div class=\"wp-block-group alignfull has-accent-4-background-color has-background has-global-padding is-layout-constrained wp-container-core-group-is-layout-a151063b wp-block-group-is-layout-constrained\" style=\"padding-top:var(--wp--preset--spacing--50);padding-right:var(--wp--preset--spacing--40);padding-bottom:var(--wp--preset--spacing--50);padding-left:var(--wp--preset--spacing--40)\">\n<div class=\"wp-block-group alignwide is-vertical is-content-justification-center is-layout-flex wp-container-core-group-is-layout-06934afc wp-block-group-is-layout-flex\" style=\"min-height:404px;margin-top:0;margin-bottom:0;padding-top:0;padding-right:0;padding-bottom:0;padding-left:0\">\n<div class=\"wp-block-columns alignwide is-layout-flex wp-container-core-columns-is-layout-9b9588fb wp-block-columns-is-layout-flex\" style=\"padding-top:0;padding-bottom:0\">\n<div class=\"wp-block-column is-vertically-aligned-center is-layout-flow wp-container-core-column-is-layout-22223934 wp-block-column-is-layout-flow\" style=\"flex-basis:40%\">\n<h1 class=\"wp-block-heading is-style-default has-base-color has-text-color has-link-color has-x-large-font-size wp-elements-f1654403f73f7e9133834a0ac02b1a84\"><strong>Crearea produsului a fost realizat\u0103&nbsp;<mark style=\"background-color:rgba(0, 0, 0, 0)\" class=\"has-inline-color has-accent-2-color\">mai u\u0219or<\/mark>.<\/strong><\/h1>\n\n\n\n<h2 class=\"wp-block-heading has-base-color has-text-color has-link-color has-medium-font-size wp-elements-cba99b460b7a05ff92e60fa7bb5aa480\">Ave\u021bi \u00eentreb\u0103ri? Dori\u021bi s\u0103 afla\u021bi mai multe?<br>Suntem gata s\u0103 v\u0103 ajut\u0103m.<\/h2>\n<\/div>\n\n\n\n<div class=\"wp-block-column is-vertically-aligned-center is-layout-flow wp-block-column-is-layout-flow\" style=\"flex-basis:60%\">\n<figure class=\"wp-block-image size-full is-style-rounded is-style-rounded--1\"><img decoding=\"async\" width=\"500\" height=\"333\" src=\"https:\/\/vendino.com\/wp-content\/uploads\/open-shop.jpg\" alt=\"Magazin deschis\" class=\"wp-image-522\" srcset=\"https:\/\/vendino.com\/wp-content\/uploads\/open-shop.jpg 500w, https:\/\/vendino.com\/wp-content\/uploads\/open-shop-18x12.jpg 18w\" sizes=\"(max-width: 500px) 100vw, 500px\" \/><\/figure>\n<\/div>\n<\/div>\n<\/div>\n<\/div>\n\n\n\n<div class=\"wp-block-group alignfull has-base-2-background-color has-background has-global-padding is-layout-constrained wp-container-core-group-is-layout-ca038469 wp-block-group-is-layout-constrained\" style=\"margin-top:0;margin-bottom:0;padding-top:var(--wp--preset--spacing--50);padding-right:var(--wp--preset--spacing--40);padding-bottom:var(--wp--preset--spacing--50);padding-left:var(--wp--preset--spacing--40)\">\n<div class=\"wp-block-group alignwide is-vertical is-layout-flex wp-container-core-group-is-layout-fe9cc265 wp-block-group-is-layout-flex\">\n<div class=\"wp-block-columns alignwide is-layout-flex wp-container-core-columns-is-layout-e7d3ef0f wp-block-columns-is-layout-flex\" style=\"padding-top:0;padding-right:0;padding-bottom:0;padding-left:0\">\n<div class=\"wp-block-column is-layout-flow wp-container-core-column-is-layout-e3d1c41b wp-block-column-is-layout-flow\">\n<div class=\"wp-block-group is-nowrap is-layout-flex wp-container-core-group-is-layout-6c531013 wp-block-group-is-layout-flex\">\n<figure class=\"wp-block-image size-full is-resized wp-duotone-31bf9a-31bf9a-2\"><img decoding=\"async\" src=\"https:\/\/vendino.com\/wp-content\/uploads\/avatar-1.svg\" alt=\"Avatar\" class=\"wp-image-731\" style=\"width:auto;height:45px\"\/><\/figure>\n\n\n\n<h3 class=\"wp-block-heading has-text-align-left is-style-default has-body-font-family has-medium-font-size\" style=\"font-style:normal;font-weight:600\">Sprijin general<\/h3>\n<\/div>\n\n\n\n<p class=\"has-text-align-left\">Ave\u021bi nevoie de ajutor pentru a utiliza Vendino? Consulta\u021bi arhiva noastr\u0103 de asisten\u021b\u0103 unde ve\u021bi g\u0103si informa\u021bii despre utilizarea Vendino.<\/p>\n<\/div>\n\n\n\n<div class=\"wp-block-column is-layout-flow wp-container-core-column-is-layout-e3d1c41b wp-block-column-is-layout-flow\">\n<div class=\"wp-block-group is-nowrap is-layout-flex wp-container-core-group-is-layout-6c531013 wp-block-group-is-layout-flex\">\n<figure class=\"wp-block-image size-full is-resized wp-duotone-31bf9a-31bf9a-3\"><img decoding=\"async\" src=\"https:\/\/vendino.com\/wp-content\/uploads\/message.svg\" alt=\"Mesaj\" class=\"wp-image-726\" style=\"width:auto;height:40px\"\/><\/figure>\n\n\n\n<h3 class=\"wp-block-heading has-text-align-left is-style-default has-body-font-family has-medium-font-size\" style=\"font-style:normal;font-weight:600\">Pentru furnizori<\/h3>\n<\/div>\n\n\n\n<p class=\"has-text-align-left\">Sunte\u021bi furnizor \u0219i dori\u021bi s\u0103 v\u0103 integra\u021bi produsele cu Vendino? Contacta\u021bi-ne pentru o discu\u021bie f\u0103r\u0103 obliga\u021bii despre op\u021biunile dumneavoastr\u0103.<\/p>\n<\/div>\n\n\n\n<div class=\"wp-block-column is-layout-flow wp-container-core-column-is-layout-e3d1c41b wp-block-column-is-layout-flow\">\n<div class=\"wp-block-group is-nowrap is-layout-flex wp-container-core-group-is-layout-6c531013 wp-block-group-is-layout-flex\">\n<figure class=\"wp-block-image size-full is-resized wp-duotone-31bf9a-31bf9a-4\"><img decoding=\"async\" src=\"https:\/\/vendino.com\/wp-content\/uploads\/bag.svg\" alt=\"Geant\u0103\" class=\"wp-image-717\" style=\"width:auto;height:40px\"\/><\/figure>\n\n\n\n<h3 class=\"wp-block-heading has-text-align-left is-style-default has-body-font-family has-medium-font-size\" style=\"font-style:normal;font-weight:600\">Colaborare<\/h3>\n<\/div>\n\n\n\n<p class=\"has-text-align-left\">Vede\u021bi oportunit\u0103\u021bi de colaborare cu Vendino? Nu ezita\u021bi s\u0103 ne contacta\u021bi, ne-ar pl\u0103cea s\u0103 auzim de la dumneavoastr\u0103!<\/p>\n<\/div>\n<\/div>\n<\/div>\n<\/div>\n\n\n\n<div class=\"wp-block-group alignfull has-global-padding is-layout-constrained wp-container-core-group-is-layout-b9940f7e wp-block-group-is-layout-constrained\" style=\"margin-top:0;margin-bottom:0;padding-top:var(--wp--preset--spacing--50);padding-right:var(--wp--preset--spacing--40);padding-bottom:var(--wp--preset--spacing--50);padding-left:var(--wp--preset--spacing--40)\">\n<div class=\"wp-block-group alignwide has-base-2-background-color has-background is-vertical is-content-justification-center is-layout-flex wp-container-core-group-is-layout-bf5d5e49 wp-block-group-is-layout-flex\" style=\"border-radius:16px;padding-top:var(--wp--preset--spacing--50);padding-right:var(--wp--preset--spacing--40);padding-bottom:var(--wp--preset--spacing--50);padding-left:var(--wp--preset--spacing--40)\">\n<h2 class=\"wp-block-heading has-text-align-center has-x-large-font-size\">Scrie\u021bi-ne<\/h2>\n\n\n\n<p class=\"has-text-align-center has-medium-font-size\">Ne str\u0103duim s\u0103 r\u0103spundem \u00een termen de 24 de ore.<\/p>\n\n\n\n<p class=\"has-text-align-center has-medium-font-size\">Scrie\u021bi la&nbsp;<a href=\"mailto:hello@vendino.com\">hello@vendino.com<\/a><\/p>\n<\/div>\n<\/div>\n\n\n\n<div class=\"wp-block-group alignfull has-global-padding is-layout-constrained wp-container-core-group-is-layout-3d5ac7cc wp-block-group-is-layout-constrained\" style=\"padding-top:var(--wp--preset--spacing--50);padding-right:0;padding-bottom:var(--wp--preset--spacing--50);padding-left:0\">\n<div class=\"wp-block-columns alignfull are-vertically-aligned-center is-layout-flex wp-container-core-columns-is-layout-f176861b wp-block-columns-is-layout-flex\" style=\"padding-top:var(--wp--preset--spacing--50);padding-right:var(--wp--preset--spacing--40);padding-bottom:var(--wp--preset--spacing--50);padding-left:var(--wp--preset--spacing--40)\">\n<div class=\"wp-block-column is-vertically-aligned-center is-layout-flow wp-block-column-is-layout-flow\" style=\"flex-basis:25%\">\n<figure class=\"wp-block-image aligncenter size-full\"><img decoding=\"async\" width=\"600\" height=\"338\" src=\"https:\/\/vendino.com\/wp-content\/uploads\/e-commerce-sign-1.jpeg\" alt=\"Comer\u021b electronic Semn 1\" class=\"wp-image-524\" srcset=\"https:\/\/vendino.com\/wp-content\/uploads\/e-commerce-sign-1.jpeg 600w, https:\/\/vendino.com\/wp-content\/uploads\/e-commerce-sign-1-18x10.jpeg 18w\" sizes=\"(max-width: 600px) 100vw, 600px\" \/><\/figure>\n<\/div>\n\n\n\n<div class=\"wp-block-column is-vertically-aligned-center is-layout-flow wp-block-column-is-layout-flow\" style=\"flex-basis:50%\">\n<div class=\"wp-block-columns is-layout-flex wp-container-core-columns-is-layout-28f84493 wp-block-columns-is-layout-flex\">\n<div class=\"wp-block-column is-vertically-aligned-center is-layout-flow wp-block-column-is-layout-flow\">\n<figure class=\"wp-block-image aligncenter size-full\"><img decoding=\"async\" width=\"500\" height=\"333\" src=\"https:\/\/vendino.com\/wp-content\/uploads\/woman-laptop.jpg\" alt=\"Femeie Laptop\" class=\"wp-image-520\" srcset=\"https:\/\/vendino.com\/wp-content\/uploads\/woman-laptop.jpg 500w, https:\/\/vendino.com\/wp-content\/uploads\/woman-laptop-18x12.jpg 18w\" sizes=\"(max-width: 500px) 100vw, 500px\" \/><\/figure>\n<\/div>\n\n\n\n<div class=\"wp-block-column is-vertically-aligned-center is-layout-flow wp-block-column-is-layout-flow\">\n<figure class=\"wp-block-image aligncenter size-full\"><img decoding=\"async\" width=\"500\" height=\"333\" src=\"https:\/\/vendino.com\/wp-content\/uploads\/open-shop.jpg\" alt=\"Magazin deschis\" class=\"wp-image-522\" srcset=\"https:\/\/vendino.com\/wp-content\/uploads\/open-shop.jpg 500w, https:\/\/vendino.com\/wp-content\/uploads\/open-shop-18x12.jpg 18w\" sizes=\"(max-width: 500px) 100vw, 500px\" \/><\/figure>\n<\/div>\n<\/div>\n\n\n\n<div class=\"wp-block-columns is-layout-flex wp-container-core-columns-is-layout-28f84493 wp-block-columns-is-layout-flex\">\n<div class=\"wp-block-column is-layout-flow wp-block-column-is-layout-flow\">\n<figure class=\"wp-block-image aligncenter size-medium\"><img decoding=\"async\" width=\"512\" height=\"768\" src=\"https:\/\/vendino.com\/wp-content\/uploads\/pexels-canva-studio-3194519-512x768.jpg\" alt=\"Pexels Canva Studio 3194519\" class=\"wp-image-527\" style=\"aspect-ratio:3\/2;object-fit:cover\" srcset=\"https:\/\/vendino.com\/wp-content\/uploads\/pexels-canva-studio-3194519-512x768.jpg 512w, https:\/\/vendino.com\/wp-content\/uploads\/pexels-canva-studio-3194519-1024x1536.jpg 1024w, https:\/\/vendino.com\/wp-content\/uploads\/pexels-canva-studio-3194519-768x1152.jpg 768w, https:\/\/vendino.com\/wp-content\/uploads\/pexels-canva-studio-3194519-1365x2048.jpg 1365w, https:\/\/vendino.com\/wp-content\/uploads\/pexels-canva-studio-3194519-8x12.jpg 8w, https:\/\/vendino.com\/wp-content\/uploads\/pexels-canva-studio-3194519-scaled.jpg 1707w\" sizes=\"(max-width: 512px) 100vw, 512px\" \/><\/figure>\n<\/div>\n\n\n\n<div class=\"wp-block-column is-layout-flow wp-block-column-is-layout-flow\">\n<figure class=\"wp-block-image aligncenter size-medium\"><img decoding=\"async\" width=\"768\" height=\"512\" src=\"https:\/\/vendino.com\/wp-content\/uploads\/pexels-vojtech-okenka-392018-768x512.jpg\" alt=\"Pexels Vojtech Okenka 392018\" class=\"wp-image-528\" srcset=\"https:\/\/vendino.com\/wp-content\/uploads\/pexels-vojtech-okenka-392018-768x512.jpg 768w, https:\/\/vendino.com\/wp-content\/uploads\/pexels-vojtech-okenka-392018-1536x1024.jpg 1536w, https:\/\/vendino.com\/wp-content\/uploads\/pexels-vojtech-okenka-392018-2048x1365.jpg 2048w, https:\/\/vendino.com\/wp-content\/uploads\/pexels-vojtech-okenka-392018-18x12.jpg 18w\" sizes=\"(max-width: 768px) 100vw, 768px\" \/><\/figure>\n<\/div>\n<\/div>\n<\/div>\n\n\n\n<div class=\"wp-block-column is-vertically-aligned-center is-layout-flow wp-block-column-is-layout-flow\" style=\"flex-basis:25%\">\n<figure class=\"wp-block-image aligncenter size-full\"><img decoding=\"async\" width=\"600\" height=\"271\" src=\"https:\/\/vendino.com\/wp-content\/uploads\/dropshipping-varehus-1.jpeg\" alt=\"Depozit Dropshipping 1\" class=\"wp-image-521\" srcset=\"https:\/\/vendino.com\/wp-content\/uploads\/dropshipping-varehus-1.jpeg 600w, https:\/\/vendino.com\/wp-content\/uploads\/dropshipping-varehus-1-18x8.jpeg 18w\" sizes=\"(max-width: 600px) 100vw, 600px\" \/><\/figure>\n<\/div>\n<\/div>\n<\/div>\n\n\n\n<div class=\"wp-block-group alignfull has-base-2-background-color has-background has-global-padding is-layout-constrained wp-container-core-group-is-layout-3aec4d3c wp-block-group-is-layout-constrained\" style=\"padding-top:var(--wp--preset--spacing--50);padding-right:var(--wp--preset--spacing--40);padding-bottom:var(--wp--preset--spacing--50);padding-left:var(--wp--preset--spacing--40)\">\n<div class=\"wp-block-group alignwide is-vertical is-content-justification-center is-layout-flex wp-container-core-group-is-layout-c9ee0c5a wp-block-group-is-layout-flex\">\n<h2 class=\"wp-block-heading has-text-align-center\">Viziunea noastr\u0103<\/h2>\n\n\n\n<p class=\"has-text-align-center\">Vendino a fost fondat\u0103 cu scopul de a conecta magazinele online cu furnizorii lor. \u00cen ciuda faptului c\u0103 tr\u0103im \u00eentr-o er\u0103 digital\u0103, unii furnizori \u0219i magazine online r\u0103m\u00e2n, din p\u0103cate, \u00een urm\u0103 \u00een ceea ce prive\u0219te transformarea digital\u0103. Acest lucru se poate datora unei lipse de \u00een\u021belegere tehnic\u0103, fiind bloca\u021bi \u00een sisteme vechi care nu pot fi pur \u0219i simplu \u00eenlocuite. Sau unei lipse de adaptabilitate \u00een alt mod. Cu Vendino, dorim s\u0103 elimin\u0103m complexitatea \u0219i s\u0103 cre\u0103m condi\u021biile pentru ca magazinele online \u0219i furnizorii s\u0103 se dezvolte \u00eempreun\u0103.<\/p>\n\n\n\n<div class=\"wp-block-group is-content-justification-center is-nowrap is-layout-flex wp-container-core-group-is-layout-538d7a12 wp-block-group-is-layout-flex\">\n<div class=\"wp-block-group has-global-padding is-layout-constrained wp-block-group-is-layout-constrained\">\n<div class=\"wp-block-group is-nowrap is-layout-flex wp-container-core-group-is-layout-6c531013 wp-block-group-is-layout-flex\">\n<figure class=\"wp-block-image size-full is-resized wp-duotone-31bf9a-31bf9a-5\"><img decoding=\"async\" src=\"https:\/\/vendino.com\/wp-content\/uploads\/hourglass.svg\" alt=\"Clepsidr\u0103\" class=\"wp-image-722\" style=\"width:auto;height:40px\"\/><\/figure>\n\n\n\n<p class=\"has-medium-font-size\"><strong>Mai pu\u021bin timp irosit<\/strong><\/p>\n<\/div>\n\n\n\n<p class=\"has-medium-font-size\">Crearea manual\u0103 a produselor \u0219i configurarea unor sisteme IT complexe \u0219i costisitoare ar trebui s\u0103 fie un lucru al trecutului.<\/p>\n<\/div>\n\n\n\n<div class=\"wp-block-group has-global-padding is-layout-constrained wp-block-group-is-layout-constrained\">\n<div class=\"wp-block-group is-nowrap is-layout-flex wp-container-core-group-is-layout-6c531013 wp-block-group-is-layout-flex\">\n<figure class=\"wp-block-image size-full is-resized wp-duotone-31bf9a-31bf9a-6\"><img decoding=\"async\" src=\"https:\/\/vendino.com\/wp-content\/uploads\/message.svg\" alt=\"Mesaj\" class=\"wp-image-726\" style=\"width:auto;height:40px\"\/><\/figure>\n\n\n\n<p class=\"has-medium-font-size\"><strong>Cre\u0219terea comer\u021bului<\/strong><\/p>\n<\/div>\n\n\n\n<p>Pasiunea noastr\u0103 este s\u0103 cre\u0103m comer\u021b \u00eentre magazinele online \u0219i furnizori. Cu Vendino, aducem p\u0103r\u021bile mai aproape \u0219i cre\u0103m o leg\u0103tur\u0103 mai bun\u0103.<\/p>\n<\/div>\n\n\n\n<div class=\"wp-block-group has-global-padding is-layout-constrained wp-block-group-is-layout-constrained\">\n<div class=\"wp-block-group is-nowrap is-layout-flex wp-container-core-group-is-layout-6c531013 wp-block-group-is-layout-flex\">\n<figure class=\"wp-block-image size-full is-resized wp-duotone-31bf9a-31bf9a-7\"><img decoding=\"async\" src=\"https:\/\/vendino.com\/wp-content\/uploads\/cursor.svg\" alt=\"Cursor\" class=\"wp-image-686\" style=\"width:auto;height:40px\"\/><\/figure>\n\n\n\n<p class=\"has-medium-font-size\"><strong>Tehnologia trebuie s\u0103 fie simpl\u0103<\/strong><\/p>\n<\/div>\n\n\n\n<p>Cu Vendino, proprietarii de magazine online nu trebuie s\u0103 \u00ee\u0219i fac\u0103 griji cu privire la ce este un fi\u0219ier CSV sau XML sau cum s\u0103 transforme un astfel de fi\u0219ier \u00een produse \u00eentr-un magazin online.<\/p>\n<\/div>\n<\/div>\n<\/div>\n<\/div>\n\n\n\n<div class=\"wp-block-group alignfull has-global-padding is-layout-constrained wp-container-core-group-is-layout-ca038469 wp-block-group-is-layout-constrained\" style=\"margin-top:0;margin-bottom:0;padding-top:var(--wp--preset--spacing--50);padding-right:var(--wp--preset--spacing--40);padding-bottom:var(--wp--preset--spacing--50);padding-left:var(--wp--preset--spacing--40)\">\n<div class=\"wp-block-group alignwide is-vertical is-layout-flex wp-container-core-group-is-layout-2bef88f9 wp-block-group-is-layout-flex\" style=\"padding-top:var(--wp--preset--spacing--50);padding-right:var(--wp--preset--spacing--40);padding-bottom:var(--wp--preset--spacing--50);padding-left:var(--wp--preset--spacing--40)\">\n<div class=\"wp-block-group is-vertical is-content-justification-center is-layout-flex wp-container-core-group-is-layout-ce155fab wp-block-group-is-layout-flex\">\n<h2 class=\"wp-block-heading has-text-align-center has-xx-large-font-size\">Face\u021bi cuno\u0219tin\u021b\u0103 cu echipa<\/h2>\n<\/div>\n\n\n\n<div class=\"wp-block-columns alignwide is-layout-flex wp-container-core-columns-is-layout-4935966c wp-block-columns-is-layout-flex\" style=\"padding-right:0;padding-left:0\">\n<div class=\"wp-block-column is-layout-flow wp-block-column-is-layout-flow\">\n<figure class=\"wp-block-image size-full is-style-rounded is-style-rounded--8\"><img decoding=\"async\" width=\"800\" height=\"800\" src=\"https:\/\/vendino.com\/wp-content\/uploads\/kasper-stuck.jpg\" alt=\"Kasper Stuck\" class=\"wp-image-472\" style=\"aspect-ratio:1;object-fit:cover\" srcset=\"https:\/\/vendino.com\/wp-content\/uploads\/kasper-stuck.jpg 800w, https:\/\/vendino.com\/wp-content\/uploads\/kasper-stuck-768x768.jpg 768w, https:\/\/vendino.com\/wp-content\/uploads\/kasper-stuck-12x12.jpg 12w\" sizes=\"(max-width: 800px) 100vw, 800px\" \/><\/figure>\n\n\n\n<div class=\"wp-block-group is-vertical is-content-justification-center is-nowrap is-layout-flex wp-container-core-group-is-layout-21d4e958 wp-block-group-is-layout-flex\">\n<p class=\"has-text-align-center has-small-font-size\">Piesa Kasper<\/p>\n\n\n\n<p class=\"has-text-align-center has-small-font-size\">Proprietar \/ Dezvoltator web<\/p>\n<\/div>\n<\/div>\n\n\n\n<div class=\"wp-block-column is-layout-flow wp-block-column-is-layout-flow\"><\/div>\n<\/div>\n<\/div>\n<\/div>","protected":false},"excerpt":{"rendered":"<p>Produktoprettelse gjort&nbsp;nemmere. Har du sp\u00f8rgsm\u00e5l? Vil du vide mere?Vi sidder klar til at hj\u00e6lpe dig. Generel support Har du brug for hj\u00e6lp til at bruge Vendino? Tjek vores supportarkiv, hvor du finder viden omkring brugen af Vendino. For leverand\u00f8rer Er du leverand\u00f8r og \u00f8nsker du at integrere dine varer med Vendino? Kontakt os og f\u00e5 [&hellip;]<\/p>\n","protected":false},"author":1,"featured_media":0,"parent":0,"menu_order":0,"comment_status":"closed","ping_status":"closed","template":"page-no-title","meta":{"_acf_changed":false,"iawp_total_views":361,"footnotes":""},"class_list":["post-268","page","type-page","status-publish","hentry"],"acf":[],"_links":{"self":[{"href":"https:\/\/vendino.com\/ro\/wp-json\/wp\/v2\/pages\/268","targetHints":{"allow":["GET"]}}],"collection":[{"href":"https:\/\/vendino.com\/ro\/wp-json\/wp\/v2\/pages"}],"about":[{"href":"https:\/\/vendino.com\/ro\/wp-json\/wp\/v2\/types\/page"}],"author":[{"embeddable":true,"href":"https:\/\/vendino.com\/ro\/wp-json\/wp\/v2\/users\/1"}],"replies":[{"embeddable":true,"href":"https:\/\/vendino.com\/ro\/wp-json\/wp\/v2\/comments?post=268"}],"version-history":[{"count":0,"href":"https:\/\/vendino.com\/ro\/wp-json\/wp\/v2\/pages\/268\/revisions"}],"wp:attachment":[{"href":"https:\/\/vendino.com\/ro\/wp-json\/wp\/v2\/media?parent=268"}],"curies":[{"name":"wp","href":"https:\/\/api.w.org\/{rel}","templated":true}]}}